{"id":94935,"date":"2024-03-27T17:35:00","date_gmt":"2024-03-27T16:35:00","guid":{"rendered":"https:\/\/www.pescafish.it\/new\/?post_type=product&#038;p=94935"},"modified":"2024-06-05T12:21:04","modified_gmt":"2024-06-05T10:21:04","slug":"24-tdr-qd-daiwa","status":"publish","type":"product","link":"https:\/\/www.pescafish.it\/new\/prodotto\/24-tdr-qd-daiwa\/","title":{"rendered":"24 TDR QD &#8211; Daiwa"},"content":{"rendered":"<section class=\"av_textblock_section av-lt781iie-6a923b824aad1e8e9b12bade0c124e9b \">\n<div class=\"avia_textblock\">\n<h2>24 TDR QD<\/h2>\n<p>24 TDR MATCH &amp; FEEDER il nuovo mulinello ad alte prestazioni specifico per le tecniche Match and Feeder con rotore e archetto dal concept AIRDRIVE design che lo rendono pi\u00f9 leggero, fluido e preciso nel funzionamento.<\/p>\n<\/div>\n<\/section>\n<div class=\"hr av-kjy4xgpk-0bb9972c55818ac59503a951bcf1a86f hr-invisible avia-builder-el-6 el_after_av_textblock el_before_av_button \">Un mulinello ad alte prestazioni specifico per le tecniche Match and Feeder: in questa ultima generazione conferma le gi\u00e0 proverbiali doti di robustezza e affidabilit\u00e0, divenendo ancora pi\u00f9 tecnologico e all\u2019avanguardia, grazie a rotore e archetto di nuova concezione (<b>AIRDRIVE DESIGN<\/b>), che lo rendono pi\u00f9 leggero, fluido e preciso nel funzionamento.<\/div>\n<div>\n<div class=\"flex_column av-9k6n0-31-498e304324c1d45e46b5de3eb2b499a6 av_one_full avia-builder-el-16 el_before_av_one_half avia-builder-el-first first flex_column_div av-zero-column-padding \">\n<div class=\"av-special-heading av-4vapcu-224603fc8756fbef8d87399094d27f0e av-special-heading-h3 blockquote elegant-quote elegant-centered avia-builder-el-17 avia-builder-el-no-sibling \">\n<h3 class=\"av-special-heading-tag\"><span class=\"heading-wrap\">Caratteristiche<\/span><\/h3>\n<\/div>\n<\/div>\n<div class=\"flex_column av-9k6n0-28-f91b17e5f2a484056df4215ea200e6b3 av_one_half avia-builder-el-18 el_after_av_one_full el_before_av_two_fifth first flex_column_div av-zero-column-padding column-top-margin\">\n<section class=\"av_textblock_section av-kjog7pxe-30-fef5115008207aeb3e3e8b61edc392f6 \">\n<div class=\"avia_textblock\">\n<p>\u2022 Corpo in Alluminio<br \/>\n\u2022 Rotore AIRDRIVE in Zaion V<br \/>\n\u2022 8 cuscinetti a sfera di cui 1 CRBB<br \/>\n\u2022 Bobina Long Cast in Alluminio da 25mm<br \/>\n\u2022 Archetto AIRDRIVE Bail<br \/>\n\u2022 Tough Digigear<br \/>\n\u2022 Frizione Quick Drag<br \/>\n\u2022 High impact Line Clip<br \/>\n\u2022 Rullino guidafilo Twist Buster III<br \/>\n\u2022 Manovella Auto-avvitante e pieghevole One Touch Folding Handle<br \/>\n\u2022 Pomello Round in EVA<br \/>\n\u2022 +1 Bobina di ricambio in dotazione (\u2300 25 mm \u2013 190 m \/ \u2300 0.28 mm \u2013 150 m )<\/p>\n<table style=\"height: 72px; width: 100%; border-collapse: collapse;\" border=\"1\">\n<tbody>\n<tr style=\"height: 24px;\">\n<td style=\"width: 16.6667%; height: 24px;\"><strong>Codice<\/strong><\/td>\n<td style=\"width: 16.6667%; height: 24px;\"><strong>Cuscinetti<\/strong><\/td>\n<td style=\"width: 16.6667%; height: 24px;\"><strong>Frizione<\/strong><\/td>\n<td style=\"width: 16.6667%; height: 24px;\"><strong>Rapporto<\/strong>\u00a0<strong>Di Recupero<\/strong><\/td>\n<td style=\"width: 16.6667%; height: 24px;\"><strong>Capacit\u00e0 Bob<\/strong><\/td>\n<td style=\"width: 16.6667%; height: 24px;\"><strong>Peso<\/strong><\/td>\n<\/tr>\n<tr style=\"height: 24px;\">\n<td style=\"width: 16.6667%; height: 24px;\"><strong>24TDR4012QD<\/strong><\/td>\n<td style=\"width: 16.6667%; height: 24px;\">8<\/td>\n<td style=\"width: 16.6667%; height: 24px;\">12<\/td>\n<td style=\"width: 16.6667%; height: 24px;\">4,9:1 (86 cm)<\/td>\n<td style=\"width: 16.6667%; height: 24px;\">150 m \u2300 28<\/td>\n<td style=\"width: 16.6667%; height: 24px;\">380<\/td>\n<\/tr>\n<tr style=\"height: 24px;\">\n<td style=\"width: 16.6667%; height: 24px;\"><strong>24TDR3012QD<\/strong><\/td>\n<td style=\"width: 16.6667%; height: 24px;\">8<\/td>\n<td style=\"width: 16.6667%; height: 24px;\">12<\/td>\n<td style=\"width: 16.6667%; height: 24px;\">4,8:1 (79 cm)<\/td>\n<td style=\"width: 16.6667%; height: 24px;\">150 m \u2300 23<\/td>\n<td style=\"width: 16.6667%; height: 24px;\">285<\/td>\n<\/tr>\n<\/tbody>\n<\/table>\n<p>&nbsp;<\/p>\n<\/div>\n<\/section>\n<\/div>\n<\/div>\n","protected":false},"excerpt":{"rendered":"<p>24 TDR QD 24 TDR MATCH &amp; FEEDER il nuovo mulinello ad alte prestazioni specifico per le tecniche Match and Feeder con rotore e archetto dal concept AIRDRIVE design che lo rendono pi\u00f9 leggero, fluido e preciso nel funzionamento. Un mulinello ad alte prestazioni specifico per le tecniche Match and Feeder: in questa ultima generazione [&hellip;]<\/p>\n","protected":false},"featured_media":94937,"comment_status":"closed","ping_status":"closed","template":"","meta":[],"product_cat":[351],"product_tag":[1051],"yoast_head":"<!-- This site is optimized with the Yoast SEO plugin v15.3 - https:\/\/yoast.com\/wordpress\/plugins\/seo\/ -->\n<title>24 TDR QD - Daiwa - Pesca Fish<\/title>\n<meta name=\"robots\" content=\"index, follow, max-snippet:-1, max-image-preview:large, max-video-preview:-1\" \/>\n<link rel=\"canonical\" href=\"https:\/\/www.pescafish.it\/new\/prodotto\/24-tdr-qd-daiwa\/\" \/>\n<meta property=\"og:locale\" content=\"it_IT\" \/>\n<meta property=\"og:type\" content=\"article\" \/>\n<meta property=\"og:title\" content=\"24 TDR QD - Daiwa - Pesca Fish\" \/>\n<meta property=\"og:description\" content=\"24 TDR QD 24 TDR MATCH &amp; FEEDER il nuovo mulinello ad alte prestazioni specifico per le tecniche Match and Feeder con rotore e archetto dal concept AIRDRIVE design che lo rendono pi\u00f9 leggero, fluido e preciso nel funzionamento. Un mulinello ad alte prestazioni specifico per le tecniche Match and Feeder: in questa ultima generazione [&hellip;]\" \/>\n<meta property=\"og:url\" content=\"https:\/\/www.pescafish.it\/new\/prodotto\/24-tdr-qd-daiwa\/\" \/>\n<meta property=\"og:site_name\" content=\"Pesca Fish\" \/>\n<meta property=\"article:publisher\" content=\"https:\/\/www.facebook.com\/pescafishvr\/\" \/>\n<meta property=\"article:modified_time\" content=\"2024-06-05T10:21:04+00:00\" \/>\n<meta property=\"og:image\" content=\"https:\/\/www.pescafish.it\/new\/wp-content\/uploads\/2024\/03\/tdr24.jpg\" \/>\n\t<meta property=\"og:image:width\" content=\"789\" \/>\n\t<meta property=\"og:image:height\" content=\"794\" \/>\n<meta name=\"twitter:card\" content=\"summary_large_image\" \/>\n<meta name=\"twitter:label1\" content=\"Scritto da\">\n\t<meta name=\"twitter:data1\" content=\"francesca\">\n\t<meta name=\"twitter:label2\" content=\"Tempo di lettura stimato\">\n\t<meta name=\"twitter:data2\" content=\"1 minuto\">\n<script type=\"application\/ld+json\" class=\"yoast-schema-graph\">{\"@context\":\"https:\/\/schema.org\",\"@graph\":[{\"@type\":\"WebSite\",\"@id\":\"https:\/\/www.pescafish.it\/new\/#website\",\"url\":\"https:\/\/www.pescafish.it\/new\/\",\"name\":\"Pesca Fish\",\"description\":\"Benvenuti sul nostro sito!\",\"potentialAction\":[{\"@type\":\"SearchAction\",\"target\":\"https:\/\/www.pescafish.it\/new\/?s={search_term_string}\",\"query-input\":\"required name=search_term_string\"}],\"inLanguage\":\"it-IT\"},{\"@type\":\"ImageObject\",\"@id\":\"https:\/\/www.pescafish.it\/new\/prodotto\/24-tdr-qd-daiwa\/#primaryimage\",\"inLanguage\":\"it-IT\",\"url\":\"https:\/\/www.pescafish.it\/new\/wp-content\/uploads\/2024\/03\/tdr24.jpg\",\"width\":789,\"height\":794,\"caption\":\"Daiwa\"},{\"@type\":\"WebPage\",\"@id\":\"https:\/\/www.pescafish.it\/new\/prodotto\/24-tdr-qd-daiwa\/#webpage\",\"url\":\"https:\/\/www.pescafish.it\/new\/prodotto\/24-tdr-qd-daiwa\/\",\"name\":\"24 TDR QD - Daiwa - Pesca Fish\",\"isPartOf\":{\"@id\":\"https:\/\/www.pescafish.it\/new\/#website\"},\"primaryImageOfPage\":{\"@id\":\"https:\/\/www.pescafish.it\/new\/prodotto\/24-tdr-qd-daiwa\/#primaryimage\"},\"datePublished\":\"2024-03-27T16:35:00+00:00\",\"dateModified\":\"2024-06-05T10:21:04+00:00\",\"inLanguage\":\"it-IT\",\"potentialAction\":[{\"@type\":\"ReadAction\",\"target\":[\"https:\/\/www.pescafish.it\/new\/prodotto\/24-tdr-qd-daiwa\/\"]}]}]}<\/script>\n<!-- \/ Yoast SEO plugin. -->","_links":{"self":[{"href":"https:\/\/www.pescafish.it\/new\/wp-json\/wp\/v2\/product\/94935"}],"collection":[{"href":"https:\/\/www.pescafish.it\/new\/wp-json\/wp\/v2\/product"}],"about":[{"href":"https:\/\/www.pescafish.it\/new\/wp-json\/wp\/v2\/types\/product"}],"replies":[{"embeddable":true,"href":"https:\/\/www.pescafish.it\/new\/wp-json\/wp\/v2\/comments?post=94935"}],"wp:featuredmedia":[{"embeddable":true,"href":"https:\/\/www.pescafish.it\/new\/wp-json\/wp\/v2\/media\/94937"}],"wp:attachment":[{"href":"https:\/\/www.pescafish.it\/new\/wp-json\/wp\/v2\/media?parent=94935"}],"wp:term":[{"taxonomy":"product_cat","embeddable":true,"href":"https:\/\/www.pescafish.it\/new\/wp-json\/wp\/v2\/product_cat?post=94935"},{"taxonomy":"product_tag","embeddable":true,"href":"https:\/\/www.pescafish.it\/new\/wp-json\/wp\/v2\/product_tag?post=94935"}],"curies":[{"name":"wp","href":"https:\/\/api.w.org\/{rel}","templated":true}]}}