{"id":94728,"date":"2024-03-14T17:23:18","date_gmt":"2024-03-14T16:23:18","guid":{"rendered":"https:\/\/www.pescafish.it\/new\/?post_type=product&#038;p=94728"},"modified":"2025-02-01T19:05:23","modified_gmt":"2025-02-01T18:05:23","slug":"canna-21-blazon-daiwa","status":"publish","type":"product","link":"https:\/\/www.pescafish.it\/new\/prodotto\/canna-21-blazon-daiwa\/","title":{"rendered":"Canna 21 Blazon\u00a0&#8211; Daiwa"},"content":{"rendered":"<h2>Canna 21 Blazon<\/h2>\n<p>Una serie di canne da spinning e casting costruite con le pi\u00f9 avanzate tecnologie di lavorazione del carbonio di casa Daiwa. Le nuove Blazon sono accessibili ma in grado di soddisfare anche i pescatori pi\u00f9 esperti.<\/p>\n<p>I blank sono in carbonio HVF ad alta densit\u00e0 e ridotto apporto di resina e sono dotati di una speciale fasciatura, denominata Braiding X: un rinforzo costituito da fasce di carbonio orientate a 45\u00b0 rispetto all\u2019asse del fusto, migliorandone potenza e affidabilit\u00e0.<\/p>\n<p>Le Blazon sono dotate di una speciale placca porta-mulinello denominata Air Sensor: esclusiva di Daiwa, \u00e8 costruita in un composito a base di carbonio ed \u00e8 stata progettata per garantire massima stabilit\u00e0 e al contempo tutta la sensibilit\u00e0 necessaria a decifrare al meglio l\u2019azione di pesca.<\/p>\n<p>Disponibili in pi\u00f9 varianti di lunghezza, potenza e azione, per adattarsi al tipo di tecnica, artificiale utilizzato e tipologia di preda da insidiare.<\/p>\n<p><strong>Disponibile nelle seguenti varianti:<\/strong><\/p>\n<table style=\"width: 100%; border-collapse: collapse; height: 72px;\" border=\"1\">\n<tbody>\n<tr style=\"height: 24px;\">\n<td style=\"width: 16.6667%; height: 24px;\"><strong>Codice<\/strong><\/td>\n<td style=\"width: 16.6667%; height: 24px;\"><strong>Lunghezza<\/strong><\/td>\n<td style=\"width: 16.6667%; height: 24px;\"><strong>Sezioni<\/strong><\/td>\n<td style=\"width: 16.6667%; height: 24px;\"><strong>Ingombro<\/strong><\/td>\n<td style=\"width: 16.6667%; height: 24px;\"><strong>Peso<\/strong><\/td>\n<td style=\"width: 16.6667%; height: 24px;\"><strong>Casting<\/strong><\/td>\n<\/tr>\n<tr style=\"height: 24px;\">\n<td style=\"width: 16.6667%; height: 24px;\"><strong>BLAZONS64LST<\/strong><\/td>\n<td style=\"width: 16.6667%; height: 24px;\">1,93mt<\/td>\n<td style=\"width: 16.6667%; height: 24px;\">1+1 offset<\/td>\n<td style=\"width: 16.6667%; height: 24px;\">169cm<\/td>\n<td style=\"width: 16.6667%; height: 24px;\">89gr<\/td>\n<td style=\"width: 16.6667%; height: 24px;\">0,9 \u2013 7 g<\/td>\n<\/tr>\n<tr>\n<td style=\"width: 16.6667%;\"><strong>BLAZONS68MH2<\/strong><\/td>\n<td style=\"width: 16.6667%;\">2,03m<\/td>\n<td style=\"width: 16.6667%;\">2<\/td>\n<td style=\"width: 16.6667%;\">105cm<\/td>\n<td style=\"width: 16.6667%;\">108g<\/td>\n<td style=\"width: 16.6667%;\">3,5 \u2013 21 g<\/td>\n<\/tr>\n<tr style=\"height: 24px;\">\n<td style=\"width: 16.6667%; height: 24px;\"><strong>BLAZONS69L2<\/strong><\/td>\n<td style=\"width: 16.6667%; height: 24px;\">2,06mt<\/td>\n<td style=\"width: 16.6667%; height: 24px;\">2<\/td>\n<td style=\"width: 16.6667%; height: 24px;\">106cm<\/td>\n<td style=\"width: 16.6667%; height: 24px;\">96gr<\/td>\n<td style=\"width: 16.6667%; height: 24px;\">0,9-7gr<\/td>\n<\/tr>\n<tr>\n<td style=\"width: 16.6667%;\"><strong>BLAZONS67ML2<\/strong><\/td>\n<td style=\"width: 16.6667%;\">2,01m<\/td>\n<td style=\"width: 16.6667%;\">2<\/td>\n<td style=\"width: 16.6667%;\">104cm<\/td>\n<td style=\"width: 16.6667%;\">96gr<\/td>\n<td style=\"width: 16.6667%;\">1,8 \u2013 11 g<\/td>\n<\/tr>\n<\/tbody>\n<\/table>\n","protected":false},"excerpt":{"rendered":"<p>Canna 21 Blazon Una serie di canne da spinning e casting costruite con le pi\u00f9 avanzate tecnologie di lavorazione del carbonio di casa Daiwa. Le nuove Blazon sono accessibili ma in grado di soddisfare anche i pescatori pi\u00f9 esperti. I blank sono in carbonio HVF ad alta densit\u00e0 e ridotto apporto di resina e sono [&hellip;]<\/p>\n","protected":false},"featured_media":94729,"comment_status":"closed","ping_status":"closed","template":"","meta":[],"product_cat":[306],"product_tag":[1051],"yoast_head":"<!-- This site is optimized with the Yoast SEO plugin v15.3 - https:\/\/yoast.com\/wordpress\/plugins\/seo\/ -->\n<title>Canna 21 Blazon\u00a0- Daiwa - Pesca Fish<\/title>\n<meta name=\"robots\" content=\"index, follow, max-snippet:-1, max-image-preview:large, max-video-preview:-1\" \/>\n<link rel=\"canonical\" href=\"https:\/\/www.pescafish.it\/new\/prodotto\/canna-21-blazon-daiwa\/\" \/>\n<meta property=\"og:locale\" content=\"it_IT\" \/>\n<meta property=\"og:type\" content=\"article\" \/>\n<meta property=\"og:title\" content=\"Canna 21 Blazon\u00a0- Daiwa - Pesca Fish\" \/>\n<meta property=\"og:description\" content=\"Canna 21 Blazon Una serie di canne da spinning e casting costruite con le pi\u00f9 avanzate tecnologie di lavorazione del carbonio di casa Daiwa. Le nuove Blazon sono accessibili ma in grado di soddisfare anche i pescatori pi\u00f9 esperti. I blank sono in carbonio HVF ad alta densit\u00e0 e ridotto apporto di resina e sono [&hellip;]\" \/>\n<meta property=\"og:url\" content=\"https:\/\/www.pescafish.it\/new\/prodotto\/canna-21-blazon-daiwa\/\" \/>\n<meta property=\"og:site_name\" content=\"Pesca Fish\" \/>\n<meta property=\"article:publisher\" content=\"https:\/\/www.facebook.com\/pescafishvr\/\" \/>\n<meta property=\"article:modified_time\" content=\"2025-02-01T18:05:23+00:00\" \/>\n<meta property=\"og:image\" content=\"https:\/\/www.pescafish.it\/new\/wp-content\/uploads\/2024\/03\/BLAZON.jpg\" \/>\n\t<meta property=\"og:image:width\" content=\"789\" \/>\n\t<meta property=\"og:image:height\" content=\"794\" \/>\n<meta name=\"twitter:card\" content=\"summary_large_image\" \/>\n<meta name=\"twitter:label1\" content=\"Scritto da\">\n\t<meta name=\"twitter:data1\" content=\"francesca\">\n\t<meta name=\"twitter:label2\" content=\"Tempo di lettura stimato\">\n\t<meta name=\"twitter:data2\" content=\"1 minuto\">\n<script type=\"application\/ld+json\" class=\"yoast-schema-graph\">{\"@context\":\"https:\/\/schema.org\",\"@graph\":[{\"@type\":\"WebSite\",\"@id\":\"https:\/\/www.pescafish.it\/new\/#website\",\"url\":\"https:\/\/www.pescafish.it\/new\/\",\"name\":\"Pesca Fish\",\"description\":\"Benvenuti sul nostro sito!\",\"potentialAction\":[{\"@type\":\"SearchAction\",\"target\":\"https:\/\/www.pescafish.it\/new\/?s={search_term_string}\",\"query-input\":\"required name=search_term_string\"}],\"inLanguage\":\"it-IT\"},{\"@type\":\"ImageObject\",\"@id\":\"https:\/\/www.pescafish.it\/new\/prodotto\/canna-21-blazon-daiwa\/#primaryimage\",\"inLanguage\":\"it-IT\",\"url\":\"https:\/\/www.pescafish.it\/new\/wp-content\/uploads\/2024\/03\/BLAZON.jpg\",\"width\":789,\"height\":794,\"caption\":\"Daiwa\"},{\"@type\":\"WebPage\",\"@id\":\"https:\/\/www.pescafish.it\/new\/prodotto\/canna-21-blazon-daiwa\/#webpage\",\"url\":\"https:\/\/www.pescafish.it\/new\/prodotto\/canna-21-blazon-daiwa\/\",\"name\":\"Canna 21 Blazon\\u00a0- Daiwa - Pesca Fish\",\"isPartOf\":{\"@id\":\"https:\/\/www.pescafish.it\/new\/#website\"},\"primaryImageOfPage\":{\"@id\":\"https:\/\/www.pescafish.it\/new\/prodotto\/canna-21-blazon-daiwa\/#primaryimage\"},\"datePublished\":\"2024-03-14T16:23:18+00:00\",\"dateModified\":\"2025-02-01T18:05:23+00:00\",\"inLanguage\":\"it-IT\",\"potentialAction\":[{\"@type\":\"ReadAction\",\"target\":[\"https:\/\/www.pescafish.it\/new\/prodotto\/canna-21-blazon-daiwa\/\"]}]}]}<\/script>\n<!-- \/ Yoast SEO plugin. -->","_links":{"self":[{"href":"https:\/\/www.pescafish.it\/new\/wp-json\/wp\/v2\/product\/94728"}],"collection":[{"href":"https:\/\/www.pescafish.it\/new\/wp-json\/wp\/v2\/product"}],"about":[{"href":"https:\/\/www.pescafish.it\/new\/wp-json\/wp\/v2\/types\/product"}],"replies":[{"embeddable":true,"href":"https:\/\/www.pescafish.it\/new\/wp-json\/wp\/v2\/comments?post=94728"}],"wp:featuredmedia":[{"embeddable":true,"href":"https:\/\/www.pescafish.it\/new\/wp-json\/wp\/v2\/media\/94729"}],"wp:attachment":[{"href":"https:\/\/www.pescafish.it\/new\/wp-json\/wp\/v2\/media?parent=94728"}],"wp:term":[{"taxonomy":"product_cat","embeddable":true,"href":"https:\/\/www.pescafish.it\/new\/wp-json\/wp\/v2\/product_cat?post=94728"},{"taxonomy":"product_tag","embeddable":true,"href":"https:\/\/www.pescafish.it\/new\/wp-json\/wp\/v2\/product_tag?post=94728"}],"curies":[{"name":"wp","href":"https:\/\/api.w.org\/{rel}","templated":true}]}}