{"id":94722,"date":"2024-03-14T17:02:58","date_gmt":"2024-03-14T16:02:58","guid":{"rendered":"https:\/\/www.pescafish.it\/new\/?post_type=product&#038;p=94722"},"modified":"2024-03-14T17:02:59","modified_gmt":"2024-03-14T16:02:59","slug":"presso-rod-stand-530-daiwa","status":"publish","type":"product","link":"https:\/\/www.pescafish.it\/new\/prodotto\/presso-rod-stand-530-daiwa\/","title":{"rendered":"Presso rod Stand 530 &#8211; Daiwa"},"content":{"rendered":"<h2>Presso rod Stand 530<\/h2>\n<p>Il porta-canne con cavalletto Presso Rod Stand \u00e8 un grande alleato per tutti i pescatori di Trout Area che desiderano utilizzare pi\u00f9 attrezzatura nello stesso momento.<\/p>\n<p>Pu\u00f2 ospitare fino a 3 canne attrezzate e grazie alla maniglia pieghevole permette spostamenti rapidi e confortevoli.<\/p>\n<p>E\u2019 dotato di leve \u201cone touch\u201d per regolare la lunghezza delle gambe con estrema facilit\u00e0 e a fine pescata si pu\u00f2 ripiegare su se stesso per non creare intralci durante il trasporto in auto.<\/p>\n<p>Per estendere ulteriormente la capacit\u00e0 del porta canne attraverso \u00e8 disponibile il Presso\u00a0Booster Kit, (venduto separatamente) che ne aumenta la capienza di 2 unit\u00e0.<\/p>\n<p>&nbsp;<\/p>\n","protected":false},"excerpt":{"rendered":"<p>Presso rod Stand 530 Il porta-canne con cavalletto Presso Rod Stand \u00e8 un grande alleato per tutti i pescatori di Trout Area che desiderano utilizzare pi\u00f9 attrezzatura nello stesso momento. Pu\u00f2 ospitare fino a 3 canne attrezzate e grazie alla maniglia pieghevole permette spostamenti rapidi e confortevoli. E\u2019 dotato di leve \u201cone touch\u201d per regolare [&hellip;]<\/p>\n","protected":false},"featured_media":94723,"comment_status":"closed","ping_status":"closed","template":"","meta":[],"product_cat":[925],"product_tag":[1051,1365],"yoast_head":"<!-- This site is optimized with the Yoast SEO plugin v15.3 - https:\/\/yoast.com\/wordpress\/plugins\/seo\/ -->\n<title>Presso rod Stand 530 - Daiwa - Pesca Fish<\/title>\n<meta name=\"robots\" content=\"index, follow, max-snippet:-1, max-image-preview:large, max-video-preview:-1\" \/>\n<link rel=\"canonical\" href=\"https:\/\/www.pescafish.it\/new\/prodotto\/presso-rod-stand-530-daiwa\/\" \/>\n<meta property=\"og:locale\" content=\"it_IT\" \/>\n<meta property=\"og:type\" content=\"article\" \/>\n<meta property=\"og:title\" content=\"Presso rod Stand 530 - Daiwa - Pesca Fish\" \/>\n<meta property=\"og:description\" content=\"Presso rod Stand 530 Il porta-canne con cavalletto Presso Rod Stand \u00e8 un grande alleato per tutti i pescatori di Trout Area che desiderano utilizzare pi\u00f9 attrezzatura nello stesso momento. Pu\u00f2 ospitare fino a 3 canne attrezzate e grazie alla maniglia pieghevole permette spostamenti rapidi e confortevoli. E\u2019 dotato di leve \u201cone touch\u201d per regolare [&hellip;]\" \/>\n<meta property=\"og:url\" content=\"https:\/\/www.pescafish.it\/new\/prodotto\/presso-rod-stand-530-daiwa\/\" \/>\n<meta property=\"og:site_name\" content=\"Pesca Fish\" \/>\n<meta property=\"article:publisher\" content=\"https:\/\/www.facebook.com\/pescafishvr\/\" \/>\n<meta property=\"article:modified_time\" content=\"2024-03-14T16:02:59+00:00\" \/>\n<meta property=\"og:image\" content=\"https:\/\/www.pescafish.it\/new\/wp-content\/uploads\/2024\/03\/PRESSO-ROD-STAND.jpg\" \/>\n\t<meta property=\"og:image:width\" content=\"789\" \/>\n\t<meta property=\"og:image:height\" content=\"794\" \/>\n<meta name=\"twitter:card\" content=\"summary_large_image\" \/>\n<meta name=\"twitter:label1\" content=\"Scritto da\">\n\t<meta name=\"twitter:data1\" content=\"francesca\">\n\t<meta name=\"twitter:label2\" content=\"Tempo di lettura stimato\">\n\t<meta name=\"twitter:data2\" content=\"0 minuti\">\n<script type=\"application\/ld+json\" class=\"yoast-schema-graph\">{\"@context\":\"https:\/\/schema.org\",\"@graph\":[{\"@type\":\"WebSite\",\"@id\":\"https:\/\/www.pescafish.it\/new\/#website\",\"url\":\"https:\/\/www.pescafish.it\/new\/\",\"name\":\"Pesca Fish\",\"description\":\"Benvenuti sul nostro sito!\",\"potentialAction\":[{\"@type\":\"SearchAction\",\"target\":\"https:\/\/www.pescafish.it\/new\/?s={search_term_string}\",\"query-input\":\"required name=search_term_string\"}],\"inLanguage\":\"it-IT\"},{\"@type\":\"ImageObject\",\"@id\":\"https:\/\/www.pescafish.it\/new\/prodotto\/presso-rod-stand-530-daiwa\/#primaryimage\",\"inLanguage\":\"it-IT\",\"url\":\"https:\/\/www.pescafish.it\/new\/wp-content\/uploads\/2024\/03\/PRESSO-ROD-STAND.jpg\",\"width\":789,\"height\":794,\"caption\":\"Daiwa\"},{\"@type\":\"WebPage\",\"@id\":\"https:\/\/www.pescafish.it\/new\/prodotto\/presso-rod-stand-530-daiwa\/#webpage\",\"url\":\"https:\/\/www.pescafish.it\/new\/prodotto\/presso-rod-stand-530-daiwa\/\",\"name\":\"Presso rod Stand 530 - Daiwa - Pesca Fish\",\"isPartOf\":{\"@id\":\"https:\/\/www.pescafish.it\/new\/#website\"},\"primaryImageOfPage\":{\"@id\":\"https:\/\/www.pescafish.it\/new\/prodotto\/presso-rod-stand-530-daiwa\/#primaryimage\"},\"datePublished\":\"2024-03-14T16:02:58+00:00\",\"dateModified\":\"2024-03-14T16:02:59+00:00\",\"inLanguage\":\"it-IT\",\"potentialAction\":[{\"@type\":\"ReadAction\",\"target\":[\"https:\/\/www.pescafish.it\/new\/prodotto\/presso-rod-stand-530-daiwa\/\"]}]}]}<\/script>\n<!-- \/ Yoast SEO plugin. -->","_links":{"self":[{"href":"https:\/\/www.pescafish.it\/new\/wp-json\/wp\/v2\/product\/94722"}],"collection":[{"href":"https:\/\/www.pescafish.it\/new\/wp-json\/wp\/v2\/product"}],"about":[{"href":"https:\/\/www.pescafish.it\/new\/wp-json\/wp\/v2\/types\/product"}],"replies":[{"embeddable":true,"href":"https:\/\/www.pescafish.it\/new\/wp-json\/wp\/v2\/comments?post=94722"}],"wp:featuredmedia":[{"embeddable":true,"href":"https:\/\/www.pescafish.it\/new\/wp-json\/wp\/v2\/media\/94723"}],"wp:attachment":[{"href":"https:\/\/www.pescafish.it\/new\/wp-json\/wp\/v2\/media?parent=94722"}],"wp:term":[{"taxonomy":"product_cat","embeddable":true,"href":"https:\/\/www.pescafish.it\/new\/wp-json\/wp\/v2\/product_cat?post=94722"},{"taxonomy":"product_tag","embeddable":true,"href":"https:\/\/www.pescafish.it\/new\/wp-json\/wp\/v2\/product_tag?post=94722"}],"curies":[{"name":"wp","href":"https:\/\/api.w.org\/{rel}","templated":true}]}}