{"id":94564,"date":"2024-03-02T15:57:13","date_gmt":"2024-03-02T14:57:13","guid":{"rendered":"https:\/\/www.pescafish.it\/new\/?post_type=product&#038;p=94564"},"modified":"2025-06-10T11:28:09","modified_gmt":"2025-06-10T09:28:09","slug":"canna-aero-bolo-x7-gt-shimano","status":"publish","type":"product","link":"https:\/\/www.pescafish.it\/new\/prodotto\/canna-aero-bolo-x7-gt-shimano\/","title":{"rendered":"Canna Aero Bolo X7 GT &#8211; Shimano"},"content":{"rendered":"<p>L&#8217;Aero X7 Bolo \u00e8 la cr\u00e8me de la cr\u00e8me della gamma bolognese di SHIMANO. Rappresentando l&#8217;apice del design e dello sviluppo, queste canne sono disponibili come grezzi semplici per la personalizzazione o completamente equipaggiate con i migliori componenti nella versione GT. Grazie all&#8217;utilizzo della pi\u00f9 recente tecnologia Shimano, questa gamma premium offre prestazioni di alto livello senza precedenti, stabilendo un nuovo standard per la pesca alla bolognese.<br \/>\nQuando si esige il meglio dalla propria canna da pesca bolognese, l&#8217;Aero X7 \u00e8 la risposta. Con le opzioni di azione media (8-18 g) e pesante (15-25 g), queste canne sono progettate per garantire prestazioni eccezionali in qualsiasi situazione. Il design ultraleggero e ben bilanciato, unito all&#8217;azione extra-fast della punta, offre la massima precisione e controllo sul galleggiante, rendendo possibili anche le ferrate pi\u00f9 difficili. Il design avanzato della conicit\u00e0 aumenta la sensibilit\u00e0 e garantisce l&#8217;utilizzo di lenze pi\u00f9 sottili e ami pi\u00f9 piccoli. Grazie alla velocit\u00e0 fulminea della punta, potrete ferrare pi\u00f9 efficacemente e catturare pi\u00f9 pesci, anche a lunga distanza.<br \/>\nCome pescatori a bolognese, sapete che la chiave del successo della pesca \u00e8 l&#8217;attrezzatura giusta. Ecco perch\u00e9 l&#8217;Aero X7 Bolo utilizza le pi\u00f9 avanzate tecnologie SHIMANO per offrire le prestazioni di cui avete bisogno. Con la costruzione totalmente in carbonio ad alto modulo, arricchita da HPC (High Pressure Carbon), Nanosheet e Biofibre, questa gamma di canne offre la perfetta combinazione di rigidit\u00e0 e potenza nelle sezioni inferiori, mentre la sensibilit\u00e0 sublime e la velocit\u00e0 extra della punta garantiscono di non perdere mai un&#8217;abboccata. Sia che stiate pescando con lenze sottili e ami piccoli o che stiate puntando a pesci pi\u00f9 grandi, l&#8217;Aero X7 ha la versatilit\u00e0 e la precisione necessarie per aiutarvi ad avere successo. Con l&#8217;aggiunta dei migliori Fuji Alconite KL e di un portamulinello Fuji NS nelle versioni GT, questa eccezionale gamma di canne offre prestazioni imbattibili che porteranno la vostra pesca alla bolognese a un livello superiore.<\/p>\n<p><strong>Disponibile nei seguenti modelli:<\/strong><\/p>\n<table style=\"height: 73px; width: 100%; border-collapse: collapse; border-color: #000000;\" border=\"2\">\n<tbody>\n<tr style=\"height: 25px;\">\n<td style=\"width: 16.6667%; height: 25px; text-align: center;\"><strong>Modello<\/strong><\/td>\n<td style=\"width: 16.6667%; height: 25px; text-align: center;\"><strong>Lunghezza<\/strong><\/td>\n<td style=\"width: 16.6667%; height: 25px; text-align: center;\"><strong>Potenza<\/strong><\/td>\n<td style=\"width: 16.6667%; height: 25px; text-align: center;\"><strong>Azione<\/strong><\/td>\n<td style=\"width: 16.6667%; height: 25px; text-align: center;\"><strong>Ingombro<\/strong><\/td>\n<td style=\"width: 8.33335%; height: 25px; text-align: center;\"><strong>Peso<\/strong><\/td>\n<td style=\"width: 8.33335%; height: 25px; text-align: center;\"><strong>N\u00b0 sezioni<\/strong><\/td>\n<\/tr>\n<tr style=\"height: 24px;\">\n<td style=\"width: 16.6667%; height: 24px; text-align: center;\"><strong>AEX7TEGTH60<\/strong><\/td>\n<td style=\"width: 16.6667%; height: 24px; text-align: center;\">6m<\/td>\n<td style=\"width: 16.6667%; height: 24px; text-align: center;\">15-25g<\/td>\n<td style=\"width: 16.6667%; height: 24px; text-align: center;\">Extra Fast &#8211; Heavy<\/td>\n<td style=\"width: 16.6667%; height: 24px; text-align: center;\">150cm<\/td>\n<td style=\"width: 8.33335%; height: 24px; text-align: center;\">254g<\/td>\n<td style=\"width: 8.33335%; height: 24px; text-align: center;\">6<\/td>\n<\/tr>\n<tr style=\"height: 24px;\">\n<td style=\"width: 16.6667%; height: 24px; text-align: center;\"><strong>AEX7TEGTH70<\/strong><\/td>\n<td style=\"width: 16.6667%; height: 24px; text-align: center;\">7m<\/td>\n<td style=\"width: 16.6667%; height: 24px; text-align: center;\">15-25g<\/td>\n<td style=\"width: 16.6667%; height: 24px; text-align: center;\">Extra Fast &#8211; Heavy<\/td>\n<td style=\"width: 16.6667%; height: 24px; text-align: center;\">153cm<\/td>\n<td style=\"width: 8.33335%; height: 24px; text-align: center;\">331g<\/td>\n<td style=\"width: 8.33335%; height: 24px; text-align: center;\">7<\/td>\n<\/tr>\n<\/tbody>\n<\/table>\n<p>.<br \/>\n<span style=\"color: #ff0000;\"><strong>DUE ANNI DI GARANZIA<\/strong><\/span><br \/>\n<span style=\"color: #ff0000;\"><strong>Da oggi per avere il TERZO ANNO DI GARANZIA, collegati al nuovo portale e registra il tuo prodotto su:<\/strong><\/span><br \/>\n<span style=\"color: #000000; background-color: #ffff00;\"><strong><a style=\"color: #000000; background-color: #ffff00;\" href=\"http:\/\/www.shimanofishnetwork.it\/garanzia\/sign_in\">http:\/\/www.shimanofishnetwork.it\/garanzia\/sign_in<\/a><\/strong><\/span><\/p>\n","protected":false},"excerpt":{"rendered":"<p>L&#8217;Aero X7 Bolo \u00e8 la cr\u00e8me de la cr\u00e8me della gamma bolognese di SHIMANO. Rappresentando l&#8217;apice del design e dello sviluppo, queste canne sono disponibili come grezzi semplici per la personalizzazione o completamente equipaggiate con i migliori componenti nella versione GT. Grazie all&#8217;utilizzo della pi\u00f9 recente tecnologia Shimano, questa gamma premium offre prestazioni di alto [&hellip;]<\/p>\n","protected":false},"featured_media":94565,"comment_status":"closed","ping_status":"closed","template":"","meta":[],"product_cat":[87],"product_tag":[1023],"yoast_head":"<!-- This site is optimized with the Yoast SEO plugin v15.3 - https:\/\/yoast.com\/wordpress\/plugins\/seo\/ -->\n<title>Canna Aero Bolo X7 GT - Shimano - Pesca Fish<\/title>\n<meta name=\"robots\" content=\"index, follow, max-snippet:-1, max-image-preview:large, max-video-preview:-1\" \/>\n<link rel=\"canonical\" href=\"https:\/\/www.pescafish.it\/new\/prodotto\/canna-aero-bolo-x7-gt-shimano\/\" \/>\n<meta property=\"og:locale\" content=\"it_IT\" \/>\n<meta property=\"og:type\" content=\"article\" \/>\n<meta property=\"og:title\" content=\"Canna Aero Bolo X7 GT - Shimano - Pesca Fish\" \/>\n<meta property=\"og:description\" content=\"L&#8217;Aero X7 Bolo \u00e8 la cr\u00e8me de la cr\u00e8me della gamma bolognese di SHIMANO. Rappresentando l&#8217;apice del design e dello sviluppo, queste canne sono disponibili come grezzi semplici per la personalizzazione o completamente equipaggiate con i migliori componenti nella versione GT. Grazie all&#8217;utilizzo della pi\u00f9 recente tecnologia Shimano, questa gamma premium offre prestazioni di alto [&hellip;]\" \/>\n<meta property=\"og:url\" content=\"https:\/\/www.pescafish.it\/new\/prodotto\/canna-aero-bolo-x7-gt-shimano\/\" \/>\n<meta property=\"og:site_name\" content=\"Pesca Fish\" \/>\n<meta property=\"article:publisher\" content=\"https:\/\/www.facebook.com\/pescafishvr\/\" \/>\n<meta property=\"article:modified_time\" content=\"2025-06-10T09:28:09+00:00\" \/>\n<meta property=\"og:image\" content=\"https:\/\/www.pescafish.it\/new\/wp-content\/uploads\/2024\/03\/aero-bolo-x7-gt.jpg\" \/>\n\t<meta property=\"og:image:width\" content=\"880\" \/>\n\t<meta property=\"og:image:height\" content=\"880\" \/>\n<meta name=\"twitter:card\" content=\"summary_large_image\" \/>\n<meta name=\"twitter:label1\" content=\"Scritto da\">\n\t<meta name=\"twitter:data1\" content=\"francesca\">\n\t<meta name=\"twitter:label2\" content=\"Tempo di lettura stimato\">\n\t<meta name=\"twitter:data2\" content=\"2 minuti\">\n<script type=\"application\/ld+json\" class=\"yoast-schema-graph\">{\"@context\":\"https:\/\/schema.org\",\"@graph\":[{\"@type\":\"WebSite\",\"@id\":\"https:\/\/www.pescafish.it\/new\/#website\",\"url\":\"https:\/\/www.pescafish.it\/new\/\",\"name\":\"Pesca Fish\",\"description\":\"Benvenuti sul nostro sito!\",\"potentialAction\":[{\"@type\":\"SearchAction\",\"target\":\"https:\/\/www.pescafish.it\/new\/?s={search_term_string}\",\"query-input\":\"required name=search_term_string\"}],\"inLanguage\":\"it-IT\"},{\"@type\":\"ImageObject\",\"@id\":\"https:\/\/www.pescafish.it\/new\/prodotto\/canna-aero-bolo-x7-gt-shimano\/#primaryimage\",\"inLanguage\":\"it-IT\",\"url\":\"https:\/\/www.pescafish.it\/new\/wp-content\/uploads\/2024\/03\/aero-bolo-x7-gt.jpg\",\"width\":880,\"height\":880,\"caption\":\"aero bolo x7 gt shimano\"},{\"@type\":\"WebPage\",\"@id\":\"https:\/\/www.pescafish.it\/new\/prodotto\/canna-aero-bolo-x7-gt-shimano\/#webpage\",\"url\":\"https:\/\/www.pescafish.it\/new\/prodotto\/canna-aero-bolo-x7-gt-shimano\/\",\"name\":\"Canna Aero Bolo X7 GT - Shimano - Pesca Fish\",\"isPartOf\":{\"@id\":\"https:\/\/www.pescafish.it\/new\/#website\"},\"primaryImageOfPage\":{\"@id\":\"https:\/\/www.pescafish.it\/new\/prodotto\/canna-aero-bolo-x7-gt-shimano\/#primaryimage\"},\"datePublished\":\"2024-03-02T14:57:13+00:00\",\"dateModified\":\"2025-06-10T09:28:09+00:00\",\"inLanguage\":\"it-IT\",\"potentialAction\":[{\"@type\":\"ReadAction\",\"target\":[\"https:\/\/www.pescafish.it\/new\/prodotto\/canna-aero-bolo-x7-gt-shimano\/\"]}]}]}<\/script>\n<!-- \/ Yoast SEO plugin. -->","_links":{"self":[{"href":"https:\/\/www.pescafish.it\/new\/wp-json\/wp\/v2\/product\/94564"}],"collection":[{"href":"https:\/\/www.pescafish.it\/new\/wp-json\/wp\/v2\/product"}],"about":[{"href":"https:\/\/www.pescafish.it\/new\/wp-json\/wp\/v2\/types\/product"}],"replies":[{"embeddable":true,"href":"https:\/\/www.pescafish.it\/new\/wp-json\/wp\/v2\/comments?post=94564"}],"wp:featuredmedia":[{"embeddable":true,"href":"https:\/\/www.pescafish.it\/new\/wp-json\/wp\/v2\/media\/94565"}],"wp:attachment":[{"href":"https:\/\/www.pescafish.it\/new\/wp-json\/wp\/v2\/media?parent=94564"}],"wp:term":[{"taxonomy":"product_cat","embeddable":true,"href":"https:\/\/www.pescafish.it\/new\/wp-json\/wp\/v2\/product_cat?post=94564"},{"taxonomy":"product_tag","embeddable":true,"href":"https:\/\/www.pescafish.it\/new\/wp-json\/wp\/v2\/product_tag?post=94564"}],"curies":[{"name":"wp","href":"https:\/\/api.w.org\/{rel}","templated":true}]}}