{"id":94541,"date":"2024-02-26T17:17:28","date_gmt":"2024-02-26T16:17:28","guid":{"rendered":"https:\/\/www.pescafish.it\/new\/?post_type=product&#038;p=94541"},"modified":"2024-02-26T17:17:28","modified_gmt":"2024-02-26T16:17:28","slug":"n-gauge-specimen-dual-tip-12-1-25lb-guru","status":"publish","type":"product","link":"https:\/\/www.pescafish.it\/new\/prodotto\/n-gauge-specimen-dual-tip-12-1-25lb-guru\/","title":{"rendered":"N-Gauge Specimen Dual Tip 12&#8242; 1.25lb &#8211; Guru"},"content":{"rendered":"<h2 class=\"title\">N-Gauge Specimen Dual Tip 12&#8242; 1.25lb<\/h2>\n<p><span>Le canne N-Gauge Specimen sono una gamma altamente versatile progettata per il pescatore specializzato, dilettante e di esemplari che pesca in acque naturali e commerciali.<\/span><\/p>\n<p><span>Quest&#8217;ultima gamma \u00e8 stata sviluppata con carbonio con resistenza alla trazione di 30 e 40 tonnellate per creare un&#8217;azione di potenza progressiva, il che significa che le canne si piegano su tutto il fusto guadagnando pi\u00f9 potenza progressivamente man mano che le canne vengono piegate ulteriormente, perfette per giocare a pesci grossi.\u00a0Oltre a questa azione, le canne rimangono leggere, ben bilanciate ed estremamente comode da usare.\u00a0Gli anelli antigroviglio SEA-GUIDE con sottili anelli in zirconio riducono drasticamente il rischio che sottili linee mono e trecciate si &#8220;incastrino&#8221; sulla guida di testa durante il lancio.<\/span><\/p>\n<p><span>Le nostre tre canne a doppia punta nella gamma 1.25lb, 1.5lb e 1.75lb sono perfette sia per la pesca con feeder che con galleggiante su fiumi e acque ferme.\u00a0Ogni canna twin tip ha una vetta tubolare con un&#8217;azione progressiva fluida adatta alla pesca con il galleggiante e alla pesca con il feeder.\u00a0Il quiver top viene fornito con due faretre aggiuntive in carbonio bilanciate con la curva di prova di ciascuna canna adatta a tutti i lavori di feeder in ambienti naturali e commerciali.<\/span><\/p>\n<p><span>L&#8217;ultima canna della gamma \u00e8 la potente canna Barbel da 2,25 libbre che ha un&#8217;azione progettata per la pesca con grandi feeder da 4-5 once su fiumi pi\u00f9 grandi come il Trent quando \u00e8 richiesta autorit\u00e0 sia per lanciare che per giocare con pesci combattenti.<\/span><\/p>\n","protected":false},"excerpt":{"rendered":"<p>N-Gauge Specimen Dual Tip 12&#8242; 1.25lb Le canne N-Gauge Specimen sono una gamma altamente versatile progettata per il pescatore specializzato, dilettante e di esemplari che pesca in acque naturali e commerciali. Quest&#8217;ultima gamma \u00e8 stata sviluppata con carbonio con resistenza alla trazione di 30 e 40 tonnellate per creare un&#8217;azione di potenza progressiva, il che [&hellip;]<\/p>\n","protected":false},"featured_media":94542,"comment_status":"closed","ping_status":"closed","template":"","meta":[],"product_cat":[1159],"product_tag":[1026],"yoast_head":"<!-- This site is optimized with the Yoast SEO plugin v15.3 - https:\/\/yoast.com\/wordpress\/plugins\/seo\/ -->\n<title>N-Gauge Specimen Dual Tip 12&#039; 1.25lb - Guru - Pesca Fish<\/title>\n<meta name=\"robots\" content=\"index, follow, max-snippet:-1, max-image-preview:large, max-video-preview:-1\" \/>\n<link rel=\"canonical\" href=\"https:\/\/www.pescafish.it\/new\/prodotto\/n-gauge-specimen-dual-tip-12-1-25lb-guru\/\" \/>\n<meta property=\"og:locale\" content=\"it_IT\" \/>\n<meta property=\"og:type\" content=\"article\" \/>\n<meta property=\"og:title\" content=\"N-Gauge Specimen Dual Tip 12&#039; 1.25lb - Guru - Pesca Fish\" \/>\n<meta property=\"og:description\" content=\"N-Gauge Specimen Dual Tip 12&#8242; 1.25lb Le canne N-Gauge Specimen sono una gamma altamente versatile progettata per il pescatore specializzato, dilettante e di esemplari che pesca in acque naturali e commerciali. Quest&#8217;ultima gamma \u00e8 stata sviluppata con carbonio con resistenza alla trazione di 30 e 40 tonnellate per creare un&#8217;azione di potenza progressiva, il che [&hellip;]\" \/>\n<meta property=\"og:url\" content=\"https:\/\/www.pescafish.it\/new\/prodotto\/n-gauge-specimen-dual-tip-12-1-25lb-guru\/\" \/>\n<meta property=\"og:site_name\" content=\"Pesca Fish\" \/>\n<meta property=\"article:publisher\" content=\"https:\/\/www.facebook.com\/pescafishvr\/\" \/>\n<meta property=\"og:image\" content=\"https:\/\/www.pescafish.it\/new\/wp-content\/uploads\/2024\/02\/grd119.jpg\" \/>\n\t<meta property=\"og:image:width\" content=\"789\" \/>\n\t<meta property=\"og:image:height\" content=\"794\" \/>\n<meta name=\"twitter:card\" content=\"summary_large_image\" \/>\n<meta name=\"twitter:label1\" content=\"Scritto da\">\n\t<meta name=\"twitter:data1\" content=\"francesca\">\n\t<meta name=\"twitter:label2\" content=\"Tempo di lettura stimato\">\n\t<meta name=\"twitter:data2\" content=\"1 minuto\">\n<script type=\"application\/ld+json\" class=\"yoast-schema-graph\">{\"@context\":\"https:\/\/schema.org\",\"@graph\":[{\"@type\":\"WebSite\",\"@id\":\"https:\/\/www.pescafish.it\/new\/#website\",\"url\":\"https:\/\/www.pescafish.it\/new\/\",\"name\":\"Pesca Fish\",\"description\":\"Benvenuti sul nostro sito!\",\"potentialAction\":[{\"@type\":\"SearchAction\",\"target\":\"https:\/\/www.pescafish.it\/new\/?s={search_term_string}\",\"query-input\":\"required name=search_term_string\"}],\"inLanguage\":\"it-IT\"},{\"@type\":\"ImageObject\",\"@id\":\"https:\/\/www.pescafish.it\/new\/prodotto\/n-gauge-specimen-dual-tip-12-1-25lb-guru\/#primaryimage\",\"inLanguage\":\"it-IT\",\"url\":\"https:\/\/www.pescafish.it\/new\/wp-content\/uploads\/2024\/02\/grd119.jpg\",\"width\":789,\"height\":794,\"caption\":\"Guru\"},{\"@type\":\"WebPage\",\"@id\":\"https:\/\/www.pescafish.it\/new\/prodotto\/n-gauge-specimen-dual-tip-12-1-25lb-guru\/#webpage\",\"url\":\"https:\/\/www.pescafish.it\/new\/prodotto\/n-gauge-specimen-dual-tip-12-1-25lb-guru\/\",\"name\":\"N-Gauge Specimen Dual Tip 12' 1.25lb - Guru - Pesca Fish\",\"isPartOf\":{\"@id\":\"https:\/\/www.pescafish.it\/new\/#website\"},\"primaryImageOfPage\":{\"@id\":\"https:\/\/www.pescafish.it\/new\/prodotto\/n-gauge-specimen-dual-tip-12-1-25lb-guru\/#primaryimage\"},\"datePublished\":\"2024-02-26T16:17:28+00:00\",\"dateModified\":\"2024-02-26T16:17:28+00:00\",\"inLanguage\":\"it-IT\",\"potentialAction\":[{\"@type\":\"ReadAction\",\"target\":[\"https:\/\/www.pescafish.it\/new\/prodotto\/n-gauge-specimen-dual-tip-12-1-25lb-guru\/\"]}]}]}<\/script>\n<!-- \/ Yoast SEO plugin. -->","_links":{"self":[{"href":"https:\/\/www.pescafish.it\/new\/wp-json\/wp\/v2\/product\/94541"}],"collection":[{"href":"https:\/\/www.pescafish.it\/new\/wp-json\/wp\/v2\/product"}],"about":[{"href":"https:\/\/www.pescafish.it\/new\/wp-json\/wp\/v2\/types\/product"}],"replies":[{"embeddable":true,"href":"https:\/\/www.pescafish.it\/new\/wp-json\/wp\/v2\/comments?post=94541"}],"wp:featuredmedia":[{"embeddable":true,"href":"https:\/\/www.pescafish.it\/new\/wp-json\/wp\/v2\/media\/94542"}],"wp:attachment":[{"href":"https:\/\/www.pescafish.it\/new\/wp-json\/wp\/v2\/media?parent=94541"}],"wp:term":[{"taxonomy":"product_cat","embeddable":true,"href":"https:\/\/www.pescafish.it\/new\/wp-json\/wp\/v2\/product_cat?post=94541"},{"taxonomy":"product_tag","embeddable":true,"href":"https:\/\/www.pescafish.it\/new\/wp-json\/wp\/v2\/product_tag?post=94541"}],"curies":[{"name":"wp","href":"https:\/\/api.w.org\/{rel}","templated":true}]}}