{"id":94429,"date":"2024-02-09T10:11:50","date_gmt":"2024-02-09T09:11:50","guid":{"rendered":"https:\/\/www.pescafish.it\/new\/?post_type=product&#038;p=94429"},"modified":"2024-02-09T10:11:50","modified_gmt":"2024-02-09T09:11:50","slug":"armourline-mono-uv-yellow-nash","status":"publish","type":"product","link":"https:\/\/www.pescafish.it\/new\/prodotto\/armourline-mono-uv-yellow-nash\/","title":{"rendered":"Armourline Mono UV Yellow &#8211; Nash"},"content":{"rendered":"<h2>Armourline Mono UV Yellow<\/h2>\n<p>Un monofilo affondante ed extra resistente che combina un\u2019elevata resistenza al nodo ed all\u2019abrasione con un lancio fluido, il Armourline \u00e8 un monofilo progettato per esser portato ovunque nel mondo &#8211; ideale negli ambienti pi\u00f9 estremi avente la forza per garantire di portare a guadino le carpe pi\u00f9 difficili.<\/p>\n<p>Presenta le nuove propriet\u00e0 riflettenti UV, brillando sotto l\u2019illuminazione di lampade Powerbank UV Headtorch, mostrando la posizione della lenza di notte.<\/p>\n<p>La gamma include un diametro potenziato da 0,45mm e 25 libbre, il Armourline Mono \u00e8 l\u2019unica lenza che pu\u00f2 essere usata praticamente dappertutto. \u00c8 forte, flessibile e si comporta brillantemente sessione dopo sessione.<\/p>\n<p><strong>Disponibile nelle seguenti varianti:<\/strong><br \/>\n<strong>KNT6048<\/strong>\u00a0 0.35mm \/ 15lb<br \/>\n<strong>KNT6049<\/strong>\u00a0 0.40mm \/ 20lb<br \/>\n<strong>KNT6050<\/strong>\u00a0 0.45mm \/ 25lb<\/p>\n","protected":false},"excerpt":{"rendered":"<p>Armourline Mono UV Yellow Un monofilo affondante ed extra resistente che combina un\u2019elevata resistenza al nodo ed all\u2019abrasione con un lancio fluido, il Armourline \u00e8 un monofilo progettato per esser portato ovunque nel mondo &#8211; ideale negli ambienti pi\u00f9 estremi avente la forza per garantire di portare a guadino le carpe pi\u00f9 difficili. Presenta le [&hellip;]<\/p>\n","protected":false},"featured_media":94430,"comment_status":"closed","ping_status":"closed","template":"","meta":[],"product_cat":[726],"product_tag":[1024],"yoast_head":"<!-- This site is optimized with the Yoast SEO plugin v15.3 - https:\/\/yoast.com\/wordpress\/plugins\/seo\/ -->\n<title>Armourline Mono UV Yellow - Nash - Pesca Fish<\/title>\n<meta name=\"robots\" content=\"index, follow, max-snippet:-1, max-image-preview:large, max-video-preview:-1\" \/>\n<link rel=\"canonical\" href=\"https:\/\/www.pescafish.it\/new\/prodotto\/armourline-mono-uv-yellow-nash\/\" \/>\n<meta property=\"og:locale\" content=\"it_IT\" \/>\n<meta property=\"og:type\" content=\"article\" \/>\n<meta property=\"og:title\" content=\"Armourline Mono UV Yellow - Nash - Pesca Fish\" \/>\n<meta property=\"og:description\" content=\"Armourline Mono UV Yellow Un monofilo affondante ed extra resistente che combina un\u2019elevata resistenza al nodo ed all\u2019abrasione con un lancio fluido, il Armourline \u00e8 un monofilo progettato per esser portato ovunque nel mondo &#8211; ideale negli ambienti pi\u00f9 estremi avente la forza per garantire di portare a guadino le carpe pi\u00f9 difficili. Presenta le [&hellip;]\" \/>\n<meta property=\"og:url\" content=\"https:\/\/www.pescafish.it\/new\/prodotto\/armourline-mono-uv-yellow-nash\/\" \/>\n<meta property=\"og:site_name\" content=\"Pesca Fish\" \/>\n<meta property=\"article:publisher\" content=\"https:\/\/www.facebook.com\/pescafishvr\/\" \/>\n<meta property=\"og:image\" content=\"https:\/\/www.pescafish.it\/new\/wp-content\/uploads\/2024\/02\/T6048.2e16d0ba.fill-600x600-1.jpg\" \/>\n\t<meta property=\"og:image:width\" content=\"600\" \/>\n\t<meta property=\"og:image:height\" content=\"600\" \/>\n<meta name=\"twitter:card\" content=\"summary_large_image\" \/>\n<meta name=\"twitter:label1\" content=\"Scritto da\">\n\t<meta name=\"twitter:data1\" content=\"francesca\">\n\t<meta name=\"twitter:label2\" content=\"Tempo di lettura stimato\">\n\t<meta name=\"twitter:data2\" content=\"0 minuti\">\n<script type=\"application\/ld+json\" class=\"yoast-schema-graph\">{\"@context\":\"https:\/\/schema.org\",\"@graph\":[{\"@type\":\"WebSite\",\"@id\":\"https:\/\/www.pescafish.it\/new\/#website\",\"url\":\"https:\/\/www.pescafish.it\/new\/\",\"name\":\"Pesca Fish\",\"description\":\"Benvenuti sul nostro sito!\",\"potentialAction\":[{\"@type\":\"SearchAction\",\"target\":\"https:\/\/www.pescafish.it\/new\/?s={search_term_string}\",\"query-input\":\"required name=search_term_string\"}],\"inLanguage\":\"it-IT\"},{\"@type\":\"ImageObject\",\"@id\":\"https:\/\/www.pescafish.it\/new\/prodotto\/armourline-mono-uv-yellow-nash\/#primaryimage\",\"inLanguage\":\"it-IT\",\"url\":\"https:\/\/www.pescafish.it\/new\/wp-content\/uploads\/2024\/02\/T6048.2e16d0ba.fill-600x600-1.jpg\",\"width\":600,\"height\":600,\"caption\":\"Nash\"},{\"@type\":\"WebPage\",\"@id\":\"https:\/\/www.pescafish.it\/new\/prodotto\/armourline-mono-uv-yellow-nash\/#webpage\",\"url\":\"https:\/\/www.pescafish.it\/new\/prodotto\/armourline-mono-uv-yellow-nash\/\",\"name\":\"Armourline Mono UV Yellow - Nash - Pesca Fish\",\"isPartOf\":{\"@id\":\"https:\/\/www.pescafish.it\/new\/#website\"},\"primaryImageOfPage\":{\"@id\":\"https:\/\/www.pescafish.it\/new\/prodotto\/armourline-mono-uv-yellow-nash\/#primaryimage\"},\"datePublished\":\"2024-02-09T09:11:50+00:00\",\"dateModified\":\"2024-02-09T09:11:50+00:00\",\"inLanguage\":\"it-IT\",\"potentialAction\":[{\"@type\":\"ReadAction\",\"target\":[\"https:\/\/www.pescafish.it\/new\/prodotto\/armourline-mono-uv-yellow-nash\/\"]}]}]}<\/script>\n<!-- \/ Yoast SEO plugin. -->","_links":{"self":[{"href":"https:\/\/www.pescafish.it\/new\/wp-json\/wp\/v2\/product\/94429"}],"collection":[{"href":"https:\/\/www.pescafish.it\/new\/wp-json\/wp\/v2\/product"}],"about":[{"href":"https:\/\/www.pescafish.it\/new\/wp-json\/wp\/v2\/types\/product"}],"replies":[{"embeddable":true,"href":"https:\/\/www.pescafish.it\/new\/wp-json\/wp\/v2\/comments?post=94429"}],"wp:featuredmedia":[{"embeddable":true,"href":"https:\/\/www.pescafish.it\/new\/wp-json\/wp\/v2\/media\/94430"}],"wp:attachment":[{"href":"https:\/\/www.pescafish.it\/new\/wp-json\/wp\/v2\/media?parent=94429"}],"wp:term":[{"taxonomy":"product_cat","embeddable":true,"href":"https:\/\/www.pescafish.it\/new\/wp-json\/wp\/v2\/product_cat?post=94429"},{"taxonomy":"product_tag","embeddable":true,"href":"https:\/\/www.pescafish.it\/new\/wp-json\/wp\/v2\/product_tag?post=94429"}],"curies":[{"name":"wp","href":"https:\/\/api.w.org\/{rel}","templated":true}]}}