{"id":94318,"date":"2024-02-01T17:03:36","date_gmt":"2024-02-01T16:03:36","guid":{"rendered":"https:\/\/www.pescafish.it\/new\/?post_type=product&#038;p=94318"},"modified":"2024-02-01T17:03:36","modified_gmt":"2024-02-01T16:03:36","slug":"perfect-passion-spin-270-black-cat","status":"publish","type":"product","link":"https:\/\/www.pescafish.it\/new\/prodotto\/perfect-passion-spin-270-black-cat\/","title":{"rendered":"Perfect Passion Spin 2,70 &#8211; Black Cat"},"content":{"rendered":"<h2>Perfect Passion Spin 2,70<\/h2>\n<p>La Perfect Passion Spin 2,70 metri \u00e8 considerata una canna tuttofare per il pescatore da sponda. Il peso di lancio da 60 a 200 grammi consente l&#8217;utilizzo di un&#8217;ampia gamma di esche e sono possibili anche lunghe distanze di lancio con cucchiai pesanti. Ma il veloce grezzo fa una bella figura anche quando si jigga vicino al fondo con pesci di gomma pi\u00f9 grandi e trasmette il movimento dell&#8217;esca in modo ottimale anche in condizioni di correnti pi\u00f9 forti e acque pi\u00f9 profonde. Il cuore di ogni Perfect Passion \u00e8 il grezzo della canna realizzato con tappetini in fibra di carbonio IM6 al 100%. In combinazione con il nuovo &#8220;CG Grip System&#8221; &#8211; un&#8217;impugnatura particolarmente comoda composta da una miscela di due diversi componenti in plastica che garantiscono una presa sicura e antiscivolo durante gli esercizi lunghi, anche con le mani bagnate!<\/p>\n<table style=\"width: 100%; border-collapse: collapse;\" border=\"1\">\n<tbody>\n<tr>\n<td style=\"width: 16.6667%;\"><strong>Codice<\/strong><\/td>\n<td style=\"width: 16.6667%;\"><strong>Lunghezza<\/strong><\/td>\n<td style=\"width: 16.6667%;\"><strong>Ingombro<\/strong><\/td>\n<td style=\"width: 16.6667%;\"><strong>Sezioni<\/strong><\/td>\n<td style=\"width: 16.6667%;\"><strong>Casting<\/strong><\/td>\n<\/tr>\n<tr>\n<td style=\"width: 16.6667%;\"><strong>ZE00016580270<\/strong><\/td>\n<td style=\"width: 16.6667%;\">2,70mt<\/td>\n<td style=\"width: 16.6667%;\">1.35mt<\/td>\n<td style=\"width: 16.6667%;\">2<\/td>\n<td style=\"width: 16.6667%;\">60-200gr<\/td>\n<\/tr>\n<\/tbody>\n<\/table>\n","protected":false},"excerpt":{"rendered":"<p>Perfect Passion Spin 2,70 La Perfect Passion Spin 2,70 metri \u00e8 considerata una canna tuttofare per il pescatore da sponda. Il peso di lancio da 60 a 200 grammi consente l&#8217;utilizzo di un&#8217;ampia gamma di esche e sono possibili anche lunghe distanze di lancio con cucchiai pesanti. Ma il veloce grezzo fa una bella figura [&hellip;]<\/p>\n","protected":false},"featured_media":94319,"comment_status":"closed","ping_status":"closed","template":"","meta":[],"product_cat":[84],"product_tag":[1060],"yoast_head":"<!-- This site is optimized with the Yoast SEO plugin v15.3 - https:\/\/yoast.com\/wordpress\/plugins\/seo\/ -->\n<title>Perfect Passion Spin 2,70 - Black Cat - Pesca Fish<\/title>\n<meta name=\"robots\" content=\"index, follow, max-snippet:-1, max-image-preview:large, max-video-preview:-1\" \/>\n<link rel=\"canonical\" href=\"https:\/\/www.pescafish.it\/new\/prodotto\/perfect-passion-spin-270-black-cat\/\" \/>\n<meta property=\"og:locale\" content=\"it_IT\" \/>\n<meta property=\"og:type\" content=\"article\" \/>\n<meta property=\"og:title\" content=\"Perfect Passion Spin 2,70 - Black Cat - Pesca Fish\" \/>\n<meta property=\"og:description\" content=\"Perfect Passion Spin 2,70 La Perfect Passion Spin 2,70 metri \u00e8 considerata una canna tuttofare per il pescatore da sponda. Il peso di lancio da 60 a 200 grammi consente l&#8217;utilizzo di un&#8217;ampia gamma di esche e sono possibili anche lunghe distanze di lancio con cucchiai pesanti. Ma il veloce grezzo fa una bella figura [&hellip;]\" \/>\n<meta property=\"og:url\" content=\"https:\/\/www.pescafish.it\/new\/prodotto\/perfect-passion-spin-270-black-cat\/\" \/>\n<meta property=\"og:site_name\" content=\"Pesca Fish\" \/>\n<meta property=\"article:publisher\" content=\"https:\/\/www.facebook.com\/pescafishvr\/\" \/>\n<meta property=\"og:image\" content=\"https:\/\/www.pescafish.it\/new\/wp-content\/uploads\/2024\/02\/16580270_az_main1_600.jpg\" \/>\n\t<meta property=\"og:image:width\" content=\"600\" \/>\n\t<meta property=\"og:image:height\" content=\"600\" \/>\n<meta name=\"twitter:card\" content=\"summary_large_image\" \/>\n<meta name=\"twitter:label1\" content=\"Scritto da\">\n\t<meta name=\"twitter:data1\" content=\"francesca\">\n\t<meta name=\"twitter:label2\" content=\"Tempo di lettura stimato\">\n\t<meta name=\"twitter:data2\" content=\"1 minuto\">\n<script type=\"application\/ld+json\" class=\"yoast-schema-graph\">{\"@context\":\"https:\/\/schema.org\",\"@graph\":[{\"@type\":\"WebSite\",\"@id\":\"https:\/\/www.pescafish.it\/new\/#website\",\"url\":\"https:\/\/www.pescafish.it\/new\/\",\"name\":\"Pesca Fish\",\"description\":\"Benvenuti sul nostro sito!\",\"potentialAction\":[{\"@type\":\"SearchAction\",\"target\":\"https:\/\/www.pescafish.it\/new\/?s={search_term_string}\",\"query-input\":\"required name=search_term_string\"}],\"inLanguage\":\"it-IT\"},{\"@type\":\"ImageObject\",\"@id\":\"https:\/\/www.pescafish.it\/new\/prodotto\/perfect-passion-spin-270-black-cat\/#primaryimage\",\"inLanguage\":\"it-IT\",\"url\":\"https:\/\/www.pescafish.it\/new\/wp-content\/uploads\/2024\/02\/16580270_az_main1_600.jpg\",\"width\":600,\"height\":600,\"caption\":\"Black Cat\"},{\"@type\":\"WebPage\",\"@id\":\"https:\/\/www.pescafish.it\/new\/prodotto\/perfect-passion-spin-270-black-cat\/#webpage\",\"url\":\"https:\/\/www.pescafish.it\/new\/prodotto\/perfect-passion-spin-270-black-cat\/\",\"name\":\"Perfect Passion Spin 2,70 - Black Cat - Pesca Fish\",\"isPartOf\":{\"@id\":\"https:\/\/www.pescafish.it\/new\/#website\"},\"primaryImageOfPage\":{\"@id\":\"https:\/\/www.pescafish.it\/new\/prodotto\/perfect-passion-spin-270-black-cat\/#primaryimage\"},\"datePublished\":\"2024-02-01T16:03:36+00:00\",\"dateModified\":\"2024-02-01T16:03:36+00:00\",\"inLanguage\":\"it-IT\",\"potentialAction\":[{\"@type\":\"ReadAction\",\"target\":[\"https:\/\/www.pescafish.it\/new\/prodotto\/perfect-passion-spin-270-black-cat\/\"]}]}]}<\/script>\n<!-- \/ Yoast SEO plugin. -->","_links":{"self":[{"href":"https:\/\/www.pescafish.it\/new\/wp-json\/wp\/v2\/product\/94318"}],"collection":[{"href":"https:\/\/www.pescafish.it\/new\/wp-json\/wp\/v2\/product"}],"about":[{"href":"https:\/\/www.pescafish.it\/new\/wp-json\/wp\/v2\/types\/product"}],"replies":[{"embeddable":true,"href":"https:\/\/www.pescafish.it\/new\/wp-json\/wp\/v2\/comments?post=94318"}],"wp:featuredmedia":[{"embeddable":true,"href":"https:\/\/www.pescafish.it\/new\/wp-json\/wp\/v2\/media\/94319"}],"wp:attachment":[{"href":"https:\/\/www.pescafish.it\/new\/wp-json\/wp\/v2\/media?parent=94318"}],"wp:term":[{"taxonomy":"product_cat","embeddable":true,"href":"https:\/\/www.pescafish.it\/new\/wp-json\/wp\/v2\/product_cat?post=94318"},{"taxonomy":"product_tag","embeddable":true,"href":"https:\/\/www.pescafish.it\/new\/wp-json\/wp\/v2\/product_tag?post=94318"}],"curies":[{"name":"wp","href":"https:\/\/api.w.org\/{rel}","templated":true}]}}