{"id":93785,"date":"2024-01-27T11:14:34","date_gmt":"2024-01-27T10:14:34","guid":{"rendered":"https:\/\/www.pescafish.it\/new\/?post_type=product&#038;p=93785"},"modified":"2025-10-01T11:16:54","modified_gmt":"2025-10-01T09:16:54","slug":"canna-catana-fx-tele-shimano","status":"publish","type":"product","link":"https:\/\/www.pescafish.it\/new\/prodotto\/canna-catana-fx-tele-shimano\/","title":{"rendered":"Canna Catana FX Tele &#8211; Shimano"},"content":{"rendered":"<p>Le canne da pesca Catana combinano un valore eccezionale con le azioni pi\u00f9 recenti e un look moderno. Disponibile in azioni fast e moderate- fast, in un&#8217;ampia gamma di opzioni, Catana elever\u00e0 le vostre prestazioni a un nuovo livello.<br \/>\nSe siete alla ricerca di una canna di grande valore che vi ispiri fiducia e vi aiuti a pescare in modo pi\u00f9 efficace, la Catana \u00e8 un&#8217;ottima scelta. Costruita su un grezzo in carbonio, questa gamma dall&#8217;aspetto grandioso vi far\u00e0 sicuramente notare ed \u00e8 disponibile in due azioni specifiche. Sono dotati di un&#8217;impugnatura in sughero e hanno un&#8217;azione di combattimento eccezionale per affrontare i pesci pi\u00f9 grandi e potenti.<br \/>\nL&#8217;azione fast \u00e8 pensata per i jig e le esche morbide, mentre l&#8217;azione moderate-fast \u00e8 perfetta per la pesca con i crankbait. Scegliete un modello qualsiasi dall&#8217;ampia gamma di opzioni e sarete certi di avere una canna che vi permetter\u00e0 di pescare al massimo delle vostre prestazioni e oltre.<br \/>\nIl blank in carbonio della Catana \u00e8 arricchito da Geofibre, che ne aumenta la resistenza. Questo \u00e8 utile nei modelli pi\u00f9 leggeri, soprattutto quando ci si confronta con pesci grandi e potenti che mettono a dura prova l&#8217;attrezzatura.<br \/>\nTutti i modelli montano anelli Shimano Hardlite, leggeri, robusti e perfettamente adatte a lenze mono e trecciate. Per migliorare ulteriormente le prestazioni e completare l&#8217;aspetto moderno, un portamulinello ergonomico in stile VSS si integra perfettamente nel blank. Questo stile di design \u00e8 ampiamente utilizzato dai pescatori professionisti.<br \/>\nQualunque sia la Catana scelta, potete essere certi di aver fatto un&#8217;ottima scelta per elevare le vostre prestazioni di pesca a nuovi livelli.<\/p>\n<p><strong>Disponibile nei seguenti modelli:<\/strong><\/p>\n<table style=\"height: 207px; width: 100%; border-collapse: collapse; border-color: #000000;\" border=\"2\">\n<tbody>\n<tr style=\"height: 23px;\">\n<td style=\"width: 14.2857%; height: 23px; text-align: center;\"><strong>Modello<\/strong><\/td>\n<td style=\"width: 14.2857%; height: 23px; text-align: center;\"><strong>Lunghezza<\/strong><\/td>\n<td style=\"width: 14.2857%; height: 23px; text-align: center;\"><strong>Potenza<\/strong><\/td>\n<td style=\"width: 14.2857%; height: 23px; text-align: center;\"><strong>Azione<\/strong><\/td>\n<td style=\"width: 14.2857%; height: 23px; text-align: center;\"><strong>Ingombro<\/strong><\/td>\n<td style=\"width: 14.2857%; height: 23px; text-align: center;\"><strong>Peso<\/strong><\/td>\n<td style=\"width: 14.2857%; height: 23px; text-align: center;\"><strong>N\u00b0 sezioni<\/strong><\/td>\n<\/tr>\n<tr style=\"height: 23px;\">\n<td style=\"width: 14.2857%; height: 23px; text-align: center;\"><strong>SCATFXTE21ML<\/strong><\/td>\n<td style=\"width: 14.2857%; height: 23px; text-align: center;\">2,10m<\/td>\n<td style=\"width: 14.2857%; height: 23px; text-align: center;\">7-21g<\/td>\n<td style=\"width: 14.2857%; height: 23px; text-align: center;\">Moderate Fast &#8211; Medium Light<\/td>\n<td style=\"width: 14.2857%; height: 23px; text-align: center;\">61cm<\/td>\n<td style=\"width: 14.2857%; height: 23px; text-align: center;\">129g<\/td>\n<td style=\"width: 14.2857%; height: 23px; text-align: center;\">5<\/td>\n<\/tr>\n<tr style=\"height: 23px;\">\n<td style=\"width: 14.2857%; height: 23px; text-align: center;\"><strong>SCATFXTE21M<\/strong><\/td>\n<td style=\"width: 14.2857%; height: 23px; text-align: center;\">2,10m<\/td>\n<td style=\"width: 14.2857%; height: 23px; text-align: center;\">10-30g<\/td>\n<td style=\"width: 14.2857%; height: 23px; text-align: center;\">Moderate Fast &#8211; Medium<\/td>\n<td style=\"width: 14.2857%; height: 23px; text-align: center;\">61cm<\/td>\n<td style=\"width: 14.2857%; height: 23px; text-align: center;\">142g<\/td>\n<td style=\"width: 14.2857%; height: 23px; text-align: center;\">5<\/td>\n<\/tr>\n<tr style=\"height: 23px;\">\n<td style=\"width: 14.2857%; height: 23px; text-align: center;\"><strong>SCATFXTE24M<\/strong><\/td>\n<td style=\"width: 14.2857%; height: 23px; text-align: center;\">2,40m<\/td>\n<td style=\"width: 14.2857%; height: 23px; text-align: center;\">10-30g<\/td>\n<td style=\"width: 14.2857%; height: 23px; text-align: center;\">Moderate Fast &#8211; Medium<\/td>\n<td style=\"width: 14.2857%; height: 23px; text-align: center;\">62cm<\/td>\n<td style=\"width: 14.2857%; height: 23px; text-align: center;\">160g<\/td>\n<td style=\"width: 14.2857%; height: 23px; text-align: center;\">6<\/td>\n<\/tr>\n<tr style=\"height: 23px;\">\n<td style=\"width: 14.2857%; height: 23px; text-align: center;\"><strong>SCATFXTE24MH<\/strong><\/td>\n<td style=\"width: 14.2857%; height: 23px; text-align: center;\">2,40m<\/td>\n<td style=\"width: 14.2857%; height: 23px; text-align: center;\">10-30g<\/td>\n<td style=\"width: 14.2857%; height: 23px; text-align: center;\">Moderate Fast &#8211; Medium Heavy<\/td>\n<td style=\"width: 14.2857%; height: 23px; text-align: center;\">62cm<\/td>\n<td style=\"width: 14.2857%; height: 23px; text-align: center;\">175g<\/td>\n<td style=\"width: 14.2857%; height: 23px; text-align: center;\">6<\/td>\n<\/tr>\n<tr style=\"height: 23px;\">\n<td style=\"width: 14.2857%; height: 23px; text-align: center;\"><strong>SCATFXTE27M<\/strong><\/td>\n<td style=\"width: 14.2857%; height: 23px; text-align: center;\">2.70m<\/td>\n<td style=\"width: 14.2857%; height: 23px; text-align: center;\">10-30g<\/td>\n<td style=\"width: 14.2857%; height: 23px; text-align: center;\">Moderate Fast &#8211; Medium<\/td>\n<td style=\"width: 14.2857%; height: 23px; text-align: center;\">69cm<\/td>\n<td style=\"width: 14.2857%; height: 23px; text-align: center;\">203g<\/td>\n<td style=\"width: 14.2857%; height: 23px; text-align: center;\">6<\/td>\n<\/tr>\n<tr style=\"height: 23px;\">\n<td style=\"width: 14.2857%; height: 23px; text-align: center;\"><strong>SCATFXTE30M<\/strong><\/td>\n<td style=\"width: 14.2857%; height: 23px; text-align: center;\">3m<\/td>\n<td style=\"width: 14.2857%; height: 23px; text-align: center;\">10-30g<\/td>\n<td style=\"width: 14.2857%; height: 23px; text-align: center;\">Moderate Fast &#8211; Medium<\/td>\n<td style=\"width: 14.2857%; height: 23px; text-align: center;\">76cm<\/td>\n<td style=\"width: 14.2857%; height: 23px; text-align: center;\">234g<\/td>\n<td style=\"width: 14.2857%; height: 23px; text-align: center;\">6<\/td>\n<\/tr>\n<tr style=\"height: 23px;\">\n<td style=\"width: 14.2857%; height: 23px; text-align: center;\"><strong>SCATFXTE30MH<\/strong><\/td>\n<td style=\"width: 14.2857%; height: 23px; text-align: center;\">3m<\/td>\n<td style=\"width: 14.2857%; height: 23px; text-align: center;\">14-40g<\/td>\n<td style=\"width: 14.2857%; height: 23px; text-align: center;\">Moderate Fast &#8211; Medium Heavy<\/td>\n<td style=\"width: 14.2857%; height: 23px; text-align: center;\">76cm<\/td>\n<td style=\"width: 14.2857%; height: 23px; text-align: center;\">241g<\/td>\n<td style=\"width: 14.2857%; height: 23px; text-align: center;\">6<\/td>\n<\/tr>\n<tr style=\"height: 23px;\">\n<td style=\"width: 14.2857%; height: 23px; text-align: center;\"><strong>SCATFXTE33H<\/strong><\/td>\n<td style=\"width: 14.2857%; height: 23px; text-align: center;\">3.30m<\/td>\n<td style=\"width: 14.2857%; height: 23px; text-align: center;\">20-50g<\/td>\n<td style=\"width: 14.2857%; height: 23px; text-align: center;\">Moderate Fast &#8211; Heavy<\/td>\n<td style=\"width: 14.2857%; height: 23px; text-align: center;\">82cm<\/td>\n<td style=\"width: 14.2857%; height: 23px; text-align: center;\">269g<\/td>\n<td style=\"width: 14.2857%; height: 23px; text-align: center;\">6<\/td>\n<\/tr>\n<\/tbody>\n<\/table>\n<p>.<br \/>\n<strong><span style=\"color: #ff0000;\">DUE ANNI DI GARANZIA<\/span><br \/>\n<span style=\"color: #ff0000;\">Da oggi per avere il TERZO ANNO DI GARANZIA, collegati al nuovo portale e registra il tuo prodotto su:<\/span><br \/>\n<span style=\"color: #000000; background-color: #ffff00;\"><a style=\"color: #000000; background-color: #ffff00;\" href=\"http:\/\/www.shimanofishnetwork.it\/garanzia\/sign_in\">http:\/\/www.shimanofishnetwork.it\/garanzia\/sign_in<\/a><\/span><\/strong><\/p>\n","protected":false},"excerpt":{"rendered":"<p>Le canne da pesca Catana combinano un valore eccezionale con le azioni pi\u00f9 recenti e un look moderno. Disponibile in azioni fast e moderate- fast, in un&#8217;ampia gamma di opzioni, Catana elever\u00e0 le vostre prestazioni a un nuovo livello. Se siete alla ricerca di una canna di grande valore che vi ispiri fiducia e vi [&hellip;]<\/p>\n","protected":false},"featured_media":93786,"comment_status":"closed","ping_status":"closed","template":"","meta":[],"product_cat":[289],"product_tag":[1023],"yoast_head":"<!-- This site is optimized with the Yoast SEO plugin v15.3 - https:\/\/yoast.com\/wordpress\/plugins\/seo\/ -->\n<title>Canna Catana FX Tele - Shimano - Pesca Fish<\/title>\n<meta name=\"robots\" content=\"index, follow, max-snippet:-1, max-image-preview:large, max-video-preview:-1\" \/>\n<link rel=\"canonical\" href=\"https:\/\/www.pescafish.it\/new\/prodotto\/canna-catana-fx-tele-shimano\/\" \/>\n<meta property=\"og:locale\" content=\"it_IT\" \/>\n<meta property=\"og:type\" content=\"article\" \/>\n<meta property=\"og:title\" content=\"Canna Catana FX Tele - Shimano - Pesca Fish\" \/>\n<meta property=\"og:description\" content=\"Le canne da pesca Catana combinano un valore eccezionale con le azioni pi\u00f9 recenti e un look moderno. Disponibile in azioni fast e moderate- fast, in un&#8217;ampia gamma di opzioni, Catana elever\u00e0 le vostre prestazioni a un nuovo livello. Se siete alla ricerca di una canna di grande valore che vi ispiri fiducia e vi [&hellip;]\" \/>\n<meta property=\"og:url\" content=\"https:\/\/www.pescafish.it\/new\/prodotto\/canna-catana-fx-tele-shimano\/\" \/>\n<meta property=\"og:site_name\" content=\"Pesca Fish\" \/>\n<meta property=\"article:publisher\" content=\"https:\/\/www.facebook.com\/pescafishvr\/\" \/>\n<meta property=\"article:modified_time\" content=\"2025-10-01T09:16:54+00:00\" \/>\n<meta property=\"og:image\" content=\"https:\/\/www.pescafish.it\/new\/wp-content\/uploads\/2024\/01\/catana-fx-tele.jpg\" \/>\n\t<meta property=\"og:image:width\" content=\"818\" \/>\n\t<meta property=\"og:image:height\" content=\"818\" \/>\n<meta name=\"twitter:card\" content=\"summary_large_image\" \/>\n<meta name=\"twitter:label1\" content=\"Scritto da\">\n\t<meta name=\"twitter:data1\" content=\"francesca\">\n\t<meta name=\"twitter:label2\" content=\"Tempo di lettura stimato\">\n\t<meta name=\"twitter:data2\" content=\"2 minuti\">\n<script type=\"application\/ld+json\" class=\"yoast-schema-graph\">{\"@context\":\"https:\/\/schema.org\",\"@graph\":[{\"@type\":\"WebSite\",\"@id\":\"https:\/\/www.pescafish.it\/new\/#website\",\"url\":\"https:\/\/www.pescafish.it\/new\/\",\"name\":\"Pesca Fish\",\"description\":\"Benvenuti sul nostro sito!\",\"potentialAction\":[{\"@type\":\"SearchAction\",\"target\":\"https:\/\/www.pescafish.it\/new\/?s={search_term_string}\",\"query-input\":\"required name=search_term_string\"}],\"inLanguage\":\"it-IT\"},{\"@type\":\"ImageObject\",\"@id\":\"https:\/\/www.pescafish.it\/new\/prodotto\/canna-catana-fx-tele-shimano\/#primaryimage\",\"inLanguage\":\"it-IT\",\"url\":\"https:\/\/www.pescafish.it\/new\/wp-content\/uploads\/2024\/01\/catana-fx-tele.jpg\",\"width\":818,\"height\":818,\"caption\":\"catana fx tele shimano\"},{\"@type\":\"WebPage\",\"@id\":\"https:\/\/www.pescafish.it\/new\/prodotto\/canna-catana-fx-tele-shimano\/#webpage\",\"url\":\"https:\/\/www.pescafish.it\/new\/prodotto\/canna-catana-fx-tele-shimano\/\",\"name\":\"Canna Catana FX Tele - Shimano - Pesca Fish\",\"isPartOf\":{\"@id\":\"https:\/\/www.pescafish.it\/new\/#website\"},\"primaryImageOfPage\":{\"@id\":\"https:\/\/www.pescafish.it\/new\/prodotto\/canna-catana-fx-tele-shimano\/#primaryimage\"},\"datePublished\":\"2024-01-27T10:14:34+00:00\",\"dateModified\":\"2025-10-01T09:16:54+00:00\",\"inLanguage\":\"it-IT\",\"potentialAction\":[{\"@type\":\"ReadAction\",\"target\":[\"https:\/\/www.pescafish.it\/new\/prodotto\/canna-catana-fx-tele-shimano\/\"]}]}]}<\/script>\n<!-- \/ Yoast SEO plugin. -->","_links":{"self":[{"href":"https:\/\/www.pescafish.it\/new\/wp-json\/wp\/v2\/product\/93785"}],"collection":[{"href":"https:\/\/www.pescafish.it\/new\/wp-json\/wp\/v2\/product"}],"about":[{"href":"https:\/\/www.pescafish.it\/new\/wp-json\/wp\/v2\/types\/product"}],"replies":[{"embeddable":true,"href":"https:\/\/www.pescafish.it\/new\/wp-json\/wp\/v2\/comments?post=93785"}],"wp:featuredmedia":[{"embeddable":true,"href":"https:\/\/www.pescafish.it\/new\/wp-json\/wp\/v2\/media\/93786"}],"wp:attachment":[{"href":"https:\/\/www.pescafish.it\/new\/wp-json\/wp\/v2\/media?parent=93785"}],"wp:term":[{"taxonomy":"product_cat","embeddable":true,"href":"https:\/\/www.pescafish.it\/new\/wp-json\/wp\/v2\/product_cat?post=93785"},{"taxonomy":"product_tag","embeddable":true,"href":"https:\/\/www.pescafish.it\/new\/wp-json\/wp\/v2\/product_tag?post=93785"}],"curies":[{"name":"wp","href":"https:\/\/api.w.org\/{rel}","templated":true}]}}