{"id":93777,"date":"2024-01-27T09:41:42","date_gmt":"2024-01-27T08:41:42","guid":{"rendered":"https:\/\/www.pescafish.it\/new\/?post_type=product&#038;p=93777"},"modified":"2024-01-27T09:41:43","modified_gmt":"2024-01-27T08:41:43","slug":"canna-vengeance-standup-spiral-shimano","status":"publish","type":"product","link":"https:\/\/www.pescafish.it\/new\/prodotto\/canna-vengeance-standup-spiral-shimano\/","title":{"rendered":"Canna Vengeance Standup Spiral &#8211; Shimano"},"content":{"rendered":"<p>Progettata per la pesca al grande tonno rosso nel Mediterraneo, la Vengeance Stand-Up Spiral \u00e8 una canna dal prezzo molto interessante, dotata di un esclusivo sistema di anelli montati a spirale che migliora notevolmente l&#8217;azione in caso di pressione estrema.<br \/>\nNon lasciatevi ingannare dall&#8217;economicit\u00e0 di Vengeance Stand-Up Spiral. Sar\u00e0 anche la nostra canna da stand-up entry-level, ma racchiude tutta la potenza dei modelli pi\u00f9 costosi della gamma Shimano. Queste canne, uniche nel loro genere, sono state progettate dagli esperti Shimano di pesca al tonno del Mediterraneo per offrirvi una soluzione economicamente accessibili e sono progettate con montaggio degli anelli a spirale permettendo alla lenza di seguire la curva del combattimento. Quando viene messa in piega in combattimento, la lenza viene tenuta lontana dal blank dal posizionamento degli anelli, producendo un&#8217;azione migliore, con una torsione laterale minima, che consente di applicare la massima pressione. Con un nome come Vengeance si sa gi\u00e0 che il blank sar\u00e0 all&#8217;altezza di qualsiasi sfida. E deve esserlo, perch\u00e9 niente nel Mediterraneo combatte con la potenza, la velocit\u00e0 e la determinazione di un tonno allamato. Montate con anelli Shimano Hardlite molto robuste, idonei per monofilo e trecciati anche sottili, il portamulinello in alluminio Shimano tratterr\u00e0 saldamente il mulinello pi\u00f9 grande, consentendovi di impugnare saldamente la canna in combattimento. Nonostante l&#8217;indubbia robustezza, i due modelli della gamma Vengeance mantengono un&#8217;ottima azione anche sotto pressione e nei test si sono confrontati molto positivamente con canne molto pi\u00f9 costose. Disponibile nelle versioni da 50 e 80 libbre, il design monopezzo non viene mai sovraccaricato e mantiene una riserva di potenza aggiuntiva, anche quando lo si spinge all&#8217;estremo. L&#8217;impugnatura ergonomica in EVA garantisce una connessione totale, anche quando la pressione \u00e8 massima.<br \/>\nSe molti pescatori ricreativi utilizzano canne di qualit\u00e0 inferiore fornite dalle barche charter su cui pescano, la Vengeance Stand-Up Spiral \u00e8 abbastanza conveniente da permettervi di possedere la vostra canna specifica per il drifting.<\/p>\n<p><strong>Lunghezza:<\/strong>\u00a01,65m \u2013 5,5ft<br \/>\n<strong>Potenza:<\/strong>\u00a050lb<br \/>\n<strong>Ingombro:<\/strong>\u00a0165cm<br \/>\n<strong>Peso:<\/strong> 574g<br \/>\n<strong>N\u00b0 sezioni:<\/strong>\u00a01<br \/>\n.<br \/>\n<strong><span style=\"color: #ff0000;\">DUE ANNI DI GARANZIA<\/span><br \/>\n<span style=\"color: #ff0000;\">Da oggi per avere il TERZO ANNO DI GARANZIA, collegati al nuovo portale e registra il tuo prodotto su:<\/span><br \/>\n<span style=\"color: #000000; background-color: #ffff00;\"><a style=\"color: #000000; background-color: #ffff00;\" href=\"http:\/\/www.shimanofishnetwork.it\/garanzia\/sign_in\">http:\/\/www.shimanofishnetwork.it\/garanzia\/sign_in<\/a><\/span><\/strong><\/p>\n","protected":false},"excerpt":{"rendered":"<p>Progettata per la pesca al grande tonno rosso nel Mediterraneo, la Vengeance Stand-Up Spiral \u00e8 una canna dal prezzo molto interessante, dotata di un esclusivo sistema di anelli montati a spirale che migliora notevolmente l&#8217;azione in caso di pressione estrema. Non lasciatevi ingannare dall&#8217;economicit\u00e0 di Vengeance Stand-Up Spiral. Sar\u00e0 anche la nostra canna da stand-up [&hellip;]<\/p>\n","protected":false},"featured_media":93778,"comment_status":"closed","ping_status":"closed","template":"","meta":[],"product_cat":[83],"product_tag":[1023],"yoast_head":"<!-- This site is optimized with the Yoast SEO plugin v15.3 - https:\/\/yoast.com\/wordpress\/plugins\/seo\/ -->\n<title>Canna Vengeance Standup Spiral - Shimano - Pesca Fish<\/title>\n<meta name=\"robots\" content=\"index, follow, max-snippet:-1, max-image-preview:large, max-video-preview:-1\" \/>\n<link rel=\"canonical\" href=\"https:\/\/www.pescafish.it\/new\/prodotto\/canna-vengeance-standup-spiral-shimano\/\" \/>\n<meta property=\"og:locale\" content=\"it_IT\" \/>\n<meta property=\"og:type\" content=\"article\" \/>\n<meta property=\"og:title\" content=\"Canna Vengeance Standup Spiral - Shimano - Pesca Fish\" \/>\n<meta property=\"og:description\" content=\"Progettata per la pesca al grande tonno rosso nel Mediterraneo, la Vengeance Stand-Up Spiral \u00e8 una canna dal prezzo molto interessante, dotata di un esclusivo sistema di anelli montati a spirale che migliora notevolmente l&#8217;azione in caso di pressione estrema. Non lasciatevi ingannare dall&#8217;economicit\u00e0 di Vengeance Stand-Up Spiral. Sar\u00e0 anche la nostra canna da stand-up [&hellip;]\" \/>\n<meta property=\"og:url\" content=\"https:\/\/www.pescafish.it\/new\/prodotto\/canna-vengeance-standup-spiral-shimano\/\" \/>\n<meta property=\"og:site_name\" content=\"Pesca Fish\" \/>\n<meta property=\"article:publisher\" content=\"https:\/\/www.facebook.com\/pescafishvr\/\" \/>\n<meta property=\"article:modified_time\" content=\"2024-01-27T08:41:43+00:00\" \/>\n<meta property=\"og:image\" content=\"https:\/\/www.pescafish.it\/new\/wp-content\/uploads\/2024\/01\/vengeance-standup-spiral.jpg\" \/>\n\t<meta property=\"og:image:width\" content=\"795\" \/>\n\t<meta property=\"og:image:height\" content=\"795\" \/>\n<meta name=\"twitter:card\" content=\"summary_large_image\" \/>\n<meta name=\"twitter:label1\" content=\"Scritto da\">\n\t<meta name=\"twitter:data1\" content=\"francesca\">\n\t<meta name=\"twitter:label2\" content=\"Tempo di lettura stimato\">\n\t<meta name=\"twitter:data2\" content=\"1 minuto\">\n<script type=\"application\/ld+json\" class=\"yoast-schema-graph\">{\"@context\":\"https:\/\/schema.org\",\"@graph\":[{\"@type\":\"WebSite\",\"@id\":\"https:\/\/www.pescafish.it\/new\/#website\",\"url\":\"https:\/\/www.pescafish.it\/new\/\",\"name\":\"Pesca Fish\",\"description\":\"Benvenuti sul nostro sito!\",\"potentialAction\":[{\"@type\":\"SearchAction\",\"target\":\"https:\/\/www.pescafish.it\/new\/?s={search_term_string}\",\"query-input\":\"required name=search_term_string\"}],\"inLanguage\":\"it-IT\"},{\"@type\":\"ImageObject\",\"@id\":\"https:\/\/www.pescafish.it\/new\/prodotto\/canna-vengeance-standup-spiral-shimano\/#primaryimage\",\"inLanguage\":\"it-IT\",\"url\":\"https:\/\/www.pescafish.it\/new\/wp-content\/uploads\/2024\/01\/vengeance-standup-spiral.jpg\",\"width\":795,\"height\":795,\"caption\":\"canna vengeance standup spiral shimano\"},{\"@type\":\"WebPage\",\"@id\":\"https:\/\/www.pescafish.it\/new\/prodotto\/canna-vengeance-standup-spiral-shimano\/#webpage\",\"url\":\"https:\/\/www.pescafish.it\/new\/prodotto\/canna-vengeance-standup-spiral-shimano\/\",\"name\":\"Canna Vengeance Standup Spiral - Shimano - Pesca Fish\",\"isPartOf\":{\"@id\":\"https:\/\/www.pescafish.it\/new\/#website\"},\"primaryImageOfPage\":{\"@id\":\"https:\/\/www.pescafish.it\/new\/prodotto\/canna-vengeance-standup-spiral-shimano\/#primaryimage\"},\"datePublished\":\"2024-01-27T08:41:42+00:00\",\"dateModified\":\"2024-01-27T08:41:43+00:00\",\"inLanguage\":\"it-IT\",\"potentialAction\":[{\"@type\":\"ReadAction\",\"target\":[\"https:\/\/www.pescafish.it\/new\/prodotto\/canna-vengeance-standup-spiral-shimano\/\"]}]}]}<\/script>\n<!-- \/ Yoast SEO plugin. -->","_links":{"self":[{"href":"https:\/\/www.pescafish.it\/new\/wp-json\/wp\/v2\/product\/93777"}],"collection":[{"href":"https:\/\/www.pescafish.it\/new\/wp-json\/wp\/v2\/product"}],"about":[{"href":"https:\/\/www.pescafish.it\/new\/wp-json\/wp\/v2\/types\/product"}],"replies":[{"embeddable":true,"href":"https:\/\/www.pescafish.it\/new\/wp-json\/wp\/v2\/comments?post=93777"}],"wp:featuredmedia":[{"embeddable":true,"href":"https:\/\/www.pescafish.it\/new\/wp-json\/wp\/v2\/media\/93778"}],"wp:attachment":[{"href":"https:\/\/www.pescafish.it\/new\/wp-json\/wp\/v2\/media?parent=93777"}],"wp:term":[{"taxonomy":"product_cat","embeddable":true,"href":"https:\/\/www.pescafish.it\/new\/wp-json\/wp\/v2\/product_cat?post=93777"},{"taxonomy":"product_tag","embeddable":true,"href":"https:\/\/www.pescafish.it\/new\/wp-json\/wp\/v2\/product_tag?post=93777"}],"curies":[{"name":"wp","href":"https:\/\/api.w.org\/{rel}","templated":true}]}}