{"id":93768,"date":"2024-01-27T09:07:42","date_gmt":"2024-01-27T08:07:42","guid":{"rendered":"https:\/\/www.pescafish.it\/new\/?post_type=product&#038;p=93768"},"modified":"2024-01-27T09:08:41","modified_gmt":"2024-01-27T08:08:41","slug":"canna-beastmaster-cx-standup-spiral-shimano","status":"publish","type":"product","link":"https:\/\/www.pescafish.it\/new\/prodotto\/canna-beastmaster-cx-standup-spiral-shimano\/","title":{"rendered":"Canna Beastmaster CX Standup Spiral &#8211; Shimano"},"content":{"rendered":"<p>Progettata per la pesca al grande tonno rosso nel Mediterraneo, la Beastmaster Stand-Up Spiral offre un rapporto qualit\u00e0-prezzo eccezionale ed \u00e8 dotata di un esclusivo sistema di anelli montati a spirale che migliora notevolmente l&#8217;azione in fase di combattimento.<br \/>\nLa Beastmaster Stand-Up Spiral non ha solo un aspetto diverso, ma anche un&#8217;azione diversa. Con un valore eccezionale, queste canne uniche sono state progettate da esperti di pesca al tonno del Mediterraneo per massimizzare l&#8217;esperienza in combattimento quando si agganciano pesci potenti e veloci. Quando viene messa in piega in combattimento, la lenza viene tenuta lontana dal blank dal posizionamento degli anelli, producendo un&#8217;azione migliore, con una torsione laterale minima, che consente di applicare la massima pressione.<br \/>\nIl blank Full Carbon della Beastmaster \u00e8 una costruzione collaudata che da molti anni gode della fiducia dei pescatori di tonni di grossa taglia. Alcuni sostengono addirittura che sia indistruttibile! La combinazione di potenza, forza e affidabilit\u00e0 vi permetter\u00e0 di combattere con qualsiasi pesce di taglia con sicurezza e stile. Montata con anelli Seaguide XRG molto robusti e con placca porta mulinello in alluminio PacBay, in grado di accogliere saldamente il pi\u00f9 grande mulinello a bobina rotante, questa canna ha una resistenza impressionante. Tuttavia, nonostante la sua notevole resistenza, mantiene un&#8217;ottima azione quando sotto pressione, anche con i tonni pi\u00f9 piccoli di taglia 10-20 kg, grazie al design monopezzo e al posizionamento degli anelli a spirale. Disponibile nelle versioni da 50 e 80 libbre, l&#8217;impugnatura ergonomica in EVA garantisce una connessione totale, anche quando la pressione \u00e8 massima. Se siete dei malati di drifting o pescatori ricreativi del fine settimana, la Beastmaster Stand-up Spiral \u00e8 la canna perfetta per affrontare la sfida dei pesci pi\u00f9 potenti e veloci del Mediterraneo.<\/p>\n<p><strong>Lunghezza:<\/strong> 1,65m &#8211; 5,5ft<br \/>\n<strong>Potenza:<\/strong>\u00a050lb<br \/>\n<strong>Ingombro:<\/strong>\u00a0165cm<br \/>\n<strong>Peso:<\/strong> 588g<br \/>\n<strong>N\u00b0 sezioni:<\/strong>\u00a01<br \/>\n.<br \/>\n<strong><span style=\"color: #ff0000;\">DUE ANNI DI GARANZIA<\/span><br \/>\n<span style=\"color: #ff0000;\">Da oggi per avere il TERZO ANNO DI GARANZIA, collegati al nuovo portale e registra il tuo prodotto su:<\/span><br \/>\n<span style=\"color: #000000; background-color: #ffff00;\"><a style=\"color: #000000; background-color: #ffff00;\" href=\"http:\/\/www.shimanofishnetwork.it\/garanzia\/sign_in\">http:\/\/www.shimanofishnetwork.it\/garanzia\/sign_in<\/a><\/span><\/strong><\/p>\n","protected":false},"excerpt":{"rendered":"<p>Progettata per la pesca al grande tonno rosso nel Mediterraneo, la Beastmaster Stand-Up Spiral offre un rapporto qualit\u00e0-prezzo eccezionale ed \u00e8 dotata di un esclusivo sistema di anelli montati a spirale che migliora notevolmente l&#8217;azione in fase di combattimento. La Beastmaster Stand-Up Spiral non ha solo un aspetto diverso, ma anche un&#8217;azione diversa. Con un [&hellip;]<\/p>\n","protected":false},"featured_media":93769,"comment_status":"closed","ping_status":"closed","template":"","meta":[],"product_cat":[83],"product_tag":[1023],"yoast_head":"<!-- This site is optimized with the Yoast SEO plugin v15.3 - https:\/\/yoast.com\/wordpress\/plugins\/seo\/ -->\n<title>Canna Beastmaster CX Standup Spiral - Shimano - Pesca Fish<\/title>\n<meta name=\"robots\" content=\"index, follow, max-snippet:-1, max-image-preview:large, max-video-preview:-1\" \/>\n<link rel=\"canonical\" href=\"https:\/\/www.pescafish.it\/new\/prodotto\/canna-beastmaster-cx-standup-spiral-shimano\/\" \/>\n<meta property=\"og:locale\" content=\"it_IT\" \/>\n<meta property=\"og:type\" content=\"article\" \/>\n<meta property=\"og:title\" content=\"Canna Beastmaster CX Standup Spiral - Shimano - Pesca Fish\" \/>\n<meta property=\"og:description\" content=\"Progettata per la pesca al grande tonno rosso nel Mediterraneo, la Beastmaster Stand-Up Spiral offre un rapporto qualit\u00e0-prezzo eccezionale ed \u00e8 dotata di un esclusivo sistema di anelli montati a spirale che migliora notevolmente l&#8217;azione in fase di combattimento. La Beastmaster Stand-Up Spiral non ha solo un aspetto diverso, ma anche un&#8217;azione diversa. Con un [&hellip;]\" \/>\n<meta property=\"og:url\" content=\"https:\/\/www.pescafish.it\/new\/prodotto\/canna-beastmaster-cx-standup-spiral-shimano\/\" \/>\n<meta property=\"og:site_name\" content=\"Pesca Fish\" \/>\n<meta property=\"article:publisher\" content=\"https:\/\/www.facebook.com\/pescafishvr\/\" \/>\n<meta property=\"article:modified_time\" content=\"2024-01-27T08:08:41+00:00\" \/>\n<meta property=\"og:image\" content=\"https:\/\/www.pescafish.it\/new\/wp-content\/uploads\/2024\/01\/beastmaster-cx-stp-spital.jpg\" \/>\n\t<meta property=\"og:image:width\" content=\"798\" \/>\n\t<meta property=\"og:image:height\" content=\"798\" \/>\n<meta name=\"twitter:card\" content=\"summary_large_image\" \/>\n<meta name=\"twitter:label1\" content=\"Scritto da\">\n\t<meta name=\"twitter:data1\" content=\"francesca\">\n\t<meta name=\"twitter:label2\" content=\"Tempo di lettura stimato\">\n\t<meta name=\"twitter:data2\" content=\"1 minuto\">\n<script type=\"application\/ld+json\" class=\"yoast-schema-graph\">{\"@context\":\"https:\/\/schema.org\",\"@graph\":[{\"@type\":\"WebSite\",\"@id\":\"https:\/\/www.pescafish.it\/new\/#website\",\"url\":\"https:\/\/www.pescafish.it\/new\/\",\"name\":\"Pesca Fish\",\"description\":\"Benvenuti sul nostro sito!\",\"potentialAction\":[{\"@type\":\"SearchAction\",\"target\":\"https:\/\/www.pescafish.it\/new\/?s={search_term_string}\",\"query-input\":\"required name=search_term_string\"}],\"inLanguage\":\"it-IT\"},{\"@type\":\"ImageObject\",\"@id\":\"https:\/\/www.pescafish.it\/new\/prodotto\/canna-beastmaster-cx-standup-spiral-shimano\/#primaryimage\",\"inLanguage\":\"it-IT\",\"url\":\"https:\/\/www.pescafish.it\/new\/wp-content\/uploads\/2024\/01\/beastmaster-cx-stp-spital.jpg\",\"width\":798,\"height\":798,\"caption\":\"canna beastmaster cx standup spiral shimano\"},{\"@type\":\"WebPage\",\"@id\":\"https:\/\/www.pescafish.it\/new\/prodotto\/canna-beastmaster-cx-standup-spiral-shimano\/#webpage\",\"url\":\"https:\/\/www.pescafish.it\/new\/prodotto\/canna-beastmaster-cx-standup-spiral-shimano\/\",\"name\":\"Canna Beastmaster CX Standup Spiral - Shimano - Pesca Fish\",\"isPartOf\":{\"@id\":\"https:\/\/www.pescafish.it\/new\/#website\"},\"primaryImageOfPage\":{\"@id\":\"https:\/\/www.pescafish.it\/new\/prodotto\/canna-beastmaster-cx-standup-spiral-shimano\/#primaryimage\"},\"datePublished\":\"2024-01-27T08:07:42+00:00\",\"dateModified\":\"2024-01-27T08:08:41+00:00\",\"inLanguage\":\"it-IT\",\"potentialAction\":[{\"@type\":\"ReadAction\",\"target\":[\"https:\/\/www.pescafish.it\/new\/prodotto\/canna-beastmaster-cx-standup-spiral-shimano\/\"]}]}]}<\/script>\n<!-- \/ Yoast SEO plugin. -->","_links":{"self":[{"href":"https:\/\/www.pescafish.it\/new\/wp-json\/wp\/v2\/product\/93768"}],"collection":[{"href":"https:\/\/www.pescafish.it\/new\/wp-json\/wp\/v2\/product"}],"about":[{"href":"https:\/\/www.pescafish.it\/new\/wp-json\/wp\/v2\/types\/product"}],"replies":[{"embeddable":true,"href":"https:\/\/www.pescafish.it\/new\/wp-json\/wp\/v2\/comments?post=93768"}],"wp:featuredmedia":[{"embeddable":true,"href":"https:\/\/www.pescafish.it\/new\/wp-json\/wp\/v2\/media\/93769"}],"wp:attachment":[{"href":"https:\/\/www.pescafish.it\/new\/wp-json\/wp\/v2\/media?parent=93768"}],"wp:term":[{"taxonomy":"product_cat","embeddable":true,"href":"https:\/\/www.pescafish.it\/new\/wp-json\/wp\/v2\/product_cat?post=93768"},{"taxonomy":"product_tag","embeddable":true,"href":"https:\/\/www.pescafish.it\/new\/wp-json\/wp\/v2\/product_tag?post=93768"}],"curies":[{"name":"wp","href":"https:\/\/api.w.org\/{rel}","templated":true}]}}