{"id":93754,"date":"2024-01-25T19:22:32","date_gmt":"2024-01-25T18:22:32","guid":{"rendered":"https:\/\/www.pescafish.it\/new\/?post_type=product&#038;p=93754"},"modified":"2024-11-30T09:33:48","modified_gmt":"2024-11-30T08:33:48","slug":"canna-tribal-tx-9b-carp-shimano","status":"publish","type":"product","link":"https:\/\/www.pescafish.it\/new\/prodotto\/canna-tribal-tx-9b-carp-shimano\/","title":{"rendered":"Set 3 Canne Tribal TX-9B Cork Carp &#8211; Shimano"},"content":{"rendered":"<h2>Set 3 Canne Tribal TX-9B Cork Carp 13ft 3,5lb<\/h2>\n<p>La Tribal TX-9 cattura alla perfezione lo spirito e la storia del carpfishing. Combinando un sobrio look &#8220;retr\u00f2&#8221; con le pi\u00f9 recenti tecnologie Shimano, la TX9 \u00e8 un &#8220;classico moderno&#8221; che emana sicurezza, qualit\u00e0 e prestazioni di lancio a lunga distanza impareggiabili.<br \/>\nSe preferite le canne da carpa dall&#8217;aspetto &#8220;classico&#8221;, ma desiderate tutti i vantaggi che la pi\u00f9 recente tecnologia del carbonio \u00e8 in grado di offrire, vi innamorerete della TX-9. Il blank sottile nasconde perfettamente l&#8217;impressionante potenza di lancio disponibile, mentre l&#8217;impugnatura in sughero e la sede del mulinello Fuji DPS abbracciano la tradizione di un tempo. Si tratta di una combinazione invidiabile, che assicura prestazioni impeccabili in qualsiasi ambiente e condizioni.<br \/>\nLe notevoli prestazioni di lancio, in particolare dei modelli Intensity, vi stupiranno sicuramente. Il blank in carbonio ad alto modulo \u00e8 arricchito dall&#8217;esclusiva tecnologia Spiral X di Shimano. Questa combinazione non ha eguali e non solo offre distanze di lancio maggiori, ma assicura anche una maggiore precisione. Per completare la potenza, gli anelli Kigan 3D Zirconia offrono leggerezza e prestazioni che riducono l&#8217;attrito; mentre la placca Fuji DPS vi garantir\u00e0 la massima sicurezza.<br \/>\nLa gamma comprende cinque modelli che copriranno tutte le vostre esigenze di pesca. Uno splendido modello da 10&#8242; \u00e8 stato progettato per le piccole acque o per la pesca in barca ed \u00e8 dotato dell&#8217;esclusiva azione Intensity, perfetta per i pesci pi\u00f9 grandi e per ambienti ricchi di ostacoli. Ci sono tre modelli da 12&#8242;, tra cui un Intensity che sfida la distanza, e per il massimo del lancio a lunga distanza, un Intensity da 13&#8242; che non sarebbe fuori posto nelle mani dei migliori lanciatori del mondo.<br \/>\nGrazie alla combinazione di un look tradizionale &#8220;retr\u00f2&#8221; e di prestazioni di ai vertici della categoria, la TX9 \u00e8 davvero il massimo.<\/p>\n<p><strong>Modello:<\/strong> TX-9B<br \/>\n<strong>Lunghezza:<\/strong> 13ft<br \/>\n<strong>Potenza:<\/strong> 3,5lb<br \/>\n<strong>Ingombro:<\/strong> 202,3cm<br \/>\n<strong>Peso:<\/strong> 431g<br \/>\n<strong>N\u00b0 sezioni:<\/strong> 2<br \/>\n.<br \/>\n<strong><span style=\"color: #ff0000;\">DUE ANNI DI GARANZIA<\/span><br \/>\n<span style=\"color: #ff0000;\">Da oggi per avere il TERZO ANNO DI GARANZIA, collegati al nuovo portale e registra il tuo prodotto su:<\/span><br \/>\n<span style=\"color: #000000; background-color: #ffff00;\"><a style=\"color: #000000; background-color: #ffff00;\" href=\"http:\/\/www.shimanofishnetwork.it\/garanzia\/sign_in\">http:\/\/www.shimanofishnetwork.it\/garanzia\/sign_in<\/a><\/span><\/strong><\/p>\n","protected":false},"excerpt":{"rendered":"<p>Set 3 Canne Tribal TX-9B Cork Carp 13ft 3,5lb La Tribal TX-9 cattura alla perfezione lo spirito e la storia del carpfishing. Combinando un sobrio look &#8220;retr\u00f2&#8221; con le pi\u00f9 recenti tecnologie Shimano, la TX9 \u00e8 un &#8220;classico moderno&#8221; che emana sicurezza, qualit\u00e0 e prestazioni di lancio a lunga distanza impareggiabili. Se preferite le canne [&hellip;]<\/p>\n","protected":false},"featured_media":93755,"comment_status":"closed","ping_status":"closed","template":"","meta":[],"product_cat":[257],"product_tag":[1023],"yoast_head":"<!-- This site is optimized with the Yoast SEO plugin v15.3 - https:\/\/yoast.com\/wordpress\/plugins\/seo\/ -->\n<title>Set 3 Canne Tribal TX-9B Cork Carp - Shimano - Pesca Fish<\/title>\n<meta name=\"robots\" content=\"index, follow, max-snippet:-1, max-image-preview:large, max-video-preview:-1\" \/>\n<link rel=\"canonical\" href=\"https:\/\/www.pescafish.it\/new\/prodotto\/canna-tribal-tx-9b-carp-shimano\/\" \/>\n<meta property=\"og:locale\" content=\"it_IT\" \/>\n<meta property=\"og:type\" content=\"article\" \/>\n<meta property=\"og:title\" content=\"Set 3 Canne Tribal TX-9B Cork Carp - Shimano - Pesca Fish\" \/>\n<meta property=\"og:description\" content=\"Set 3 Canne Tribal TX-9B Cork Carp 13ft 3,5lb La Tribal TX-9 cattura alla perfezione lo spirito e la storia del carpfishing. Combinando un sobrio look &#8220;retr\u00f2&#8221; con le pi\u00f9 recenti tecnologie Shimano, la TX9 \u00e8 un &#8220;classico moderno&#8221; che emana sicurezza, qualit\u00e0 e prestazioni di lancio a lunga distanza impareggiabili. Se preferite le canne [&hellip;]\" \/>\n<meta property=\"og:url\" content=\"https:\/\/www.pescafish.it\/new\/prodotto\/canna-tribal-tx-9b-carp-shimano\/\" \/>\n<meta property=\"og:site_name\" content=\"Pesca Fish\" \/>\n<meta property=\"article:publisher\" content=\"https:\/\/www.facebook.com\/pescafishvr\/\" \/>\n<meta property=\"article:modified_time\" content=\"2024-11-30T08:33:48+00:00\" \/>\n<meta property=\"og:image\" content=\"https:\/\/www.pescafish.it\/new\/wp-content\/uploads\/2024\/01\/TX-9B-CARP-13FT-35LB.jpg\" \/>\n\t<meta property=\"og:image:width\" content=\"695\" \/>\n\t<meta property=\"og:image:height\" content=\"694\" \/>\n<meta name=\"twitter:card\" content=\"summary_large_image\" \/>\n<meta name=\"twitter:label1\" content=\"Scritto da\">\n\t<meta name=\"twitter:data1\" content=\"francesca\">\n\t<meta name=\"twitter:label2\" content=\"Tempo di lettura stimato\">\n\t<meta name=\"twitter:data2\" content=\"1 minuto\">\n<script type=\"application\/ld+json\" class=\"yoast-schema-graph\">{\"@context\":\"https:\/\/schema.org\",\"@graph\":[{\"@type\":\"WebSite\",\"@id\":\"https:\/\/www.pescafish.it\/new\/#website\",\"url\":\"https:\/\/www.pescafish.it\/new\/\",\"name\":\"Pesca Fish\",\"description\":\"Benvenuti sul nostro sito!\",\"potentialAction\":[{\"@type\":\"SearchAction\",\"target\":\"https:\/\/www.pescafish.it\/new\/?s={search_term_string}\",\"query-input\":\"required name=search_term_string\"}],\"inLanguage\":\"it-IT\"},{\"@type\":\"ImageObject\",\"@id\":\"https:\/\/www.pescafish.it\/new\/prodotto\/canna-tribal-tx-9b-carp-shimano\/#primaryimage\",\"inLanguage\":\"it-IT\",\"url\":\"https:\/\/www.pescafish.it\/new\/wp-content\/uploads\/2024\/01\/TX-9B-CARP-13FT-35LB.jpg\",\"width\":695,\"height\":694,\"caption\":\"tribal tx-9b carp shimano\"},{\"@type\":\"WebPage\",\"@id\":\"https:\/\/www.pescafish.it\/new\/prodotto\/canna-tribal-tx-9b-carp-shimano\/#webpage\",\"url\":\"https:\/\/www.pescafish.it\/new\/prodotto\/canna-tribal-tx-9b-carp-shimano\/\",\"name\":\"Set 3 Canne Tribal TX-9B Cork Carp - Shimano - Pesca Fish\",\"isPartOf\":{\"@id\":\"https:\/\/www.pescafish.it\/new\/#website\"},\"primaryImageOfPage\":{\"@id\":\"https:\/\/www.pescafish.it\/new\/prodotto\/canna-tribal-tx-9b-carp-shimano\/#primaryimage\"},\"datePublished\":\"2024-01-25T18:22:32+00:00\",\"dateModified\":\"2024-11-30T08:33:48+00:00\",\"inLanguage\":\"it-IT\",\"potentialAction\":[{\"@type\":\"ReadAction\",\"target\":[\"https:\/\/www.pescafish.it\/new\/prodotto\/canna-tribal-tx-9b-carp-shimano\/\"]}]}]}<\/script>\n<!-- \/ Yoast SEO plugin. -->","_links":{"self":[{"href":"https:\/\/www.pescafish.it\/new\/wp-json\/wp\/v2\/product\/93754"}],"collection":[{"href":"https:\/\/www.pescafish.it\/new\/wp-json\/wp\/v2\/product"}],"about":[{"href":"https:\/\/www.pescafish.it\/new\/wp-json\/wp\/v2\/types\/product"}],"replies":[{"embeddable":true,"href":"https:\/\/www.pescafish.it\/new\/wp-json\/wp\/v2\/comments?post=93754"}],"wp:featuredmedia":[{"embeddable":true,"href":"https:\/\/www.pescafish.it\/new\/wp-json\/wp\/v2\/media\/93755"}],"wp:attachment":[{"href":"https:\/\/www.pescafish.it\/new\/wp-json\/wp\/v2\/media?parent=93754"}],"wp:term":[{"taxonomy":"product_cat","embeddable":true,"href":"https:\/\/www.pescafish.it\/new\/wp-json\/wp\/v2\/product_cat?post=93754"},{"taxonomy":"product_tag","embeddable":true,"href":"https:\/\/www.pescafish.it\/new\/wp-json\/wp\/v2\/product_tag?post=93754"}],"curies":[{"name":"wp","href":"https:\/\/api.w.org\/{rel}","templated":true}]}}