{"id":93739,"date":"2024-01-24T18:23:29","date_gmt":"2024-01-24T17:23:29","guid":{"rendered":"https:\/\/www.pescafish.it\/new\/?post_type=product&#038;p=93739"},"modified":"2024-01-24T18:23:29","modified_gmt":"2024-01-24T17:23:29","slug":"canna-vengeance-ax-tele-boat-shimano","status":"publish","type":"product","link":"https:\/\/www.pescafish.it\/new\/prodotto\/canna-vengeance-ax-tele-boat-shimano\/","title":{"rendered":"Canna Vengeance AX Tele Boat &#8211; Shimano"},"content":{"rendered":"<p>La Vengeance Boat offre un&#8217;accessibilit\u00e0 economica alla portata di quasi tutti i budget dei pescatori. Il potente blank in composito offre una grande funzionalit\u00e0 e ha un&#8217;azione di combattimento parabolica moderata molto divertente, pur mantenendo la potenza di sollevamento per contrastare i pi\u00f9 grandi pesci di fondo.<br \/>\nSe state cercando di acquistare una canna da barca per la pesca in mare, ma non volete spendere troppo, la Vengeance Boat offre uno dei migliori prezzi di Shimano. Possedere una Vengeance significa non dover pi\u00f9 utilizzare attrezzature scadenti fornite dagli skipper delle barche a noleggio.<br \/>\nMentre la maggior parte dei pescatori pensa che le canne in composito siano inferiori a quelle in carbonio, quando si tratta di canne da barca le regole possono cambiare. A causa delle situazioni difficili, dei pesci di grandi dimensioni e dei pesi pesanti utilizzati, una costruzione in composito di buona qualit\u00e0 come la Vengeance Boat pu\u00f2 spesso essere superiore al carbonio di bassa qualit\u00e0, che pu\u00f2 cedere sotto pressione. La Vengeance Boat ha una lunga storia di affidabilit\u00e0 e per il prezzo straordinariamente basso sar\u00e0 sicuramente difficile trovare qualcosa che la eguagli. Montate con anelli Shimano Hardlite adatte a nylon e trecciati, impugnatura in EVA e di un versatile portamulinello DPS, la Vengeance Boat \u00e8 una gamma fantastica per i pescatori da barca attenti al budget.<\/p>\n<p><strong>Disponibile nei seguenti modelli:<\/strong><\/p>\n<table style=\"width: 100%; border-collapse: collapse; border-color: #000000;\" border=\"2\">\n<tbody>\n<tr>\n<td style=\"width: 14.2857%; text-align: center;\"><strong>Modello<\/strong><\/td>\n<td style=\"width: 14.2857%; text-align: center;\"><strong>Lunghezza<\/strong><\/td>\n<td style=\"width: 14.2857%; text-align: center;\"><strong>Potenza<\/strong><\/td>\n<td style=\"width: 14.2857%; text-align: center;\"><strong>Azione<\/strong><\/td>\n<td style=\"width: 14.2857%; text-align: center;\"><strong>Ingombro<\/strong><\/td>\n<td style=\"width: 14.2857%; text-align: center;\"><strong>Peso<\/strong><\/td>\n<td style=\"width: 14.2857%; text-align: center;\"><strong>N\u00b0 sezioni<\/strong><\/td>\n<\/tr>\n<tr>\n<td style=\"width: 14.2857%; text-align: center;\"><strong>VAXBTTE24H<\/strong><\/td>\n<td style=\"width: 14.2857%; text-align: center;\">2,40m<\/td>\n<td style=\"width: 14.2857%; text-align: center;\">50-150g<\/td>\n<td style=\"width: 14.2857%; text-align: center;\">Heavy<\/td>\n<td style=\"width: 14.2857%; text-align: center;\">117cm<\/td>\n<td style=\"width: 14.2857%; text-align: center;\">188g<\/td>\n<td style=\"width: 14.2857%; text-align: center;\">4<\/td>\n<\/tr>\n<tr>\n<td style=\"width: 14.2857%; text-align: center;\"><strong>VAXBTTE27H<\/strong><\/td>\n<td style=\"width: 14.2857%; text-align: center;\">2,70m<\/td>\n<td style=\"width: 14.2857%; text-align: center;\">50-150g<\/td>\n<td style=\"width: 14.2857%; text-align: center;\">Heavy<\/td>\n<td style=\"width: 14.2857%; text-align: center;\">120cm<\/td>\n<td style=\"width: 14.2857%; text-align: center;\">226g<\/td>\n<td style=\"width: 14.2857%; text-align: center;\">4<\/td>\n<\/tr>\n<\/tbody>\n<\/table>\n<p>.<br \/>\n<strong><span style=\"color: #ff0000;\">DUE ANNI DI GARANZIA<\/span><br \/>\n<span style=\"color: #ff0000;\">Da oggi per avere il TERZO ANNO DI GARANZIA, collegati al nuovo portale e registra il tuo prodotto su:<\/span><br \/>\n<span style=\"color: #000000; background-color: #ffff00;\"><a style=\"color: #000000; background-color: #ffff00;\" href=\"http:\/\/www.shimanofishnetwork.it\/garanzia\/sign_in\">http:\/\/www.shimanofishnetwork.it\/garanzia\/sign_in<\/a><\/span><\/strong><\/p>\n","protected":false},"excerpt":{"rendered":"<p>La Vengeance Boat offre un&#8217;accessibilit\u00e0 economica alla portata di quasi tutti i budget dei pescatori. Il potente blank in composito offre una grande funzionalit\u00e0 e ha un&#8217;azione di combattimento parabolica moderata molto divertente, pur mantenendo la potenza di sollevamento per contrastare i pi\u00f9 grandi pesci di fondo. Se state cercando di acquistare una canna da [&hellip;]<\/p>\n","protected":false},"featured_media":93740,"comment_status":"closed","ping_status":"closed","template":"","meta":[],"product_cat":[81,80],"product_tag":[1023],"yoast_head":"<!-- This site is optimized with the Yoast SEO plugin v15.3 - https:\/\/yoast.com\/wordpress\/plugins\/seo\/ -->\n<title>Canna Vengeance AX Tele Boat - Shimano - Pesca Fish<\/title>\n<meta name=\"robots\" content=\"index, follow, max-snippet:-1, max-image-preview:large, max-video-preview:-1\" \/>\n<link rel=\"canonical\" href=\"https:\/\/www.pescafish.it\/new\/prodotto\/canna-vengeance-ax-tele-boat-shimano\/\" \/>\n<meta property=\"og:locale\" content=\"it_IT\" \/>\n<meta property=\"og:type\" content=\"article\" \/>\n<meta property=\"og:title\" content=\"Canna Vengeance AX Tele Boat - Shimano - Pesca Fish\" \/>\n<meta property=\"og:description\" content=\"La Vengeance Boat offre un&#8217;accessibilit\u00e0 economica alla portata di quasi tutti i budget dei pescatori. Il potente blank in composito offre una grande funzionalit\u00e0 e ha un&#8217;azione di combattimento parabolica moderata molto divertente, pur mantenendo la potenza di sollevamento per contrastare i pi\u00f9 grandi pesci di fondo. Se state cercando di acquistare una canna da [&hellip;]\" \/>\n<meta property=\"og:url\" content=\"https:\/\/www.pescafish.it\/new\/prodotto\/canna-vengeance-ax-tele-boat-shimano\/\" \/>\n<meta property=\"og:site_name\" content=\"Pesca Fish\" \/>\n<meta property=\"article:publisher\" content=\"https:\/\/www.facebook.com\/pescafishvr\/\" \/>\n<meta property=\"og:image\" content=\"https:\/\/www.pescafish.it\/new\/wp-content\/uploads\/2024\/01\/vengeance-ax-tele-boat.jpg\" \/>\n\t<meta property=\"og:image:width\" content=\"810\" \/>\n\t<meta property=\"og:image:height\" content=\"810\" \/>\n<meta name=\"twitter:card\" content=\"summary_large_image\" \/>\n<meta name=\"twitter:label1\" content=\"Scritto da\">\n\t<meta name=\"twitter:data1\" content=\"francesca\">\n\t<meta name=\"twitter:label2\" content=\"Tempo di lettura stimato\">\n\t<meta name=\"twitter:data2\" content=\"1 minuto\">\n<script type=\"application\/ld+json\" class=\"yoast-schema-graph\">{\"@context\":\"https:\/\/schema.org\",\"@graph\":[{\"@type\":\"WebSite\",\"@id\":\"https:\/\/www.pescafish.it\/new\/#website\",\"url\":\"https:\/\/www.pescafish.it\/new\/\",\"name\":\"Pesca Fish\",\"description\":\"Benvenuti sul nostro sito!\",\"potentialAction\":[{\"@type\":\"SearchAction\",\"target\":\"https:\/\/www.pescafish.it\/new\/?s={search_term_string}\",\"query-input\":\"required name=search_term_string\"}],\"inLanguage\":\"it-IT\"},{\"@type\":\"ImageObject\",\"@id\":\"https:\/\/www.pescafish.it\/new\/prodotto\/canna-vengeance-ax-tele-boat-shimano\/#primaryimage\",\"inLanguage\":\"it-IT\",\"url\":\"https:\/\/www.pescafish.it\/new\/wp-content\/uploads\/2024\/01\/vengeance-ax-tele-boat.jpg\",\"width\":810,\"height\":810,\"caption\":\"vengeance ax tele boat shimano\"},{\"@type\":\"WebPage\",\"@id\":\"https:\/\/www.pescafish.it\/new\/prodotto\/canna-vengeance-ax-tele-boat-shimano\/#webpage\",\"url\":\"https:\/\/www.pescafish.it\/new\/prodotto\/canna-vengeance-ax-tele-boat-shimano\/\",\"name\":\"Canna Vengeance AX Tele Boat - Shimano - Pesca Fish\",\"isPartOf\":{\"@id\":\"https:\/\/www.pescafish.it\/new\/#website\"},\"primaryImageOfPage\":{\"@id\":\"https:\/\/www.pescafish.it\/new\/prodotto\/canna-vengeance-ax-tele-boat-shimano\/#primaryimage\"},\"datePublished\":\"2024-01-24T17:23:29+00:00\",\"dateModified\":\"2024-01-24T17:23:29+00:00\",\"inLanguage\":\"it-IT\",\"potentialAction\":[{\"@type\":\"ReadAction\",\"target\":[\"https:\/\/www.pescafish.it\/new\/prodotto\/canna-vengeance-ax-tele-boat-shimano\/\"]}]}]}<\/script>\n<!-- \/ Yoast SEO plugin. -->","_links":{"self":[{"href":"https:\/\/www.pescafish.it\/new\/wp-json\/wp\/v2\/product\/93739"}],"collection":[{"href":"https:\/\/www.pescafish.it\/new\/wp-json\/wp\/v2\/product"}],"about":[{"href":"https:\/\/www.pescafish.it\/new\/wp-json\/wp\/v2\/types\/product"}],"replies":[{"embeddable":true,"href":"https:\/\/www.pescafish.it\/new\/wp-json\/wp\/v2\/comments?post=93739"}],"wp:featuredmedia":[{"embeddable":true,"href":"https:\/\/www.pescafish.it\/new\/wp-json\/wp\/v2\/media\/93740"}],"wp:attachment":[{"href":"https:\/\/www.pescafish.it\/new\/wp-json\/wp\/v2\/media?parent=93739"}],"wp:term":[{"taxonomy":"product_cat","embeddable":true,"href":"https:\/\/www.pescafish.it\/new\/wp-json\/wp\/v2\/product_cat?post=93739"},{"taxonomy":"product_tag","embeddable":true,"href":"https:\/\/www.pescafish.it\/new\/wp-json\/wp\/v2\/product_tag?post=93739"}],"curies":[{"name":"wp","href":"https:\/\/api.w.org\/{rel}","templated":true}]}}