{"id":93735,"date":"2024-01-24T18:06:09","date_gmt":"2024-01-24T17:06:09","guid":{"rendered":"https:\/\/www.pescafish.it\/new\/?post_type=product&#038;p=93735"},"modified":"2024-06-12T16:43:18","modified_gmt":"2024-06-12T14:43:18","slug":"canna-beastmaster-tataki-shimano","status":"publish","type":"product","link":"https:\/\/www.pescafish.it\/new\/prodotto\/canna-beastmaster-tataki-shimano\/","title":{"rendered":"Canna Beastmaster Tataki &#8211; Shimano"},"content":{"rendered":"<p>La Beastmaster Tataki \u00e8 una canna di grande effetto progettata per la pesca ai calamari con la tecnica del Tataki. Combinando una punta sensibile in carbonio pieno con un potente blank in Full Carbon, gli anelli a basso profilo permettono a questa splendida canna di essere utilizzata con mulinelli da spinning, overhead o piccoli mulinelli elettrici.<br \/>\nSe prendete sul serio la pesca al calamaro, quasi certamente conoscerete lo stile giapponese Tataki, che prevede la pesca da barca e in verticale con esche Oppai di piccole dimensioni. Ma questa tecnica richiede una canna specifica per massimizzare la sua efficacia ed \u00e8 qui che la Beastmaster Tataki eccelle. Con la sua vetta solid e sensibile che migliora la percezione dell&#8217;abboccata, dotata della giusta flessibilit\u00e0 per far danzare le vostre esche in profondit\u00e0, e una potente sezione di manico per poter gestire piombature anche importanti, la Beastmaster Tataki \u00e8 l&#8217;aggiunta perfetta all&#8217;arsenale di ogni pescatore di calamari.<br \/>\nSotto la caratteristica finitura esterna della Beastmaster Tataki si nasconde un grezzo totalmente in carbonio che \u00e8 stato messo a punto per migliorare la pesca con la tecnica Tataki in acque profonde. Il vettino in carbonio pieno aumenta la sensibilit\u00e0 della canna senza ostacolare la potente azione progressiva che permette di animare le esche in modo ottimale. Oltre alla sua versatilit\u00e0, la Beastmaster Tataki \u00e8 dotata di anelli Seaguide in acciaio inox a ponte basso e pu\u00f2 essere utilizzata con mulinelli da spinning, rotanti o anche piccoli mulinelli elettrici.<\/p>\n<p><strong>Lunghezza:<\/strong> 2,44m<br \/>\n<strong>Potenza:<\/strong> 150g<br \/>\n<strong>Peso:<\/strong> 209g<br \/>\n<strong>Ingombro:<\/strong> 125cm<br \/>\n<strong>N\u00b0 sezioni:<\/strong> 2<\/p>\n<p><span style=\"color: #ff0000;\"><strong>DUE ANNI DI GARANZIA<br \/>\n<\/strong><strong>Da oggi per avere il TERZO ANNO DI GARANZIA, collegati al nuovo portale e registra il tuo prodotto su:<\/strong><\/span><br \/>\n<span style=\"background-color: #ffff00; color: #000000;\"><strong><a style=\"background-color: #ffff00; color: #000000;\" href=\"http:\/\/www.shimanofishnetwork.it\/garanzia\/sign_in\">http:\/\/www.shimanofishnetwork.it\/garanzia\/sign_in<\/a><\/strong><\/span><\/p>\n","protected":false},"excerpt":{"rendered":"<p>La Beastmaster Tataki \u00e8 una canna di grande effetto progettata per la pesca ai calamari con la tecnica del Tataki. Combinando una punta sensibile in carbonio pieno con un potente blank in Full Carbon, gli anelli a basso profilo permettono a questa splendida canna di essere utilizzata con mulinelli da spinning, overhead o piccoli mulinelli [&hellip;]<\/p>\n","protected":false},"featured_media":93736,"comment_status":"closed","ping_status":"closed","template":"","meta":[],"product_cat":[1263,80],"product_tag":[1023],"yoast_head":"<!-- This site is optimized with the Yoast SEO plugin v15.3 - https:\/\/yoast.com\/wordpress\/plugins\/seo\/ -->\n<title>Canna Beastmaster Tataki - Shimano - Pesca Fish<\/title>\n<meta name=\"robots\" content=\"index, follow, max-snippet:-1, max-image-preview:large, max-video-preview:-1\" \/>\n<link rel=\"canonical\" href=\"https:\/\/www.pescafish.it\/new\/prodotto\/canna-beastmaster-tataki-shimano\/\" \/>\n<meta property=\"og:locale\" content=\"it_IT\" \/>\n<meta property=\"og:type\" content=\"article\" \/>\n<meta property=\"og:title\" content=\"Canna Beastmaster Tataki - Shimano - Pesca Fish\" \/>\n<meta property=\"og:description\" content=\"La Beastmaster Tataki \u00e8 una canna di grande effetto progettata per la pesca ai calamari con la tecnica del Tataki. Combinando una punta sensibile in carbonio pieno con un potente blank in Full Carbon, gli anelli a basso profilo permettono a questa splendida canna di essere utilizzata con mulinelli da spinning, overhead o piccoli mulinelli [&hellip;]\" \/>\n<meta property=\"og:url\" content=\"https:\/\/www.pescafish.it\/new\/prodotto\/canna-beastmaster-tataki-shimano\/\" \/>\n<meta property=\"og:site_name\" content=\"Pesca Fish\" \/>\n<meta property=\"article:publisher\" content=\"https:\/\/www.facebook.com\/pescafishvr\/\" \/>\n<meta property=\"article:modified_time\" content=\"2024-06-12T14:43:18+00:00\" \/>\n<meta property=\"og:image\" content=\"https:\/\/www.pescafish.it\/new\/wp-content\/uploads\/2024\/01\/beastmaster-tataki.jpg\" \/>\n\t<meta property=\"og:image:width\" content=\"807\" \/>\n\t<meta property=\"og:image:height\" content=\"807\" \/>\n<meta name=\"twitter:card\" content=\"summary_large_image\" \/>\n<meta name=\"twitter:label1\" content=\"Scritto da\">\n\t<meta name=\"twitter:data1\" content=\"francesca\">\n\t<meta name=\"twitter:label2\" content=\"Tempo di lettura stimato\">\n\t<meta name=\"twitter:data2\" content=\"1 minuto\">\n<script type=\"application\/ld+json\" class=\"yoast-schema-graph\">{\"@context\":\"https:\/\/schema.org\",\"@graph\":[{\"@type\":\"WebSite\",\"@id\":\"https:\/\/www.pescafish.it\/new\/#website\",\"url\":\"https:\/\/www.pescafish.it\/new\/\",\"name\":\"Pesca Fish\",\"description\":\"Benvenuti sul nostro sito!\",\"potentialAction\":[{\"@type\":\"SearchAction\",\"target\":\"https:\/\/www.pescafish.it\/new\/?s={search_term_string}\",\"query-input\":\"required name=search_term_string\"}],\"inLanguage\":\"it-IT\"},{\"@type\":\"ImageObject\",\"@id\":\"https:\/\/www.pescafish.it\/new\/prodotto\/canna-beastmaster-tataki-shimano\/#primaryimage\",\"inLanguage\":\"it-IT\",\"url\":\"https:\/\/www.pescafish.it\/new\/wp-content\/uploads\/2024\/01\/beastmaster-tataki.jpg\",\"width\":807,\"height\":807,\"caption\":\"beastmaster tataki shimano\"},{\"@type\":\"WebPage\",\"@id\":\"https:\/\/www.pescafish.it\/new\/prodotto\/canna-beastmaster-tataki-shimano\/#webpage\",\"url\":\"https:\/\/www.pescafish.it\/new\/prodotto\/canna-beastmaster-tataki-shimano\/\",\"name\":\"Canna Beastmaster Tataki - Shimano - Pesca Fish\",\"isPartOf\":{\"@id\":\"https:\/\/www.pescafish.it\/new\/#website\"},\"primaryImageOfPage\":{\"@id\":\"https:\/\/www.pescafish.it\/new\/prodotto\/canna-beastmaster-tataki-shimano\/#primaryimage\"},\"datePublished\":\"2024-01-24T17:06:09+00:00\",\"dateModified\":\"2024-06-12T14:43:18+00:00\",\"inLanguage\":\"it-IT\",\"potentialAction\":[{\"@type\":\"ReadAction\",\"target\":[\"https:\/\/www.pescafish.it\/new\/prodotto\/canna-beastmaster-tataki-shimano\/\"]}]}]}<\/script>\n<!-- \/ Yoast SEO plugin. -->","_links":{"self":[{"href":"https:\/\/www.pescafish.it\/new\/wp-json\/wp\/v2\/product\/93735"}],"collection":[{"href":"https:\/\/www.pescafish.it\/new\/wp-json\/wp\/v2\/product"}],"about":[{"href":"https:\/\/www.pescafish.it\/new\/wp-json\/wp\/v2\/types\/product"}],"replies":[{"embeddable":true,"href":"https:\/\/www.pescafish.it\/new\/wp-json\/wp\/v2\/comments?post=93735"}],"wp:featuredmedia":[{"embeddable":true,"href":"https:\/\/www.pescafish.it\/new\/wp-json\/wp\/v2\/media\/93736"}],"wp:attachment":[{"href":"https:\/\/www.pescafish.it\/new\/wp-json\/wp\/v2\/media?parent=93735"}],"wp:term":[{"taxonomy":"product_cat","embeddable":true,"href":"https:\/\/www.pescafish.it\/new\/wp-json\/wp\/v2\/product_cat?post=93735"},{"taxonomy":"product_tag","embeddable":true,"href":"https:\/\/www.pescafish.it\/new\/wp-json\/wp\/v2\/product_tag?post=93735"}],"curies":[{"name":"wp","href":"https:\/\/api.w.org\/{rel}","templated":true}]}}