{"id":93653,"date":"2024-01-20T10:25:05","date_gmt":"2024-01-20T09:25:05","guid":{"rendered":"https:\/\/www.pescafish.it\/new\/?post_type=product&#038;p=93653"},"modified":"2025-12-17T18:02:48","modified_gmt":"2025-12-17T17:02:48","slug":"canna-tx-5a-shimano","status":"publish","type":"product","link":"https:\/\/www.pescafish.it\/new\/prodotto\/canna-tx-5a-shimano\/","title":{"rendered":"Canna Tribal TX-5A &#8211; Shimano"},"content":{"rendered":"<p>La TX-5 si inserisce perfettamente nell&#8217;apprezzata gamma di canne Tribal Specimen. Una delle canne da carpa pi\u00f9 belle in circolazione, \u00e8 dotata delle pi\u00f9 recente tecnologie e offre un equilibrio straordinario tra finezza e prestazioni. Se per voi l&#8217;aspetto delle vostre canne \u00e8 importante quanto le prestazioni, non rimarrete delusi dalle TX-5: hanno un aspetto sensazionale e saranno invidiate dagli altri. E la performance \u00e8 semplicemente straordinaria. Notevolmente leggeri e sottili, le potenti prestazioni di lancio dei modelli Intensity apriranno una nuova area alla vostra pesca a lungo distanza, mentre la finezza dell&#8217;azione della vetta di tutti i modelli ispira la fiducia dei pescatori per godere appieno dell&#8217;esperienza in combattimento.<br \/>\nIl cuore delle TX-5 \u00e8 costituito da un sottile grezzo in carbonio Nanosheet, rinforzato con una trama 3K e contenente anche Biofibre per una maggiore resistenza. L&#8217;aggiunta di anelli PacBay Minima ultra leggeri migliora l&#8217;azione e la velocit\u00e0 di recupero della punta durante il lancio, garantendo la massima distanza. E se non bastasse, una placca portamulinello personalizzata 3K e un&#8217;impugnatura Winn Grip in polimero 3K completano la canna. Come combinazione di estetica e prestazioni, la TX-5 raggiunge nuovi livelli e ha una sensazione di qualit\u00e0 che spesso manca nelle canne di medio prezzo.<\/p>\n<p><strong>Lunghezza:<\/strong> 13ft<br \/>\n<strong>Potenza:<\/strong> 3,50lb+<br \/>\n<strong>Ingombro:<\/strong> 202cm<br \/>\n<strong>Peso:<\/strong> 451g<br \/>\n<strong>N\u00b0 sezioni:<\/strong> 2<br \/>\n<strong>1\u00b0 Anello:<\/strong> 50mm<br \/>\n.<br \/>\n<strong><span style=\"color: #ff0000;\">DUE ANNI DI GARANZIA<\/span><br \/>\n<span style=\"color: #ff0000;\">Da oggi per avere il TERZO ANNO DI GARANZIA, collegati al nuovo portale e registra il tuo prodotto su:<\/span><br \/>\n<a href=\"http:\/\/www.shimanofishnetwork.it\/garanzia\/sign_in\"><span style=\"color: #000000; background-color: #ffff00;\">http:\/\/www.shimanofishnetwork.it\/garanzia\/sign_in<\/span><\/a><\/strong><\/p>\n","protected":false},"excerpt":{"rendered":"<p>La TX-5 si inserisce perfettamente nell&#8217;apprezzata gamma di canne Tribal Specimen. Una delle canne da carpa pi\u00f9 belle in circolazione, \u00e8 dotata delle pi\u00f9 recente tecnologie e offre un equilibrio straordinario tra finezza e prestazioni. Se per voi l&#8217;aspetto delle vostre canne \u00e8 importante quanto le prestazioni, non rimarrete delusi dalle TX-5: hanno un aspetto [&hellip;]<\/p>\n","protected":false},"featured_media":93654,"comment_status":"closed","ping_status":"closed","template":"","meta":[],"product_cat":[257],"product_tag":[1023],"yoast_head":"<!-- This site is optimized with the Yoast SEO plugin v15.3 - https:\/\/yoast.com\/wordpress\/plugins\/seo\/ -->\n<title>Canna Tribal TX-5A - Shimano - Pesca Fish<\/title>\n<meta name=\"robots\" content=\"index, follow, max-snippet:-1, max-image-preview:large, max-video-preview:-1\" \/>\n<link rel=\"canonical\" href=\"https:\/\/www.pescafish.it\/new\/prodotto\/canna-tx-5a-shimano\/\" \/>\n<meta property=\"og:locale\" content=\"it_IT\" \/>\n<meta property=\"og:type\" content=\"article\" \/>\n<meta property=\"og:title\" content=\"Canna Tribal TX-5A - Shimano - Pesca Fish\" \/>\n<meta property=\"og:description\" content=\"La TX-5 si inserisce perfettamente nell&#8217;apprezzata gamma di canne Tribal Specimen. Una delle canne da carpa pi\u00f9 belle in circolazione, \u00e8 dotata delle pi\u00f9 recente tecnologie e offre un equilibrio straordinario tra finezza e prestazioni. Se per voi l&#8217;aspetto delle vostre canne \u00e8 importante quanto le prestazioni, non rimarrete delusi dalle TX-5: hanno un aspetto [&hellip;]\" \/>\n<meta property=\"og:url\" content=\"https:\/\/www.pescafish.it\/new\/prodotto\/canna-tx-5a-shimano\/\" \/>\n<meta property=\"og:site_name\" content=\"Pesca Fish\" \/>\n<meta property=\"article:publisher\" content=\"https:\/\/www.facebook.com\/pescafishvr\/\" \/>\n<meta property=\"article:modified_time\" content=\"2025-12-17T17:02:48+00:00\" \/>\n<meta property=\"og:image\" content=\"https:\/\/www.pescafish.it\/new\/wp-content\/uploads\/2024\/01\/tx-5a-intensity.jpg\" \/>\n\t<meta property=\"og:image:width\" content=\"825\" \/>\n\t<meta property=\"og:image:height\" content=\"825\" \/>\n<meta name=\"twitter:card\" content=\"summary_large_image\" \/>\n<meta name=\"twitter:label1\" content=\"Scritto da\">\n\t<meta name=\"twitter:data1\" content=\"francesca\">\n\t<meta name=\"twitter:label2\" content=\"Tempo di lettura stimato\">\n\t<meta name=\"twitter:data2\" content=\"1 minuto\">\n<script type=\"application\/ld+json\" class=\"yoast-schema-graph\">{\"@context\":\"https:\/\/schema.org\",\"@graph\":[{\"@type\":\"WebSite\",\"@id\":\"https:\/\/www.pescafish.it\/new\/#website\",\"url\":\"https:\/\/www.pescafish.it\/new\/\",\"name\":\"Pesca Fish\",\"description\":\"Benvenuti sul nostro sito!\",\"potentialAction\":[{\"@type\":\"SearchAction\",\"target\":\"https:\/\/www.pescafish.it\/new\/?s={search_term_string}\",\"query-input\":\"required name=search_term_string\"}],\"inLanguage\":\"it-IT\"},{\"@type\":\"ImageObject\",\"@id\":\"https:\/\/www.pescafish.it\/new\/prodotto\/canna-tx-5a-shimano\/#primaryimage\",\"inLanguage\":\"it-IT\",\"url\":\"https:\/\/www.pescafish.it\/new\/wp-content\/uploads\/2024\/01\/tx-5a-intensity.jpg\",\"width\":825,\"height\":825,\"caption\":\"canna tx-5a shimano\"},{\"@type\":\"WebPage\",\"@id\":\"https:\/\/www.pescafish.it\/new\/prodotto\/canna-tx-5a-shimano\/#webpage\",\"url\":\"https:\/\/www.pescafish.it\/new\/prodotto\/canna-tx-5a-shimano\/\",\"name\":\"Canna Tribal TX-5A - Shimano - Pesca Fish\",\"isPartOf\":{\"@id\":\"https:\/\/www.pescafish.it\/new\/#website\"},\"primaryImageOfPage\":{\"@id\":\"https:\/\/www.pescafish.it\/new\/prodotto\/canna-tx-5a-shimano\/#primaryimage\"},\"datePublished\":\"2024-01-20T09:25:05+00:00\",\"dateModified\":\"2025-12-17T17:02:48+00:00\",\"inLanguage\":\"it-IT\",\"potentialAction\":[{\"@type\":\"ReadAction\",\"target\":[\"https:\/\/www.pescafish.it\/new\/prodotto\/canna-tx-5a-shimano\/\"]}]}]}<\/script>\n<!-- \/ Yoast SEO plugin. -->","_links":{"self":[{"href":"https:\/\/www.pescafish.it\/new\/wp-json\/wp\/v2\/product\/93653"}],"collection":[{"href":"https:\/\/www.pescafish.it\/new\/wp-json\/wp\/v2\/product"}],"about":[{"href":"https:\/\/www.pescafish.it\/new\/wp-json\/wp\/v2\/types\/product"}],"replies":[{"embeddable":true,"href":"https:\/\/www.pescafish.it\/new\/wp-json\/wp\/v2\/comments?post=93653"}],"wp:featuredmedia":[{"embeddable":true,"href":"https:\/\/www.pescafish.it\/new\/wp-json\/wp\/v2\/media\/93654"}],"wp:attachment":[{"href":"https:\/\/www.pescafish.it\/new\/wp-json\/wp\/v2\/media?parent=93653"}],"wp:term":[{"taxonomy":"product_cat","embeddable":true,"href":"https:\/\/www.pescafish.it\/new\/wp-json\/wp\/v2\/product_cat?post=93653"},{"taxonomy":"product_tag","embeddable":true,"href":"https:\/\/www.pescafish.it\/new\/wp-json\/wp\/v2\/product_tag?post=93653"}],"curies":[{"name":"wp","href":"https:\/\/api.w.org\/{rel}","templated":true}]}}