{"id":93621,"date":"2024-01-19T18:16:30","date_gmt":"2024-01-19T17:16:30","guid":{"rendered":"https:\/\/www.pescafish.it\/new\/?post_type=product&#038;p=93621"},"modified":"2024-11-06T11:33:40","modified_gmt":"2024-11-06T10:33:40","slug":"canna-technium-boat-light-drifting-tele-shimano","status":"publish","type":"product","link":"https:\/\/www.pescafish.it\/new\/prodotto\/canna-technium-boat-light-drifting-tele-shimano\/","title":{"rendered":"Canna Technium Boat Light Drifting Tele &#8211; Shimano"},"content":{"rendered":"<p>La Technium Tele Boat Light Drifting \u00e8 una canna di qualit\u00e0 superiore progettata appositamente per il light drifting e i metodi di bolentino. Il design telescopico \u00e8 facile da trasportare e l&#8217;azione extra rapida, combinata con una sezione rigida dell&#8217;impugnatura, rende il controllo della lenza accurato, facile e super veloce.<br \/>\nSe siete seriamente interessati al light drifting e a metodi simili al bolentino, la Technium Tele Boat Light Drifting \u00e8 una scelta eccellente, in quanto le sue prestazioni di alto livello massimizzeranno le vostre capacit\u00e0. Perfette per insidiare prede come sgombri, orate, sugarelli, vi stupirete di quanto siano leggere e ben bilanciate queste canne dall&#8217;aspetto fantastico, soprattutto quando dovrete regolare costantemente la lenza durante lo scarroccio. Con una potenza di lancio di 50 g, che copre un&#8217;ampia gamma di grammature, sono fornite due vettini solid che consentono di regolare l&#8217;azione selezionando la potenza preferita. Durante l&#8217;uso, apprezzerete la lunghezza extra e l&#8217;azione rapida di queste canne, che vi permetteranno di mantenere un eccellente controllo dell&#8217;esca, anche a lunga distanza.<br \/>\nIl blank telescopico in carbonio ad alto modulo della Technium Tele Boat Light Drifting \u00e8 arricchito dalla tecnologia Diaflash nella sezione del manico, che conferisce alla canna una sensazione di leggerezza e bilanciamento, oltre a fornire ulteriore resistenza e rigidit\u00e0. Fornite con due vettini solid di diversa potenza, l&#8217;azione rapida e la lunghezza extra di questi modelli migliorano il controllo della lenza a distanza e aumentano la velocit\u00e0 della punta al momento dello strike per garantire un ferrata ultra rapida. Dotata di anelli Seaguide antigroviglio in acciaio inox, la Technium \u00e8 dotata di portamulinello SHIMANO DPS e di un tappo in gomma per un maggiore comfort di combattimento.<\/p>\n<p><strong>Disponibile nei seguenti modelli:<\/strong><\/p>\n<table style=\"height: 72px; width: 100%; border-collapse: collapse; border-color: #000000;\" border=\"2\">\n<tbody>\n<tr style=\"height: 24px;\">\n<td style=\"width: 16.6667%; height: 24px; text-align: center;\"><strong>Modello<\/strong><\/td>\n<td style=\"width: 16.6667%; height: 24px; text-align: center;\"><strong>Lunghezza<\/strong><\/td>\n<td style=\"width: 16.6667%; height: 24px; text-align: center;\"><strong>Potenza<\/strong><\/td>\n<td style=\"width: 16.6667%; height: 24px; text-align: center;\"><strong>Ingombro<\/strong><\/td>\n<td style=\"width: 16.6667%; height: 24px; text-align: center;\"><strong>Peso<\/strong><\/td>\n<td style=\"width: 16.6667%; height: 24px; text-align: center;\"><strong>N\u00b0 sezioni<\/strong><\/td>\n<\/tr>\n<tr style=\"height: 24px;\">\n<td style=\"width: 16.6667%; height: 24px; text-align: center;\"><strong>TECBTTELD35<\/strong><\/td>\n<td style=\"width: 16.6667%; height: 24px; text-align: center;\">3,5m<\/td>\n<td style=\"width: 16.6667%; height: 24px; text-align: center;\">5-50g<\/td>\n<td style=\"width: 16.6667%; height: 24px; text-align: center;\">122cm<\/td>\n<td style=\"width: 16.6667%; height: 24px; text-align: center;\">260g<\/td>\n<td style=\"width: 16.6667%; height: 24px; text-align: center;\">5+tips<\/td>\n<\/tr>\n<tr style=\"height: 24px;\">\n<td style=\"width: 16.6667%; height: 24px; text-align: center;\"><strong>TECBTTELD40<\/strong><\/td>\n<td style=\"width: 16.6667%; height: 24px; text-align: center;\">4m<\/td>\n<td style=\"width: 16.6667%; height: 24px; text-align: center;\">5-50g<\/td>\n<td style=\"width: 16.6667%; height: 24px; text-align: center;\">137cm<\/td>\n<td style=\"width: 16.6667%; height: 24px; text-align: center;\">324g<\/td>\n<td style=\"width: 16.6667%; height: 24px; text-align: center;\">5+tips<\/td>\n<\/tr>\n<\/tbody>\n<\/table>\n<p>.<br \/>\n<strong><span style=\"color: #ff0000;\">DUE ANNI DI GARANZIA<\/span><br \/>\n<span style=\"color: #ff0000;\">Da oggi per avere il TERZO ANNO DI GARANZIA, collegati al nuovo portale e registra il tuo prodotto su:<\/span><br \/>\n<span style=\"color: #000000; background-color: #ffff00;\"><a style=\"color: #000000; background-color: #ffff00;\" href=\"http:\/\/www.shimanofishnetwork.it\/garanzia\/sign_in\">http:\/\/www.shimanofishnetwork.it\/garanzia\/sign_in<\/a><\/span><\/strong><\/p>\n","protected":false},"excerpt":{"rendered":"<p>La Technium Tele Boat Light Drifting \u00e8 una canna di qualit\u00e0 superiore progettata appositamente per il light drifting e i metodi di bolentino. Il design telescopico \u00e8 facile da trasportare e l&#8217;azione extra rapida, combinata con una sezione rigida dell&#8217;impugnatura, rende il controllo della lenza accurato, facile e super veloce. Se siete seriamente interessati al [&hellip;]<\/p>\n","protected":false},"featured_media":93622,"comment_status":"closed","ping_status":"closed","template":"","meta":[],"product_cat":[81,80,83],"product_tag":[1023],"yoast_head":"<!-- This site is optimized with the Yoast SEO plugin v15.3 - https:\/\/yoast.com\/wordpress\/plugins\/seo\/ -->\n<title>Canna Technium Boat Light Drifting Tele - Shimano - Pesca Fish<\/title>\n<meta name=\"robots\" content=\"index, follow, max-snippet:-1, max-image-preview:large, max-video-preview:-1\" \/>\n<link rel=\"canonical\" href=\"https:\/\/www.pescafish.it\/new\/prodotto\/canna-technium-boat-light-drifting-tele-shimano\/\" \/>\n<meta property=\"og:locale\" content=\"it_IT\" \/>\n<meta property=\"og:type\" content=\"article\" \/>\n<meta property=\"og:title\" content=\"Canna Technium Boat Light Drifting Tele - Shimano - Pesca Fish\" \/>\n<meta property=\"og:description\" content=\"La Technium Tele Boat Light Drifting \u00e8 una canna di qualit\u00e0 superiore progettata appositamente per il light drifting e i metodi di bolentino. Il design telescopico \u00e8 facile da trasportare e l&#8217;azione extra rapida, combinata con una sezione rigida dell&#8217;impugnatura, rende il controllo della lenza accurato, facile e super veloce. Se siete seriamente interessati al [&hellip;]\" \/>\n<meta property=\"og:url\" content=\"https:\/\/www.pescafish.it\/new\/prodotto\/canna-technium-boat-light-drifting-tele-shimano\/\" \/>\n<meta property=\"og:site_name\" content=\"Pesca Fish\" \/>\n<meta property=\"article:publisher\" content=\"https:\/\/www.facebook.com\/pescafishvr\/\" \/>\n<meta property=\"article:modified_time\" content=\"2024-11-06T10:33:40+00:00\" \/>\n<meta property=\"og:image\" content=\"https:\/\/www.pescafish.it\/new\/wp-content\/uploads\/2024\/01\/technium-boat-light-drifting-tele.jpg\" \/>\n\t<meta property=\"og:image:width\" content=\"842\" \/>\n\t<meta property=\"og:image:height\" content=\"842\" \/>\n<meta name=\"twitter:card\" content=\"summary_large_image\" \/>\n<meta name=\"twitter:label1\" content=\"Scritto da\">\n\t<meta name=\"twitter:data1\" content=\"francesca\">\n\t<meta name=\"twitter:label2\" content=\"Tempo di lettura stimato\">\n\t<meta name=\"twitter:data2\" content=\"1 minuto\">\n<script type=\"application\/ld+json\" class=\"yoast-schema-graph\">{\"@context\":\"https:\/\/schema.org\",\"@graph\":[{\"@type\":\"WebSite\",\"@id\":\"https:\/\/www.pescafish.it\/new\/#website\",\"url\":\"https:\/\/www.pescafish.it\/new\/\",\"name\":\"Pesca Fish\",\"description\":\"Benvenuti sul nostro sito!\",\"potentialAction\":[{\"@type\":\"SearchAction\",\"target\":\"https:\/\/www.pescafish.it\/new\/?s={search_term_string}\",\"query-input\":\"required name=search_term_string\"}],\"inLanguage\":\"it-IT\"},{\"@type\":\"ImageObject\",\"@id\":\"https:\/\/www.pescafish.it\/new\/prodotto\/canna-technium-boat-light-drifting-tele-shimano\/#primaryimage\",\"inLanguage\":\"it-IT\",\"url\":\"https:\/\/www.pescafish.it\/new\/wp-content\/uploads\/2024\/01\/technium-boat-light-drifting-tele.jpg\",\"width\":842,\"height\":842,\"caption\":\"technium boat light drifting tele shimano\"},{\"@type\":\"WebPage\",\"@id\":\"https:\/\/www.pescafish.it\/new\/prodotto\/canna-technium-boat-light-drifting-tele-shimano\/#webpage\",\"url\":\"https:\/\/www.pescafish.it\/new\/prodotto\/canna-technium-boat-light-drifting-tele-shimano\/\",\"name\":\"Canna Technium Boat Light Drifting Tele - Shimano - Pesca Fish\",\"isPartOf\":{\"@id\":\"https:\/\/www.pescafish.it\/new\/#website\"},\"primaryImageOfPage\":{\"@id\":\"https:\/\/www.pescafish.it\/new\/prodotto\/canna-technium-boat-light-drifting-tele-shimano\/#primaryimage\"},\"datePublished\":\"2024-01-19T17:16:30+00:00\",\"dateModified\":\"2024-11-06T10:33:40+00:00\",\"inLanguage\":\"it-IT\",\"potentialAction\":[{\"@type\":\"ReadAction\",\"target\":[\"https:\/\/www.pescafish.it\/new\/prodotto\/canna-technium-boat-light-drifting-tele-shimano\/\"]}]}]}<\/script>\n<!-- \/ Yoast SEO plugin. -->","_links":{"self":[{"href":"https:\/\/www.pescafish.it\/new\/wp-json\/wp\/v2\/product\/93621"}],"collection":[{"href":"https:\/\/www.pescafish.it\/new\/wp-json\/wp\/v2\/product"}],"about":[{"href":"https:\/\/www.pescafish.it\/new\/wp-json\/wp\/v2\/types\/product"}],"replies":[{"embeddable":true,"href":"https:\/\/www.pescafish.it\/new\/wp-json\/wp\/v2\/comments?post=93621"}],"wp:featuredmedia":[{"embeddable":true,"href":"https:\/\/www.pescafish.it\/new\/wp-json\/wp\/v2\/media\/93622"}],"wp:attachment":[{"href":"https:\/\/www.pescafish.it\/new\/wp-json\/wp\/v2\/media?parent=93621"}],"wp:term":[{"taxonomy":"product_cat","embeddable":true,"href":"https:\/\/www.pescafish.it\/new\/wp-json\/wp\/v2\/product_cat?post=93621"},{"taxonomy":"product_tag","embeddable":true,"href":"https:\/\/www.pescafish.it\/new\/wp-json\/wp\/v2\/product_tag?post=93621"}],"curies":[{"name":"wp","href":"https:\/\/api.w.org\/{rel}","templated":true}]}}