{"id":93599,"date":"2024-01-19T16:34:40","date_gmt":"2024-01-19T15:34:40","guid":{"rendered":"https:\/\/www.pescafish.it\/new\/?post_type=product&#038;p=93599"},"modified":"2025-02-08T19:01:20","modified_gmt":"2025-02-08T18:01:20","slug":"canna-sedona-trout-lake-special-shimano","status":"publish","type":"product","link":"https:\/\/www.pescafish.it\/new\/prodotto\/canna-sedona-trout-lake-special-shimano\/","title":{"rendered":"Canna Sedona Trout Lake Special &#8211; Shimano"},"content":{"rendered":"<p>La Sedona Trout Lake Special \u00e8 una gamma completa di canne telescopiche da trota lago progettate per la moderna pesca alla trota con le tecniche Tremarella.\/striscio\/bombarda. Combinando vette ultra sensibili con un&#8217;eccellente potenza di lancio, la Sedona offre anche un ottimo rapporto qualit\u00e0-prezzo.<br \/>\nSe siete tra i tanti specialisti della trota lago che utilizzano la tecnica Tremarella o striscio, apprezzerete molto la Sedona Trout Lake Special. Questa gamma tecnicamente avanzata offre una combinazione perfetta di prestazioni di lancio impressionanti e un&#8217;eccellente sensibilit\u00e0 della punta per massimizzare le prestazioni di pesca e ingannare le trote pi\u00f9 difficili da catturare. Sono disponibili 10 modelli tra cui scegliere per avere una selezione di canne equilibrata e graduata per coprire tutte le distanze e le dimensioni dei pesci.<br \/>\nNon appena prenderete in mano una delle canne Sedona Trout Lake Special sentirete immediatamente i benefici della tecnologia Diaflash, utilizzata in collaborazione con i grezzi Full Carbon. Crea una maggiore rigidit\u00e0 nella parte inferiore della canna, che si traduce in prestazioni di lancio aggiuntive, anche nei modelli con azione pi\u00f9 leggera. A complemento di ci\u00f2, la sezione della punta \u00e8 estremamente sensibile e reattiva, consentendovi di lavorare davvero l&#8217;esca con l&#8217;azione ad alta frequenza necessaria per ottenere il massimo dalla tecnica Tremarella. Per migliorare ulteriormente l&#8217;azione sono stati utilizzati anelli Seaguide MKG+OSG leggeri con rivestimenti LTS, oltre a un portamulinello con placca Shimano che aumenta la sensibilit\u00e0 direttamente nella mano. Tutti i modelli sono dotati di una protezione per gli anelli ben progettata per proteggere la canna durante il trasporto.<\/p>\n<p><strong>Disponibile nei seguenti modelli:<\/strong><\/p>\n<table style=\"width: 100%; border-collapse: collapse; border-color: #000000;\" border=\"2\">\n<tbody>\n<tr>\n<td style=\"width: 20%; text-align: center;\"><strong>Modello<\/strong><\/td>\n<td style=\"width: 20%; text-align: center;\"><strong>Lunghezza<\/strong><\/td>\n<td style=\"width: 20%; text-align: center;\"><strong>Azione<\/strong><\/td>\n<td style=\"width: 20%; text-align: center;\"><strong>Potenza<\/strong><\/td>\n<td style=\"width: 20%; text-align: center;\"><strong>N\u00b0 Sezioni<\/strong><\/td>\n<\/tr>\n<tr>\n<td style=\"width: 20%; text-align: center;\"><strong>SEDTRGT039<\/strong><\/td>\n<td style=\"width: 20%; text-align: center;\">3,90m<\/td>\n<td style=\"width: 20%; text-align: center;\">0<\/td>\n<td style=\"width: 20%; text-align: center;\">0-3g<\/td>\n<td style=\"width: 20%; text-align: center;\">7<\/td>\n<\/tr>\n<tr>\n<td style=\"width: 20%; text-align: center;\"><strong>SEDTRGT139<\/strong><\/td>\n<td style=\"width: 20%; text-align: center;\">3,90m<\/td>\n<td style=\"width: 20%; text-align: center;\">1<\/td>\n<td style=\"width: 20%; text-align: center;\">1-4g<\/td>\n<td style=\"width: 20%; text-align: center;\">7<\/td>\n<\/tr>\n<tr>\n<td style=\"width: 20%; text-align: center;\"><strong>SEDTRGT239<\/strong><\/td>\n<td style=\"width: 20%; text-align: center;\">3,90m<\/td>\n<td style=\"width: 20%; text-align: center;\">2<\/td>\n<td style=\"width: 20%; text-align: center;\">2-5g<\/td>\n<td style=\"width: 20%; text-align: center;\">7<\/td>\n<\/tr>\n<tr>\n<td style=\"width: 20%; text-align: center;\"><strong>SEDTRGT339<\/strong><\/td>\n<td style=\"width: 20%; text-align: center;\">3,90m<\/td>\n<td style=\"width: 20%; text-align: center;\">3<\/td>\n<td style=\"width: 20%; text-align: center;\">3-8g<\/td>\n<td style=\"width: 20%; text-align: center;\">7<\/td>\n<\/tr>\n<tr>\n<td style=\"width: 20%; text-align: center;\"><strong>SEDTRGT441<\/strong><\/td>\n<td style=\"width: 20%; text-align: center;\">4,10m<\/td>\n<td style=\"width: 20%; text-align: center;\">4<\/td>\n<td style=\"width: 20%; text-align: center;\">5-10g<\/td>\n<td style=\"width: 20%; text-align: center;\">7<\/td>\n<\/tr>\n<tr>\n<td style=\"width: 20%; text-align: center;\"><strong>SEDTRGT542<\/strong><\/td>\n<td style=\"width: 20%; text-align: center;\">4,20m<\/td>\n<td style=\"width: 20%; text-align: center;\">5<\/td>\n<td style=\"width: 20%; text-align: center;\">8-12g<\/td>\n<td style=\"width: 20%; text-align: center;\">7<\/td>\n<\/tr>\n<tr>\n<td style=\"width: 20%; text-align: center;\"><strong>SEDTRGT642<\/strong><\/td>\n<td style=\"width: 20%; text-align: center;\">4,20m<\/td>\n<td style=\"width: 20%; text-align: center;\">6<\/td>\n<td style=\"width: 20%; text-align: center;\">10-18g<\/td>\n<td style=\"width: 20%; text-align: center;\">7<\/td>\n<\/tr>\n<tr>\n<td style=\"width: 20%; text-align: center;\"><strong>SEDTRGT745<\/strong><\/td>\n<td style=\"width: 20%; text-align: center;\">4,50m<\/td>\n<td style=\"width: 20%; text-align: center;\">7<\/td>\n<td style=\"width: 20%; text-align: center;\">15-20g<\/td>\n<td style=\"width: 20%; text-align: center;\">7<\/td>\n<\/tr>\n<tr>\n<td style=\"width: 20%; text-align: center;\"><strong>SEDTRGT845<\/strong><\/td>\n<td style=\"width: 20%; text-align: center;\">4,50m<\/td>\n<td style=\"width: 20%; text-align: center;\">8<\/td>\n<td style=\"width: 20%; text-align: center;\">20-30g<\/td>\n<td style=\"width: 20%; text-align: center;\">7<\/td>\n<\/tr>\n<tr>\n<td style=\"width: 20%; text-align: center;\"><strong>SEDTRGT945<\/strong><\/td>\n<td style=\"width: 20%; text-align: center;\">4,50m<\/td>\n<td style=\"width: 20%; text-align: center;\">9<\/td>\n<td style=\"width: 20%; text-align: center;\">25-40g<\/td>\n<td style=\"width: 20%; text-align: center;\">7<\/td>\n<\/tr>\n<\/tbody>\n<\/table>\n<p>.<br \/>\n<strong><span style=\"color: #ff0000;\">DUE ANNI DI GARANZIA<\/span><br \/>\n<span style=\"color: #ff0000;\">Da oggi per avere il TERZO ANNO DI GARANZIA, collegati al nuovo portale e registra il tuo prodotto su:<\/span><br \/>\n<span style=\"color: #000000; background-color: #ffff00;\"><a style=\"color: #000000; background-color: #ffff00;\" href=\"http:\/\/www.shimanofishnetwork.it\/garanzia\/sign_in\">http:\/\/www.shimanofishnetwork.it\/garanzia\/sign_in<\/a><\/span><\/strong><\/p>\n","protected":false},"excerpt":{"rendered":"<p>La Sedona Trout Lake Special \u00e8 una gamma completa di canne telescopiche da trota lago progettate per la moderna pesca alla trota con le tecniche Tremarella.\/striscio\/bombarda. Combinando vette ultra sensibili con un&#8217;eccellente potenza di lancio, la Sedona offre anche un ottimo rapporto qualit\u00e0-prezzo. Se siete tra i tanti specialisti della trota lago che utilizzano la [&hellip;]<\/p>\n","protected":false},"featured_media":93600,"comment_status":"closed","ping_status":"closed","template":"","meta":[],"product_cat":[78],"product_tag":[1023],"yoast_head":"<!-- This site is optimized with the Yoast SEO plugin v15.3 - https:\/\/yoast.com\/wordpress\/plugins\/seo\/ -->\n<title>Canna Sedona Trout Lake Special - Shimano - Pesca Fish<\/title>\n<meta name=\"robots\" content=\"index, follow, max-snippet:-1, max-image-preview:large, max-video-preview:-1\" \/>\n<link rel=\"canonical\" href=\"https:\/\/www.pescafish.it\/new\/prodotto\/canna-sedona-trout-lake-special-shimano\/\" \/>\n<meta property=\"og:locale\" content=\"it_IT\" \/>\n<meta property=\"og:type\" content=\"article\" \/>\n<meta property=\"og:title\" content=\"Canna Sedona Trout Lake Special - Shimano - Pesca Fish\" \/>\n<meta property=\"og:description\" content=\"La Sedona Trout Lake Special \u00e8 una gamma completa di canne telescopiche da trota lago progettate per la moderna pesca alla trota con le tecniche Tremarella.\/striscio\/bombarda. Combinando vette ultra sensibili con un&#8217;eccellente potenza di lancio, la Sedona offre anche un ottimo rapporto qualit\u00e0-prezzo. Se siete tra i tanti specialisti della trota lago che utilizzano la [&hellip;]\" \/>\n<meta property=\"og:url\" content=\"https:\/\/www.pescafish.it\/new\/prodotto\/canna-sedona-trout-lake-special-shimano\/\" \/>\n<meta property=\"og:site_name\" content=\"Pesca Fish\" \/>\n<meta property=\"article:publisher\" content=\"https:\/\/www.facebook.com\/pescafishvr\/\" \/>\n<meta property=\"article:modified_time\" content=\"2025-02-08T18:01:20+00:00\" \/>\n<meta property=\"og:image\" content=\"https:\/\/www.pescafish.it\/new\/wp-content\/uploads\/2024\/01\/sedona-trout-lake-special.jpg\" \/>\n\t<meta property=\"og:image:width\" content=\"865\" \/>\n\t<meta property=\"og:image:height\" content=\"865\" \/>\n<meta name=\"twitter:card\" content=\"summary_large_image\" \/>\n<meta name=\"twitter:label1\" content=\"Scritto da\">\n\t<meta name=\"twitter:data1\" content=\"francesca\">\n\t<meta name=\"twitter:label2\" content=\"Tempo di lettura stimato\">\n\t<meta name=\"twitter:data2\" content=\"1 minuto\">\n<script type=\"application\/ld+json\" class=\"yoast-schema-graph\">{\"@context\":\"https:\/\/schema.org\",\"@graph\":[{\"@type\":\"WebSite\",\"@id\":\"https:\/\/www.pescafish.it\/new\/#website\",\"url\":\"https:\/\/www.pescafish.it\/new\/\",\"name\":\"Pesca Fish\",\"description\":\"Benvenuti sul nostro sito!\",\"potentialAction\":[{\"@type\":\"SearchAction\",\"target\":\"https:\/\/www.pescafish.it\/new\/?s={search_term_string}\",\"query-input\":\"required name=search_term_string\"}],\"inLanguage\":\"it-IT\"},{\"@type\":\"ImageObject\",\"@id\":\"https:\/\/www.pescafish.it\/new\/prodotto\/canna-sedona-trout-lake-special-shimano\/#primaryimage\",\"inLanguage\":\"it-IT\",\"url\":\"https:\/\/www.pescafish.it\/new\/wp-content\/uploads\/2024\/01\/sedona-trout-lake-special.jpg\",\"width\":865,\"height\":865,\"caption\":\"sedona trout lake special shimano\"},{\"@type\":\"WebPage\",\"@id\":\"https:\/\/www.pescafish.it\/new\/prodotto\/canna-sedona-trout-lake-special-shimano\/#webpage\",\"url\":\"https:\/\/www.pescafish.it\/new\/prodotto\/canna-sedona-trout-lake-special-shimano\/\",\"name\":\"Canna Sedona Trout Lake Special - Shimano - Pesca Fish\",\"isPartOf\":{\"@id\":\"https:\/\/www.pescafish.it\/new\/#website\"},\"primaryImageOfPage\":{\"@id\":\"https:\/\/www.pescafish.it\/new\/prodotto\/canna-sedona-trout-lake-special-shimano\/#primaryimage\"},\"datePublished\":\"2024-01-19T15:34:40+00:00\",\"dateModified\":\"2025-02-08T18:01:20+00:00\",\"inLanguage\":\"it-IT\",\"potentialAction\":[{\"@type\":\"ReadAction\",\"target\":[\"https:\/\/www.pescafish.it\/new\/prodotto\/canna-sedona-trout-lake-special-shimano\/\"]}]}]}<\/script>\n<!-- \/ Yoast SEO plugin. -->","_links":{"self":[{"href":"https:\/\/www.pescafish.it\/new\/wp-json\/wp\/v2\/product\/93599"}],"collection":[{"href":"https:\/\/www.pescafish.it\/new\/wp-json\/wp\/v2\/product"}],"about":[{"href":"https:\/\/www.pescafish.it\/new\/wp-json\/wp\/v2\/types\/product"}],"replies":[{"embeddable":true,"href":"https:\/\/www.pescafish.it\/new\/wp-json\/wp\/v2\/comments?post=93599"}],"wp:featuredmedia":[{"embeddable":true,"href":"https:\/\/www.pescafish.it\/new\/wp-json\/wp\/v2\/media\/93600"}],"wp:attachment":[{"href":"https:\/\/www.pescafish.it\/new\/wp-json\/wp\/v2\/media?parent=93599"}],"wp:term":[{"taxonomy":"product_cat","embeddable":true,"href":"https:\/\/www.pescafish.it\/new\/wp-json\/wp\/v2\/product_cat?post=93599"},{"taxonomy":"product_tag","embeddable":true,"href":"https:\/\/www.pescafish.it\/new\/wp-json\/wp\/v2\/product_tag?post=93599"}],"curies":[{"name":"wp","href":"https:\/\/api.w.org\/{rel}","templated":true}]}}