{"id":93591,"date":"2024-01-19T15:59:11","date_gmt":"2024-01-19T14:59:11","guid":{"rendered":"https:\/\/www.pescafish.it\/new\/?post_type=product&#038;p=93591"},"modified":"2024-03-30T15:45:00","modified_gmt":"2024-03-30T14:45:00","slug":"canna-dialuna-spinning-inshore-shimano","status":"publish","type":"product","link":"https:\/\/www.pescafish.it\/new\/prodotto\/canna-dialuna-spinning-inshore-shimano\/","title":{"rendered":"Canna Dialuna Spinning Inshore &#8211; Shimano"},"content":{"rendered":"<p>La DIALUNA \u00e8 una canna da spigola premium selezionata dalla famosa gamma SHIMANO JDM. Con incredibili prestazioni di lancio a lunga distanza, il design di alta qualit\u00e0 e tecnologicamente avanzato si combinano per offrire una delle canne pi\u00f9 versatili della gamma SHIMANO.<br \/>\nSe stai cercando una canna da spigola di alta qualit\u00e0 che faccia tutto in modo superbo, ma eccelle davvero nel lancio a distanza, la DIALUNA sar\u00e0 la scelta ideale. Tutti i modelli hanno un fusto che carica progressivamente durante il lancio, combinato con un rapido recupero della punta per ridurre l\u2019attrito che induce vibrazione. Il risultato \u00e8 semplicemente fantastico mentre guardi le tue esche volare senza sforzo verso il pesce. Se preferisci usare esche pi\u00f9 leggere, la versatilit\u00e0 dei modelli leggeri permette di pescare con esche topwater o gomme anche spiombate, mentre i modelli pi\u00f9 potenti sono sbalorditivi quando si lanciano esche pi\u00f9 grandi a distanze estreme e si lavora sodo.<\/p>\n<p><strong>Disponibile nei seguenti modelli:<\/strong><\/p>\n<table style=\"height: 72px; width: 100%; border-collapse: collapse; border-color: #000000;\" border=\"2\">\n<tbody>\n<tr style=\"height: 24px;\">\n<td style=\"width: 16.6667%; height: 24px; text-align: center;\"><strong>Modello<\/strong><\/td>\n<td style=\"width: 16.6667%; height: 24px; text-align: center;\"><strong>Lunghezza<\/strong><\/td>\n<td style=\"width: 16.6667%; height: 24px; text-align: center;\"><strong>Potenza<\/strong><\/td>\n<td style=\"width: 16.6667%; height: 24px; text-align: center;\"><strong>Ingombro<\/strong><\/td>\n<td style=\"width: 16.6667%; height: 24px; text-align: center;\"><strong>Peso<\/strong><\/td>\n<td style=\"width: 16.6667%; height: 24px; text-align: center;\"><strong>N\u00b0 Sezioni<\/strong><\/td>\n<\/tr>\n<tr style=\"height: 24px;\">\n<td style=\"width: 16.6667%; height: 24px; text-align: center;\"><strong>23DLNS76ML<\/strong><\/td>\n<td style=\"width: 16.6667%; height: 24px; text-align: center;\">7,6ft &#8211; 2,29m<\/td>\n<td style=\"width: 16.6667%; height: 24px; text-align: center;\">6-28g<\/td>\n<td style=\"width: 16.6667%; height: 24px; text-align: center;\">118cm<\/td>\n<td style=\"width: 16.6667%; height: 24px; text-align: center;\">105g<\/td>\n<td style=\"width: 16.6667%; height: 24px; text-align: center;\">2<\/td>\n<\/tr>\n<tr style=\"height: 24px;\">\n<td style=\"width: 16.6667%; height: 24px; text-align: center;\"><strong>23DLNS76M<\/strong><\/td>\n<td style=\"width: 16.6667%; height: 24px; text-align: center;\">7,6ft &#8211; 2,29m<\/td>\n<td style=\"width: 16.6667%; height: 24px; text-align: center;\">7-35g<\/td>\n<td style=\"width: 16.6667%; height: 24px; text-align: center;\">118cm<\/td>\n<td style=\"width: 16.6667%; height: 24px; text-align: center;\">111g<\/td>\n<td style=\"width: 16.6667%; height: 24px; text-align: center;\">2<\/td>\n<\/tr>\n<\/tbody>\n<\/table>\n<p>.<br \/>\n<strong><span style=\"color: #ff0000;\">DUE ANNI DI GARANZIA<\/span><br \/>\n<span style=\"color: #ff0000;\">Da oggi per avere il TERZO ANNO DI GARANZIA, collegati al nuovo portale e registra il tuo prodotto su:<\/span><br \/>\n<span style=\"color: #000000; background-color: #ffff00;\"><a style=\"color: #000000; background-color: #ffff00;\" href=\"http:\/\/www.shimanofishnetwork.it\/garanzia\/sign_in\">http:\/\/www.shimanofishnetwork.it\/garanzia\/sign_in<\/a><\/span><\/strong><\/p>\n","protected":false},"excerpt":{"rendered":"<p>La DIALUNA \u00e8 una canna da spigola premium selezionata dalla famosa gamma SHIMANO JDM. Con incredibili prestazioni di lancio a lunga distanza, il design di alta qualit\u00e0 e tecnologicamente avanzato si combinano per offrire una delle canne pi\u00f9 versatili della gamma SHIMANO. Se stai cercando una canna da spigola di alta qualit\u00e0 che faccia tutto [&hellip;]<\/p>\n","protected":false},"featured_media":93592,"comment_status":"closed","ping_status":"closed","template":"","meta":[],"product_cat":[289],"product_tag":[1023],"yoast_head":"<!-- This site is optimized with the Yoast SEO plugin v15.3 - https:\/\/yoast.com\/wordpress\/plugins\/seo\/ -->\n<title>Canna Dialuna Spinning Inshore - Shimano - Pesca Fish<\/title>\n<meta name=\"robots\" content=\"index, follow, max-snippet:-1, max-image-preview:large, max-video-preview:-1\" \/>\n<link rel=\"canonical\" href=\"https:\/\/www.pescafish.it\/new\/prodotto\/canna-dialuna-spinning-inshore-shimano\/\" \/>\n<meta property=\"og:locale\" content=\"it_IT\" \/>\n<meta property=\"og:type\" content=\"article\" \/>\n<meta property=\"og:title\" content=\"Canna Dialuna Spinning Inshore - Shimano - Pesca Fish\" \/>\n<meta property=\"og:description\" content=\"La DIALUNA \u00e8 una canna da spigola premium selezionata dalla famosa gamma SHIMANO JDM. Con incredibili prestazioni di lancio a lunga distanza, il design di alta qualit\u00e0 e tecnologicamente avanzato si combinano per offrire una delle canne pi\u00f9 versatili della gamma SHIMANO. Se stai cercando una canna da spigola di alta qualit\u00e0 che faccia tutto [&hellip;]\" \/>\n<meta property=\"og:url\" content=\"https:\/\/www.pescafish.it\/new\/prodotto\/canna-dialuna-spinning-inshore-shimano\/\" \/>\n<meta property=\"og:site_name\" content=\"Pesca Fish\" \/>\n<meta property=\"article:publisher\" content=\"https:\/\/www.facebook.com\/pescafishvr\/\" \/>\n<meta property=\"article:modified_time\" content=\"2024-03-30T14:45:00+00:00\" \/>\n<meta property=\"og:image\" content=\"https:\/\/www.pescafish.it\/new\/wp-content\/uploads\/2024\/01\/dialuna-spinning-inshore.jpg\" \/>\n\t<meta property=\"og:image:width\" content=\"1000\" \/>\n\t<meta property=\"og:image:height\" content=\"1000\" \/>\n<meta name=\"twitter:card\" content=\"summary_large_image\" \/>\n<meta name=\"twitter:label1\" content=\"Scritto da\">\n\t<meta name=\"twitter:data1\" content=\"francesca\">\n\t<meta name=\"twitter:label2\" content=\"Tempo di lettura stimato\">\n\t<meta name=\"twitter:data2\" content=\"1 minuto\">\n<script type=\"application\/ld+json\" class=\"yoast-schema-graph\">{\"@context\":\"https:\/\/schema.org\",\"@graph\":[{\"@type\":\"WebSite\",\"@id\":\"https:\/\/www.pescafish.it\/new\/#website\",\"url\":\"https:\/\/www.pescafish.it\/new\/\",\"name\":\"Pesca Fish\",\"description\":\"Benvenuti sul nostro sito!\",\"potentialAction\":[{\"@type\":\"SearchAction\",\"target\":\"https:\/\/www.pescafish.it\/new\/?s={search_term_string}\",\"query-input\":\"required name=search_term_string\"}],\"inLanguage\":\"it-IT\"},{\"@type\":\"ImageObject\",\"@id\":\"https:\/\/www.pescafish.it\/new\/prodotto\/canna-dialuna-spinning-inshore-shimano\/#primaryimage\",\"inLanguage\":\"it-IT\",\"url\":\"https:\/\/www.pescafish.it\/new\/wp-content\/uploads\/2024\/01\/dialuna-spinning-inshore.jpg\",\"width\":1000,\"height\":1000,\"caption\":\"dialuna spinning inshore shimano\"},{\"@type\":\"WebPage\",\"@id\":\"https:\/\/www.pescafish.it\/new\/prodotto\/canna-dialuna-spinning-inshore-shimano\/#webpage\",\"url\":\"https:\/\/www.pescafish.it\/new\/prodotto\/canna-dialuna-spinning-inshore-shimano\/\",\"name\":\"Canna Dialuna Spinning Inshore - Shimano - Pesca Fish\",\"isPartOf\":{\"@id\":\"https:\/\/www.pescafish.it\/new\/#website\"},\"primaryImageOfPage\":{\"@id\":\"https:\/\/www.pescafish.it\/new\/prodotto\/canna-dialuna-spinning-inshore-shimano\/#primaryimage\"},\"datePublished\":\"2024-01-19T14:59:11+00:00\",\"dateModified\":\"2024-03-30T14:45:00+00:00\",\"inLanguage\":\"it-IT\",\"potentialAction\":[{\"@type\":\"ReadAction\",\"target\":[\"https:\/\/www.pescafish.it\/new\/prodotto\/canna-dialuna-spinning-inshore-shimano\/\"]}]}]}<\/script>\n<!-- \/ Yoast SEO plugin. -->","_links":{"self":[{"href":"https:\/\/www.pescafish.it\/new\/wp-json\/wp\/v2\/product\/93591"}],"collection":[{"href":"https:\/\/www.pescafish.it\/new\/wp-json\/wp\/v2\/product"}],"about":[{"href":"https:\/\/www.pescafish.it\/new\/wp-json\/wp\/v2\/types\/product"}],"replies":[{"embeddable":true,"href":"https:\/\/www.pescafish.it\/new\/wp-json\/wp\/v2\/comments?post=93591"}],"wp:featuredmedia":[{"embeddable":true,"href":"https:\/\/www.pescafish.it\/new\/wp-json\/wp\/v2\/media\/93592"}],"wp:attachment":[{"href":"https:\/\/www.pescafish.it\/new\/wp-json\/wp\/v2\/media?parent=93591"}],"wp:term":[{"taxonomy":"product_cat","embeddable":true,"href":"https:\/\/www.pescafish.it\/new\/wp-json\/wp\/v2\/product_cat?post=93591"},{"taxonomy":"product_tag","embeddable":true,"href":"https:\/\/www.pescafish.it\/new\/wp-json\/wp\/v2\/product_tag?post=93591"}],"curies":[{"name":"wp","href":"https:\/\/api.w.org\/{rel}","templated":true}]}}