{"id":93394,"date":"2024-01-12T19:22:44","date_gmt":"2024-01-12T18:22:44","guid":{"rendered":"https:\/\/www.pescafish.it\/new\/?post_type=product&#038;p=93394"},"modified":"2025-02-08T19:01:20","modified_gmt":"2025-02-08T18:01:20","slug":"23-fuego-lt-daiwa","status":"publish","type":"product","link":"https:\/\/www.pescafish.it\/new\/prodotto\/23-fuego-lt-daiwa\/","title":{"rendered":"23 Fuego LT &#8211; Daiwa"},"content":{"rendered":"<h2>23 Fuego LT<\/h2>\n<p>Il mulinello FUEGO \u00e8 ora ancora pi\u00f9 leggero, piacevole nell\u2019utilizzo, sensibile e reattivo durante l\u2019azione di pesca.<\/p>\n<p><strong>AIRDRIVE DESIGN<\/strong>: un nuovo standard qualitativo.<\/p>\n<p>Rotore e archetto del nuovo Fuego sono di tipo\u00a0<strong>AIRDRIVE<\/strong>: totalmente nuovi e progettati per limitare al minimo l\u2019inerzia di rotazione. Grazie alla nuova struttura, il rotore (costruito in\u00a0<strong>ZAION V<\/strong>, speciale composito del carbonio) \u00e8 ora pi\u00f9 leggero del 40% ma ancora pi\u00f9 resistente. Questo si traduce in una rotazione ancora pi\u00f9 fluida, con inerzia ridotta e capace di conferire maggiore controllo al movimento dell\u2019esca durante il recupero.<\/p>\n<p>L\u2019archetto inoltre \u00e8 ora studiato per migliorare le performance anti-tangle: i grovigli si riducono al minimo, grazie alla conformazione dell\u2019archetto che consente alla lenza di scivolare e tornare nella corretta posizione in un batter d\u2019occhio. Caratteristica ulteriormente facilitata anche dal nuovo rullino guidafilo\u00a0<strong>Twist Buster 3<\/strong>, dotato di scanalatura aggiuntiva in grado di tenere meglio in posizione il filo.<\/p>\n<p>Tecnologia Magsealed<\/p>\n<p>Una speciale membrana di olio magnetizzato, tecnologia esclusiva di Daiwa, protegge la meccanica interna, riducendo la penetrazione di sporco e salsedine all\u2019interno del corpo. Una protezione efficace per migliorare la durabilit\u00e0 del mulinello, soprattutto per chi pesca in ambiente marino.<\/p>\n<p>Nuova frizione\u00a0<strong>ATD \u2013 L<\/strong><\/p>\n<p>Il nuovo Fuego \u00e8 dotato di Automatic Tournament Drag Type \u2013 L, una frizione di nuova generazione, ancora pi\u00f9 progressiva e precisa rispetto al passato.<\/p>\n<p>Il vasto assortimento di taglie (da 1000 a 6000), unitamente a robustezza, compattezza e resistenza alla salsedine rendono il Fuego il mulinello ideale per le pi\u00f9 disparate tecniche di pesca, comprese quelle gravose in acqua salata.<\/p>\n<p><strong>Disponibili nelle seguenti varianti:<\/strong><\/p>\n<table style=\"height: 244px; width: 92.3841%; border-collapse: collapse;\" border=\"1\">\n<tbody>\n<tr style=\"height: 24px;\">\n<td style=\"width: 16.6667%; height: 24px;\"><strong>Codice<\/strong><\/td>\n<td style=\"width: 16.6667%; height: 24px;\"><strong>Cuscinetti<\/strong><\/td>\n<td style=\"width: 16.6667%; height: 24px;\"><strong>Frizione (kg)<\/strong><\/td>\n<td style=\"width: 16.6667%; height: 24px;\"><strong>Rapporto Di Recupero<\/strong><\/td>\n<td style=\"width: 16.6667%; height: 24px;\"><strong>Capacit\u00e0 Di<\/strong>\u00a0<strong>Bobina Nylon<\/strong><\/td>\n<td style=\"width: 16.6667%; height: 24px;\"><strong>Peso (gr)<\/strong><\/td>\n<\/tr>\n<tr style=\"height: 24px;\">\n<td style=\"width: 16.6667%; height: 24px;\"><strong>23FUELT1000D<\/strong><\/td>\n<td style=\"width: 16.6667%; height: 24px;\">6<\/td>\n<td style=\"width: 16.6667%; height: 24px;\">5<\/td>\n<td style=\"width: 16.6667%; height: 24px;\">5,2:1 \/ 64cm<\/td>\n<td style=\"width: 16.6667%; height: 24px;\">150 m \u2300 20<\/td>\n<td style=\"width: 16.6667%; height: 24px;\">175<\/td>\n<\/tr>\n<tr style=\"height: 23px;\">\n<td style=\"width: 16.6667%; height: 23px;\"><strong>23FUELT1000DXH<br \/>\n<\/strong><\/td>\n<td style=\"width: 16.6667%; height: 23px;\">6<\/td>\n<td style=\"width: 16.6667%; height: 23px;\">5<\/td>\n<td style=\"width: 16.6667%; height: 23px;\">6,2:1 \/ 77cm<\/td>\n<td style=\"width: 16.6667%; height: 23px;\">150 m \u2300 20<\/td>\n<td style=\"width: 16.6667%; height: 23px;\">175<\/td>\n<\/tr>\n<tr style=\"height: 24px;\">\n<td style=\"width: 16.6667%; height: 24px;\"><strong>23FUELT4000C<\/strong><\/td>\n<td style=\"width: 16.6667%; height: 24px;\">6<\/td>\n<td style=\"width: 16.6667%; height: 24px;\">12<\/td>\n<td style=\"width: 16.6667%; height: 24px;\">5,2:1 \/ 82cm<\/td>\n<td style=\"width: 16.6667%; height: 24px;\">150m \u00d8 28<\/td>\n<td style=\"width: 16.6667%; height: 24px;\">230<\/td>\n<\/tr>\n<tr style=\"height: 24px;\">\n<td style=\"width: 16.6667%; height: 24px;\"><strong>23FUELT4000CXH<\/strong><\/td>\n<td style=\"width: 16.6667%; height: 24px;\">6<\/td>\n<td style=\"width: 16.6667%; height: 24px;\">12<\/td>\n<td style=\"width: 16.6667%; height: 24px;\">6,2:1 \/ 99cm<\/td>\n<td style=\"width: 16.6667%; height: 24px;\">150m \u00d8 28<\/td>\n<td style=\"width: 16.6667%; height: 24px;\">230<\/td>\n<\/tr>\n<tr style=\"height: 24px;\">\n<td style=\"width: 16.6667%; height: 24px;\"><strong>23FUELT5000CXH<\/strong><\/td>\n<td style=\"width: 16.6667%; height: 24px;\">6<\/td>\n<td style=\"width: 16.6667%; height: 24px;\">12<\/td>\n<td style=\"width: 16.6667%; height: 24px;\">6,2:1 \/ 105cm<\/td>\n<td style=\"width: 16.6667%; height: 24px;\">150m \u00d8 37<\/td>\n<td style=\"width: 16.6667%; height: 24px;\">240<\/td>\n<\/tr>\n<tr style=\"height: 23px;\">\n<td style=\"width: 16.6667%; height: 23px;\"><strong>23FUELT2500<\/strong><\/td>\n<td style=\"width: 16.6667%; height: 23px;\">6<\/td>\n<td style=\"width: 16.6667%; height: 23px;\">10<\/td>\n<td style=\"width: 16.6667%; height: 23px;\">5,3:1 \/ 75cm<\/td>\n<td style=\"width: 16.6667%; height: 23px;\">150m \u00d8 20<\/td>\n<td style=\"width: 16.6667%; height: 23px;\">195<\/td>\n<\/tr>\n<tr style=\"height: 23px;\">\n<td style=\"width: 16.6667%; height: 23px;\"><strong>23FUELT2500XH<\/strong><\/td>\n<td style=\"width: 16.6667%; height: 23px;\">6<\/td>\n<td style=\"width: 16.6667%; height: 23px;\">10<\/td>\n<td style=\"width: 16.6667%; height: 23px;\">6,2:1 \/ 87cm<\/td>\n<td style=\"width: 16.6667%; height: 23px;\">150m \u00d8 20<\/td>\n<td style=\"width: 16.6667%; height: 23px;\">195<\/td>\n<\/tr>\n<tr style=\"height: 23px;\">\n<td style=\"width: 16.6667%; height: 23px;\"><strong>23FUELT3000CXH<\/strong><\/td>\n<td style=\"width: 16.6667%; height: 23px;\">6<\/td>\n<td style=\"width: 16.6667%; height: 23px;\">10<\/td>\n<td style=\"width: 16.6667%; height: 23px;\">6,2:1 \/ 93cm<\/td>\n<td style=\"width: 16.6667%; height: 23px;\">150m \u00d8 23<\/td>\n<td style=\"width: 16.6667%; height: 23px;\">205<\/td>\n<\/tr>\n<tr>\n<td style=\"width: 16.6667%;\"><strong>23FUELT2000D<\/strong><\/td>\n<td style=\"width: 16.6667%;\">6<\/td>\n<td style=\"width: 16.6667%;\">5<\/td>\n<td style=\"width: 16.6667%;\">5,2:1 \/ 68cm<\/td>\n<td style=\"width: 16.6667%;\">150 m \u2300 23<\/td>\n<td style=\"width: 16.6667%;\">180<\/td>\n<\/tr>\n<tr>\n<td style=\"width: 16.6667%;\"><strong>23FUELT2000SXH<\/strong><\/td>\n<td style=\"width: 16.6667%;\">6<\/td>\n<td style=\"width: 16.6667%;\">5<\/td>\n<td style=\"width: 16.6667%;\">6,2:1 \/ 81cm<\/td>\n<td style=\"width: 16.6667%;\">150m \u00d8 14<\/td>\n<td style=\"width: 16.6667%;\">180<\/td>\n<\/tr>\n<tr>\n<td style=\"width: 16.6667%;\"><strong>23FUELT5000C<\/strong><\/td>\n<td style=\"width: 16.6667%;\">6<\/td>\n<td style=\"width: 16.6667%;\">12<\/td>\n<td style=\"width: 16.6667%;\">5,2:1 \/ 87cm<\/td>\n<td style=\"width: 16.6667%;\">150m \u00d8 37<\/td>\n<td style=\"width: 16.6667%;\">240<\/td>\n<\/tr>\n<tr>\n<td style=\"width: 16.6667%;\"><strong>23FUELT6000D<\/strong><\/td>\n<td style=\"width: 16.6667%;\">6<\/td>\n<td style=\"width: 16.6667%;\">12<\/td>\n<td style=\"width: 16.6667%;\">5,1:1 \/ 92cm<\/td>\n<td style=\"width: 16.6667%;\">150m \u00d8 43<\/td>\n<td style=\"width: 16.6667%;\">315<\/td>\n<\/tr>\n<\/tbody>\n<\/table>\n","protected":false},"excerpt":{"rendered":"<p>23 Fuego LT Il mulinello FUEGO \u00e8 ora ancora pi\u00f9 leggero, piacevole nell\u2019utilizzo, sensibile e reattivo durante l\u2019azione di pesca. AIRDRIVE DESIGN: un nuovo standard qualitativo. Rotore e archetto del nuovo Fuego sono di tipo\u00a0AIRDRIVE: totalmente nuovi e progettati per limitare al minimo l\u2019inerzia di rotazione. Grazie alla nuova struttura, il rotore (costruito in\u00a0ZAION V, [&hellip;]<\/p>\n","protected":false},"featured_media":93396,"comment_status":"closed","ping_status":"closed","template":"","meta":[],"product_cat":[351],"product_tag":[1051],"yoast_head":"<!-- This site is optimized with the Yoast SEO plugin v15.3 - https:\/\/yoast.com\/wordpress\/plugins\/seo\/ -->\n<title>23 Fuego LT - Daiwa - Pesca Fish<\/title>\n<meta name=\"robots\" content=\"index, follow, max-snippet:-1, max-image-preview:large, max-video-preview:-1\" \/>\n<link rel=\"canonical\" href=\"https:\/\/www.pescafish.it\/new\/prodotto\/23-fuego-lt-daiwa\/\" \/>\n<meta property=\"og:locale\" content=\"it_IT\" \/>\n<meta property=\"og:type\" content=\"article\" \/>\n<meta property=\"og:title\" content=\"23 Fuego LT - Daiwa - Pesca Fish\" \/>\n<meta property=\"og:description\" content=\"23 Fuego LT Il mulinello FUEGO \u00e8 ora ancora pi\u00f9 leggero, piacevole nell\u2019utilizzo, sensibile e reattivo durante l\u2019azione di pesca. AIRDRIVE DESIGN: un nuovo standard qualitativo. Rotore e archetto del nuovo Fuego sono di tipo\u00a0AIRDRIVE: totalmente nuovi e progettati per limitare al minimo l\u2019inerzia di rotazione. Grazie alla nuova struttura, il rotore (costruito in\u00a0ZAION V, [&hellip;]\" \/>\n<meta property=\"og:url\" content=\"https:\/\/www.pescafish.it\/new\/prodotto\/23-fuego-lt-daiwa\/\" \/>\n<meta property=\"og:site_name\" content=\"Pesca Fish\" \/>\n<meta property=\"article:publisher\" content=\"https:\/\/www.facebook.com\/pescafishvr\/\" \/>\n<meta property=\"article:modified_time\" content=\"2025-02-08T18:01:20+00:00\" \/>\n<meta property=\"og:image\" content=\"https:\/\/www.pescafish.it\/new\/wp-content\/uploads\/2024\/01\/FUEGO-LT-23.jpg\" \/>\n\t<meta property=\"og:image:width\" content=\"1287\" \/>\n\t<meta property=\"og:image:height\" content=\"1287\" \/>\n<meta name=\"twitter:card\" content=\"summary_large_image\" \/>\n<meta name=\"twitter:label1\" content=\"Scritto da\">\n\t<meta name=\"twitter:data1\" content=\"francesca\">\n\t<meta name=\"twitter:label2\" content=\"Tempo di lettura stimato\">\n\t<meta name=\"twitter:data2\" content=\"1 minuto\">\n<script type=\"application\/ld+json\" class=\"yoast-schema-graph\">{\"@context\":\"https:\/\/schema.org\",\"@graph\":[{\"@type\":\"WebSite\",\"@id\":\"https:\/\/www.pescafish.it\/new\/#website\",\"url\":\"https:\/\/www.pescafish.it\/new\/\",\"name\":\"Pesca Fish\",\"description\":\"Benvenuti sul nostro sito!\",\"potentialAction\":[{\"@type\":\"SearchAction\",\"target\":\"https:\/\/www.pescafish.it\/new\/?s={search_term_string}\",\"query-input\":\"required name=search_term_string\"}],\"inLanguage\":\"it-IT\"},{\"@type\":\"ImageObject\",\"@id\":\"https:\/\/www.pescafish.it\/new\/prodotto\/23-fuego-lt-daiwa\/#primaryimage\",\"inLanguage\":\"it-IT\",\"url\":\"https:\/\/www.pescafish.it\/new\/wp-content\/uploads\/2024\/01\/FUEGO-LT-23.jpg\",\"width\":1287,\"height\":1287,\"caption\":\"Daiwa\"},{\"@type\":\"WebPage\",\"@id\":\"https:\/\/www.pescafish.it\/new\/prodotto\/23-fuego-lt-daiwa\/#webpage\",\"url\":\"https:\/\/www.pescafish.it\/new\/prodotto\/23-fuego-lt-daiwa\/\",\"name\":\"23 Fuego LT - Daiwa - Pesca Fish\",\"isPartOf\":{\"@id\":\"https:\/\/www.pescafish.it\/new\/#website\"},\"primaryImageOfPage\":{\"@id\":\"https:\/\/www.pescafish.it\/new\/prodotto\/23-fuego-lt-daiwa\/#primaryimage\"},\"datePublished\":\"2024-01-12T18:22:44+00:00\",\"dateModified\":\"2025-02-08T18:01:20+00:00\",\"inLanguage\":\"it-IT\",\"potentialAction\":[{\"@type\":\"ReadAction\",\"target\":[\"https:\/\/www.pescafish.it\/new\/prodotto\/23-fuego-lt-daiwa\/\"]}]}]}<\/script>\n<!-- \/ Yoast SEO plugin. -->","_links":{"self":[{"href":"https:\/\/www.pescafish.it\/new\/wp-json\/wp\/v2\/product\/93394"}],"collection":[{"href":"https:\/\/www.pescafish.it\/new\/wp-json\/wp\/v2\/product"}],"about":[{"href":"https:\/\/www.pescafish.it\/new\/wp-json\/wp\/v2\/types\/product"}],"replies":[{"embeddable":true,"href":"https:\/\/www.pescafish.it\/new\/wp-json\/wp\/v2\/comments?post=93394"}],"wp:featuredmedia":[{"embeddable":true,"href":"https:\/\/www.pescafish.it\/new\/wp-json\/wp\/v2\/media\/93396"}],"wp:attachment":[{"href":"https:\/\/www.pescafish.it\/new\/wp-json\/wp\/v2\/media?parent=93394"}],"wp:term":[{"taxonomy":"product_cat","embeddable":true,"href":"https:\/\/www.pescafish.it\/new\/wp-json\/wp\/v2\/product_cat?post=93394"},{"taxonomy":"product_tag","embeddable":true,"href":"https:\/\/www.pescafish.it\/new\/wp-json\/wp\/v2\/product_tag?post=93394"}],"curies":[{"name":"wp","href":"https:\/\/api.w.org\/{rel}","templated":true}]}}