{"id":93384,"date":"2024-01-12T19:00:16","date_gmt":"2024-01-12T18:00:16","guid":{"rendered":"https:\/\/www.pescafish.it\/new\/?post_type=product&#038;p=93384"},"modified":"2024-06-17T18:06:37","modified_gmt":"2024-06-17T16:06:37","slug":"23-exceler-lt-daiwa","status":"publish","type":"product","link":"https:\/\/www.pescafish.it\/new\/prodotto\/23-exceler-lt-daiwa\/","title":{"rendered":"23 Exceler LT &#8211; Daiwa"},"content":{"rendered":"<h2>23 Exceler LT<\/h2>\n<p>L\u2019ultima generazione del mulinello EXCELER LT si rinnova radicalmente: la struttura \u00e8 stata ridisegnata per migliorare sia prestazioni che affidabilit\u00e0. Sia corpo che rotore sono sempre costruiti nell\u2019esclusivo composito del carbonio Daiwa, lo\u00a0<strong>ZAION V<\/strong>, ma completamente riprogettati per offrire ancora pi\u00f9 leggerezza, scorrevolezza e resistenza.<\/p>\n<p>Il rotore \u00e8 ora di tipo\u00a0<strong>AIRDRIVE<\/strong>: grazie ad una riduzione del peso delle masse rotanti ed al design aerodinamico di ispirazione sferica, il nuovo Exceler consente di avere un feeling e una sensibilit\u00e0 superiore durante il recupero, grazie alla riduzione dell\u2019inerzia.<\/p>\n<p>Il nuovo archetto\u00a0<strong>AIRDRIVE solid<\/strong>\u00a0ha una una conformazione studiata per evitare la formazione di grovigli anche quando la lenza ha scarsa tensione. Inoltre \u00e8 pi\u00f9 leggero ma al contempo pi\u00f9 resistente rispetto alla vecchia generazione.<\/p>\n<p>La nuova frizione\u00a0<strong>ATD-L<\/strong>\u00a0rende il recupero ancora pi\u00f9 sicuro: la maggiore progressivit\u00e0 riduce il rischio di slamate ed aiuta a gestire meglio fili sottili.<\/p>\n<p><strong>Disponibile nelle seguenti varianti:<\/strong><\/p>\n<table style=\"height: 216px; width: 100%; border-collapse: collapse;\" border=\"1\">\n<tbody>\n<tr style=\"height: 24px;\">\n<td style=\"width: 14.2857%; height: 24px;\"><strong>Codice<\/strong><\/td>\n<td style=\"width: 14.2857%; height: 24px;\"><strong>Cuscinetti<\/strong><\/td>\n<td style=\"width: 14.2857%; height: 24px;\"><strong>Frizione (kg)<\/strong><\/td>\n<td style=\"width: 14.2857%; height: 24px;\"><strong>Rapporto<\/strong>\u00a0<strong>Di Recupero<\/strong><\/td>\n<td style=\"width: 14.2857%; height: 24px;\"><strong>Capacit\u00e0 Bob<\/strong>\u00a0<strong>Nylon<\/strong><\/td>\n<td style=\"width: 14.2857%; height: 24px;\"><strong>Peso (gr)<\/strong><\/td>\n<\/tr>\n<tr style=\"height: 24px;\">\n<td style=\"width: 14.2857%; height: 24px;\"><strong>23EXRLT1000D<\/strong><\/td>\n<td style=\"width: 14.2857%; height: 24px;\">5<\/td>\n<td style=\"width: 14.2857%; height: 24px;\">5<\/td>\n<td style=\"width: 14.2857%; height: 24px;\">5,2:1 \/ 64cm<\/td>\n<td style=\"width: 14.2857%; height: 24px;\">150m \u00d8 20<\/td>\n<td style=\"width: 14.2857%; height: 24px;\">175<\/td>\n<\/tr>\n<tr>\n<td style=\"width: 14.2857%;\"><strong>23EXRLT1000DXH<br \/>\n<\/strong><\/td>\n<td style=\"width: 14.2857%;\">5<\/td>\n<td style=\"width: 14.2857%;\">5<\/td>\n<td style=\"width: 14.2857%;\">6,2:1 \/ 77cm<\/td>\n<td style=\"width: 14.2857%;\">150m \u00d8 20<\/td>\n<td style=\"width: 14.2857%;\">175<\/td>\n<\/tr>\n<tr style=\"height: 24px;\">\n<td style=\"width: 14.2857%; height: 24px;\"><strong>23EXRLT2000D<\/strong><\/td>\n<td style=\"width: 14.2857%; height: 24px;\">5<\/td>\n<td style=\"width: 14.2857%; height: 24px;\">5<\/td>\n<td style=\"width: 14.2857%; height: 24px;\">5,2:1 \/ 68cm<\/td>\n<td style=\"width: 14.2857%; height: 24px;\">150m \u00d8 23<\/td>\n<td style=\"width: 14.2857%; height: 24px;\">180<\/td>\n<\/tr>\n<tr style=\"height: 24px;\">\n<td style=\"width: 14.2857%; height: 24px;\"><strong>23EXRLT2000SXH<\/strong><\/td>\n<td style=\"width: 14.2857%; height: 24px;\">5<\/td>\n<td style=\"width: 14.2857%; height: 24px;\">5<\/td>\n<td style=\"width: 14.2857%; height: 24px;\">6,2:1 \/ 81cm<\/td>\n<td style=\"width: 14.2857%; height: 24px;\">150m \u00d8 14<\/td>\n<td style=\"width: 14.2857%; height: 24px;\">180<\/td>\n<\/tr>\n<tr style=\"height: 24px;\">\n<td style=\"width: 14.2857%; height: 24px;\"><strong>23EXRLT2500<\/strong><\/td>\n<td style=\"width: 14.2857%; height: 24px;\">5<\/td>\n<td style=\"width: 14.2857%; height: 24px;\">10<\/td>\n<td style=\"width: 14.2857%; height: 24px;\">5,3:1 \/ 75cm<\/td>\n<td style=\"width: 14.2857%; height: 24px;\">150m \u00d8 20<\/td>\n<td style=\"width: 14.2857%; height: 24px;\">195<\/td>\n<\/tr>\n<tr style=\"height: 24px;\">\n<td style=\"width: 14.2857%; height: 24px;\"><strong>23EXRLT2500XH<\/strong><\/td>\n<td style=\"width: 14.2857%; height: 24px;\">5<\/td>\n<td style=\"width: 14.2857%; height: 24px;\">10<\/td>\n<td style=\"width: 14.2857%; height: 24px;\">6,2:1 \/ 87cm<\/td>\n<td style=\"width: 14.2857%; height: 24px;\">150m \u00d8 20<\/td>\n<td style=\"width: 14.2857%; height: 24px;\">195<\/td>\n<\/tr>\n<tr style=\"height: 24px;\">\n<td style=\"width: 14.2857%; height: 24px;\"><strong>23EXRLT3000C<\/strong><\/td>\n<td style=\"width: 14.2857%; height: 24px;\">5<\/td>\n<td style=\"width: 14.2857%; height: 24px;\">10<\/td>\n<td style=\"width: 14.2857%; height: 24px;\">5,3:1 \/ 80cm<\/td>\n<td style=\"width: 14.2857%; height: 24px;\">150m \u00d8 23<\/td>\n<td style=\"width: 14.2857%; height: 24px;\">200<\/td>\n<\/tr>\n<tr style=\"height: 24px;\">\n<td style=\"width: 14.2857%; height: 24px;\"><strong>23EXRLT3000CXH<\/strong><\/td>\n<td style=\"width: 14.2857%; height: 24px;\">5<\/td>\n<td style=\"width: 14.2857%; height: 24px;\">10<\/td>\n<td style=\"width: 14.2857%; height: 24px;\">6,2:1 \/ 93cm<\/td>\n<td style=\"width: 14.2857%; height: 24px;\">\u00a0150m \u00d8 23<\/td>\n<td style=\"width: 14.2857%; height: 24px;\">200<\/td>\n<\/tr>\n<tr style=\"height: 24px;\">\n<td style=\"width: 14.2857%; height: 24px;\"><strong>23EXRLT4000CXH<\/strong><\/td>\n<td style=\"width: 14.2857%; height: 24px;\">5<\/td>\n<td style=\"width: 14.2857%; height: 24px;\">12<\/td>\n<td style=\"width: 14.2857%; height: 24px;\">6,2:1 \/ 99cm<\/td>\n<td style=\"width: 14.2857%; height: 24px;\">150m \u00d8 28<\/td>\n<td style=\"width: 14.2857%; height: 24px;\">225<\/td>\n<\/tr>\n<\/tbody>\n<\/table>\n","protected":false},"excerpt":{"rendered":"<p>23 Exceler LT L\u2019ultima generazione del mulinello EXCELER LT si rinnova radicalmente: la struttura \u00e8 stata ridisegnata per migliorare sia prestazioni che affidabilit\u00e0. Sia corpo che rotore sono sempre costruiti nell\u2019esclusivo composito del carbonio Daiwa, lo\u00a0ZAION V, ma completamente riprogettati per offrire ancora pi\u00f9 leggerezza, scorrevolezza e resistenza. Il rotore \u00e8 ora di tipo\u00a0AIRDRIVE: grazie [&hellip;]<\/p>\n","protected":false},"featured_media":93385,"comment_status":"closed","ping_status":"closed","template":"","meta":[],"product_cat":[351],"product_tag":[1051],"yoast_head":"<!-- This site is optimized with the Yoast SEO plugin v15.3 - https:\/\/yoast.com\/wordpress\/plugins\/seo\/ -->\n<title>23 Exceler LT - Daiwa - Pesca Fish<\/title>\n<meta name=\"robots\" content=\"index, follow, max-snippet:-1, max-image-preview:large, max-video-preview:-1\" \/>\n<link rel=\"canonical\" href=\"https:\/\/www.pescafish.it\/new\/prodotto\/23-exceler-lt-daiwa\/\" \/>\n<meta property=\"og:locale\" content=\"it_IT\" \/>\n<meta property=\"og:type\" content=\"article\" \/>\n<meta property=\"og:title\" content=\"23 Exceler LT - Daiwa - Pesca Fish\" \/>\n<meta property=\"og:description\" content=\"23 Exceler LT L\u2019ultima generazione del mulinello EXCELER LT si rinnova radicalmente: la struttura \u00e8 stata ridisegnata per migliorare sia prestazioni che affidabilit\u00e0. Sia corpo che rotore sono sempre costruiti nell\u2019esclusivo composito del carbonio Daiwa, lo\u00a0ZAION V, ma completamente riprogettati per offrire ancora pi\u00f9 leggerezza, scorrevolezza e resistenza. Il rotore \u00e8 ora di tipo\u00a0AIRDRIVE: grazie [&hellip;]\" \/>\n<meta property=\"og:url\" content=\"https:\/\/www.pescafish.it\/new\/prodotto\/23-exceler-lt-daiwa\/\" \/>\n<meta property=\"og:site_name\" content=\"Pesca Fish\" \/>\n<meta property=\"article:publisher\" content=\"https:\/\/www.facebook.com\/pescafishvr\/\" \/>\n<meta property=\"article:modified_time\" content=\"2024-06-17T16:06:37+00:00\" \/>\n<meta property=\"og:image\" content=\"https:\/\/www.pescafish.it\/new\/wp-content\/uploads\/2024\/01\/EXCELER-LT-23.jpg\" \/>\n\t<meta property=\"og:image:width\" content=\"1287\" \/>\n\t<meta property=\"og:image:height\" content=\"1287\" \/>\n<meta name=\"twitter:card\" content=\"summary_large_image\" \/>\n<meta name=\"twitter:label1\" content=\"Scritto da\">\n\t<meta name=\"twitter:data1\" content=\"francesca\">\n\t<meta name=\"twitter:label2\" content=\"Tempo di lettura stimato\">\n\t<meta name=\"twitter:data2\" content=\"1 minuto\">\n<script type=\"application\/ld+json\" class=\"yoast-schema-graph\">{\"@context\":\"https:\/\/schema.org\",\"@graph\":[{\"@type\":\"WebSite\",\"@id\":\"https:\/\/www.pescafish.it\/new\/#website\",\"url\":\"https:\/\/www.pescafish.it\/new\/\",\"name\":\"Pesca Fish\",\"description\":\"Benvenuti sul nostro sito!\",\"potentialAction\":[{\"@type\":\"SearchAction\",\"target\":\"https:\/\/www.pescafish.it\/new\/?s={search_term_string}\",\"query-input\":\"required name=search_term_string\"}],\"inLanguage\":\"it-IT\"},{\"@type\":\"ImageObject\",\"@id\":\"https:\/\/www.pescafish.it\/new\/prodotto\/23-exceler-lt-daiwa\/#primaryimage\",\"inLanguage\":\"it-IT\",\"url\":\"https:\/\/www.pescafish.it\/new\/wp-content\/uploads\/2024\/01\/EXCELER-LT-23.jpg\",\"width\":1287,\"height\":1287,\"caption\":\"Daiwa\"},{\"@type\":\"WebPage\",\"@id\":\"https:\/\/www.pescafish.it\/new\/prodotto\/23-exceler-lt-daiwa\/#webpage\",\"url\":\"https:\/\/www.pescafish.it\/new\/prodotto\/23-exceler-lt-daiwa\/\",\"name\":\"23 Exceler LT - Daiwa - Pesca Fish\",\"isPartOf\":{\"@id\":\"https:\/\/www.pescafish.it\/new\/#website\"},\"primaryImageOfPage\":{\"@id\":\"https:\/\/www.pescafish.it\/new\/prodotto\/23-exceler-lt-daiwa\/#primaryimage\"},\"datePublished\":\"2024-01-12T18:00:16+00:00\",\"dateModified\":\"2024-06-17T16:06:37+00:00\",\"inLanguage\":\"it-IT\",\"potentialAction\":[{\"@type\":\"ReadAction\",\"target\":[\"https:\/\/www.pescafish.it\/new\/prodotto\/23-exceler-lt-daiwa\/\"]}]}]}<\/script>\n<!-- \/ Yoast SEO plugin. -->","_links":{"self":[{"href":"https:\/\/www.pescafish.it\/new\/wp-json\/wp\/v2\/product\/93384"}],"collection":[{"href":"https:\/\/www.pescafish.it\/new\/wp-json\/wp\/v2\/product"}],"about":[{"href":"https:\/\/www.pescafish.it\/new\/wp-json\/wp\/v2\/types\/product"}],"replies":[{"embeddable":true,"href":"https:\/\/www.pescafish.it\/new\/wp-json\/wp\/v2\/comments?post=93384"}],"wp:featuredmedia":[{"embeddable":true,"href":"https:\/\/www.pescafish.it\/new\/wp-json\/wp\/v2\/media\/93385"}],"wp:attachment":[{"href":"https:\/\/www.pescafish.it\/new\/wp-json\/wp\/v2\/media?parent=93384"}],"wp:term":[{"taxonomy":"product_cat","embeddable":true,"href":"https:\/\/www.pescafish.it\/new\/wp-json\/wp\/v2\/product_cat?post=93384"},{"taxonomy":"product_tag","embeddable":true,"href":"https:\/\/www.pescafish.it\/new\/wp-json\/wp\/v2\/product_tag?post=93384"}],"curies":[{"name":"wp","href":"https:\/\/api.w.org\/{rel}","templated":true}]}}