{"id":93151,"date":"2024-01-09T10:21:35","date_gmt":"2024-01-09T09:21:35","guid":{"rendered":"https:\/\/www.pescafish.it\/new\/?post_type=product&#038;p=93151"},"modified":"2025-03-29T11:26:05","modified_gmt":"2025-03-29T10:26:05","slug":"23-tournament-japan-bolo-ltd-70-daiwa","status":"publish","type":"product","link":"https:\/\/www.pescafish.it\/new\/prodotto\/23-tournament-japan-bolo-ltd-70-daiwa\/","title":{"rendered":"23 Tournament Japan Bolo LTD 70 &#8211; Daiwa"},"content":{"rendered":"<h2>23 Tournament Japan Bolo LTD 70<\/h2>\n<p>Daiwa Tournament Japan Bolo 70 Limited 2023 \u00e8 quanto di pi\u00f9 meraviglioso tu possa immaginare mentre pensi a una canna bolognese. Daiwa ci ha abituati in molti decenni alla sua eccellenza in questa categoria di canne da pesca ma, con la Tournament Japan Bolo 70 Limited 2023, si \u00e8 davvero superata. L\u2019eterno dilemma nelle canne bolognesi, specialmente in quelle dedicate alle grammature medio leggere, \u00e8 quello tra leggerezza e potenza. Con questa canna Daiwa ha coniugato le due esigenza grazie a tecnologie mai impiegate prima in una bolognese. La prima riguarda la scelta del carbonio ovvero SVF Nanoplus X45 che, grazie all\u2019impiego della nanotecnologia, riesce a donare sensibilit\u00e0 e resistenza maggiori a parit\u00e0 di peso. La vera rivoluzione sta per\u00f2 negli innesti con la tecnologia V-Joint alpha, che estende la tecnologia negli innesti sia alla femmina sia al maschio attraverso un sottilissimo strato di carbonio alto modulo intrecciato. Questo procedimento consente di disperdere gli sforzi tangenziali dell\u2019innesto e ottenere una curvatura priva d\u2019interstizi interni tra i vari pezzi oppure di ovalizzazioni. Il risultato pratico di tutto questo \u00e8 una riduzione del 25% del peso negli innesti e un totale assenza di vibrazioni che donano a questa canna bolognese un precisione straordinaria nella ferrata, nel lancio e nel gestione del galleggiante durante la passata. Daiwa Tournament Japan Bolo 70 Limited 2023 misura 7mt, ha un\u2019azione regular ed \u00e8 adatta a gestire galleggianti da 1g fino a 15g e fili dallo 0,08 al 0,16. Se la pesca a passata di cavedani, barbi e tutti i nostri meravigliosi pesci del piano ti appassiona, questa \u00e8 la canna che hai sempre sognato e il pi\u00f9 bel regalo che tu possa farti! Daiwa Tournament Japan Bolo 70 Limited 2023 \u00e8 Made in Japan e viene venduta nuda con la possibilit\u00e0 di esserepersonalizzata a proprio gusto.<\/p>\n","protected":false},"excerpt":{"rendered":"<p>23 Tournament Japan Bolo LTD 70 Daiwa Tournament Japan Bolo 70 Limited 2023 \u00e8 quanto di pi\u00f9 meraviglioso tu possa immaginare mentre pensi a una canna bolognese. Daiwa ci ha abituati in molti decenni alla sua eccellenza in questa categoria di canne da pesca ma, con la Tournament Japan Bolo 70 Limited 2023, si \u00e8 [&hellip;]<\/p>\n","protected":false},"featured_media":93152,"comment_status":"closed","ping_status":"closed","template":"","meta":[],"product_cat":[87],"product_tag":[1051],"yoast_head":"<!-- This site is optimized with the Yoast SEO plugin v15.3 - https:\/\/yoast.com\/wordpress\/plugins\/seo\/ -->\n<title>23 Tournament Japan Bolo LTD 70 - Daiwa - Pesca Fish<\/title>\n<meta name=\"robots\" content=\"index, follow, max-snippet:-1, max-image-preview:large, max-video-preview:-1\" \/>\n<link rel=\"canonical\" href=\"https:\/\/www.pescafish.it\/new\/prodotto\/23-tournament-japan-bolo-ltd-70-daiwa\/\" \/>\n<meta property=\"og:locale\" content=\"it_IT\" \/>\n<meta property=\"og:type\" content=\"article\" \/>\n<meta property=\"og:title\" content=\"23 Tournament Japan Bolo LTD 70 - Daiwa - Pesca Fish\" \/>\n<meta property=\"og:description\" content=\"23 Tournament Japan Bolo LTD 70 Daiwa Tournament Japan Bolo 70 Limited 2023 \u00e8 quanto di pi\u00f9 meraviglioso tu possa immaginare mentre pensi a una canna bolognese. Daiwa ci ha abituati in molti decenni alla sua eccellenza in questa categoria di canne da pesca ma, con la Tournament Japan Bolo 70 Limited 2023, si \u00e8 [&hellip;]\" \/>\n<meta property=\"og:url\" content=\"https:\/\/www.pescafish.it\/new\/prodotto\/23-tournament-japan-bolo-ltd-70-daiwa\/\" \/>\n<meta property=\"og:site_name\" content=\"Pesca Fish\" \/>\n<meta property=\"article:publisher\" content=\"https:\/\/www.facebook.com\/pescafishvr\/\" \/>\n<meta property=\"article:modified_time\" content=\"2025-03-29T10:26:05+00:00\" \/>\n<meta property=\"og:image\" content=\"https:\/\/www.pescafish.it\/new\/wp-content\/uploads\/2024\/01\/ltd.jpg\" \/>\n\t<meta property=\"og:image:width\" content=\"1287\" \/>\n\t<meta property=\"og:image:height\" content=\"1287\" \/>\n<meta name=\"twitter:card\" content=\"summary_large_image\" \/>\n<meta name=\"twitter:label1\" content=\"Scritto da\">\n\t<meta name=\"twitter:data1\" content=\"francesca\">\n\t<meta name=\"twitter:label2\" content=\"Tempo di lettura stimato\">\n\t<meta name=\"twitter:data2\" content=\"1 minuto\">\n<script type=\"application\/ld+json\" class=\"yoast-schema-graph\">{\"@context\":\"https:\/\/schema.org\",\"@graph\":[{\"@type\":\"WebSite\",\"@id\":\"https:\/\/www.pescafish.it\/new\/#website\",\"url\":\"https:\/\/www.pescafish.it\/new\/\",\"name\":\"Pesca Fish\",\"description\":\"Benvenuti sul nostro sito!\",\"potentialAction\":[{\"@type\":\"SearchAction\",\"target\":\"https:\/\/www.pescafish.it\/new\/?s={search_term_string}\",\"query-input\":\"required name=search_term_string\"}],\"inLanguage\":\"it-IT\"},{\"@type\":\"ImageObject\",\"@id\":\"https:\/\/www.pescafish.it\/new\/prodotto\/23-tournament-japan-bolo-ltd-70-daiwa\/#primaryimage\",\"inLanguage\":\"it-IT\",\"url\":\"https:\/\/www.pescafish.it\/new\/wp-content\/uploads\/2024\/01\/ltd.jpg\",\"width\":1287,\"height\":1287,\"caption\":\"Daiwa\"},{\"@type\":\"WebPage\",\"@id\":\"https:\/\/www.pescafish.it\/new\/prodotto\/23-tournament-japan-bolo-ltd-70-daiwa\/#webpage\",\"url\":\"https:\/\/www.pescafish.it\/new\/prodotto\/23-tournament-japan-bolo-ltd-70-daiwa\/\",\"name\":\"23 Tournament Japan Bolo LTD 70 - Daiwa - Pesca Fish\",\"isPartOf\":{\"@id\":\"https:\/\/www.pescafish.it\/new\/#website\"},\"primaryImageOfPage\":{\"@id\":\"https:\/\/www.pescafish.it\/new\/prodotto\/23-tournament-japan-bolo-ltd-70-daiwa\/#primaryimage\"},\"datePublished\":\"2024-01-09T09:21:35+00:00\",\"dateModified\":\"2025-03-29T10:26:05+00:00\",\"inLanguage\":\"it-IT\",\"potentialAction\":[{\"@type\":\"ReadAction\",\"target\":[\"https:\/\/www.pescafish.it\/new\/prodotto\/23-tournament-japan-bolo-ltd-70-daiwa\/\"]}]}]}<\/script>\n<!-- \/ Yoast SEO plugin. -->","_links":{"self":[{"href":"https:\/\/www.pescafish.it\/new\/wp-json\/wp\/v2\/product\/93151"}],"collection":[{"href":"https:\/\/www.pescafish.it\/new\/wp-json\/wp\/v2\/product"}],"about":[{"href":"https:\/\/www.pescafish.it\/new\/wp-json\/wp\/v2\/types\/product"}],"replies":[{"embeddable":true,"href":"https:\/\/www.pescafish.it\/new\/wp-json\/wp\/v2\/comments?post=93151"}],"wp:featuredmedia":[{"embeddable":true,"href":"https:\/\/www.pescafish.it\/new\/wp-json\/wp\/v2\/media\/93152"}],"wp:attachment":[{"href":"https:\/\/www.pescafish.it\/new\/wp-json\/wp\/v2\/media?parent=93151"}],"wp:term":[{"taxonomy":"product_cat","embeddable":true,"href":"https:\/\/www.pescafish.it\/new\/wp-json\/wp\/v2\/product_cat?post=93151"},{"taxonomy":"product_tag","embeddable":true,"href":"https:\/\/www.pescafish.it\/new\/wp-json\/wp\/v2\/product_tag?post=93151"}],"curies":[{"name":"wp","href":"https:\/\/api.w.org\/{rel}","templated":true}]}}