{"id":92904,"date":"2024-01-04T09:13:47","date_gmt":"2024-01-04T08:13:47","guid":{"rendered":"https:\/\/www.pescafish.it\/new\/?post_type=product&#038;p=92904"},"modified":"2025-12-16T17:41:58","modified_gmt":"2025-12-16T16:41:58","slug":"titan-t1-and-t2-pro-camo-pro-groundsheet-nash","status":"publish","type":"product","link":"https:\/\/www.pescafish.it\/new\/prodotto\/titan-t1-and-t2-pro-camo-pro-groundsheet-nash\/","title":{"rendered":"Titan T1 And T2 Pro\/Camo Pro Groundsheet &#8211; Nash"},"content":{"rendered":"<h2>Titan T1 And T2 Pro\/Camo Pro Groundsheet<\/h2>\n<p>Pavimenti extra resistenti (HD groundsheet) dotati di anelli di ancoraggio utili per 2 differenti scopi ai possessori di Titan Pro e Camo Pro. Il pavimento aggiuntivo HD (HD groundsheet) pu\u00f2 essere posizionato sotto la camera di base interna con rete in PVC per una maggiore protezione dai banchi di ghiaia, una maggiore prevenzione dai danni, oltre che evitare di richiudere la capsula interna ancora bagnata. Inoltre, pu\u00f2 essere utilizzato in tutte quelle sessioni in cui la camera interna non \u00e8 necessaria ma \u00e8 comunque preferibile avere un telo di base. I pavimenti pro (groundsheet pro) sono dotati di un pannello di protezione per la porta con velcro che pu\u00f2 essere ripiegato durante le sessioni pi\u00f9 impegnative e quindi sostituito di notte per prevenire che la porta possa essere strappata via.<\/p>\n<p><strong>Disponibile nelle seguenti varianti:<\/strong><br \/>\n<strong>KNT4238<\/strong>\u00a0 T1 Pro\/Camo Pro<br \/>\n<strong>KNT4239<\/strong>\u00a0 T2 Pro\/Camo Pro<\/p>\n","protected":false},"excerpt":{"rendered":"<p>Titan T1 And T2 Pro\/Camo Pro Groundsheet Pavimenti extra resistenti (HD groundsheet) dotati di anelli di ancoraggio utili per 2 differenti scopi ai possessori di Titan Pro e Camo Pro. Il pavimento aggiuntivo HD (HD groundsheet) pu\u00f2 essere posizionato sotto la camera di base interna con rete in PVC per una maggiore protezione dai banchi [&hellip;]<\/p>\n","protected":false},"featured_media":92905,"comment_status":"closed","ping_status":"closed","template":"","meta":[],"product_cat":[429],"product_tag":[1024],"yoast_head":"<!-- This site is optimized with the Yoast SEO plugin v15.3 - https:\/\/yoast.com\/wordpress\/plugins\/seo\/ -->\n<title>Titan T1 And T2 Pro\/Camo Pro Groundsheet - Nash - Pesca Fish<\/title>\n<meta name=\"robots\" content=\"index, follow, max-snippet:-1, max-image-preview:large, max-video-preview:-1\" \/>\n<link rel=\"canonical\" href=\"https:\/\/www.pescafish.it\/new\/prodotto\/titan-t1-and-t2-pro-camo-pro-groundsheet-nash\/\" \/>\n<meta property=\"og:locale\" content=\"it_IT\" \/>\n<meta property=\"og:type\" content=\"article\" \/>\n<meta property=\"og:title\" content=\"Titan T1 And T2 Pro\/Camo Pro Groundsheet - Nash - Pesca Fish\" \/>\n<meta property=\"og:description\" content=\"Titan T1 And T2 Pro\/Camo Pro Groundsheet Pavimenti extra resistenti (HD groundsheet) dotati di anelli di ancoraggio utili per 2 differenti scopi ai possessori di Titan Pro e Camo Pro. Il pavimento aggiuntivo HD (HD groundsheet) pu\u00f2 essere posizionato sotto la camera di base interna con rete in PVC per una maggiore protezione dai banchi [&hellip;]\" \/>\n<meta property=\"og:url\" content=\"https:\/\/www.pescafish.it\/new\/prodotto\/titan-t1-and-t2-pro-camo-pro-groundsheet-nash\/\" \/>\n<meta property=\"og:site_name\" content=\"Pesca Fish\" \/>\n<meta property=\"article:publisher\" content=\"https:\/\/www.facebook.com\/pescafishvr\/\" \/>\n<meta property=\"article:modified_time\" content=\"2025-12-16T16:41:58+00:00\" \/>\n<meta property=\"og:image\" content=\"https:\/\/www.pescafish.it\/new\/wp-content\/uploads\/2024\/01\/groundsheet_square_2.2e16d0ba.fill-600x600-1.jpg\" \/>\n\t<meta property=\"og:image:width\" content=\"600\" \/>\n\t<meta property=\"og:image:height\" content=\"600\" \/>\n<meta name=\"twitter:card\" content=\"summary_large_image\" \/>\n<meta name=\"twitter:label1\" content=\"Scritto da\">\n\t<meta name=\"twitter:data1\" content=\"francesca\">\n\t<meta name=\"twitter:label2\" content=\"Tempo di lettura stimato\">\n\t<meta name=\"twitter:data2\" content=\"1 minuto\">\n<script type=\"application\/ld+json\" class=\"yoast-schema-graph\">{\"@context\":\"https:\/\/schema.org\",\"@graph\":[{\"@type\":\"WebSite\",\"@id\":\"https:\/\/www.pescafish.it\/new\/#website\",\"url\":\"https:\/\/www.pescafish.it\/new\/\",\"name\":\"Pesca Fish\",\"description\":\"Benvenuti sul nostro sito!\",\"potentialAction\":[{\"@type\":\"SearchAction\",\"target\":\"https:\/\/www.pescafish.it\/new\/?s={search_term_string}\",\"query-input\":\"required name=search_term_string\"}],\"inLanguage\":\"it-IT\"},{\"@type\":\"ImageObject\",\"@id\":\"https:\/\/www.pescafish.it\/new\/prodotto\/titan-t1-and-t2-pro-camo-pro-groundsheet-nash\/#primaryimage\",\"inLanguage\":\"it-IT\",\"url\":\"https:\/\/www.pescafish.it\/new\/wp-content\/uploads\/2024\/01\/groundsheet_square_2.2e16d0ba.fill-600x600-1.jpg\",\"width\":600,\"height\":600,\"caption\":\"Nash\"},{\"@type\":\"WebPage\",\"@id\":\"https:\/\/www.pescafish.it\/new\/prodotto\/titan-t1-and-t2-pro-camo-pro-groundsheet-nash\/#webpage\",\"url\":\"https:\/\/www.pescafish.it\/new\/prodotto\/titan-t1-and-t2-pro-camo-pro-groundsheet-nash\/\",\"name\":\"Titan T1 And T2 Pro\/Camo Pro Groundsheet - Nash - Pesca Fish\",\"isPartOf\":{\"@id\":\"https:\/\/www.pescafish.it\/new\/#website\"},\"primaryImageOfPage\":{\"@id\":\"https:\/\/www.pescafish.it\/new\/prodotto\/titan-t1-and-t2-pro-camo-pro-groundsheet-nash\/#primaryimage\"},\"datePublished\":\"2024-01-04T08:13:47+00:00\",\"dateModified\":\"2025-12-16T16:41:58+00:00\",\"inLanguage\":\"it-IT\",\"potentialAction\":[{\"@type\":\"ReadAction\",\"target\":[\"https:\/\/www.pescafish.it\/new\/prodotto\/titan-t1-and-t2-pro-camo-pro-groundsheet-nash\/\"]}]}]}<\/script>\n<!-- \/ Yoast SEO plugin. -->","_links":{"self":[{"href":"https:\/\/www.pescafish.it\/new\/wp-json\/wp\/v2\/product\/92904"}],"collection":[{"href":"https:\/\/www.pescafish.it\/new\/wp-json\/wp\/v2\/product"}],"about":[{"href":"https:\/\/www.pescafish.it\/new\/wp-json\/wp\/v2\/types\/product"}],"replies":[{"embeddable":true,"href":"https:\/\/www.pescafish.it\/new\/wp-json\/wp\/v2\/comments?post=92904"}],"wp:featuredmedia":[{"embeddable":true,"href":"https:\/\/www.pescafish.it\/new\/wp-json\/wp\/v2\/media\/92905"}],"wp:attachment":[{"href":"https:\/\/www.pescafish.it\/new\/wp-json\/wp\/v2\/media?parent=92904"}],"wp:term":[{"taxonomy":"product_cat","embeddable":true,"href":"https:\/\/www.pescafish.it\/new\/wp-json\/wp\/v2\/product_cat?post=92904"},{"taxonomy":"product_tag","embeddable":true,"href":"https:\/\/www.pescafish.it\/new\/wp-json\/wp\/v2\/product_tag?post=92904"}],"curies":[{"name":"wp","href":"https:\/\/api.w.org\/{rel}","templated":true}]}}