{"id":92822,"date":"2023-12-28T18:28:19","date_gmt":"2023-12-28T17:28:19","guid":{"rendered":"https:\/\/www.pescafish.it\/new\/?post_type=product&#038;p=92822"},"modified":"2026-04-30T09:33:22","modified_gmt":"2026-04-30T07:33:22","slug":"aero-pro-feeder-shimano","status":"publish","type":"product","link":"https:\/\/www.pescafish.it\/new\/prodotto\/aero-pro-feeder-shimano\/","title":{"rendered":"Aero Pro Feeder &#8211; Shimano"},"content":{"rendered":"<p>Le canne da feeder AERO Pro sono sensazionali. Le canne da feeder pi\u00f9 avanzate mai prodotte da SHIMANO e probabilmente pi\u00f9 leggere di tutte le altre concorrenti, le AERO Pro offrono una perfezione senza compromessi a chi ne ha pi\u00f9 bisogno.<br \/>\nSe siete pescatori da competizione che pescano ai massimi livelli, saprete gi\u00e0 che ogni piccolo dettaglio pu\u00f2 fare la differenza. Il margine tra il successo e il fallimento \u00e8 spesso incredibilmente piccolo ed \u00e8 qui che AERO Pro diventa cos\u00ec importante.<br \/>\nQuesta gamma \u00e8 la nostra migliore in assoluto. Contiene una tecnologia che non \u00e8 mai stata utilizzata prima sulle canne da feeder e che vi dar\u00e0 un notevole vantaggio. Lanci pi\u00f9 precisi e pi\u00f9 lunghi, azioni di pesca che ispirano fiducia, aspetto che far\u00e0 invidia alla concorrenza: questa gamma da feeder offre prestazioni senza compromessi e molto altro ancora.<\/p>\n<p><strong>Disponibile nei seguenti modelli:<\/strong><\/p>\n<table style=\"width: 100%; border-collapse: collapse; border-color: #000000;\" border=\"2\">\n<tbody>\n<tr>\n<td style=\"width: 14.2857%; text-align: center;\"><strong>Codice<\/strong><\/td>\n<td style=\"width: 14.2857%; text-align: center;\"><strong>Modello<\/strong><\/td>\n<td style=\"width: 14.2857%; text-align: center;\"><strong>Lunghezza<\/strong><\/td>\n<td style=\"width: 14.2857%; text-align: center;\"><strong>Potenza<\/strong><\/td>\n<td style=\"width: 14.2857%; text-align: center;\"><strong>N\u00b0 sezioni<\/strong><\/td>\n<td style=\"width: 14.2857%; text-align: center;\"><strong>Ingombro<\/strong><\/td>\n<td style=\"width: 14.2857%; text-align: center;\"><strong>Peso<\/strong><\/td>\n<\/tr>\n<tr>\n<td style=\"width: 14.2857%; text-align: center;\">AEPROPRFDR10<\/td>\n<td style=\"width: 14.2857%; text-align: center;\"><strong>Precision 10ft<\/strong><\/td>\n<td style=\"width: 14.2857%; text-align: center;\">10ft<\/td>\n<td style=\"width: 14.2857%; text-align: center;\">60g<\/td>\n<td style=\"width: 14.2857%; text-align: center;\">1 + 3 cime<\/td>\n<td style=\"width: 14.2857%; text-align: center;\">161cm<\/td>\n<td style=\"width: 14.2857%; text-align: center;\">166g<\/td>\n<\/tr>\n<tr>\n<td style=\"width: 14.2857%; text-align: center;\">AEPROPRFDR11<\/td>\n<td style=\"width: 14.2857%; text-align: center;\"><strong>Precision 11ft<\/strong><\/td>\n<td style=\"width: 14.2857%; text-align: center;\">11ft<\/td>\n<td style=\"width: 14.2857%; text-align: center;\">60g<\/td>\n<td style=\"width: 14.2857%; text-align: center;\">1 + 3 cime<\/td>\n<td style=\"width: 14.2857%; text-align: center;\">175cm<\/td>\n<td style=\"width: 14.2857%; text-align: center;\">180g<\/td>\n<\/tr>\n<tr>\n<td style=\"width: 14.2857%; text-align: center;\">AEPRODFDR12<\/td>\n<td style=\"width: 14.2857%; text-align: center;\"><strong>Distance 12ft<\/strong><\/td>\n<td style=\"width: 14.2857%; text-align: center;\">12ft<\/td>\n<td style=\"width: 14.2857%; text-align: center;\">90g<\/td>\n<td style=\"width: 14.2857%; text-align: center;\">1 + 3 cime<\/td>\n<td style=\"width: 14.2857%; text-align: center;\">192cm<\/td>\n<td style=\"width: 14.2857%; text-align: center;\">238g<\/td>\n<\/tr>\n<tr>\n<td style=\"width: 14.2857%; text-align: center;\">AEPRODFDR13<\/td>\n<td style=\"width: 14.2857%; text-align: center;\"><strong>Distance 13ft<\/strong><\/td>\n<td style=\"width: 14.2857%; text-align: center;\">13ft<\/td>\n<td style=\"width: 14.2857%; text-align: center;\">100g<\/td>\n<td style=\"width: 14.2857%; text-align: center;\">2 + 3 cime<\/td>\n<td style=\"width: 14.2857%; text-align: center;\">140cm<\/td>\n<td style=\"width: 14.2857%; text-align: center;\">248g<\/td>\n<\/tr>\n<\/tbody>\n<\/table>\n<p><strong><span style=\"color: #ff0000;\">DUE ANNI DI GARANZIA<\/span><br \/>\n<span style=\"color: #ff0000;\">Da oggi per avere il TERZO ANNO DI GARANZIA, collegati al nuovo portale e registra il tuo prodotto su:<\/span><br \/>\n<span style=\"color: #000000; background-color: #ffff00;\"><a style=\"color: #000000; background-color: #ffff00;\" href=\"http:\/\/www.shimanofishnetwork.it\/garanzia\/sign_in\">http:\/\/www.shimanofishnetwork.it\/garanzia\/sign_in<\/a><\/span><\/strong><\/p>\n","protected":false},"excerpt":{"rendered":"<p>Le canne da feeder AERO Pro sono sensazionali. Le canne da feeder pi\u00f9 avanzate mai prodotte da SHIMANO e probabilmente pi\u00f9 leggere di tutte le altre concorrenti, le AERO Pro offrono una perfezione senza compromessi a chi ne ha pi\u00f9 bisogno. Se siete pescatori da competizione che pescano ai massimi livelli, saprete gi\u00e0 che ogni [&hellip;]<\/p>\n","protected":false},"featured_media":92823,"comment_status":"closed","ping_status":"closed","template":"","meta":[],"product_cat":[312],"product_tag":[1023],"yoast_head":"<!-- This site is optimized with the Yoast SEO plugin v15.3 - https:\/\/yoast.com\/wordpress\/plugins\/seo\/ -->\n<title>Aero Pro Feeder - Shimano - Pesca Fish<\/title>\n<meta name=\"robots\" content=\"index, follow, max-snippet:-1, max-image-preview:large, max-video-preview:-1\" \/>\n<link rel=\"canonical\" href=\"https:\/\/www.pescafish.it\/new\/prodotto\/aero-pro-feeder-shimano\/\" \/>\n<meta property=\"og:locale\" content=\"it_IT\" \/>\n<meta property=\"og:type\" content=\"article\" \/>\n<meta property=\"og:title\" content=\"Aero Pro Feeder - Shimano - Pesca Fish\" \/>\n<meta property=\"og:description\" content=\"Le canne da feeder AERO Pro sono sensazionali. Le canne da feeder pi\u00f9 avanzate mai prodotte da SHIMANO e probabilmente pi\u00f9 leggere di tutte le altre concorrenti, le AERO Pro offrono una perfezione senza compromessi a chi ne ha pi\u00f9 bisogno. Se siete pescatori da competizione che pescano ai massimi livelli, saprete gi\u00e0 che ogni [&hellip;]\" \/>\n<meta property=\"og:url\" content=\"https:\/\/www.pescafish.it\/new\/prodotto\/aero-pro-feeder-shimano\/\" \/>\n<meta property=\"og:site_name\" content=\"Pesca Fish\" \/>\n<meta property=\"article:publisher\" content=\"https:\/\/www.facebook.com\/pescafishvr\/\" \/>\n<meta property=\"article:modified_time\" content=\"2026-04-30T07:33:22+00:00\" \/>\n<meta property=\"og:image\" content=\"https:\/\/www.pescafish.it\/new\/wp-content\/uploads\/2023\/12\/AERO-PRO-FEEDER.jpg\" \/>\n\t<meta property=\"og:image:width\" content=\"900\" \/>\n\t<meta property=\"og:image:height\" content=\"900\" \/>\n<meta name=\"twitter:card\" content=\"summary_large_image\" \/>\n<meta name=\"twitter:label1\" content=\"Scritto da\">\n\t<meta name=\"twitter:data1\" content=\"francesca\">\n\t<meta name=\"twitter:label2\" content=\"Tempo di lettura stimato\">\n\t<meta name=\"twitter:data2\" content=\"1 minuto\">\n<script type=\"application\/ld+json\" class=\"yoast-schema-graph\">{\"@context\":\"https:\/\/schema.org\",\"@graph\":[{\"@type\":\"WebSite\",\"@id\":\"https:\/\/www.pescafish.it\/new\/#website\",\"url\":\"https:\/\/www.pescafish.it\/new\/\",\"name\":\"Pesca Fish\",\"description\":\"Benvenuti sul nostro sito!\",\"potentialAction\":[{\"@type\":\"SearchAction\",\"target\":\"https:\/\/www.pescafish.it\/new\/?s={search_term_string}\",\"query-input\":\"required name=search_term_string\"}],\"inLanguage\":\"it-IT\"},{\"@type\":\"ImageObject\",\"@id\":\"https:\/\/www.pescafish.it\/new\/prodotto\/aero-pro-feeder-shimano\/#primaryimage\",\"inLanguage\":\"it-IT\",\"url\":\"https:\/\/www.pescafish.it\/new\/wp-content\/uploads\/2023\/12\/AERO-PRO-FEEDER.jpg\",\"width\":900,\"height\":900,\"caption\":\"aero pro feeder shimano\"},{\"@type\":\"WebPage\",\"@id\":\"https:\/\/www.pescafish.it\/new\/prodotto\/aero-pro-feeder-shimano\/#webpage\",\"url\":\"https:\/\/www.pescafish.it\/new\/prodotto\/aero-pro-feeder-shimano\/\",\"name\":\"Aero Pro Feeder - Shimano - Pesca Fish\",\"isPartOf\":{\"@id\":\"https:\/\/www.pescafish.it\/new\/#website\"},\"primaryImageOfPage\":{\"@id\":\"https:\/\/www.pescafish.it\/new\/prodotto\/aero-pro-feeder-shimano\/#primaryimage\"},\"datePublished\":\"2023-12-28T17:28:19+00:00\",\"dateModified\":\"2026-04-30T07:33:22+00:00\",\"inLanguage\":\"it-IT\",\"potentialAction\":[{\"@type\":\"ReadAction\",\"target\":[\"https:\/\/www.pescafish.it\/new\/prodotto\/aero-pro-feeder-shimano\/\"]}]}]}<\/script>\n<!-- \/ Yoast SEO plugin. -->","_links":{"self":[{"href":"https:\/\/www.pescafish.it\/new\/wp-json\/wp\/v2\/product\/92822"}],"collection":[{"href":"https:\/\/www.pescafish.it\/new\/wp-json\/wp\/v2\/product"}],"about":[{"href":"https:\/\/www.pescafish.it\/new\/wp-json\/wp\/v2\/types\/product"}],"replies":[{"embeddable":true,"href":"https:\/\/www.pescafish.it\/new\/wp-json\/wp\/v2\/comments?post=92822"}],"wp:featuredmedia":[{"embeddable":true,"href":"https:\/\/www.pescafish.it\/new\/wp-json\/wp\/v2\/media\/92823"}],"wp:attachment":[{"href":"https:\/\/www.pescafish.it\/new\/wp-json\/wp\/v2\/media?parent=92822"}],"wp:term":[{"taxonomy":"product_cat","embeddable":true,"href":"https:\/\/www.pescafish.it\/new\/wp-json\/wp\/v2\/product_cat?post=92822"},{"taxonomy":"product_tag","embeddable":true,"href":"https:\/\/www.pescafish.it\/new\/wp-json\/wp\/v2\/product_tag?post=92822"}],"curies":[{"name":"wp","href":"https:\/\/api.w.org\/{rel}","templated":true}]}}