{"id":91883,"date":"2023-11-06T18:10:19","date_gmt":"2023-11-06T17:10:19","guid":{"rendered":"https:\/\/www.pescafish.it\/new\/?post_type=product&#038;p=91883"},"modified":"2025-07-30T09:31:57","modified_gmt":"2025-07-30T07:31:57","slug":"crank-expert-ck-33b-vanfook","status":"publish","type":"product","link":"https:\/\/www.pescafish.it\/new\/prodotto\/crank-expert-ck-33b-vanfook\/","title":{"rendered":"Crank Expert CK-33B &#8211; Vanfook"},"content":{"rendered":"<h2>Crank Expert CK-33B<\/h2>\n<p>Il CK-33BL \u00e8 un amo con occhiello in linea utilizzato da molti pescatori nel corso degli anni.<br \/>\nCK-33BL \u00e8 un amo singolo dedicato che pu\u00f2 essere utilizzato con una variet\u00e0 di Crankbaits grazie alla sua forma che riduce la ferrata e alla sua vasta gamma di dimensioni. Il rivestimento nero invisibile rende difficile la pressione sui pesci e ha un elevato potere di aggancio. \u00c8 uno dei pochi ami con occhiello in linea e viene utilizzato come un vero e proprio amo installato su molti Crankbaits.<\/p>\n<p><strong>Disponibili nelle seguenti misure:<br \/>\nCK33B-5\u00a0 <\/strong>Size 5<strong><br \/>\nCK33B-6\u00a0 <\/strong>Size 6<strong><br \/>\nCK33B-8<\/strong>\u00a0 Size 8<\/p>\n<p><strong>Confezione da 8 ami<\/strong><\/p>\n","protected":false},"excerpt":{"rendered":"<p>Crank Expert CK-33B Il CK-33BL \u00e8 un amo con occhiello in linea utilizzato da molti pescatori nel corso degli anni. CK-33BL \u00e8 un amo singolo dedicato che pu\u00f2 essere utilizzato con una variet\u00e0 di Crankbaits grazie alla sua forma che riduce la ferrata e alla sua vasta gamma di dimensioni. Il rivestimento nero invisibile rende [&hellip;]<\/p>\n","protected":false},"featured_media":91884,"comment_status":"closed","ping_status":"closed","template":"","meta":[],"product_cat":[1015],"product_tag":[1085],"yoast_head":"<!-- This site is optimized with the Yoast SEO plugin v15.3 - https:\/\/yoast.com\/wordpress\/plugins\/seo\/ -->\n<title>Crank Expert CK-33B - Vanfook - Pesca Fish<\/title>\n<meta name=\"robots\" content=\"index, follow, max-snippet:-1, max-image-preview:large, max-video-preview:-1\" \/>\n<link rel=\"canonical\" href=\"https:\/\/www.pescafish.it\/new\/prodotto\/crank-expert-ck-33b-vanfook\/\" \/>\n<meta property=\"og:locale\" content=\"it_IT\" \/>\n<meta property=\"og:type\" content=\"article\" \/>\n<meta property=\"og:title\" content=\"Crank Expert CK-33B - Vanfook - Pesca Fish\" \/>\n<meta property=\"og:description\" content=\"Crank Expert CK-33B Il CK-33BL \u00e8 un amo con occhiello in linea utilizzato da molti pescatori nel corso degli anni. CK-33BL \u00e8 un amo singolo dedicato che pu\u00f2 essere utilizzato con una variet\u00e0 di Crankbaits grazie alla sua forma che riduce la ferrata e alla sua vasta gamma di dimensioni. Il rivestimento nero invisibile rende [&hellip;]\" \/>\n<meta property=\"og:url\" content=\"https:\/\/www.pescafish.it\/new\/prodotto\/crank-expert-ck-33b-vanfook\/\" \/>\n<meta property=\"og:site_name\" content=\"Pesca Fish\" \/>\n<meta property=\"article:publisher\" content=\"https:\/\/www.facebook.com\/pescafishvr\/\" \/>\n<meta property=\"article:modified_time\" content=\"2025-07-30T07:31:57+00:00\" \/>\n<meta property=\"og:image\" content=\"https:\/\/www.pescafish.it\/new\/wp-content\/uploads\/2023\/11\/3.jpg\" \/>\n\t<meta property=\"og:image:width\" content=\"789\" \/>\n\t<meta property=\"og:image:height\" content=\"794\" \/>\n<meta name=\"twitter:card\" content=\"summary_large_image\" \/>\n<meta name=\"twitter:label1\" content=\"Scritto da\">\n\t<meta name=\"twitter:data1\" content=\"francesca\">\n\t<meta name=\"twitter:label2\" content=\"Tempo di lettura stimato\">\n\t<meta name=\"twitter:data2\" content=\"0 minuti\">\n<script type=\"application\/ld+json\" class=\"yoast-schema-graph\">{\"@context\":\"https:\/\/schema.org\",\"@graph\":[{\"@type\":\"WebSite\",\"@id\":\"https:\/\/www.pescafish.it\/new\/#website\",\"url\":\"https:\/\/www.pescafish.it\/new\/\",\"name\":\"Pesca Fish\",\"description\":\"Benvenuti sul nostro sito!\",\"potentialAction\":[{\"@type\":\"SearchAction\",\"target\":\"https:\/\/www.pescafish.it\/new\/?s={search_term_string}\",\"query-input\":\"required name=search_term_string\"}],\"inLanguage\":\"it-IT\"},{\"@type\":\"ImageObject\",\"@id\":\"https:\/\/www.pescafish.it\/new\/prodotto\/crank-expert-ck-33b-vanfook\/#primaryimage\",\"inLanguage\":\"it-IT\",\"url\":\"https:\/\/www.pescafish.it\/new\/wp-content\/uploads\/2023\/11\/3.jpg\",\"width\":789,\"height\":794,\"caption\":\"Vanfook\"},{\"@type\":\"WebPage\",\"@id\":\"https:\/\/www.pescafish.it\/new\/prodotto\/crank-expert-ck-33b-vanfook\/#webpage\",\"url\":\"https:\/\/www.pescafish.it\/new\/prodotto\/crank-expert-ck-33b-vanfook\/\",\"name\":\"Crank Expert CK-33B - Vanfook - Pesca Fish\",\"isPartOf\":{\"@id\":\"https:\/\/www.pescafish.it\/new\/#website\"},\"primaryImageOfPage\":{\"@id\":\"https:\/\/www.pescafish.it\/new\/prodotto\/crank-expert-ck-33b-vanfook\/#primaryimage\"},\"datePublished\":\"2023-11-06T17:10:19+00:00\",\"dateModified\":\"2025-07-30T07:31:57+00:00\",\"inLanguage\":\"it-IT\",\"potentialAction\":[{\"@type\":\"ReadAction\",\"target\":[\"https:\/\/www.pescafish.it\/new\/prodotto\/crank-expert-ck-33b-vanfook\/\"]}]}]}<\/script>\n<!-- \/ Yoast SEO plugin. -->","_links":{"self":[{"href":"https:\/\/www.pescafish.it\/new\/wp-json\/wp\/v2\/product\/91883"}],"collection":[{"href":"https:\/\/www.pescafish.it\/new\/wp-json\/wp\/v2\/product"}],"about":[{"href":"https:\/\/www.pescafish.it\/new\/wp-json\/wp\/v2\/types\/product"}],"replies":[{"embeddable":true,"href":"https:\/\/www.pescafish.it\/new\/wp-json\/wp\/v2\/comments?post=91883"}],"wp:featuredmedia":[{"embeddable":true,"href":"https:\/\/www.pescafish.it\/new\/wp-json\/wp\/v2\/media\/91884"}],"wp:attachment":[{"href":"https:\/\/www.pescafish.it\/new\/wp-json\/wp\/v2\/media?parent=91883"}],"wp:term":[{"taxonomy":"product_cat","embeddable":true,"href":"https:\/\/www.pescafish.it\/new\/wp-json\/wp\/v2\/product_cat?post=91883"},{"taxonomy":"product_tag","embeddable":true,"href":"https:\/\/www.pescafish.it\/new\/wp-json\/wp\/v2\/product_tag?post=91883"}],"curies":[{"name":"wp","href":"https:\/\/api.w.org\/{rel}","templated":true}]}}