{"id":91593,"date":"2023-10-19T17:00:06","date_gmt":"2023-10-19T15:00:06","guid":{"rendered":"https:\/\/www.pescafish.it\/new\/?post_type=product&#038;p=91593"},"modified":"2023-10-19T17:00:06","modified_gmt":"2023-10-19T15:00:06","slug":"lead-clip-pin-korda","status":"publish","type":"product","link":"https:\/\/www.pescafish.it\/new\/prodotto\/lead-clip-pin-korda\/","title":{"rendered":"Lead Clip Pin &#8211; Korda"},"content":{"rendered":"<h2>Lead Clip Pin<\/h2>\n<p>Il Multi Lead Clip \u00e8 un sistema di piombo universale che pu\u00f2 essere impostato per espellere il piombo come una tradizionale clip per piombo o con lo stile di corsa per confondere le carpe estremamente diffidenti.<\/p>\n<p>DF e i ragazzi Korda che pescano Gigantica ogni anno utilizzano da molti anni questo clip per piombo &#8220;stile corsa&#8221; e ha dimostrato di essere uno dei migliori set-up per allamare le carpe estremamente sotto pressione sul Lago Principale. Il metodo di corsa funziona rimuovendo qualsiasi punto di articolazione che possa aiutare la carpa a espellere l&#8217;amo; il piombo continua a scorrere lungo la lenza principale mentre il pesce tira contro di esso.<\/p>\n<p>Per forzare l&#8217;espulsione del piombo quando si impiglia, utilizzare i perni in dotazione per collegare la girella o il Kwik Link alla clip. Ci\u00f2 bloccher\u00e0 la clip dell&#8217;elettrocatetere in posizione e consentir\u00e0 l&#8217;espulsione dell&#8217;elettrocatetere. Compatibile con tutte le gomme della coda della gamma Korda, ma assicurati che la clip sia bagnata prima di spingerla e, per la sicurezza dei pesci, non spingere mai completamente la gomma della coda.<\/p>\n<p>Per pescare in corsa, non collegare lo Swivel o il Kwik Link, consentendo al piombo di scorrere lungo la lenza principale.<\/p>\n<p><strong>Disponibile nelle seguenti colorazioni:<\/strong><br \/>\n<strong>KLCPG<\/strong>\u00a0 Gravel \/ Clay<br \/>\n<strong>KLCPW<\/strong>\u00a0 Weed \/ Silt<\/p>\n","protected":false},"excerpt":{"rendered":"<p>Lead Clip Pin Il Multi Lead Clip \u00e8 un sistema di piombo universale che pu\u00f2 essere impostato per espellere il piombo come una tradizionale clip per piombo o con lo stile di corsa per confondere le carpe estremamente diffidenti. DF e i ragazzi Korda che pescano Gigantica ogni anno utilizzano da molti anni questo clip [&hellip;]<\/p>\n","protected":false},"featured_media":91595,"comment_status":"closed","ping_status":"closed","template":"","meta":[],"product_cat":[587],"product_tag":[1018],"yoast_head":"<!-- This site is optimized with the Yoast SEO plugin v15.3 - https:\/\/yoast.com\/wordpress\/plugins\/seo\/ -->\n<title>Lead Clip Pin - Korda - Pesca Fish<\/title>\n<meta name=\"robots\" content=\"index, follow, max-snippet:-1, max-image-preview:large, max-video-preview:-1\" \/>\n<link rel=\"canonical\" href=\"https:\/\/www.pescafish.it\/new\/prodotto\/lead-clip-pin-korda\/\" \/>\n<meta property=\"og:locale\" content=\"it_IT\" \/>\n<meta property=\"og:type\" content=\"article\" \/>\n<meta property=\"og:title\" content=\"Lead Clip Pin - Korda - Pesca Fish\" \/>\n<meta property=\"og:description\" content=\"Lead Clip Pin Il Multi Lead Clip \u00e8 un sistema di piombo universale che pu\u00f2 essere impostato per espellere il piombo come una tradizionale clip per piombo o con lo stile di corsa per confondere le carpe estremamente diffidenti. DF e i ragazzi Korda che pescano Gigantica ogni anno utilizzano da molti anni questo clip [&hellip;]\" \/>\n<meta property=\"og:url\" content=\"https:\/\/www.pescafish.it\/new\/prodotto\/lead-clip-pin-korda\/\" \/>\n<meta property=\"og:site_name\" content=\"Pesca Fish\" \/>\n<meta property=\"article:publisher\" content=\"https:\/\/www.facebook.com\/pescafishvr\/\" \/>\n<meta property=\"og:image\" content=\"https:\/\/www.pescafish.it\/new\/wp-content\/uploads\/2023\/10\/rrrrr.jpg\" \/>\n\t<meta property=\"og:image:width\" content=\"789\" \/>\n\t<meta property=\"og:image:height\" content=\"794\" \/>\n<meta name=\"twitter:card\" content=\"summary_large_image\" \/>\n<meta name=\"twitter:label1\" content=\"Scritto da\">\n\t<meta name=\"twitter:data1\" content=\"francesca\">\n\t<meta name=\"twitter:label2\" content=\"Tempo di lettura stimato\">\n\t<meta name=\"twitter:data2\" content=\"1 minuto\">\n<script type=\"application\/ld+json\" class=\"yoast-schema-graph\">{\"@context\":\"https:\/\/schema.org\",\"@graph\":[{\"@type\":\"WebSite\",\"@id\":\"https:\/\/www.pescafish.it\/new\/#website\",\"url\":\"https:\/\/www.pescafish.it\/new\/\",\"name\":\"Pesca Fish\",\"description\":\"Benvenuti sul nostro sito!\",\"potentialAction\":[{\"@type\":\"SearchAction\",\"target\":\"https:\/\/www.pescafish.it\/new\/?s={search_term_string}\",\"query-input\":\"required name=search_term_string\"}],\"inLanguage\":\"it-IT\"},{\"@type\":\"ImageObject\",\"@id\":\"https:\/\/www.pescafish.it\/new\/prodotto\/lead-clip-pin-korda\/#primaryimage\",\"inLanguage\":\"it-IT\",\"url\":\"https:\/\/www.pescafish.it\/new\/wp-content\/uploads\/2023\/10\/rrrrr.jpg\",\"width\":789,\"height\":794,\"caption\":\"Korda\"},{\"@type\":\"WebPage\",\"@id\":\"https:\/\/www.pescafish.it\/new\/prodotto\/lead-clip-pin-korda\/#webpage\",\"url\":\"https:\/\/www.pescafish.it\/new\/prodotto\/lead-clip-pin-korda\/\",\"name\":\"Lead Clip Pin - Korda - Pesca Fish\",\"isPartOf\":{\"@id\":\"https:\/\/www.pescafish.it\/new\/#website\"},\"primaryImageOfPage\":{\"@id\":\"https:\/\/www.pescafish.it\/new\/prodotto\/lead-clip-pin-korda\/#primaryimage\"},\"datePublished\":\"2023-10-19T15:00:06+00:00\",\"dateModified\":\"2023-10-19T15:00:06+00:00\",\"inLanguage\":\"it-IT\",\"potentialAction\":[{\"@type\":\"ReadAction\",\"target\":[\"https:\/\/www.pescafish.it\/new\/prodotto\/lead-clip-pin-korda\/\"]}]}]}<\/script>\n<!-- \/ Yoast SEO plugin. -->","_links":{"self":[{"href":"https:\/\/www.pescafish.it\/new\/wp-json\/wp\/v2\/product\/91593"}],"collection":[{"href":"https:\/\/www.pescafish.it\/new\/wp-json\/wp\/v2\/product"}],"about":[{"href":"https:\/\/www.pescafish.it\/new\/wp-json\/wp\/v2\/types\/product"}],"replies":[{"embeddable":true,"href":"https:\/\/www.pescafish.it\/new\/wp-json\/wp\/v2\/comments?post=91593"}],"wp:featuredmedia":[{"embeddable":true,"href":"https:\/\/www.pescafish.it\/new\/wp-json\/wp\/v2\/media\/91595"}],"wp:attachment":[{"href":"https:\/\/www.pescafish.it\/new\/wp-json\/wp\/v2\/media?parent=91593"}],"wp:term":[{"taxonomy":"product_cat","embeddable":true,"href":"https:\/\/www.pescafish.it\/new\/wp-json\/wp\/v2\/product_cat?post=91593"},{"taxonomy":"product_tag","embeddable":true,"href":"https:\/\/www.pescafish.it\/new\/wp-json\/wp\/v2\/product_tag?post=91593"}],"curies":[{"name":"wp","href":"https:\/\/api.w.org\/{rel}","templated":true}]}}