{"id":91538,"date":"2023-10-19T13:50:22","date_gmt":"2023-10-19T11:50:22","guid":{"rendered":"https:\/\/www.pescafish.it\/new\/?post_type=product&#038;p=91538"},"modified":"2026-03-14T16:52:45","modified_gmt":"2026-03-14T15:52:45","slug":"ring-swivels-size-11-korda","status":"publish","type":"product","link":"https:\/\/www.pescafish.it\/new\/prodotto\/ring-swivels-size-11-korda\/","title":{"rendered":"Ring Swivels Size 11\u00a0&#8211; Korda"},"content":{"rendered":"<h2 class=\"title\">Ring Swivels Size 11<\/h2>\n<p>Queste girelle ad anello rivestite in PTFE hanno un&#8217;ampia variet\u00e0 di applicazioni diverse durante la costruzione di rig e sono disponibili nella misura 8 o nella misura 11. La girella ad anello misura 8 \u00e8 ottima per aggiungere ulteriore movimento al collegamento dell&#8217;amo, quando si pesca insieme con un sistema come il Lead Clip, nel quale si inserisce perfettamente. Quando si pesca con montature per elicotteri, la girella Ring Swivel misura 11 \u00e8 la scelta perfetta, poich\u00e9 l&#8217;anello gli consente di ruotare pi\u00f9 liberamente sulla lenza o sul finale rispetto a una girella convenzionale.*<\/p>\n<p><strong>Confezione da 8 pezzi.<\/strong><\/p>\n","protected":false},"excerpt":{"rendered":"<p>Ring Swivels Size 11 Queste girelle ad anello rivestite in PTFE hanno un&#8217;ampia variet\u00e0 di applicazioni diverse durante la costruzione di rig e sono disponibili nella misura 8 o nella misura 11. La girella ad anello misura 8 \u00e8 ottima per aggiungere ulteriore movimento al collegamento dell&#8217;amo, quando si pesca insieme con un sistema come [&hellip;]<\/p>\n","protected":false},"featured_media":91539,"comment_status":"closed","ping_status":"closed","template":"","meta":[],"product_cat":[587],"product_tag":[1018],"yoast_head":"<!-- This site is optimized with the Yoast SEO plugin v15.3 - https:\/\/yoast.com\/wordpress\/plugins\/seo\/ -->\n<title>Ring Swivels Size 11\u00a0- Korda - Pesca Fish<\/title>\n<meta name=\"robots\" content=\"index, follow, max-snippet:-1, max-image-preview:large, max-video-preview:-1\" \/>\n<link rel=\"canonical\" href=\"https:\/\/www.pescafish.it\/new\/prodotto\/ring-swivels-size-11-korda\/\" \/>\n<meta property=\"og:locale\" content=\"it_IT\" \/>\n<meta property=\"og:type\" content=\"article\" \/>\n<meta property=\"og:title\" content=\"Ring Swivels Size 11\u00a0- Korda - Pesca Fish\" \/>\n<meta property=\"og:description\" content=\"Ring Swivels Size 11 Queste girelle ad anello rivestite in PTFE hanno un&#8217;ampia variet\u00e0 di applicazioni diverse durante la costruzione di rig e sono disponibili nella misura 8 o nella misura 11. La girella ad anello misura 8 \u00e8 ottima per aggiungere ulteriore movimento al collegamento dell&#8217;amo, quando si pesca insieme con un sistema come [&hellip;]\" \/>\n<meta property=\"og:url\" content=\"https:\/\/www.pescafish.it\/new\/prodotto\/ring-swivels-size-11-korda\/\" \/>\n<meta property=\"og:site_name\" content=\"Pesca Fish\" \/>\n<meta property=\"article:publisher\" content=\"https:\/\/www.facebook.com\/pescafishvr\/\" \/>\n<meta property=\"article:modified_time\" content=\"2026-03-14T15:52:45+00:00\" \/>\n<meta property=\"og:image\" content=\"https:\/\/www.pescafish.it\/new\/wp-content\/uploads\/2023\/10\/f.jpg\" \/>\n\t<meta property=\"og:image:width\" content=\"400\" \/>\n\t<meta property=\"og:image:height\" content=\"267\" \/>\n<meta name=\"twitter:card\" content=\"summary_large_image\" \/>\n<meta name=\"twitter:label1\" content=\"Scritto da\">\n\t<meta name=\"twitter:data1\" content=\"francesca\">\n\t<meta name=\"twitter:label2\" content=\"Tempo di lettura stimato\">\n\t<meta name=\"twitter:data2\" content=\"0 minuti\">\n<script type=\"application\/ld+json\" class=\"yoast-schema-graph\">{\"@context\":\"https:\/\/schema.org\",\"@graph\":[{\"@type\":\"WebSite\",\"@id\":\"https:\/\/www.pescafish.it\/new\/#website\",\"url\":\"https:\/\/www.pescafish.it\/new\/\",\"name\":\"Pesca Fish\",\"description\":\"Benvenuti sul nostro sito!\",\"potentialAction\":[{\"@type\":\"SearchAction\",\"target\":\"https:\/\/www.pescafish.it\/new\/?s={search_term_string}\",\"query-input\":\"required name=search_term_string\"}],\"inLanguage\":\"it-IT\"},{\"@type\":\"ImageObject\",\"@id\":\"https:\/\/www.pescafish.it\/new\/prodotto\/ring-swivels-size-11-korda\/#primaryimage\",\"inLanguage\":\"it-IT\",\"url\":\"https:\/\/www.pescafish.it\/new\/wp-content\/uploads\/2023\/10\/f.jpg\",\"width\":400,\"height\":267,\"caption\":\"Korda\"},{\"@type\":\"WebPage\",\"@id\":\"https:\/\/www.pescafish.it\/new\/prodotto\/ring-swivels-size-11-korda\/#webpage\",\"url\":\"https:\/\/www.pescafish.it\/new\/prodotto\/ring-swivels-size-11-korda\/\",\"name\":\"Ring Swivels Size 11\\u00a0- Korda - Pesca Fish\",\"isPartOf\":{\"@id\":\"https:\/\/www.pescafish.it\/new\/#website\"},\"primaryImageOfPage\":{\"@id\":\"https:\/\/www.pescafish.it\/new\/prodotto\/ring-swivels-size-11-korda\/#primaryimage\"},\"datePublished\":\"2023-10-19T11:50:22+00:00\",\"dateModified\":\"2026-03-14T15:52:45+00:00\",\"inLanguage\":\"it-IT\",\"potentialAction\":[{\"@type\":\"ReadAction\",\"target\":[\"https:\/\/www.pescafish.it\/new\/prodotto\/ring-swivels-size-11-korda\/\"]}]}]}<\/script>\n<!-- \/ Yoast SEO plugin. -->","_links":{"self":[{"href":"https:\/\/www.pescafish.it\/new\/wp-json\/wp\/v2\/product\/91538"}],"collection":[{"href":"https:\/\/www.pescafish.it\/new\/wp-json\/wp\/v2\/product"}],"about":[{"href":"https:\/\/www.pescafish.it\/new\/wp-json\/wp\/v2\/types\/product"}],"replies":[{"embeddable":true,"href":"https:\/\/www.pescafish.it\/new\/wp-json\/wp\/v2\/comments?post=91538"}],"wp:featuredmedia":[{"embeddable":true,"href":"https:\/\/www.pescafish.it\/new\/wp-json\/wp\/v2\/media\/91539"}],"wp:attachment":[{"href":"https:\/\/www.pescafish.it\/new\/wp-json\/wp\/v2\/media?parent=91538"}],"wp:term":[{"taxonomy":"product_cat","embeddable":true,"href":"https:\/\/www.pescafish.it\/new\/wp-json\/wp\/v2\/product_cat?post=91538"},{"taxonomy":"product_tag","embeddable":true,"href":"https:\/\/www.pescafish.it\/new\/wp-json\/wp\/v2\/product_tag?post=91538"}],"curies":[{"name":"wp","href":"https:\/\/api.w.org\/{rel}","templated":true}]}}