{"id":91520,"date":"2023-10-20T09:25:50","date_gmt":"2023-10-20T07:25:50","guid":{"rendered":"https:\/\/www.pescafish.it\/new\/?post_type=product&#038;p=91520"},"modified":"2023-10-20T09:25:50","modified_gmt":"2023-10-20T07:25:50","slug":"metal-adict-type-0-uv-keimura-ocean-06-little-jack","status":"publish","type":"product","link":"https:\/\/www.pescafish.it\/new\/prodotto\/metal-adict-type-0-uv-keimura-ocean-06-little-jack\/","title":{"rendered":"Metal Adict Type 0 UV Keimura Ocean #06 &#8211; Little Jack"},"content":{"rendered":"<h2>Metal Adict Type 0 UV Keimura Ocean #06<\/h2>\n<div>La serie Metal Adict \u00e8 caratterizzata da una modellazione accurata, forme e finiture realistiche, e ora arriva il Metal Adict type ZERO, un modello in cui \u00e8 stata prestata ancora pi\u00f9 attenzione alla modellazione e alla silhouette. Lo spessore e la forma di un&#8217;esca realistica sono combinati con un centro di gravit\u00e0, una caduta orizzontale e un&#8217;azione di recupero veloce.\u00a0 Inoltre, viene utilizzata di serie una &#8220;lama piatta&#8221; non rotante per generare lampi e movimenti continui dell&#8217;acqua. La piastra piatta lampeggia con il movimento e il flusso dell&#8217;acqua senza rotazione, offrendo una forte resistenza alla trazione. Inoltre, poich\u00e9 non utilizza una girella, ha un eccellente senso di unit\u00e0 con il corpo. L&#8217;amo posteriore a doppia assistenza per abboccate e inseguimenti sulle lame \u00e8 prodotto da BKK.<\/div>\n<div><strong>Disponibile nelle seguenti grammature:<\/strong><br \/>\n<strong>LJ1082<\/strong>\u00a0 30gr<br \/>\n<strong>LJ1089<\/strong>\u00a0 40gr<br \/>\n<strong>LJADC0606<\/strong>\u00a0 60gr<\/div>\n","protected":false},"excerpt":{"rendered":"<p>Metal Adict Type 0 UV Keimura Ocean #06 La serie Metal Adict \u00e8 caratterizzata da una modellazione accurata, forme e finiture realistiche, e ora arriva il Metal Adict type ZERO, un modello in cui \u00e8 stata prestata ancora pi\u00f9 attenzione alla modellazione e alla silhouette. Lo spessore e la forma di un&#8217;esca realistica sono combinati [&hellip;]<\/p>\n","protected":false},"featured_media":91521,"comment_status":"closed","ping_status":"closed","template":"","meta":[],"product_cat":[692],"product_tag":[1236],"yoast_head":"<!-- This site is optimized with the Yoast SEO plugin v15.3 - https:\/\/yoast.com\/wordpress\/plugins\/seo\/ -->\n<title>Metal Adict Type 0 UV Keimura Ocean #06 - Little Jack - Pesca Fish<\/title>\n<meta name=\"robots\" content=\"index, follow, max-snippet:-1, max-image-preview:large, max-video-preview:-1\" \/>\n<link rel=\"canonical\" href=\"https:\/\/www.pescafish.it\/new\/prodotto\/metal-adict-type-0-uv-keimura-ocean-06-little-jack\/\" \/>\n<meta property=\"og:locale\" content=\"it_IT\" \/>\n<meta property=\"og:type\" content=\"article\" \/>\n<meta property=\"og:title\" content=\"Metal Adict Type 0 UV Keimura Ocean #06 - Little Jack - Pesca Fish\" \/>\n<meta property=\"og:description\" content=\"Metal Adict Type 0 UV Keimura Ocean #06 La serie Metal Adict \u00e8 caratterizzata da una modellazione accurata, forme e finiture realistiche, e ora arriva il Metal Adict type ZERO, un modello in cui \u00e8 stata prestata ancora pi\u00f9 attenzione alla modellazione e alla silhouette. Lo spessore e la forma di un&#8217;esca realistica sono combinati [&hellip;]\" \/>\n<meta property=\"og:url\" content=\"https:\/\/www.pescafish.it\/new\/prodotto\/metal-adict-type-0-uv-keimura-ocean-06-little-jack\/\" \/>\n<meta property=\"og:site_name\" content=\"Pesca Fish\" \/>\n<meta property=\"article:publisher\" content=\"https:\/\/www.facebook.com\/pescafishvr\/\" \/>\n<meta property=\"og:image\" content=\"https:\/\/www.pescafish.it\/new\/wp-content\/uploads\/2023\/10\/UV-Keimura-Ocean-06.jpg\" \/>\n\t<meta property=\"og:image:width\" content=\"789\" \/>\n\t<meta property=\"og:image:height\" content=\"794\" \/>\n<meta name=\"twitter:card\" content=\"summary_large_image\" \/>\n<meta name=\"twitter:label1\" content=\"Scritto da\">\n\t<meta name=\"twitter:data1\" content=\"francesca\">\n\t<meta name=\"twitter:label2\" content=\"Tempo di lettura stimato\">\n\t<meta name=\"twitter:data2\" content=\"1 minuto\">\n<script type=\"application\/ld+json\" class=\"yoast-schema-graph\">{\"@context\":\"https:\/\/schema.org\",\"@graph\":[{\"@type\":\"WebSite\",\"@id\":\"https:\/\/www.pescafish.it\/new\/#website\",\"url\":\"https:\/\/www.pescafish.it\/new\/\",\"name\":\"Pesca Fish\",\"description\":\"Benvenuti sul nostro sito!\",\"potentialAction\":[{\"@type\":\"SearchAction\",\"target\":\"https:\/\/www.pescafish.it\/new\/?s={search_term_string}\",\"query-input\":\"required name=search_term_string\"}],\"inLanguage\":\"it-IT\"},{\"@type\":\"ImageObject\",\"@id\":\"https:\/\/www.pescafish.it\/new\/prodotto\/metal-adict-type-0-uv-keimura-ocean-06-little-jack\/#primaryimage\",\"inLanguage\":\"it-IT\",\"url\":\"https:\/\/www.pescafish.it\/new\/wp-content\/uploads\/2023\/10\/UV-Keimura-Ocean-06.jpg\",\"width\":789,\"height\":794,\"caption\":\"Little Jack\"},{\"@type\":\"WebPage\",\"@id\":\"https:\/\/www.pescafish.it\/new\/prodotto\/metal-adict-type-0-uv-keimura-ocean-06-little-jack\/#webpage\",\"url\":\"https:\/\/www.pescafish.it\/new\/prodotto\/metal-adict-type-0-uv-keimura-ocean-06-little-jack\/\",\"name\":\"Metal Adict Type 0 UV Keimura Ocean #06 - Little Jack - Pesca Fish\",\"isPartOf\":{\"@id\":\"https:\/\/www.pescafish.it\/new\/#website\"},\"primaryImageOfPage\":{\"@id\":\"https:\/\/www.pescafish.it\/new\/prodotto\/metal-adict-type-0-uv-keimura-ocean-06-little-jack\/#primaryimage\"},\"datePublished\":\"2023-10-20T07:25:50+00:00\",\"dateModified\":\"2023-10-20T07:25:50+00:00\",\"inLanguage\":\"it-IT\",\"potentialAction\":[{\"@type\":\"ReadAction\",\"target\":[\"https:\/\/www.pescafish.it\/new\/prodotto\/metal-adict-type-0-uv-keimura-ocean-06-little-jack\/\"]}]}]}<\/script>\n<!-- \/ Yoast SEO plugin. -->","_links":{"self":[{"href":"https:\/\/www.pescafish.it\/new\/wp-json\/wp\/v2\/product\/91520"}],"collection":[{"href":"https:\/\/www.pescafish.it\/new\/wp-json\/wp\/v2\/product"}],"about":[{"href":"https:\/\/www.pescafish.it\/new\/wp-json\/wp\/v2\/types\/product"}],"replies":[{"embeddable":true,"href":"https:\/\/www.pescafish.it\/new\/wp-json\/wp\/v2\/comments?post=91520"}],"wp:featuredmedia":[{"embeddable":true,"href":"https:\/\/www.pescafish.it\/new\/wp-json\/wp\/v2\/media\/91521"}],"wp:attachment":[{"href":"https:\/\/www.pescafish.it\/new\/wp-json\/wp\/v2\/media?parent=91520"}],"wp:term":[{"taxonomy":"product_cat","embeddable":true,"href":"https:\/\/www.pescafish.it\/new\/wp-json\/wp\/v2\/product_cat?post=91520"},{"taxonomy":"product_tag","embeddable":true,"href":"https:\/\/www.pescafish.it\/new\/wp-json\/wp\/v2\/product_tag?post=91520"}],"curies":[{"name":"wp","href":"https:\/\/api.w.org\/{rel}","templated":true}]}}