{"id":91253,"date":"2023-10-09T17:13:10","date_gmt":"2023-10-09T15:13:10","guid":{"rendered":"https:\/\/www.pescafish.it\/new\/?post_type=product&#038;p=91253"},"modified":"2024-01-16T09:42:34","modified_gmt":"2024-01-16T08:42:34","slug":"predator-maxi-rcfishingboat","status":"publish","type":"product","link":"https:\/\/www.pescafish.it\/new\/prodotto\/predator-maxi-rcfishingboat\/","title":{"rendered":"Predator Maxi &#8211; RCFISHINGBOAT"},"content":{"rendered":"<p><strong>PREDATOR MAXI<\/strong><\/p>\n<p>Immaginatevi il modello\u00a0<strong>PREDATOR<\/strong>&#8230;ma MAXI!<\/p>\n<p>In questa configurazione tutto \u00e8 pi\u00f9\u00a0<strong>GRANDE<\/strong>! L&#8217;idea \u00e8 avere un modello\u00a0<strong>PREDATOR<\/strong>\u00a0sotto steroidi&#8230;ma tutto assolutamente legale!<\/p>\n<p>Partiamo dall&#8217;elettronica; l&#8217;impianto radio e ricevente sono esattamente gli stessi del modello tradizionale, qu\u00ec il GPS non \u00e8 un optional e con i suoi 30 spot\u00a0 \u00e8 stato inserito nella configurazione base della barca, i motori invece hanno dimensioni pi\u00f9 generose dalla potenza di 60w cad\/uno poich\u00e8 devono Spingere e contribuire ad aumentare le performance della barca in virt\u00f9 del maggiore carico disponibile. I vani pastura ad azionamento singolo\u00a0 sono addirittura 4, due nel centro della barca e altri due posizionati a poppa. anche le batterie sono state potenziate che a differenza del predator tradizionale arrivano a 15ah<\/p>\n<p>Sostituito il mono propulsore con timone direzionale della passata versione, questa volta le eliche sono 2 di dimensione molto molto generosa questo non tanto per la velocit\u00e0 ma quanto per la spinta a pieno carico, avrete inoltre la possibilit\u00e0 di impostare il numero di giri minimo e massimo che potranno raggiungere i motori tramite un Trimmer sulla radio, una ottima soluzione per ottimizzare anche al massimo delle performance la durata delle batterie. Il vano pastura questa volta \u00e8 doppio ma attenzione anche singolo! I vani scendo per gravit\u00e0 azionati singolarmente dalle elettrocalamite ma all&#8217;occorrenza il divisorio viene rimosso cosi da avere un unico vano ad apertura totale, veramente versatile! Non \u00e8 previsto il rilascio del terminale in quanto la lenza viene inserita direttamente nei vani pastura.<\/p>\n<p>Anche nella versione MAXI abbiamo inserito tutte le\u00a0<strong>PREDISPOSIZIONI<\/strong>\u00a0possibili e immaginabili, partendo dal Fake sonar, al cavo Sma dell&#8217;antenna Eco, alla presa 12v all&#8217;interno della barca per l&#8217;alimentazione dell&#8217;ecoscandaglio, questo per semplificarvi al massimo la vita in caso di montaggio dell&#8217;eco successivo all&#8217;acquisto. Un altra predisposizione riguarda l&#8217;alimentazione esterna 12v per la Torre di Pastura che nel modello\u00a0<strong>MAXI<\/strong>\u00a0\u00e8 mostruosamente capiente arrivando a contenere ben 2kg come rapporto peso volume.<\/p>\n<p>Anche La versione\u00a0<strong>MAXI<\/strong>\u00a0\u00e8 equipaggiata con una quartetto di Led, prua e poppa a 2 intensit\u00e0 quindi avrete la possibilit\u00e0 di fare Luce oppure Moltissima Luce&#8230;.!\u00a0 Oltre agli avvisi dalla Radio &#8220;Low batteries&#8221; sul Top della scocca \u00e8 stato posizionato un led che avverte quando le batterie sono scariche.<\/p>\n<p>Radiocomando\u00a0<strong>FLYSKY 5,8GHZ\u00a0<\/strong>\u00a0personalizzato\u00a0<strong>RCFISHINGBOAT<\/strong>\u00a0, questa radio raggiunge un range max compreso tra i 350\/400m monta semplici batterie AA, il men\u00f9 \u00e8 chiaro e ben visibile con tutte le info necessarie quali il livello batterie barca e il livello batterie radio, potenza segnale, GPS, targhet, Home.<\/p>\n<p>Come nel modello\u00a0<strong>PREDATOR\u00a0<\/strong>\u00a0anche nel\u00a0<strong>MAXI<\/strong>\u00a0le funzioni e i comandi sono semplicissimi, i comandi motore sono in una unica leva quella dx. Per ultimo ma non per importanza ci teniamo a sottolineare l&#8217;installazione di un sistema molto raffinato che permette di navigare in perfetta linea retta, questo avviene grazie al Giroscopio, ovvero la barca dopo l&#8217;accensione impiega 15 secondi per allineare il giroscopio che una volta attivato ha la funzione di regolare automaticamente i motori in base agli agenti esterni conducendo la barca in linea retta.<\/p>\n<p><strong>Disponibile nelle seguenti varianti:<br \/>\nPMGPSAUTOPT600\u00a0 <\/strong>Predator Maxi, Carbonio, T600, GPS, Auto Pilot\u00a0<strong><br \/>\nPMGPSAUTOP500WIFI<\/strong>\u00a0 Predator Maxi, Carbonio, RCF 500 Wi-Fi, GPS, Auto Pilot<br \/>\n<strong>PMGPSAUTOP\u00a0 <\/strong>Predator Maxi, Carbonio, GPS, Auto Pilo<\/p>\n<h2><strong>ARTICOLO SU ORDINAZIONE<\/strong><\/h2>\n","protected":false},"excerpt":{"rendered":"<p>PREDATOR MAXI Immaginatevi il modello\u00a0PREDATOR&#8230;ma MAXI! In questa configurazione tutto \u00e8 pi\u00f9\u00a0GRANDE! L&#8217;idea \u00e8 avere un modello\u00a0PREDATOR\u00a0sotto steroidi&#8230;ma tutto assolutamente legale! Partiamo dall&#8217;elettronica; l&#8217;impianto radio e ricevente sono esattamente gli stessi del modello tradizionale, qu\u00ec il GPS non \u00e8 un optional e con i suoi 30 spot\u00a0 \u00e8 stato inserito nella configurazione base della barca, [&hellip;]<\/p>\n","protected":false},"featured_media":91254,"comment_status":"closed","ping_status":"closed","template":"","meta":[],"product_cat":[124],"product_tag":[1402],"yoast_head":"<!-- This site is optimized with the Yoast SEO plugin v15.3 - https:\/\/yoast.com\/wordpress\/plugins\/seo\/ -->\n<title>Predator Maxi - RCFISHINGBOAT - Pesca Fish<\/title>\n<meta name=\"robots\" content=\"index, follow, max-snippet:-1, max-image-preview:large, max-video-preview:-1\" \/>\n<link rel=\"canonical\" href=\"https:\/\/www.pescafish.it\/new\/prodotto\/predator-maxi-rcfishingboat\/\" \/>\n<meta property=\"og:locale\" content=\"it_IT\" \/>\n<meta property=\"og:type\" content=\"article\" \/>\n<meta property=\"og:title\" content=\"Predator Maxi - RCFISHINGBOAT - Pesca Fish\" \/>\n<meta property=\"og:description\" content=\"PREDATOR MAXI Immaginatevi il modello\u00a0PREDATOR&#8230;ma MAXI! In questa configurazione tutto \u00e8 pi\u00f9\u00a0GRANDE! L&#8217;idea \u00e8 avere un modello\u00a0PREDATOR\u00a0sotto steroidi&#8230;ma tutto assolutamente legale! Partiamo dall&#8217;elettronica; l&#8217;impianto radio e ricevente sono esattamente gli stessi del modello tradizionale, qu\u00ec il GPS non \u00e8 un optional e con i suoi 30 spot\u00a0 \u00e8 stato inserito nella configurazione base della barca, [&hellip;]\" \/>\n<meta property=\"og:url\" content=\"https:\/\/www.pescafish.it\/new\/prodotto\/predator-maxi-rcfishingboat\/\" \/>\n<meta property=\"og:site_name\" content=\"Pesca Fish\" \/>\n<meta property=\"article:publisher\" content=\"https:\/\/www.facebook.com\/pescafishvr\/\" \/>\n<meta property=\"article:modified_time\" content=\"2024-01-16T08:42:34+00:00\" \/>\n<meta property=\"og:image\" content=\"https:\/\/www.pescafish.it\/new\/wp-content\/uploads\/2023\/10\/predator-maxi-gps.jpg\" \/>\n\t<meta property=\"og:image:width\" content=\"900\" \/>\n\t<meta property=\"og:image:height\" content=\"900\" \/>\n<meta name=\"twitter:card\" content=\"summary_large_image\" \/>\n<meta name=\"twitter:label1\" content=\"Scritto da\">\n\t<meta name=\"twitter:data1\" content=\"francesca\">\n\t<meta name=\"twitter:label2\" content=\"Tempo di lettura stimato\">\n\t<meta name=\"twitter:data2\" content=\"2 minuti\">\n<script type=\"application\/ld+json\" class=\"yoast-schema-graph\">{\"@context\":\"https:\/\/schema.org\",\"@graph\":[{\"@type\":\"WebSite\",\"@id\":\"https:\/\/www.pescafish.it\/new\/#website\",\"url\":\"https:\/\/www.pescafish.it\/new\/\",\"name\":\"Pesca Fish\",\"description\":\"Benvenuti sul nostro sito!\",\"potentialAction\":[{\"@type\":\"SearchAction\",\"target\":\"https:\/\/www.pescafish.it\/new\/?s={search_term_string}\",\"query-input\":\"required name=search_term_string\"}],\"inLanguage\":\"it-IT\"},{\"@type\":\"ImageObject\",\"@id\":\"https:\/\/www.pescafish.it\/new\/prodotto\/predator-maxi-rcfishingboat\/#primaryimage\",\"inLanguage\":\"it-IT\",\"url\":\"https:\/\/www.pescafish.it\/new\/wp-content\/uploads\/2023\/10\/predator-maxi-gps.jpg\",\"width\":900,\"height\":900,\"caption\":\"RCFISHINGBOAT\"},{\"@type\":\"WebPage\",\"@id\":\"https:\/\/www.pescafish.it\/new\/prodotto\/predator-maxi-rcfishingboat\/#webpage\",\"url\":\"https:\/\/www.pescafish.it\/new\/prodotto\/predator-maxi-rcfishingboat\/\",\"name\":\"Predator Maxi - RCFISHINGBOAT - Pesca Fish\",\"isPartOf\":{\"@id\":\"https:\/\/www.pescafish.it\/new\/#website\"},\"primaryImageOfPage\":{\"@id\":\"https:\/\/www.pescafish.it\/new\/prodotto\/predator-maxi-rcfishingboat\/#primaryimage\"},\"datePublished\":\"2023-10-09T15:13:10+00:00\",\"dateModified\":\"2024-01-16T08:42:34+00:00\",\"inLanguage\":\"it-IT\",\"potentialAction\":[{\"@type\":\"ReadAction\",\"target\":[\"https:\/\/www.pescafish.it\/new\/prodotto\/predator-maxi-rcfishingboat\/\"]}]}]}<\/script>\n<!-- \/ Yoast SEO plugin. -->","_links":{"self":[{"href":"https:\/\/www.pescafish.it\/new\/wp-json\/wp\/v2\/product\/91253"}],"collection":[{"href":"https:\/\/www.pescafish.it\/new\/wp-json\/wp\/v2\/product"}],"about":[{"href":"https:\/\/www.pescafish.it\/new\/wp-json\/wp\/v2\/types\/product"}],"replies":[{"embeddable":true,"href":"https:\/\/www.pescafish.it\/new\/wp-json\/wp\/v2\/comments?post=91253"}],"wp:featuredmedia":[{"embeddable":true,"href":"https:\/\/www.pescafish.it\/new\/wp-json\/wp\/v2\/media\/91254"}],"wp:attachment":[{"href":"https:\/\/www.pescafish.it\/new\/wp-json\/wp\/v2\/media?parent=91253"}],"wp:term":[{"taxonomy":"product_cat","embeddable":true,"href":"https:\/\/www.pescafish.it\/new\/wp-json\/wp\/v2\/product_cat?post=91253"},{"taxonomy":"product_tag","embeddable":true,"href":"https:\/\/www.pescafish.it\/new\/wp-json\/wp\/v2\/product_tag?post=91253"}],"curies":[{"name":"wp","href":"https:\/\/api.w.org\/{rel}","templated":true}]}}