{"id":91154,"date":"2023-09-29T16:22:40","date_gmt":"2023-09-29T14:22:40","guid":{"rendered":"https:\/\/www.pescafish.it\/new\/?post_type=product&#038;p=91154"},"modified":"2025-09-09T18:27:48","modified_gmt":"2025-09-09T16:27:48","slug":"23-ninja-lt-daiwa","status":"publish","type":"product","link":"https:\/\/www.pescafish.it\/new\/prodotto\/23-ninja-lt-daiwa\/","title":{"rendered":"23 Ninja LT &#8211; Daiwa"},"content":{"rendered":"<h2>23 Ninja LT<\/h2>\n<p>Daiwa NINJA LT: uno dei mulinelli Daiwa pi\u00f9 apprezzati di sempre si rinnova radicalmente, raggiungendo un nuovo standard qualitativo che ne migliora ulteriormente il rapporto qualit\u00e0-prezzo. Le innovazioni che hanno riguardato i principali elementi strutturali e meccanici del 23 Ninja, lo rendono pi\u00f9 leggero, pi\u00f9 scorrevole e preciso nel funzionamento, conferendo caratteristiche meccaniche fino a poco fa appannaggio di modelli ben pi\u00f9 costosi. Il corpo \u00e8 stato rivisto nel disegno e nei materiali (composito DS4 con nuova mescola) per maggiore rigidit\u00e0 e leggerezza, mentre il rotore e archetto sono di tipo AIRDRIVE, concetto costruttivo mutuato dal top di gamma Exist.<\/p>\n<p>Il rotore \u00e8 stato totalmente riprogettato per minimizzare il peso e al contempo migliorare la resistenza alle sollecitazioni: il risultato \u00e8 una rotazione incredibilmente pi\u00f9 fluida e regolare, con inerzia ridotta al minimo. Anche l\u2019archetto AIRDRIVE \u00e8 totalmente nuovo: oltre ad essere pi\u00f9 leggero, la sua conformazione particolare, unitamente al nuovo rullino guidafilo Twistbuster III, \u00e8 studiato per eliminare la possibilit\u00e0 di grovigli anche quando il filo ha poca tensione.<\/p>\n<p>Altra novit\u00e0 assoluta \u00e8 la frizione ATD-L: evoluzione della famosa frizione progressiva automatica Daiwa, \u00e8 ancora pi\u00f9 dolce e progressiva, rendendo il recupero del pesce pi\u00f9 sicuro ed efficace.<\/p>\n<p><strong>Caratteristiche:<\/strong><\/p>\n<div class=\"flex_column av-9k6n0-88-b5958e126e25b220db63f96796c25f7d av_one_third avia-builder-el-25 el_after_av_one_full el_before_av_one_third first flex_column_div av-zero-column-padding column-top-margin\">\n<section class=\"av_textblock_section av-kjog7pxe-90-3f3813e214edb5d35025c294c6fdecbf\">\n<div class=\"avia_textblock\">\n<p>\u2022 LIGHT and TOUGH concept<br \/>\n\u2022 Corpo e rotore in materiale DS4 di ultima concezione<br \/>\n\u2022 Rotore AIRDRIVE ROTOR<br \/>\n\u2022 Archetto AIRDRIVE BAIL solid<br \/>\n\u2022 Frizione ATD-L<br \/>\n\u2022 Bobina Long Cast ABS<br \/>\n\u2022 4 cuscinetti a sfera<br \/>\n\u2022 Manovella super leggera in Alluminio<br \/>\n\u2022 Rullino guidafilo Twist Buster III<br \/>\n\u2022 Imbobinamento Cross Wrap<br \/>\n\u2022 Infinite Anti-Reverse<\/p>\n<\/div>\n<\/section>\n<\/div>\n<p><strong>Disponibile nelle seguenti varianti:<br \/>\n<\/strong><\/p>\n<table style=\"height: 261px; width: 100%; border-collapse: collapse;\" border=\"1\">\n<tbody>\n<tr style=\"height: 23px;\">\n<td style=\"width: 16.6667%; height: 23px;\"><strong>Codice<\/strong><\/td>\n<td style=\"width: 16.6667%; height: 23px;\"><strong>Cuscinetti<\/strong><\/td>\n<td style=\"width: 16.6667%; height: 23px;\"><strong>Frizione (kg)<\/strong><\/td>\n<td style=\"width: 16.6667%; height: 23px;\"><strong>Rapporto Di Recupero<\/strong><\/td>\n<td style=\"width: 16.6667%; height: 23px;\"><strong>Capacit\u00e0Bob(nylon\/bride)<\/strong><\/td>\n<td style=\"width: 16.6667%; height: 23px;\"><strong>Peso (gr)<\/strong><\/td>\n<\/tr>\n<tr style=\"height: 24px;\">\n<td style=\"width: 16.6667%; height: 24px;\"><strong>23NJLT3000CSP<\/strong><\/td>\n<td style=\"width: 16.6667%; height: 24px;\">4<\/td>\n<td style=\"width: 16.6667%; height: 24px;\">10<\/td>\n<td style=\"width: 16.6667%; height: 24px;\">5,3:1<strong> \/<\/strong> 80cm<\/td>\n<td class=\"\" style=\"width: 16.6667%;\">0.23mm-150m \/ 0.13mm-200m<\/td>\n<td style=\"width: 16.6667%; height: 24px;\">240<\/td>\n<\/tr>\n<tr style=\"height: 24px;\">\n<td style=\"width: 16.6667%; height: 24px;\"><strong>23NJLT3000CXHSP<\/strong><\/td>\n<td style=\"width: 16.6667%; height: 24px;\">4<\/td>\n<td style=\"width: 16.6667%; height: 24px;\">10<\/td>\n<td style=\"width: 16.6667%; height: 24px;\">6,2:1<strong> \/<\/strong> 93cm<\/td>\n<td class=\"\" style=\"width: 16.6667%;\">0.23mm-150m \/ 0.13mm-200m<\/td>\n<td style=\"width: 16.6667%; height: 24px;\">240<\/td>\n<\/tr>\n<tr style=\"height: 24px;\">\n<td style=\"width: 16.6667%; height: 24px;\"><strong>23NJLT4000CSP<\/strong><\/td>\n<td style=\"width: 16.6667%; height: 24px;\">4<\/td>\n<td style=\"width: 16.6667%; height: 24px;\">12<\/td>\n<td style=\"width: 16.6667%; height: 24px;\">5,2:1<strong> \/<\/strong> 82cm<\/td>\n<td style=\"width: 16.6667%; height: 24px;\">0.28mm-150m<strong> \/<\/strong> 0.18mm-200m<\/td>\n<td style=\"width: 16.6667%; height: 24px;\">270<\/td>\n<\/tr>\n<tr style=\"height: 24px;\">\n<td style=\"width: 16.6667%; height: 24px;\"><strong>23NJLT4000CXHSP<\/strong><\/td>\n<td style=\"width: 16.6667%; height: 24px;\">4<\/td>\n<td style=\"width: 16.6667%; height: 24px;\">12<\/td>\n<td style=\"width: 16.6667%; height: 24px;\">6,2:1<strong> \/<\/strong> 99 cm<\/td>\n<td style=\"width: 16.6667%; height: 24px;\">0.28mm-150m<strong> \/<\/strong> 0.18mm-200m<\/td>\n<td style=\"width: 16.6667%; height: 24px;\">270<\/td>\n<\/tr>\n<tr style=\"height: 47px;\">\n<td style=\"width: 16.6667%; height: 47px;\"><strong>23NJLT5000C<\/strong><\/td>\n<td style=\"width: 16.6667%; height: 47px;\">4<\/td>\n<td style=\"width: 16.6667%; height: 47px;\">12<\/td>\n<td style=\"width: 16.6667%; height: 47px;\">5,2:1 \/ 87cm<\/td>\n<td style=\"width: 16.6667%; height: 47px;\">0.37mm-150m \/ 0.20mm-300m<\/td>\n<td style=\"width: 16.6667%; height: 47px;\">270<\/td>\n<\/tr>\n<tr style=\"height: 24px;\">\n<td style=\"width: 16.6667%; height: 24px;\"><strong>23NJLT5000CSP<\/strong><\/td>\n<td style=\"width: 16.6667%; height: 24px;\">4<\/td>\n<td style=\"width: 16.6667%; height: 24px;\">12<\/td>\n<td style=\"width: 16.6667%; height: 24px;\">5,2:1 \/ 87cm<\/td>\n<td class=\"\" style=\"width: 16.6667%; height: 24px;\">0.37mm-150m \/ 0.20mm-300m<\/td>\n<td style=\"width: 16.6667%; height: 24px;\">270<\/td>\n<\/tr>\n<tr class=\"\" style=\"height: 24px;\">\n<td class=\"\" style=\"width: 16.6667%; height: 24px;\"><strong>23NJLT5000CXHSP<\/strong><\/td>\n<td style=\"width: 16.6667%; height: 24px;\">4<\/td>\n<td style=\"width: 16.6667%; height: 24px;\">12<\/td>\n<td style=\"width: 16.6667%; height: 24px;\">6,2:1 \/ 105 cm<\/td>\n<td style=\"width: 16.6667%; height: 24px;\">0.37mm-150m \/ 0.20mm-300m<\/td>\n<td style=\"width: 16.6667%; height: 24px;\">270<\/td>\n<\/tr>\n<tr class=\"\" style=\"height: 47px;\">\n<td class=\"\" style=\"width: 16.6667%; height: 47px;\"><strong>23NJLT6000<\/strong><\/td>\n<td style=\"width: 16.6667%; height: 47px;\">4<\/td>\n<td style=\"width: 16.6667%; height: 47px;\">12<\/td>\n<td style=\"width: 16.6667%; height: 47px;\">5,1:1 \/ 92cm<\/td>\n<td style=\"width: 16.6667%; height: 47px;\">0.40mm-150m \/ 0.22mm-300m<\/td>\n<td style=\"width: 16.6667%; height: 47px;\">365<\/td>\n<\/tr>\n<\/tbody>\n<\/table>\n","protected":false},"excerpt":{"rendered":"<p>23 Ninja LT Daiwa NINJA LT: uno dei mulinelli Daiwa pi\u00f9 apprezzati di sempre si rinnova radicalmente, raggiungendo un nuovo standard qualitativo che ne migliora ulteriormente il rapporto qualit\u00e0-prezzo. Le innovazioni che hanno riguardato i principali elementi strutturali e meccanici del 23 Ninja, lo rendono pi\u00f9 leggero, pi\u00f9 scorrevole e preciso nel funzionamento, conferendo caratteristiche [&hellip;]<\/p>\n","protected":false},"featured_media":91155,"comment_status":"closed","ping_status":"closed","template":"","meta":[],"product_cat":[351],"product_tag":[1051],"yoast_head":"<!-- This site is optimized with the Yoast SEO plugin v15.3 - https:\/\/yoast.com\/wordpress\/plugins\/seo\/ -->\n<title>23 Ninja LT - Daiwa - Pesca Fish<\/title>\n<meta name=\"robots\" content=\"index, follow, max-snippet:-1, max-image-preview:large, max-video-preview:-1\" \/>\n<link rel=\"canonical\" href=\"https:\/\/www.pescafish.it\/new\/prodotto\/23-ninja-lt-daiwa\/\" \/>\n<meta property=\"og:locale\" content=\"it_IT\" \/>\n<meta property=\"og:type\" content=\"article\" \/>\n<meta property=\"og:title\" content=\"23 Ninja LT - Daiwa - Pesca Fish\" \/>\n<meta property=\"og:description\" content=\"23 Ninja LT Daiwa NINJA LT: uno dei mulinelli Daiwa pi\u00f9 apprezzati di sempre si rinnova radicalmente, raggiungendo un nuovo standard qualitativo che ne migliora ulteriormente il rapporto qualit\u00e0-prezzo. Le innovazioni che hanno riguardato i principali elementi strutturali e meccanici del 23 Ninja, lo rendono pi\u00f9 leggero, pi\u00f9 scorrevole e preciso nel funzionamento, conferendo caratteristiche [&hellip;]\" \/>\n<meta property=\"og:url\" content=\"https:\/\/www.pescafish.it\/new\/prodotto\/23-ninja-lt-daiwa\/\" \/>\n<meta property=\"og:site_name\" content=\"Pesca Fish\" \/>\n<meta property=\"article:publisher\" content=\"https:\/\/www.facebook.com\/pescafishvr\/\" \/>\n<meta property=\"article:modified_time\" content=\"2025-09-09T16:27:48+00:00\" \/>\n<meta property=\"og:image\" content=\"https:\/\/www.pescafish.it\/new\/wp-content\/uploads\/2023\/09\/yyy-1.jpg\" \/>\n\t<meta property=\"og:image:width\" content=\"2363\" \/>\n\t<meta property=\"og:image:height\" content=\"2402\" \/>\n<meta name=\"twitter:card\" content=\"summary_large_image\" \/>\n<meta name=\"twitter:label1\" content=\"Scritto da\">\n\t<meta name=\"twitter:data1\" content=\"francesca\">\n\t<meta name=\"twitter:label2\" content=\"Tempo di lettura stimato\">\n\t<meta name=\"twitter:data2\" content=\"1 minuto\">\n<script type=\"application\/ld+json\" class=\"yoast-schema-graph\">{\"@context\":\"https:\/\/schema.org\",\"@graph\":[{\"@type\":\"WebSite\",\"@id\":\"https:\/\/www.pescafish.it\/new\/#website\",\"url\":\"https:\/\/www.pescafish.it\/new\/\",\"name\":\"Pesca Fish\",\"description\":\"Benvenuti sul nostro sito!\",\"potentialAction\":[{\"@type\":\"SearchAction\",\"target\":\"https:\/\/www.pescafish.it\/new\/?s={search_term_string}\",\"query-input\":\"required name=search_term_string\"}],\"inLanguage\":\"it-IT\"},{\"@type\":\"ImageObject\",\"@id\":\"https:\/\/www.pescafish.it\/new\/prodotto\/23-ninja-lt-daiwa\/#primaryimage\",\"inLanguage\":\"it-IT\",\"url\":\"https:\/\/www.pescafish.it\/new\/wp-content\/uploads\/2023\/09\/yyy-1.jpg\",\"width\":2363,\"height\":2402,\"caption\":\"Daiwa\"},{\"@type\":\"WebPage\",\"@id\":\"https:\/\/www.pescafish.it\/new\/prodotto\/23-ninja-lt-daiwa\/#webpage\",\"url\":\"https:\/\/www.pescafish.it\/new\/prodotto\/23-ninja-lt-daiwa\/\",\"name\":\"23 Ninja LT - Daiwa - Pesca Fish\",\"isPartOf\":{\"@id\":\"https:\/\/www.pescafish.it\/new\/#website\"},\"primaryImageOfPage\":{\"@id\":\"https:\/\/www.pescafish.it\/new\/prodotto\/23-ninja-lt-daiwa\/#primaryimage\"},\"datePublished\":\"2023-09-29T14:22:40+00:00\",\"dateModified\":\"2025-09-09T16:27:48+00:00\",\"inLanguage\":\"it-IT\",\"potentialAction\":[{\"@type\":\"ReadAction\",\"target\":[\"https:\/\/www.pescafish.it\/new\/prodotto\/23-ninja-lt-daiwa\/\"]}]}]}<\/script>\n<!-- \/ Yoast SEO plugin. -->","_links":{"self":[{"href":"https:\/\/www.pescafish.it\/new\/wp-json\/wp\/v2\/product\/91154"}],"collection":[{"href":"https:\/\/www.pescafish.it\/new\/wp-json\/wp\/v2\/product"}],"about":[{"href":"https:\/\/www.pescafish.it\/new\/wp-json\/wp\/v2\/types\/product"}],"replies":[{"embeddable":true,"href":"https:\/\/www.pescafish.it\/new\/wp-json\/wp\/v2\/comments?post=91154"}],"wp:featuredmedia":[{"embeddable":true,"href":"https:\/\/www.pescafish.it\/new\/wp-json\/wp\/v2\/media\/91155"}],"wp:attachment":[{"href":"https:\/\/www.pescafish.it\/new\/wp-json\/wp\/v2\/media?parent=91154"}],"wp:term":[{"taxonomy":"product_cat","embeddable":true,"href":"https:\/\/www.pescafish.it\/new\/wp-json\/wp\/v2\/product_cat?post=91154"},{"taxonomy":"product_tag","embeddable":true,"href":"https:\/\/www.pescafish.it\/new\/wp-json\/wp\/v2\/product_tag?post=91154"}],"curies":[{"name":"wp","href":"https:\/\/api.w.org\/{rel}","templated":true}]}}