{"id":91098,"date":"2023-09-25T18:14:27","date_gmt":"2023-09-25T16:14:27","guid":{"rendered":"https:\/\/www.pescafish.it\/new\/?post_type=product&#038;p=91098"},"modified":"2025-04-27T20:53:10","modified_gmt":"2025-04-27T18:53:10","slug":"ptfe-spinner-swivel-xx-size-11-korda","status":"publish","type":"product","link":"https:\/\/www.pescafish.it\/new\/prodotto\/ptfe-spinner-swivel-xx-size-11-korda\/","title":{"rendered":"PTFE Spinner Swivel XX Size 11 &#8211; Korda"},"content":{"rendered":"<h2 class=\"title\">PTFE Spinner Swivel XX Size 11<\/h2>\n<p>Uno dei principi fondamentali dello spinner rig, come suggerisce il nome, \u00e8 che l&#8217;amo \u00e8 libero di girare e di afferrare la bocca della carpa. Quanto pi\u00f9 liberamente gira, maggiori sono le possibilit\u00e0 di ottenere una presa del gancio, e questo \u00e8 esattamente ci\u00f2 che ottiene il PTFE Spinner Swivel.<\/p>\n<p>Questa versione \u00e8 la scelta perfetta per chiunque desideri meno accessori metallici sui propri spinner. Rendendolo meno invadente, eliminando un anello di metallo come parte della girella.<\/p>\n<p>Questa girella misura 11 \u00e8 progettata specificatamente per noi con questo rig e pu\u00f2 essere utilizzata con vari materiali di collegamento dell&#8217;amo e, proprio come la nostra versione standard, l&#8217;amo pu\u00f2 essere facilmente aggiunto o rimosso dall&#8217;uncino all&#8217;altra estremit\u00e0, che viene poi coperto con un Kicker per mantenere tutto saldamente in posizione. Il politetrafluoroetilene (PTFE) ha uno dei coefficienti di attrito pi\u00f9 bassi di qualsiasi materiale solido, il che lo rende perfetto per il rivestimento delle girelle poich\u00e9 riduce qualsiasi attrito tra la canna e l&#8217;occhiello.<\/p>\n<p>La versione XX \u00e8 progettata specificamente per essere utilizzata con ami di dimensioni maggiori come 1s e 2s. Hanno un calibro del filo pi\u00f9 spesso rispetto alla versione originale e dovrebbero essere usati insieme ai nuovi Kicker XL che si adatteranno comodamente sopra l&#8217;uncino e l&#8217;occhiello pi\u00f9 grande dell&#8217;amo di misura pi\u00f9 grande.<\/p>\n<p><strong>Confezione da 10 pezzi.<\/strong><\/p>\n","protected":false},"excerpt":{"rendered":"<p>PTFE Spinner Swivel XX Size 11 Uno dei principi fondamentali dello spinner rig, come suggerisce il nome, \u00e8 che l&#8217;amo \u00e8 libero di girare e di afferrare la bocca della carpa. Quanto pi\u00f9 liberamente gira, maggiori sono le possibilit\u00e0 di ottenere una presa del gancio, e questo \u00e8 esattamente ci\u00f2 che ottiene il PTFE Spinner [&hellip;]<\/p>\n","protected":false},"featured_media":91099,"comment_status":"closed","ping_status":"closed","template":"","meta":[],"product_cat":[587],"product_tag":[1018],"yoast_head":"<!-- This site is optimized with the Yoast SEO plugin v15.3 - https:\/\/yoast.com\/wordpress\/plugins\/seo\/ -->\n<title>PTFE Spinner Swivel XX Size 11 - Korda - Pesca Fish<\/title>\n<meta name=\"robots\" content=\"index, follow, max-snippet:-1, max-image-preview:large, max-video-preview:-1\" \/>\n<link rel=\"canonical\" href=\"https:\/\/www.pescafish.it\/new\/prodotto\/ptfe-spinner-swivel-xx-size-11-korda\/\" \/>\n<meta property=\"og:locale\" content=\"it_IT\" \/>\n<meta property=\"og:type\" content=\"article\" \/>\n<meta property=\"og:title\" content=\"PTFE Spinner Swivel XX Size 11 - Korda - Pesca Fish\" \/>\n<meta property=\"og:description\" content=\"PTFE Spinner Swivel XX Size 11 Uno dei principi fondamentali dello spinner rig, come suggerisce il nome, \u00e8 che l&#8217;amo \u00e8 libero di girare e di afferrare la bocca della carpa. Quanto pi\u00f9 liberamente gira, maggiori sono le possibilit\u00e0 di ottenere una presa del gancio, e questo \u00e8 esattamente ci\u00f2 che ottiene il PTFE Spinner [&hellip;]\" \/>\n<meta property=\"og:url\" content=\"https:\/\/www.pescafish.it\/new\/prodotto\/ptfe-spinner-swivel-xx-size-11-korda\/\" \/>\n<meta property=\"og:site_name\" content=\"Pesca Fish\" \/>\n<meta property=\"article:publisher\" content=\"https:\/\/www.facebook.com\/pescafishvr\/\" \/>\n<meta property=\"article:modified_time\" content=\"2025-04-27T18:53:10+00:00\" \/>\n<meta property=\"og:image\" content=\"https:\/\/www.pescafish.it\/new\/wp-content\/uploads\/2023\/09\/XX-PTFE.jpg\" \/>\n\t<meta property=\"og:image:width\" content=\"1200\" \/>\n\t<meta property=\"og:image:height\" content=\"1200\" \/>\n<meta name=\"twitter:card\" content=\"summary_large_image\" \/>\n<meta name=\"twitter:label1\" content=\"Scritto da\">\n\t<meta name=\"twitter:data1\" content=\"francesca\">\n\t<meta name=\"twitter:label2\" content=\"Tempo di lettura stimato\">\n\t<meta name=\"twitter:data2\" content=\"1 minuto\">\n<script type=\"application\/ld+json\" class=\"yoast-schema-graph\">{\"@context\":\"https:\/\/schema.org\",\"@graph\":[{\"@type\":\"WebSite\",\"@id\":\"https:\/\/www.pescafish.it\/new\/#website\",\"url\":\"https:\/\/www.pescafish.it\/new\/\",\"name\":\"Pesca Fish\",\"description\":\"Benvenuti sul nostro sito!\",\"potentialAction\":[{\"@type\":\"SearchAction\",\"target\":\"https:\/\/www.pescafish.it\/new\/?s={search_term_string}\",\"query-input\":\"required name=search_term_string\"}],\"inLanguage\":\"it-IT\"},{\"@type\":\"ImageObject\",\"@id\":\"https:\/\/www.pescafish.it\/new\/prodotto\/ptfe-spinner-swivel-xx-size-11-korda\/#primaryimage\",\"inLanguage\":\"it-IT\",\"url\":\"https:\/\/www.pescafish.it\/new\/wp-content\/uploads\/2023\/09\/XX-PTFE.jpg\",\"width\":1200,\"height\":1200,\"caption\":\"Korda\"},{\"@type\":\"WebPage\",\"@id\":\"https:\/\/www.pescafish.it\/new\/prodotto\/ptfe-spinner-swivel-xx-size-11-korda\/#webpage\",\"url\":\"https:\/\/www.pescafish.it\/new\/prodotto\/ptfe-spinner-swivel-xx-size-11-korda\/\",\"name\":\"PTFE Spinner Swivel XX Size 11 - Korda - Pesca Fish\",\"isPartOf\":{\"@id\":\"https:\/\/www.pescafish.it\/new\/#website\"},\"primaryImageOfPage\":{\"@id\":\"https:\/\/www.pescafish.it\/new\/prodotto\/ptfe-spinner-swivel-xx-size-11-korda\/#primaryimage\"},\"datePublished\":\"2023-09-25T16:14:27+00:00\",\"dateModified\":\"2025-04-27T18:53:10+00:00\",\"inLanguage\":\"it-IT\",\"potentialAction\":[{\"@type\":\"ReadAction\",\"target\":[\"https:\/\/www.pescafish.it\/new\/prodotto\/ptfe-spinner-swivel-xx-size-11-korda\/\"]}]}]}<\/script>\n<!-- \/ Yoast SEO plugin. -->","_links":{"self":[{"href":"https:\/\/www.pescafish.it\/new\/wp-json\/wp\/v2\/product\/91098"}],"collection":[{"href":"https:\/\/www.pescafish.it\/new\/wp-json\/wp\/v2\/product"}],"about":[{"href":"https:\/\/www.pescafish.it\/new\/wp-json\/wp\/v2\/types\/product"}],"replies":[{"embeddable":true,"href":"https:\/\/www.pescafish.it\/new\/wp-json\/wp\/v2\/comments?post=91098"}],"wp:featuredmedia":[{"embeddable":true,"href":"https:\/\/www.pescafish.it\/new\/wp-json\/wp\/v2\/media\/91099"}],"wp:attachment":[{"href":"https:\/\/www.pescafish.it\/new\/wp-json\/wp\/v2\/media?parent=91098"}],"wp:term":[{"taxonomy":"product_cat","embeddable":true,"href":"https:\/\/www.pescafish.it\/new\/wp-json\/wp\/v2\/product_cat?post=91098"},{"taxonomy":"product_tag","embeddable":true,"href":"https:\/\/www.pescafish.it\/new\/wp-json\/wp\/v2\/product_tag?post=91098"}],"curies":[{"name":"wp","href":"https:\/\/api.w.org\/{rel}","templated":true}]}}