{"id":91091,"date":"2023-09-25T17:50:34","date_gmt":"2023-09-25T15:50:34","guid":{"rendered":"https:\/\/www.pescafish.it\/new\/?post_type=product&#038;p=91091"},"modified":"2024-10-28T20:49:30","modified_gmt":"2024-10-28T19:49:30","slug":"spinner-ring-swivel-xx-size-11-korda","status":"publish","type":"product","link":"https:\/\/www.pescafish.it\/new\/prodotto\/spinner-ring-swivel-xx-size-11-korda\/","title":{"rendered":"Spinner Ring Swivel XX Size 11 &#8211; Korda"},"content":{"rendered":"<h2>Spinner Ring Swivel XX Size 11<\/h2>\n<p>Lo Spinner Ring Swivel \u00e8 stato progettato specificamente per l&#8217;uso con rig spinner ed elimina la necessit\u00e0 di accontentarsi di altri tipi di girelle che non sono realizzate per quello scopo.<\/p>\n<p>In precedenza, l&#8217;utilizzo di un rig spinner spesso comportava la necessit\u00e0 di utilizzare un paio di pinze per aprire una girella QC o simili e incastrare l&#8217;amo su di esso, ma questi hanno un&#8217;apertura a forma storta su cui l&#8217;amo pu\u00f2 essere facilmente fatto scivolare, e poi un pezzo di la guaina termoretraibile o il Kicker vengono utilizzati per coprire la connessione e mantenere tutto a posto e ad angolo retto.<\/p>\n<p>Questa girella di misura 11 aiuta anche a creare sezioni del braccio rotante molto ordinate, con l&#8217;anello all&#8217;altra estremit\u00e0 che d\u00e0 molto movimento e ti permette di aggraffarti saldamente, o se stai usando materiali pi\u00f9 flessibili che vengono legati direttamente all&#8217;anello.<\/p>\n<p>La versione XX \u00e8 progettata specificamente per essere utilizzata con ami di dimensioni maggiori come 1s e 2s. Hanno un calibro del filo pi\u00f9 spesso rispetto alla versione originale e dovrebbero essere usati insieme ai nuovi Kicker XL che si adatteranno comodamente sopra l&#8217;uncino e l&#8217;occhiello pi\u00f9 grande dell&#8217;amo di misura pi\u00f9 grande.<\/p>\n<p><strong>Confezione da 10 pezzi.<\/strong><\/p>\n","protected":false},"excerpt":{"rendered":"<p>Spinner Ring Swivel XX Size 11 Lo Spinner Ring Swivel \u00e8 stato progettato specificamente per l&#8217;uso con rig spinner ed elimina la necessit\u00e0 di accontentarsi di altri tipi di girelle che non sono realizzate per quello scopo. In precedenza, l&#8217;utilizzo di un rig spinner spesso comportava la necessit\u00e0 di utilizzare un paio di pinze per [&hellip;]<\/p>\n","protected":false},"featured_media":91092,"comment_status":"closed","ping_status":"closed","template":"","meta":[],"product_cat":[587],"product_tag":[1018],"yoast_head":"<!-- This site is optimized with the Yoast SEO plugin v15.3 - https:\/\/yoast.com\/wordpress\/plugins\/seo\/ -->\n<title>Spinner Ring Swivel XX Size 11 - Korda - Pesca Fish<\/title>\n<meta name=\"robots\" content=\"index, follow, max-snippet:-1, max-image-preview:large, max-video-preview:-1\" \/>\n<link rel=\"canonical\" href=\"https:\/\/www.pescafish.it\/new\/prodotto\/spinner-ring-swivel-xx-size-11-korda\/\" \/>\n<meta property=\"og:locale\" content=\"it_IT\" \/>\n<meta property=\"og:type\" content=\"article\" \/>\n<meta property=\"og:title\" content=\"Spinner Ring Swivel XX Size 11 - Korda - Pesca Fish\" \/>\n<meta property=\"og:description\" content=\"Spinner Ring Swivel XX Size 11 Lo Spinner Ring Swivel \u00e8 stato progettato specificamente per l&#8217;uso con rig spinner ed elimina la necessit\u00e0 di accontentarsi di altri tipi di girelle che non sono realizzate per quello scopo. In precedenza, l&#8217;utilizzo di un rig spinner spesso comportava la necessit\u00e0 di utilizzare un paio di pinze per [&hellip;]\" \/>\n<meta property=\"og:url\" content=\"https:\/\/www.pescafish.it\/new\/prodotto\/spinner-ring-swivel-xx-size-11-korda\/\" \/>\n<meta property=\"og:site_name\" content=\"Pesca Fish\" \/>\n<meta property=\"article:publisher\" content=\"https:\/\/www.facebook.com\/pescafishvr\/\" \/>\n<meta property=\"article:modified_time\" content=\"2024-10-28T19:49:30+00:00\" \/>\n<meta property=\"og:image\" content=\"https:\/\/www.pescafish.it\/new\/wp-content\/uploads\/2023\/09\/14801693406395.jpg\" \/>\n\t<meta property=\"og:image:width\" content=\"400\" \/>\n\t<meta property=\"og:image:height\" content=\"267\" \/>\n<meta name=\"twitter:card\" content=\"summary_large_image\" \/>\n<meta name=\"twitter:label1\" content=\"Scritto da\">\n\t<meta name=\"twitter:data1\" content=\"francesca\">\n\t<meta name=\"twitter:label2\" content=\"Tempo di lettura stimato\">\n\t<meta name=\"twitter:data2\" content=\"1 minuto\">\n<script type=\"application\/ld+json\" class=\"yoast-schema-graph\">{\"@context\":\"https:\/\/schema.org\",\"@graph\":[{\"@type\":\"WebSite\",\"@id\":\"https:\/\/www.pescafish.it\/new\/#website\",\"url\":\"https:\/\/www.pescafish.it\/new\/\",\"name\":\"Pesca Fish\",\"description\":\"Benvenuti sul nostro sito!\",\"potentialAction\":[{\"@type\":\"SearchAction\",\"target\":\"https:\/\/www.pescafish.it\/new\/?s={search_term_string}\",\"query-input\":\"required name=search_term_string\"}],\"inLanguage\":\"it-IT\"},{\"@type\":\"ImageObject\",\"@id\":\"https:\/\/www.pescafish.it\/new\/prodotto\/spinner-ring-swivel-xx-size-11-korda\/#primaryimage\",\"inLanguage\":\"it-IT\",\"url\":\"https:\/\/www.pescafish.it\/new\/wp-content\/uploads\/2023\/09\/14801693406395.jpg\",\"width\":400,\"height\":267,\"caption\":\"Korda\"},{\"@type\":\"WebPage\",\"@id\":\"https:\/\/www.pescafish.it\/new\/prodotto\/spinner-ring-swivel-xx-size-11-korda\/#webpage\",\"url\":\"https:\/\/www.pescafish.it\/new\/prodotto\/spinner-ring-swivel-xx-size-11-korda\/\",\"name\":\"Spinner Ring Swivel XX Size 11 - Korda - Pesca Fish\",\"isPartOf\":{\"@id\":\"https:\/\/www.pescafish.it\/new\/#website\"},\"primaryImageOfPage\":{\"@id\":\"https:\/\/www.pescafish.it\/new\/prodotto\/spinner-ring-swivel-xx-size-11-korda\/#primaryimage\"},\"datePublished\":\"2023-09-25T15:50:34+00:00\",\"dateModified\":\"2024-10-28T19:49:30+00:00\",\"inLanguage\":\"it-IT\",\"potentialAction\":[{\"@type\":\"ReadAction\",\"target\":[\"https:\/\/www.pescafish.it\/new\/prodotto\/spinner-ring-swivel-xx-size-11-korda\/\"]}]}]}<\/script>\n<!-- \/ Yoast SEO plugin. -->","_links":{"self":[{"href":"https:\/\/www.pescafish.it\/new\/wp-json\/wp\/v2\/product\/91091"}],"collection":[{"href":"https:\/\/www.pescafish.it\/new\/wp-json\/wp\/v2\/product"}],"about":[{"href":"https:\/\/www.pescafish.it\/new\/wp-json\/wp\/v2\/types\/product"}],"replies":[{"embeddable":true,"href":"https:\/\/www.pescafish.it\/new\/wp-json\/wp\/v2\/comments?post=91091"}],"wp:featuredmedia":[{"embeddable":true,"href":"https:\/\/www.pescafish.it\/new\/wp-json\/wp\/v2\/media\/91092"}],"wp:attachment":[{"href":"https:\/\/www.pescafish.it\/new\/wp-json\/wp\/v2\/media?parent=91091"}],"wp:term":[{"taxonomy":"product_cat","embeddable":true,"href":"https:\/\/www.pescafish.it\/new\/wp-json\/wp\/v2\/product_cat?post=91091"},{"taxonomy":"product_tag","embeddable":true,"href":"https:\/\/www.pescafish.it\/new\/wp-json\/wp\/v2\/product_tag?post=91091"}],"curies":[{"name":"wp","href":"https:\/\/api.w.org\/{rel}","templated":true}]}}