{"id":91021,"date":"2023-09-20T09:55:00","date_gmt":"2023-09-20T07:55:00","guid":{"rendered":"https:\/\/www.pescafish.it\/new\/?post_type=product&#038;p=91021"},"modified":"2023-09-20T09:55:00","modified_gmt":"2023-09-20T07:55:00","slug":"canna-speedmaster-surf-hybrid-shimano","status":"publish","type":"product","link":"https:\/\/www.pescafish.it\/new\/prodotto\/canna-speedmaster-surf-hybrid-shimano\/","title":{"rendered":"Canna Speedmaster Surf Hybrid &#8211; Shimano"},"content":{"rendered":"<p>La Speedmaster Surf \u00e8 una canna da surf di prezzo medio, ad azione fast e molto bilanciata, che combina un grezzo in carbonio di alta qualit\u00e0 con accessori di qualit\u00e0 ed eccellenti prestazioni di lancio. Tutte le canne hanno un&#8217;azione di lancio potente per traguardare distanze importanti e offrono una fantastica combinazione di prestazioni elevate, qualit\u00e0 e prezzo accattivante.<br \/>\nProgettata con un&#8217;azione molto reattiva, questa gamma di canne dall&#8217;aspetto fantastico consente di aumentare la potenza quando si ha bisogno di una distanza maggiore, ma mantiene comunque la sensibilit\u00e0 necessaria per mostrare le abboccate dei pesci pi\u00f9 piccoli quando si utilizza un approccio con lenze leggere.<br \/>\nLa potenza di lancio della Speedmaster \u00e8 generata dall&#8217;uso di carbonio ad alto modulo, combinato con la costruzione Diaflash nella parte inferiore del blank. La sensibilit\u00e0 deriva dalle vette Hybrid montate, caratterizzata da una sezione solid innestata, ha un sensibilit\u00e0 impressionante per avvertire anche le tocche pi\u00f9 delicate.<br \/>\nNon si pu\u00f2 non rimanere colpiti dallo splendido blank blu, montato con anelli Fuji Fazlite K in acciaio inossidabile o di anelli Fuji Lowrider a seconda del modello scelto. Sono resistenti alla corrosione, leggeri e riducono l&#8217;attrito. Se utilizzate la treccia, sarete felici di sapere che tutti gli anelli sono sicuri anche per i trecciati pi\u00f9 sottili. Per adattarsi ai mulinelli da surfcasting di grandi dimensioni, una sede per mulinello Fuji DPS si trova perfettamente sul blank ed \u00e8 stata posizionata in modo da consentire di creare la massima leva con la mano inferiore durante il lancio.<br \/>\nLa canna ideale per la pesca dalla spiaggia in Mediterraneo, dove \u00e8 necessaria potenza di lancio combinata con la sensibilit\u00e0.<\/p>\n<p><strong>Disponibile nei seguenti modelli:<\/strong><\/p>\n<table style=\"height: 72px; width: 100%; border-collapse: collapse; border-color: #000000;\" border=\"2\">\n<tbody>\n<tr style=\"height: 24px;\">\n<td style=\"width: 16.6667%; height: 24px; text-align: center;\"><strong>Modello<\/strong><\/td>\n<td style=\"width: 16.6667%; height: 24px; text-align: center;\"><strong>Lunghezza<\/strong><\/td>\n<td style=\"width: 16.6667%; height: 24px; text-align: center;\"><strong>Potenza<\/strong><\/td>\n<td style=\"width: 16.6667%; height: 24px; text-align: center;\"><strong>Ingombro<\/strong><\/td>\n<td style=\"width: 14.2771%; height: 24px; text-align: center;\"><strong>Peso<\/strong><\/td>\n<td style=\"width: 10.7229%; height: 24px; text-align: center;\"><strong>N\u00b0 sezioni<\/strong><\/td>\n<\/tr>\n<tr style=\"height: 24px;\">\n<td style=\"width: 16.6667%; height: 24px; text-align: center;\"><strong>SMSFH425DXH<\/strong><\/td>\n<td style=\"width: 16.6667%; height: 24px; text-align: center;\">4,25m<\/td>\n<td style=\"width: 16.6667%; height: 24px; text-align: center;\">150g<\/td>\n<td style=\"width: 16.6667%; height: 24px; text-align: center;\">146cm<\/td>\n<td style=\"width: 14.2771%; height: 24px; text-align: center;\">464g<\/td>\n<td style=\"width: 10.7229%; height: 24px; text-align: center;\">3<\/td>\n<\/tr>\n<tr style=\"height: 24px;\">\n<td style=\"width: 16.6667%; height: 24px; text-align: center;\"><strong>SMSFH450CXH<\/strong><\/td>\n<td style=\"width: 16.6667%; height: 24px; text-align: center;\">4,50m<\/td>\n<td style=\"width: 16.6667%; height: 24px; text-align: center;\">200g<\/td>\n<td style=\"width: 16.6667%; height: 24px; text-align: center;\">156cm<\/td>\n<td style=\"width: 14.2771%; height: 24px; text-align: center;\">473g<\/td>\n<td style=\"width: 10.7229%; height: 24px; text-align: center;\">3<\/td>\n<\/tr>\n<\/tbody>\n<\/table>\n<p><span style=\"color: #ff0000;\"><strong>DUE ANNI DI GARANZIA<\/strong><\/span><br \/>\n<span style=\"color: #ff0000;\"><strong>Da oggi per avere il TERZO ANNO DI GARANZIA, collegati al nuovo portale e registra il tuo prodotto su:<\/strong><\/span><br \/>\n<span style=\"color: #000000; background-color: #ffff00;\"><strong><a style=\"color: #000000; background-color: #ffff00;\" href=\"http:\/\/www.shimanofishnetwork.it\/garanzia\/sign_in\">http:\/\/www.shimanofishnetwork.it\/garanzia\/sign_in<\/a><\/strong><\/span><\/p>\n","protected":false},"excerpt":{"rendered":"<p>La Speedmaster Surf \u00e8 una canna da surf di prezzo medio, ad azione fast e molto bilanciata, che combina un grezzo in carbonio di alta qualit\u00e0 con accessori di qualit\u00e0 ed eccellenti prestazioni di lancio. Tutte le canne hanno un&#8217;azione di lancio potente per traguardare distanze importanti e offrono una fantastica combinazione di prestazioni elevate, [&hellip;]<\/p>\n","protected":false},"featured_media":91022,"comment_status":"closed","ping_status":"closed","template":"","meta":[],"product_cat":[86],"product_tag":[1023],"yoast_head":"<!-- This site is optimized with the Yoast SEO plugin v15.3 - https:\/\/yoast.com\/wordpress\/plugins\/seo\/ -->\n<title>Canna Speedmaster Surf Hybrid - Shimano - Pesca Fish<\/title>\n<meta name=\"robots\" content=\"index, follow, max-snippet:-1, max-image-preview:large, max-video-preview:-1\" \/>\n<link rel=\"canonical\" href=\"https:\/\/www.pescafish.it\/new\/prodotto\/canna-speedmaster-surf-hybrid-shimano\/\" \/>\n<meta property=\"og:locale\" content=\"it_IT\" \/>\n<meta property=\"og:type\" content=\"article\" \/>\n<meta property=\"og:title\" content=\"Canna Speedmaster Surf Hybrid - Shimano - Pesca Fish\" \/>\n<meta property=\"og:description\" content=\"La Speedmaster Surf \u00e8 una canna da surf di prezzo medio, ad azione fast e molto bilanciata, che combina un grezzo in carbonio di alta qualit\u00e0 con accessori di qualit\u00e0 ed eccellenti prestazioni di lancio. Tutte le canne hanno un&#8217;azione di lancio potente per traguardare distanze importanti e offrono una fantastica combinazione di prestazioni elevate, [&hellip;]\" \/>\n<meta property=\"og:url\" content=\"https:\/\/www.pescafish.it\/new\/prodotto\/canna-speedmaster-surf-hybrid-shimano\/\" \/>\n<meta property=\"og:site_name\" content=\"Pesca Fish\" \/>\n<meta property=\"article:publisher\" content=\"https:\/\/www.facebook.com\/pescafishvr\/\" \/>\n<meta property=\"og:image\" content=\"https:\/\/www.pescafish.it\/new\/wp-content\/uploads\/2023\/09\/speedmaster-surf-h.jpg\" \/>\n\t<meta property=\"og:image:width\" content=\"1000\" \/>\n\t<meta property=\"og:image:height\" content=\"1000\" \/>\n<meta name=\"twitter:card\" content=\"summary_large_image\" \/>\n<meta name=\"twitter:label1\" content=\"Scritto da\">\n\t<meta name=\"twitter:data1\" content=\"francesca\">\n\t<meta name=\"twitter:label2\" content=\"Tempo di lettura stimato\">\n\t<meta name=\"twitter:data2\" content=\"1 minuto\">\n<script type=\"application\/ld+json\" class=\"yoast-schema-graph\">{\"@context\":\"https:\/\/schema.org\",\"@graph\":[{\"@type\":\"WebSite\",\"@id\":\"https:\/\/www.pescafish.it\/new\/#website\",\"url\":\"https:\/\/www.pescafish.it\/new\/\",\"name\":\"Pesca Fish\",\"description\":\"Benvenuti sul nostro sito!\",\"potentialAction\":[{\"@type\":\"SearchAction\",\"target\":\"https:\/\/www.pescafish.it\/new\/?s={search_term_string}\",\"query-input\":\"required name=search_term_string\"}],\"inLanguage\":\"it-IT\"},{\"@type\":\"ImageObject\",\"@id\":\"https:\/\/www.pescafish.it\/new\/prodotto\/canna-speedmaster-surf-hybrid-shimano\/#primaryimage\",\"inLanguage\":\"it-IT\",\"url\":\"https:\/\/www.pescafish.it\/new\/wp-content\/uploads\/2023\/09\/speedmaster-surf-h.jpg\",\"width\":1000,\"height\":1000,\"caption\":\"speedmaster surf hybrid shimano\"},{\"@type\":\"WebPage\",\"@id\":\"https:\/\/www.pescafish.it\/new\/prodotto\/canna-speedmaster-surf-hybrid-shimano\/#webpage\",\"url\":\"https:\/\/www.pescafish.it\/new\/prodotto\/canna-speedmaster-surf-hybrid-shimano\/\",\"name\":\"Canna Speedmaster Surf Hybrid - Shimano - Pesca Fish\",\"isPartOf\":{\"@id\":\"https:\/\/www.pescafish.it\/new\/#website\"},\"primaryImageOfPage\":{\"@id\":\"https:\/\/www.pescafish.it\/new\/prodotto\/canna-speedmaster-surf-hybrid-shimano\/#primaryimage\"},\"datePublished\":\"2023-09-20T07:55:00+00:00\",\"dateModified\":\"2023-09-20T07:55:00+00:00\",\"inLanguage\":\"it-IT\",\"potentialAction\":[{\"@type\":\"ReadAction\",\"target\":[\"https:\/\/www.pescafish.it\/new\/prodotto\/canna-speedmaster-surf-hybrid-shimano\/\"]}]}]}<\/script>\n<!-- \/ Yoast SEO plugin. -->","_links":{"self":[{"href":"https:\/\/www.pescafish.it\/new\/wp-json\/wp\/v2\/product\/91021"}],"collection":[{"href":"https:\/\/www.pescafish.it\/new\/wp-json\/wp\/v2\/product"}],"about":[{"href":"https:\/\/www.pescafish.it\/new\/wp-json\/wp\/v2\/types\/product"}],"replies":[{"embeddable":true,"href":"https:\/\/www.pescafish.it\/new\/wp-json\/wp\/v2\/comments?post=91021"}],"wp:featuredmedia":[{"embeddable":true,"href":"https:\/\/www.pescafish.it\/new\/wp-json\/wp\/v2\/media\/91022"}],"wp:attachment":[{"href":"https:\/\/www.pescafish.it\/new\/wp-json\/wp\/v2\/media?parent=91021"}],"wp:term":[{"taxonomy":"product_cat","embeddable":true,"href":"https:\/\/www.pescafish.it\/new\/wp-json\/wp\/v2\/product_cat?post=91021"},{"taxonomy":"product_tag","embeddable":true,"href":"https:\/\/www.pescafish.it\/new\/wp-json\/wp\/v2\/product_tag?post=91021"}],"curies":[{"name":"wp","href":"https:\/\/api.w.org\/{rel}","templated":true}]}}