{"id":91008,"date":"2023-09-19T19:09:58","date_gmt":"2023-09-19T17:09:58","guid":{"rendered":"https:\/\/www.pescafish.it\/new\/?post_type=product&#038;p=91008"},"modified":"2023-09-19T19:09:58","modified_gmt":"2023-09-19T17:09:58","slug":"mulinello-speedmaster-14000-xsd-shimano","status":"publish","type":"product","link":"https:\/\/www.pescafish.it\/new\/prodotto\/mulinello-speedmaster-14000-xsd-shimano\/","title":{"rendered":"Mulinello SpeedMaster 14000 XSD &#8211; Shimano"},"content":{"rendered":"<p>Lo Speedmaster XSD \u00e8 uno straordinario mulinello da surfcasting che offre un valore notevole. Con ingranaggi e tecnologia long cast presi direttamente dai modelli SHIMANO leader di categoria, l&#8217;accattivante corpo argentato e la bobina blu si adattano perfettamente a tutte le canne da surfcasting long range SHIMANO.<br \/>\nSe desiderate una combinazione imbattibile di valore, qualit\u00e0 e prestazioni per migliorare le vostre canne da surfcasting, sarete immediatamente attratti dallo Speedmaster XSD. Dotato tecnologie all&#8217;avanguardia SHIMANO, lo Speedmaster assicura incredibili prestazioni ad un prezzo relativamente contenuto. Si tratta di un mulinello dalle comprovate prestazioni di lancio a lunga distanza, che vi aiuter\u00e0 a lanciare i piombi pi\u00f9 lontano che mai, consentendovi di raggiungere i pesci che stazionano a distanza. Con un&#8217;impressionante rapidit\u00e0 di recupero della lenza e un ingranaggio potente ed efficiente, lo Speedmaster XSD si comporta in modo eccezionale se abbinato a tutte le canne da surfcasting.<br \/>\n\u00c8 davvero difficile criticare i mulinelli Speedmaster. Hanno ereditato molte delle caratteristiche di punta utilizzate dai principali mulinelli Big Pit Shimano. Per esempio, l&#8217;oscillazione Super Slow 5 \u00e8 usata su tutti i mulinelli fino al Power Aero, cos\u00ec come G Free Body, Parallel Body e bobina AR-C in alluminio forgiato a freddo. \u00c8 disponibile anche un set di riduttori di capacit\u00e0 della bobina per rendere l&#8217;operazione pi\u00f9 economica, soprattutto quando si utilizzano lenze mono o trecciate pi\u00f9 sottili. Per quanto riguarda il recupero e il combattimento, la combinazione di HAGANE Gear e della tecnologia SILENT DRIVE ottimizza l&#8217;efficienza dell&#8217;avvolgimento, mentre l&#8217;Instant Drag consente una regolazione rapidissima della tensione della frizione.<\/p>\n<p><strong>Capacit\u00e0 bobina(mm-m):<\/strong> 0.35-550, 0.40-400, 0.45-300<br \/>\n<strong>Rapporto di Recupero:<\/strong> 4.3:1<br \/>\n<strong>Peso:<\/strong> 590g<br \/>\n<strong>Max drag:<\/strong> 20kg<br \/>\n<strong>Line Retrive:<\/strong> 103cm<\/p>\n<p><span style=\"color: #ff0000;\"><strong>DUE ANNI DI GARANZIA<\/strong><\/span><br \/>\n<span style=\"color: #ff0000;\"><strong>Da oggi per avere il TERZO ANNO DI GARANZIA, collegati al nuovo portale e registra il tuo prodotto su:<\/strong><\/span><br \/>\n<span style=\"color: #000000; background-color: #ffff00;\"><strong><a style=\"color: #000000; background-color: #ffff00;\" href=\"http:\/\/www.shimanofishnetwork.it\/garanzia\/sign_in\">http:\/\/www.shimanofishnetwork.it\/garanzia\/sign_in<\/a><\/strong><\/span><\/p>\n","protected":false},"excerpt":{"rendered":"<p>Lo Speedmaster XSD \u00e8 uno straordinario mulinello da surfcasting che offre un valore notevole. Con ingranaggi e tecnologia long cast presi direttamente dai modelli SHIMANO leader di categoria, l&#8217;accattivante corpo argentato e la bobina blu si adattano perfettamente a tutte le canne da surfcasting long range SHIMANO. Se desiderate una combinazione imbattibile di valore, qualit\u00e0 [&hellip;]<\/p>\n","protected":false},"featured_media":91009,"comment_status":"closed","ping_status":"closed","template":"","meta":[],"product_cat":[348],"product_tag":[1023],"yoast_head":"<!-- This site is optimized with the Yoast SEO plugin v15.3 - https:\/\/yoast.com\/wordpress\/plugins\/seo\/ -->\n<title>Mulinello SpeedMaster 14000 XSD - Shimano - Pesca Fish<\/title>\n<meta name=\"robots\" content=\"index, follow, max-snippet:-1, max-image-preview:large, max-video-preview:-1\" \/>\n<link rel=\"canonical\" href=\"https:\/\/www.pescafish.it\/new\/prodotto\/mulinello-speedmaster-14000-xsd-shimano\/\" \/>\n<meta property=\"og:locale\" content=\"it_IT\" \/>\n<meta property=\"og:type\" content=\"article\" \/>\n<meta property=\"og:title\" content=\"Mulinello SpeedMaster 14000 XSD - Shimano - Pesca Fish\" \/>\n<meta property=\"og:description\" content=\"Lo Speedmaster XSD \u00e8 uno straordinario mulinello da surfcasting che offre un valore notevole. Con ingranaggi e tecnologia long cast presi direttamente dai modelli SHIMANO leader di categoria, l&#8217;accattivante corpo argentato e la bobina blu si adattano perfettamente a tutte le canne da surfcasting long range SHIMANO. Se desiderate una combinazione imbattibile di valore, qualit\u00e0 [&hellip;]\" \/>\n<meta property=\"og:url\" content=\"https:\/\/www.pescafish.it\/new\/prodotto\/mulinello-speedmaster-14000-xsd-shimano\/\" \/>\n<meta property=\"og:site_name\" content=\"Pesca Fish\" \/>\n<meta property=\"article:publisher\" content=\"https:\/\/www.facebook.com\/pescafishvr\/\" \/>\n<meta property=\"og:image\" content=\"https:\/\/www.pescafish.it\/new\/wp-content\/uploads\/2023\/09\/SPEEDMASTER-XSD.jpg\" \/>\n\t<meta property=\"og:image:width\" content=\"962\" \/>\n\t<meta property=\"og:image:height\" content=\"962\" \/>\n<meta name=\"twitter:card\" content=\"summary_large_image\" \/>\n<meta name=\"twitter:label1\" content=\"Scritto da\">\n\t<meta name=\"twitter:data1\" content=\"francesca\">\n\t<meta name=\"twitter:label2\" content=\"Tempo di lettura stimato\">\n\t<meta name=\"twitter:data2\" content=\"1 minuto\">\n<script type=\"application\/ld+json\" class=\"yoast-schema-graph\">{\"@context\":\"https:\/\/schema.org\",\"@graph\":[{\"@type\":\"WebSite\",\"@id\":\"https:\/\/www.pescafish.it\/new\/#website\",\"url\":\"https:\/\/www.pescafish.it\/new\/\",\"name\":\"Pesca Fish\",\"description\":\"Benvenuti sul nostro sito!\",\"potentialAction\":[{\"@type\":\"SearchAction\",\"target\":\"https:\/\/www.pescafish.it\/new\/?s={search_term_string}\",\"query-input\":\"required name=search_term_string\"}],\"inLanguage\":\"it-IT\"},{\"@type\":\"ImageObject\",\"@id\":\"https:\/\/www.pescafish.it\/new\/prodotto\/mulinello-speedmaster-14000-xsd-shimano\/#primaryimage\",\"inLanguage\":\"it-IT\",\"url\":\"https:\/\/www.pescafish.it\/new\/wp-content\/uploads\/2023\/09\/SPEEDMASTER-XSD.jpg\",\"width\":962,\"height\":962,\"caption\":\"speedmaster xsd shimano\"},{\"@type\":\"WebPage\",\"@id\":\"https:\/\/www.pescafish.it\/new\/prodotto\/mulinello-speedmaster-14000-xsd-shimano\/#webpage\",\"url\":\"https:\/\/www.pescafish.it\/new\/prodotto\/mulinello-speedmaster-14000-xsd-shimano\/\",\"name\":\"Mulinello SpeedMaster 14000 XSD - Shimano - Pesca Fish\",\"isPartOf\":{\"@id\":\"https:\/\/www.pescafish.it\/new\/#website\"},\"primaryImageOfPage\":{\"@id\":\"https:\/\/www.pescafish.it\/new\/prodotto\/mulinello-speedmaster-14000-xsd-shimano\/#primaryimage\"},\"datePublished\":\"2023-09-19T17:09:58+00:00\",\"dateModified\":\"2023-09-19T17:09:58+00:00\",\"inLanguage\":\"it-IT\",\"potentialAction\":[{\"@type\":\"ReadAction\",\"target\":[\"https:\/\/www.pescafish.it\/new\/prodotto\/mulinello-speedmaster-14000-xsd-shimano\/\"]}]}]}<\/script>\n<!-- \/ Yoast SEO plugin. -->","_links":{"self":[{"href":"https:\/\/www.pescafish.it\/new\/wp-json\/wp\/v2\/product\/91008"}],"collection":[{"href":"https:\/\/www.pescafish.it\/new\/wp-json\/wp\/v2\/product"}],"about":[{"href":"https:\/\/www.pescafish.it\/new\/wp-json\/wp\/v2\/types\/product"}],"replies":[{"embeddable":true,"href":"https:\/\/www.pescafish.it\/new\/wp-json\/wp\/v2\/comments?post=91008"}],"wp:featuredmedia":[{"embeddable":true,"href":"https:\/\/www.pescafish.it\/new\/wp-json\/wp\/v2\/media\/91009"}],"wp:attachment":[{"href":"https:\/\/www.pescafish.it\/new\/wp-json\/wp\/v2\/media?parent=91008"}],"wp:term":[{"taxonomy":"product_cat","embeddable":true,"href":"https:\/\/www.pescafish.it\/new\/wp-json\/wp\/v2\/product_cat?post=91008"},{"taxonomy":"product_tag","embeddable":true,"href":"https:\/\/www.pescafish.it\/new\/wp-json\/wp\/v2\/product_tag?post=91008"}],"curies":[{"name":"wp","href":"https:\/\/api.w.org\/{rel}","templated":true}]}}