{"id":90960,"date":"2023-09-18T17:32:46","date_gmt":"2023-09-18T15:32:46","guid":{"rendered":"https:\/\/www.pescafish.it\/new\/?post_type=product&#038;p=90960"},"modified":"2026-02-19T12:59:01","modified_gmt":"2026-02-19T11:59:01","slug":"90960","status":"publish","type":"product","link":"https:\/\/www.pescafish.it\/new\/prodotto\/90960\/","title":{"rendered":"Verme Palettato &#8211; Righetti Bait System"},"content":{"rendered":"<h2>Verme Palettato<\/h2>\n<p>Il verme palettato nato dopo diversi studi sul movimento in acqua e un esca di taglia medio piccola.<br \/>\nLungo 5.5 cm con un diametro nel punto pi\u00f9 largo di 5mm, \u00e8 costituito da un corpo inizialmente cilindrico che da met\u00e1 in gi\u00f9 va appiattendosi leggermente finendo con una codina a paletta. Questa sua forma caratteristica \u00e8 in grado di emettere numerose vibrazioni in acqua sia in fase di recupero in rotazione che in fase di ricerca. Molto efficace per i pesci di piccola taglia. Tute le esche sono aromatizzate internamente e gonfiate a freddo con aminoacidi, proteine, feromoni e composto organico.<\/p>\n<p><strong>Disponibile nelle seguenti colorazioni:<\/strong><br \/>\n<b><\/b><\/p>\n<p><b>PMM1\u00a0 <\/b>Lombrico<br \/>\n<strong>PMGF<\/strong>\u00a0 Giallo Fluo<br \/>\n<strong>PMRS3<\/strong>\u00a0 Sangue Scuro<br \/>\n<strong>PMBCBO<\/strong>\u00a0 Cobalto Reflex<br \/>\n<strong>PMM13P<\/strong>\u00a0 Crema Caff\u00e8 Reflex<br \/>\n<strong>PMVO<\/strong>\u00a0 Verde Oliva<br \/>\n<b>PMC1\u00a0 <\/b>Larva Del Miele<br \/>\n<b>PMB1\u00a0 <\/b>Bianco<br \/>\n<b>PMRP\u00a0<\/b> Fuxia Reflex<br \/>\n<b>PMR1\u00a0 <\/b>Bubble Gum<br \/>\n<b>PMR3\u00a0 <\/b>Fuxia<br \/>\n<b>PMN1\u00a0 <\/b>Nero<br \/>\n<b>PMA3\u00a0 <\/b>Arancio<br \/>\n<b>PMM3\u00a0 <\/b>Cannella<br \/>\n<strong>PMRS1<\/strong>\u00a0 Rosso Chiaro<br \/>\n<strong>PMCTR<\/strong>\u00a0 Chartreuse<br \/>\n<strong>PMCA<\/strong>\u00a0 Coca Cola Ghost<br \/>\n<strong>PMCAP<\/strong>\u00a0 Coca Cola Reflex<br \/>\n<b><br \/>\nConfezione da 10 pezzi.<\/b><\/p>\n","protected":false},"excerpt":{"rendered":"<p>Verme Palettato Il verme palettato nato dopo diversi studi sul movimento in acqua e un esca di taglia medio piccola. Lungo 5.5 cm con un diametro nel punto pi\u00f9 largo di 5mm, \u00e8 costituito da un corpo inizialmente cilindrico che da met\u00e1 in gi\u00f9 va appiattendosi leggermente finendo con una codina a paletta. Questa sua [&hellip;]<\/p>\n","protected":false},"featured_media":94183,"comment_status":"closed","ping_status":"closed","template":"","meta":[],"product_cat":[1147],"product_tag":[1148],"yoast_head":"<!-- This site is optimized with the Yoast SEO plugin v15.3 - https:\/\/yoast.com\/wordpress\/plugins\/seo\/ -->\n<title>Verme Palettato - Righetti Bait System - Pesca Fish<\/title>\n<meta name=\"robots\" content=\"index, follow, max-snippet:-1, max-image-preview:large, max-video-preview:-1\" \/>\n<link rel=\"canonical\" href=\"https:\/\/www.pescafish.it\/new\/prodotto\/90960\/\" \/>\n<meta property=\"og:locale\" content=\"it_IT\" \/>\n<meta property=\"og:type\" content=\"article\" \/>\n<meta property=\"og:title\" content=\"Verme Palettato - Righetti Bait System - Pesca Fish\" \/>\n<meta property=\"og:description\" content=\"Verme Palettato Il verme palettato nato dopo diversi studi sul movimento in acqua e un esca di taglia medio piccola. Lungo 5.5 cm con un diametro nel punto pi\u00f9 largo di 5mm, \u00e8 costituito da un corpo inizialmente cilindrico che da met\u00e1 in gi\u00f9 va appiattendosi leggermente finendo con una codina a paletta. Questa sua [&hellip;]\" \/>\n<meta property=\"og:url\" content=\"https:\/\/www.pescafish.it\/new\/prodotto\/90960\/\" \/>\n<meta property=\"og:site_name\" content=\"Pesca Fish\" \/>\n<meta property=\"article:publisher\" content=\"https:\/\/www.facebook.com\/pescafishvr\/\" \/>\n<meta property=\"article:modified_time\" content=\"2026-02-19T11:59:01+00:00\" \/>\n<meta property=\"og:image\" content=\"https:\/\/www.pescafish.it\/new\/wp-content\/uploads\/2023\/09\/10-3.jpg\" \/>\n\t<meta property=\"og:image:width\" content=\"789\" \/>\n\t<meta property=\"og:image:height\" content=\"794\" \/>\n<meta name=\"twitter:card\" content=\"summary_large_image\" \/>\n<meta name=\"twitter:label1\" content=\"Scritto da\">\n\t<meta name=\"twitter:data1\" content=\"francesca\">\n\t<meta name=\"twitter:label2\" content=\"Tempo di lettura stimato\">\n\t<meta name=\"twitter:data2\" content=\"1 minuto\">\n<script type=\"application\/ld+json\" class=\"yoast-schema-graph\">{\"@context\":\"https:\/\/schema.org\",\"@graph\":[{\"@type\":\"WebSite\",\"@id\":\"https:\/\/www.pescafish.it\/new\/#website\",\"url\":\"https:\/\/www.pescafish.it\/new\/\",\"name\":\"Pesca Fish\",\"description\":\"Benvenuti sul nostro sito!\",\"potentialAction\":[{\"@type\":\"SearchAction\",\"target\":\"https:\/\/www.pescafish.it\/new\/?s={search_term_string}\",\"query-input\":\"required name=search_term_string\"}],\"inLanguage\":\"it-IT\"},{\"@type\":\"ImageObject\",\"@id\":\"https:\/\/www.pescafish.it\/new\/prodotto\/90960\/#primaryimage\",\"inLanguage\":\"it-IT\",\"url\":\"https:\/\/www.pescafish.it\/new\/wp-content\/uploads\/2023\/09\/10-3.jpg\",\"width\":789,\"height\":794,\"caption\":\"Righetti Bait System\"},{\"@type\":\"WebPage\",\"@id\":\"https:\/\/www.pescafish.it\/new\/prodotto\/90960\/#webpage\",\"url\":\"https:\/\/www.pescafish.it\/new\/prodotto\/90960\/\",\"name\":\"Verme Palettato - Righetti Bait System - Pesca Fish\",\"isPartOf\":{\"@id\":\"https:\/\/www.pescafish.it\/new\/#website\"},\"primaryImageOfPage\":{\"@id\":\"https:\/\/www.pescafish.it\/new\/prodotto\/90960\/#primaryimage\"},\"datePublished\":\"2023-09-18T15:32:46+00:00\",\"dateModified\":\"2026-02-19T11:59:01+00:00\",\"inLanguage\":\"it-IT\",\"potentialAction\":[{\"@type\":\"ReadAction\",\"target\":[\"https:\/\/www.pescafish.it\/new\/prodotto\/90960\/\"]}]}]}<\/script>\n<!-- \/ Yoast SEO plugin. -->","_links":{"self":[{"href":"https:\/\/www.pescafish.it\/new\/wp-json\/wp\/v2\/product\/90960"}],"collection":[{"href":"https:\/\/www.pescafish.it\/new\/wp-json\/wp\/v2\/product"}],"about":[{"href":"https:\/\/www.pescafish.it\/new\/wp-json\/wp\/v2\/types\/product"}],"replies":[{"embeddable":true,"href":"https:\/\/www.pescafish.it\/new\/wp-json\/wp\/v2\/comments?post=90960"}],"wp:featuredmedia":[{"embeddable":true,"href":"https:\/\/www.pescafish.it\/new\/wp-json\/wp\/v2\/media\/94183"}],"wp:attachment":[{"href":"https:\/\/www.pescafish.it\/new\/wp-json\/wp\/v2\/media?parent=90960"}],"wp:term":[{"taxonomy":"product_cat","embeddable":true,"href":"https:\/\/www.pescafish.it\/new\/wp-json\/wp\/v2\/product_cat?post=90960"},{"taxonomy":"product_tag","embeddable":true,"href":"https:\/\/www.pescafish.it\/new\/wp-json\/wp\/v2\/product_tag?post=90960"}],"curies":[{"name":"wp","href":"https:\/\/api.w.org\/{rel}","templated":true}]}}