{"id":90507,"date":"2023-08-30T10:17:11","date_gmt":"2023-08-30T08:17:11","guid":{"rendered":"https:\/\/www.pescafish.it\/new\/?post_type=product&#038;p=90507"},"modified":"2025-04-15T10:23:33","modified_gmt":"2025-04-15T08:23:33","slug":"spoon-experthook-medium-wire-vanfook","status":"publish","type":"product","link":"https:\/\/www.pescafish.it\/new\/prodotto\/spoon-experthook-medium-wire-vanfook\/","title":{"rendered":"SP-31-F Spoon Experthook Medium Wire &#8211; Vanfook"},"content":{"rendered":"<h2>SP-31-F Spoon Experthook Medium Wire<\/h2>\n<p>Il miglior modello con filo medio che pu\u00f2 realizzare prestazioni di base ad alto livello dimensionale grazie al miglior equilibrio in ogni elemento richiesto nell&#8217;area della trota come prestazioni di ferrata, durata, ecc.<\/p>\n<p>Il rivestimento in PTFE superiore con elevate prestazioni antiruggine ha dato sulla superficie, non \u00e8 facile arrugginire anche se avresti continuato a installare sulle stesse esche dopo la pesca. Inoltre, questo modello \u00e8 il migliore per essere il primo amo della giornata per vedere la situazione sul campo, inoltre pu\u00f2 funzionare molto bene quando \u00e8 necessario continuare a lanciare velocemente nei tempi di stoccaggio.<\/p>\n<p><strong>Disponibile nelle seguenti variazioni:<\/strong><br \/>\n<strong>SP31F-6\u00a0<\/strong> N.6<br \/>\n<strong>SP31F-7<\/strong>\u00a0 N.7<br \/>\n<strong>SP31F-8<\/strong>\u00a0 N.8<\/p>\n","protected":false},"excerpt":{"rendered":"<p>SP-31-F Spoon Experthook Medium Wire Il miglior modello con filo medio che pu\u00f2 realizzare prestazioni di base ad alto livello dimensionale grazie al miglior equilibrio in ogni elemento richiesto nell&#8217;area della trota come prestazioni di ferrata, durata, ecc. Il rivestimento in PTFE superiore con elevate prestazioni antiruggine ha dato sulla superficie, non \u00e8 facile arrugginire [&hellip;]<\/p>\n","protected":false},"featured_media":90508,"comment_status":"closed","ping_status":"closed","template":"","meta":[],"product_cat":[1015],"product_tag":[1085],"yoast_head":"<!-- This site is optimized with the Yoast SEO plugin v15.3 - https:\/\/yoast.com\/wordpress\/plugins\/seo\/ -->\n<title>SP-31-F Spoon Experthook Medium Wire - Vanfook - Pesca Fish<\/title>\n<meta name=\"robots\" content=\"index, follow, max-snippet:-1, max-image-preview:large, max-video-preview:-1\" \/>\n<link rel=\"canonical\" href=\"https:\/\/www.pescafish.it\/new\/prodotto\/spoon-experthook-medium-wire-vanfook\/\" \/>\n<meta property=\"og:locale\" content=\"it_IT\" \/>\n<meta property=\"og:type\" content=\"article\" \/>\n<meta property=\"og:title\" content=\"SP-31-F Spoon Experthook Medium Wire - Vanfook - Pesca Fish\" \/>\n<meta property=\"og:description\" content=\"SP-31-F Spoon Experthook Medium Wire Il miglior modello con filo medio che pu\u00f2 realizzare prestazioni di base ad alto livello dimensionale grazie al miglior equilibrio in ogni elemento richiesto nell&#8217;area della trota come prestazioni di ferrata, durata, ecc. Il rivestimento in PTFE superiore con elevate prestazioni antiruggine ha dato sulla superficie, non \u00e8 facile arrugginire [&hellip;]\" \/>\n<meta property=\"og:url\" content=\"https:\/\/www.pescafish.it\/new\/prodotto\/spoon-experthook-medium-wire-vanfook\/\" \/>\n<meta property=\"og:site_name\" content=\"Pesca Fish\" \/>\n<meta property=\"article:publisher\" content=\"https:\/\/www.facebook.com\/pescafishvr\/\" \/>\n<meta property=\"article:modified_time\" content=\"2025-04-15T08:23:33+00:00\" \/>\n<meta property=\"og:image\" content=\"https:\/\/www.pescafish.it\/new\/wp-content\/uploads\/2023\/08\/SP-31F_1_web.jpg\" \/>\n\t<meta property=\"og:image:width\" content=\"789\" \/>\n\t<meta property=\"og:image:height\" content=\"794\" \/>\n<meta name=\"twitter:card\" content=\"summary_large_image\" \/>\n<meta name=\"twitter:label1\" content=\"Scritto da\">\n\t<meta name=\"twitter:data1\" content=\"francesca\">\n\t<meta name=\"twitter:label2\" content=\"Tempo di lettura stimato\">\n\t<meta name=\"twitter:data2\" content=\"0 minuti\">\n<script type=\"application\/ld+json\" class=\"yoast-schema-graph\">{\"@context\":\"https:\/\/schema.org\",\"@graph\":[{\"@type\":\"WebSite\",\"@id\":\"https:\/\/www.pescafish.it\/new\/#website\",\"url\":\"https:\/\/www.pescafish.it\/new\/\",\"name\":\"Pesca Fish\",\"description\":\"Benvenuti sul nostro sito!\",\"potentialAction\":[{\"@type\":\"SearchAction\",\"target\":\"https:\/\/www.pescafish.it\/new\/?s={search_term_string}\",\"query-input\":\"required name=search_term_string\"}],\"inLanguage\":\"it-IT\"},{\"@type\":\"ImageObject\",\"@id\":\"https:\/\/www.pescafish.it\/new\/prodotto\/spoon-experthook-medium-wire-vanfook\/#primaryimage\",\"inLanguage\":\"it-IT\",\"url\":\"https:\/\/www.pescafish.it\/new\/wp-content\/uploads\/2023\/08\/SP-31F_1_web.jpg\",\"width\":789,\"height\":794},{\"@type\":\"WebPage\",\"@id\":\"https:\/\/www.pescafish.it\/new\/prodotto\/spoon-experthook-medium-wire-vanfook\/#webpage\",\"url\":\"https:\/\/www.pescafish.it\/new\/prodotto\/spoon-experthook-medium-wire-vanfook\/\",\"name\":\"SP-31-F Spoon Experthook Medium Wire - Vanfook - Pesca Fish\",\"isPartOf\":{\"@id\":\"https:\/\/www.pescafish.it\/new\/#website\"},\"primaryImageOfPage\":{\"@id\":\"https:\/\/www.pescafish.it\/new\/prodotto\/spoon-experthook-medium-wire-vanfook\/#primaryimage\"},\"datePublished\":\"2023-08-30T08:17:11+00:00\",\"dateModified\":\"2025-04-15T08:23:33+00:00\",\"inLanguage\":\"it-IT\",\"potentialAction\":[{\"@type\":\"ReadAction\",\"target\":[\"https:\/\/www.pescafish.it\/new\/prodotto\/spoon-experthook-medium-wire-vanfook\/\"]}]}]}<\/script>\n<!-- \/ Yoast SEO plugin. -->","_links":{"self":[{"href":"https:\/\/www.pescafish.it\/new\/wp-json\/wp\/v2\/product\/90507"}],"collection":[{"href":"https:\/\/www.pescafish.it\/new\/wp-json\/wp\/v2\/product"}],"about":[{"href":"https:\/\/www.pescafish.it\/new\/wp-json\/wp\/v2\/types\/product"}],"replies":[{"embeddable":true,"href":"https:\/\/www.pescafish.it\/new\/wp-json\/wp\/v2\/comments?post=90507"}],"wp:featuredmedia":[{"embeddable":true,"href":"https:\/\/www.pescafish.it\/new\/wp-json\/wp\/v2\/media\/90508"}],"wp:attachment":[{"href":"https:\/\/www.pescafish.it\/new\/wp-json\/wp\/v2\/media?parent=90507"}],"wp:term":[{"taxonomy":"product_cat","embeddable":true,"href":"https:\/\/www.pescafish.it\/new\/wp-json\/wp\/v2\/product_cat?post=90507"},{"taxonomy":"product_tag","embeddable":true,"href":"https:\/\/www.pescafish.it\/new\/wp-json\/wp\/v2\/product_tag?post=90507"}],"curies":[{"name":"wp","href":"https:\/\/api.w.org\/{rel}","templated":true}]}}