{"id":90432,"date":"2023-08-29T10:05:20","date_gmt":"2023-08-29T08:05:20","guid":{"rendered":"https:\/\/www.pescafish.it\/new\/?post_type=product&#038;p=90432"},"modified":"2025-02-21T11:41:14","modified_gmt":"2025-02-21T10:41:14","slug":"4-fat-ika-gary-yamamoto","status":"publish","type":"product","link":"https:\/\/www.pescafish.it\/new\/prodotto\/4-fat-ika-gary-yamamoto\/","title":{"rendered":"Fat Ika 4&#8243;- Gary Yamamoto"},"content":{"rendered":"<h2>Fat Ika 4&#8243;<\/h2>\n<p><strong>\u00a0<\/strong>Il Fat Ika Gary Yamamoto \u00e8 una soft bait dal corpo compatto e grosso rispetto al classico Ika. Una delle esche Yamamoto pi\u00f9 famose, adatta ad inneschi di vario genere come il texas rig.<br \/>\nLo Yamamoto Fat Ika \u00e8 un tube jig particolare dal corpo pieno consigliato prevalentemente con tecniche come flipping e pitching, per il suo superiore peso specifico<\/p>\n<p><strong>Disponibile nelle seguenti colorazioni:<\/strong><br \/>\n<strong>92F-10-9003<\/strong>\u00a0 9003 &#8211; Fire Craw<br \/>\n<strong>92F-10-051<\/strong>\u00a0 051 &#8211; Black Red Flake<\/p>\n<p><strong>10 pezzi per confezione<\/strong><\/p>\n","protected":false},"excerpt":{"rendered":"<p>Fat Ika 4&#8243; \u00a0Il Fat Ika Gary Yamamoto \u00e8 una soft bait dal corpo compatto e grosso rispetto al classico Ika. Una delle esche Yamamoto pi\u00f9 famose, adatta ad inneschi di vario genere come il texas rig. Lo Yamamoto Fat Ika \u00e8 un tube jig particolare dal corpo pieno consigliato prevalentemente con tecniche come flipping [&hellip;]<\/p>\n","protected":false},"featured_media":90435,"comment_status":"closed","ping_status":"closed","template":"","meta":[],"product_cat":[668],"product_tag":[1104],"yoast_head":"<!-- This site is optimized with the Yoast SEO plugin v15.3 - https:\/\/yoast.com\/wordpress\/plugins\/seo\/ -->\n<title>Fat Ika 4&quot;- Gary Yamamoto - Pesca Fish<\/title>\n<meta name=\"robots\" content=\"index, follow, max-snippet:-1, max-image-preview:large, max-video-preview:-1\" \/>\n<link rel=\"canonical\" href=\"https:\/\/www.pescafish.it\/new\/prodotto\/4-fat-ika-gary-yamamoto\/\" \/>\n<meta property=\"og:locale\" content=\"it_IT\" \/>\n<meta property=\"og:type\" content=\"article\" \/>\n<meta property=\"og:title\" content=\"Fat Ika 4&quot;- Gary Yamamoto - Pesca Fish\" \/>\n<meta property=\"og:description\" content=\"Fat Ika 4&#8243; \u00a0Il Fat Ika Gary Yamamoto \u00e8 una soft bait dal corpo compatto e grosso rispetto al classico Ika. Una delle esche Yamamoto pi\u00f9 famose, adatta ad inneschi di vario genere come il texas rig. Lo Yamamoto Fat Ika \u00e8 un tube jig particolare dal corpo pieno consigliato prevalentemente con tecniche come flipping [&hellip;]\" \/>\n<meta property=\"og:url\" content=\"https:\/\/www.pescafish.it\/new\/prodotto\/4-fat-ika-gary-yamamoto\/\" \/>\n<meta property=\"og:site_name\" content=\"Pesca Fish\" \/>\n<meta property=\"article:publisher\" content=\"https:\/\/www.facebook.com\/pescafishvr\/\" \/>\n<meta property=\"article:modified_time\" content=\"2025-02-21T10:41:14+00:00\" \/>\n<meta property=\"og:image\" content=\"https:\/\/www.pescafish.it\/new\/wp-content\/uploads\/2023\/08\/0050312_arancio_1000.jpg\" \/>\n\t<meta property=\"og:image:width\" content=\"789\" \/>\n\t<meta property=\"og:image:height\" content=\"794\" \/>\n<meta name=\"twitter:card\" content=\"summary_large_image\" \/>\n<meta name=\"twitter:label1\" content=\"Scritto da\">\n\t<meta name=\"twitter:data1\" content=\"francesca\">\n\t<meta name=\"twitter:label2\" content=\"Tempo di lettura stimato\">\n\t<meta name=\"twitter:data2\" content=\"0 minuti\">\n<script type=\"application\/ld+json\" class=\"yoast-schema-graph\">{\"@context\":\"https:\/\/schema.org\",\"@graph\":[{\"@type\":\"WebSite\",\"@id\":\"https:\/\/www.pescafish.it\/new\/#website\",\"url\":\"https:\/\/www.pescafish.it\/new\/\",\"name\":\"Pesca Fish\",\"description\":\"Benvenuti sul nostro sito!\",\"potentialAction\":[{\"@type\":\"SearchAction\",\"target\":\"https:\/\/www.pescafish.it\/new\/?s={search_term_string}\",\"query-input\":\"required name=search_term_string\"}],\"inLanguage\":\"it-IT\"},{\"@type\":\"ImageObject\",\"@id\":\"https:\/\/www.pescafish.it\/new\/prodotto\/4-fat-ika-gary-yamamoto\/#primaryimage\",\"inLanguage\":\"it-IT\",\"url\":\"https:\/\/www.pescafish.it\/new\/wp-content\/uploads\/2023\/08\/0050312_arancio_1000.jpg\",\"width\":789,\"height\":794},{\"@type\":\"WebPage\",\"@id\":\"https:\/\/www.pescafish.it\/new\/prodotto\/4-fat-ika-gary-yamamoto\/#webpage\",\"url\":\"https:\/\/www.pescafish.it\/new\/prodotto\/4-fat-ika-gary-yamamoto\/\",\"name\":\"Fat Ika 4\\\"- Gary Yamamoto - Pesca Fish\",\"isPartOf\":{\"@id\":\"https:\/\/www.pescafish.it\/new\/#website\"},\"primaryImageOfPage\":{\"@id\":\"https:\/\/www.pescafish.it\/new\/prodotto\/4-fat-ika-gary-yamamoto\/#primaryimage\"},\"datePublished\":\"2023-08-29T08:05:20+00:00\",\"dateModified\":\"2025-02-21T10:41:14+00:00\",\"inLanguage\":\"it-IT\",\"potentialAction\":[{\"@type\":\"ReadAction\",\"target\":[\"https:\/\/www.pescafish.it\/new\/prodotto\/4-fat-ika-gary-yamamoto\/\"]}]}]}<\/script>\n<!-- \/ Yoast SEO plugin. -->","_links":{"self":[{"href":"https:\/\/www.pescafish.it\/new\/wp-json\/wp\/v2\/product\/90432"}],"collection":[{"href":"https:\/\/www.pescafish.it\/new\/wp-json\/wp\/v2\/product"}],"about":[{"href":"https:\/\/www.pescafish.it\/new\/wp-json\/wp\/v2\/types\/product"}],"replies":[{"embeddable":true,"href":"https:\/\/www.pescafish.it\/new\/wp-json\/wp\/v2\/comments?post=90432"}],"wp:featuredmedia":[{"embeddable":true,"href":"https:\/\/www.pescafish.it\/new\/wp-json\/wp\/v2\/media\/90435"}],"wp:attachment":[{"href":"https:\/\/www.pescafish.it\/new\/wp-json\/wp\/v2\/media?parent=90432"}],"wp:term":[{"taxonomy":"product_cat","embeddable":true,"href":"https:\/\/www.pescafish.it\/new\/wp-json\/wp\/v2\/product_cat?post=90432"},{"taxonomy":"product_tag","embeddable":true,"href":"https:\/\/www.pescafish.it\/new\/wp-json\/wp\/v2\/product_tag?post=90432"}],"curies":[{"name":"wp","href":"https:\/\/api.w.org\/{rel}","templated":true}]}}