{"id":90190,"date":"2023-08-22T11:29:08","date_gmt":"2023-08-22T09:29:08","guid":{"rendered":"https:\/\/www.pescafish.it\/new\/?post_type=product&#038;p=90190"},"modified":"2023-11-24T16:54:49","modified_gmt":"2023-11-24T15:54:49","slug":"speed-lead-clip-nash","status":"publish","type":"product","link":"https:\/\/www.pescafish.it\/new\/prodotto\/speed-lead-clip-nash\/","title":{"rendered":"Speed Lead Clip &#8211; Nash"},"content":{"rendered":"<div class=\"row\">\n<div class=\"col-sm col-md-6\">\n<div id=\"nav-tabContent\" class=\"tab-content\">\n<div id=\"description\" class=\"tab-pane fade active show\" role=\"tabpanel\" aria-labelledby=\"nav-home-tab\">\n<article class=\"article article--primary article--product\">\n<div class=\"article__body\">\n<div class=\"rich-text\">\n<h2>Speed Lead Clip<\/h2>\n<p>La Nash Speed Clip offre il sistema pi\u00f9 semplice e sicuro di fissaggio della clip del piombo, senza alcuna necessit\u00e0 di meccanismi aggiuntivi di bloccaggio. Il design del corpo della Speed Clip \u00e8 stato pensato per non essere separato dalla girella, garantendo che in caso di trazione possa essere rilasciato solo il piombo.<br \/>\nIl corpo monoblocco della Speed Clip pu\u00f2 essere fissato tramite giunzioni, anellini o nodi, per l\u2019uso con i leader, tubi o semplice lenza diretta e la girella a cambio rapido vi consentir\u00e0 una facile sostituzione del rig senza bisogno di realizzare nodi. Disponibile nelle finiture verde camouflage e nero limo per la mimetizzazione delle vostre montature in tutti gli ambienti.<\/p>\n<\/div>\n<\/div>\n<\/article>\n<\/div>\n<\/div>\n<div class=\"socials socials--products\">\n<div class=\"addthis_inline_share_toolbox_axfi\"><strong>Disponibile nelle seguenti varianti:<\/strong><br \/>\n<strong>KNT8750\u00a0<\/strong> Speed Lead Clip<br \/>\n<strong>KNT8760\u00a0<\/strong> Speed Lead Clip Silt<strong>Confezione da 8 pezzi<\/strong><\/p>\n<\/div>\n<\/div>\n<\/div>\n<\/div>\n<div class=\"list-product-videos\"><\/div>\n","protected":false},"excerpt":{"rendered":"<p>Speed Lead Clip La Nash Speed Clip offre il sistema pi\u00f9 semplice e sicuro di fissaggio della clip del piombo, senza alcuna necessit\u00e0 di meccanismi aggiuntivi di bloccaggio. Il design del corpo della Speed Clip \u00e8 stato pensato per non essere separato dalla girella, garantendo che in caso di trazione possa essere rilasciato solo il [&hellip;]<\/p>\n","protected":false},"featured_media":90191,"comment_status":"closed","ping_status":"closed","template":"","meta":[],"product_cat":[575],"product_tag":[1024],"yoast_head":"<!-- This site is optimized with the Yoast SEO plugin v15.3 - https:\/\/yoast.com\/wordpress\/plugins\/seo\/ -->\n<title>Speed Lead Clip - Nash - Pesca Fish<\/title>\n<meta name=\"robots\" content=\"index, follow, max-snippet:-1, max-image-preview:large, max-video-preview:-1\" \/>\n<link rel=\"canonical\" href=\"https:\/\/www.pescafish.it\/new\/prodotto\/speed-lead-clip-nash\/\" \/>\n<meta property=\"og:locale\" content=\"it_IT\" \/>\n<meta property=\"og:type\" content=\"article\" \/>\n<meta property=\"og:title\" content=\"Speed Lead Clip - Nash - Pesca Fish\" \/>\n<meta property=\"og:description\" content=\"Speed Lead Clip La Nash Speed Clip offre il sistema pi\u00f9 semplice e sicuro di fissaggio della clip del piombo, senza alcuna necessit\u00e0 di meccanismi aggiuntivi di bloccaggio. Il design del corpo della Speed Clip \u00e8 stato pensato per non essere separato dalla girella, garantendo che in caso di trazione possa essere rilasciato solo il [&hellip;]\" \/>\n<meta property=\"og:url\" content=\"https:\/\/www.pescafish.it\/new\/prodotto\/speed-lead-clip-nash\/\" \/>\n<meta property=\"og:site_name\" content=\"Pesca Fish\" \/>\n<meta property=\"article:publisher\" content=\"https:\/\/www.facebook.com\/pescafishvr\/\" \/>\n<meta property=\"article:modified_time\" content=\"2023-11-24T15:54:49+00:00\" \/>\n<meta property=\"og:image\" content=\"https:\/\/www.pescafish.it\/new\/wp-content\/uploads\/2023\/08\/T8750.2e16d0ba.fill-600x600-1.jpg\" \/>\n\t<meta property=\"og:image:width\" content=\"789\" \/>\n\t<meta property=\"og:image:height\" content=\"794\" \/>\n<meta name=\"twitter:card\" content=\"summary_large_image\" \/>\n<meta name=\"twitter:label1\" content=\"Scritto da\">\n\t<meta name=\"twitter:data1\" content=\"francesca\">\n\t<meta name=\"twitter:label2\" content=\"Tempo di lettura stimato\">\n\t<meta name=\"twitter:data2\" content=\"1 minuto\">\n<script type=\"application\/ld+json\" class=\"yoast-schema-graph\">{\"@context\":\"https:\/\/schema.org\",\"@graph\":[{\"@type\":\"WebSite\",\"@id\":\"https:\/\/www.pescafish.it\/new\/#website\",\"url\":\"https:\/\/www.pescafish.it\/new\/\",\"name\":\"Pesca Fish\",\"description\":\"Benvenuti sul nostro sito!\",\"potentialAction\":[{\"@type\":\"SearchAction\",\"target\":\"https:\/\/www.pescafish.it\/new\/?s={search_term_string}\",\"query-input\":\"required name=search_term_string\"}],\"inLanguage\":\"it-IT\"},{\"@type\":\"ImageObject\",\"@id\":\"https:\/\/www.pescafish.it\/new\/prodotto\/speed-lead-clip-nash\/#primaryimage\",\"inLanguage\":\"it-IT\",\"url\":\"https:\/\/www.pescafish.it\/new\/wp-content\/uploads\/2023\/08\/T8750.2e16d0ba.fill-600x600-1.jpg\",\"width\":789,\"height\":794},{\"@type\":\"WebPage\",\"@id\":\"https:\/\/www.pescafish.it\/new\/prodotto\/speed-lead-clip-nash\/#webpage\",\"url\":\"https:\/\/www.pescafish.it\/new\/prodotto\/speed-lead-clip-nash\/\",\"name\":\"Speed Lead Clip - Nash - Pesca Fish\",\"isPartOf\":{\"@id\":\"https:\/\/www.pescafish.it\/new\/#website\"},\"primaryImageOfPage\":{\"@id\":\"https:\/\/www.pescafish.it\/new\/prodotto\/speed-lead-clip-nash\/#primaryimage\"},\"datePublished\":\"2023-08-22T09:29:08+00:00\",\"dateModified\":\"2023-11-24T15:54:49+00:00\",\"inLanguage\":\"it-IT\",\"potentialAction\":[{\"@type\":\"ReadAction\",\"target\":[\"https:\/\/www.pescafish.it\/new\/prodotto\/speed-lead-clip-nash\/\"]}]}]}<\/script>\n<!-- \/ Yoast SEO plugin. -->","_links":{"self":[{"href":"https:\/\/www.pescafish.it\/new\/wp-json\/wp\/v2\/product\/90190"}],"collection":[{"href":"https:\/\/www.pescafish.it\/new\/wp-json\/wp\/v2\/product"}],"about":[{"href":"https:\/\/www.pescafish.it\/new\/wp-json\/wp\/v2\/types\/product"}],"replies":[{"embeddable":true,"href":"https:\/\/www.pescafish.it\/new\/wp-json\/wp\/v2\/comments?post=90190"}],"wp:featuredmedia":[{"embeddable":true,"href":"https:\/\/www.pescafish.it\/new\/wp-json\/wp\/v2\/media\/90191"}],"wp:attachment":[{"href":"https:\/\/www.pescafish.it\/new\/wp-json\/wp\/v2\/media?parent=90190"}],"wp:term":[{"taxonomy":"product_cat","embeddable":true,"href":"https:\/\/www.pescafish.it\/new\/wp-json\/wp\/v2\/product_cat?post=90190"},{"taxonomy":"product_tag","embeddable":true,"href":"https:\/\/www.pescafish.it\/new\/wp-json\/wp\/v2\/product_tag?post=90190"}],"curies":[{"name":"wp","href":"https:\/\/api.w.org\/{rel}","templated":true}]}}