{"id":90098,"date":"2023-08-19T10:36:25","date_gmt":"2023-08-19T08:36:25","guid":{"rendered":"https:\/\/www.pescafish.it\/new\/?post_type=product&#038;p=90098"},"modified":"2023-08-19T10:36:25","modified_gmt":"2023-08-19T08:36:25","slug":"safety-lead-clip-muddy-brown-starbaits","status":"publish","type":"product","link":"https:\/\/www.pescafish.it\/new\/prodotto\/safety-lead-clip-muddy-brown-starbaits\/","title":{"rendered":"Safety Lead Clip Muddy Brown &#8211; Starbaits"},"content":{"rendered":"<h2>Safety Lead Clip Muddy Brown<\/h2>\n<p>Le clip per piombo di sicurezza Starbaits offrono una clip per piombo semplice ma efficace che pu\u00f2 essere utilizzata in qualsiasi circostanza. Le clip per piombo di sicurezza si adattano perfettamente a una girella rotante di misura 8 e possono essere utilizzate efficacemente con i gommini per coda Starbaits.<br \/>\nSpingi le gomme della coda sopra la clip alla tensione desiderata, pi\u00f9 spingi la gomma sulla clip pi\u00f9 stretta sar\u00e0 la clip, per far cadere il piombo spingi leggermente la gomma o lascia la coda fuori dalla gomma. Quando il piombo e la gomma della coda sono tutti collegati alla clip di sicurezza, il sistema complessivo \u00e8 molto ordinato, resistente ed estremamente affidabile.<\/p>\n","protected":false},"excerpt":{"rendered":"<p>Safety Lead Clip Muddy Brown Le clip per piombo di sicurezza Starbaits offrono una clip per piombo semplice ma efficace che pu\u00f2 essere utilizzata in qualsiasi circostanza. Le clip per piombo di sicurezza si adattano perfettamente a una girella rotante di misura 8 e possono essere utilizzate efficacemente con i gommini per coda Starbaits. Spingi [&hellip;]<\/p>\n","protected":false},"featured_media":90099,"comment_status":"closed","ping_status":"closed","template":"","meta":[],"product_cat":[577],"product_tag":[1034],"yoast_head":"<!-- This site is optimized with the Yoast SEO plugin v15.3 - https:\/\/yoast.com\/wordpress\/plugins\/seo\/ -->\n<title>Safety Lead Clip Muddy Brown - Starbaits - Pesca Fish<\/title>\n<meta name=\"robots\" content=\"index, follow, max-snippet:-1, max-image-preview:large, max-video-preview:-1\" \/>\n<link rel=\"canonical\" href=\"https:\/\/www.pescafish.it\/new\/prodotto\/safety-lead-clip-muddy-brown-starbaits\/\" \/>\n<meta property=\"og:locale\" content=\"it_IT\" \/>\n<meta property=\"og:type\" content=\"article\" \/>\n<meta property=\"og:title\" content=\"Safety Lead Clip Muddy Brown - Starbaits - Pesca Fish\" \/>\n<meta property=\"og:description\" content=\"Safety Lead Clip Muddy Brown Le clip per piombo di sicurezza Starbaits offrono una clip per piombo semplice ma efficace che pu\u00f2 essere utilizzata in qualsiasi circostanza. Le clip per piombo di sicurezza si adattano perfettamente a una girella rotante di misura 8 e possono essere utilizzate efficacemente con i gommini per coda Starbaits. Spingi [&hellip;]\" \/>\n<meta property=\"og:url\" content=\"https:\/\/www.pescafish.it\/new\/prodotto\/safety-lead-clip-muddy-brown-starbaits\/\" \/>\n<meta property=\"og:site_name\" content=\"Pesca Fish\" \/>\n<meta property=\"article:publisher\" content=\"https:\/\/www.facebook.com\/pescafishvr\/\" \/>\n<meta property=\"og:image\" content=\"https:\/\/www.pescafish.it\/new\/wp-content\/uploads\/2023\/08\/MUDDY.jpg\" \/>\n\t<meta property=\"og:image:width\" content=\"789\" \/>\n\t<meta property=\"og:image:height\" content=\"794\" \/>\n<meta name=\"twitter:card\" content=\"summary_large_image\" \/>\n<meta name=\"twitter:label1\" content=\"Scritto da\">\n\t<meta name=\"twitter:data1\" content=\"francesca\">\n\t<meta name=\"twitter:label2\" content=\"Tempo di lettura stimato\">\n\t<meta name=\"twitter:data2\" content=\"0 minuti\">\n<script type=\"application\/ld+json\" class=\"yoast-schema-graph\">{\"@context\":\"https:\/\/schema.org\",\"@graph\":[{\"@type\":\"WebSite\",\"@id\":\"https:\/\/www.pescafish.it\/new\/#website\",\"url\":\"https:\/\/www.pescafish.it\/new\/\",\"name\":\"Pesca Fish\",\"description\":\"Benvenuti sul nostro sito!\",\"potentialAction\":[{\"@type\":\"SearchAction\",\"target\":\"https:\/\/www.pescafish.it\/new\/?s={search_term_string}\",\"query-input\":\"required name=search_term_string\"}],\"inLanguage\":\"it-IT\"},{\"@type\":\"ImageObject\",\"@id\":\"https:\/\/www.pescafish.it\/new\/prodotto\/safety-lead-clip-muddy-brown-starbaits\/#primaryimage\",\"inLanguage\":\"it-IT\",\"url\":\"https:\/\/www.pescafish.it\/new\/wp-content\/uploads\/2023\/08\/MUDDY.jpg\",\"width\":789,\"height\":794},{\"@type\":\"WebPage\",\"@id\":\"https:\/\/www.pescafish.it\/new\/prodotto\/safety-lead-clip-muddy-brown-starbaits\/#webpage\",\"url\":\"https:\/\/www.pescafish.it\/new\/prodotto\/safety-lead-clip-muddy-brown-starbaits\/\",\"name\":\"Safety Lead Clip Muddy Brown - Starbaits - Pesca Fish\",\"isPartOf\":{\"@id\":\"https:\/\/www.pescafish.it\/new\/#website\"},\"primaryImageOfPage\":{\"@id\":\"https:\/\/www.pescafish.it\/new\/prodotto\/safety-lead-clip-muddy-brown-starbaits\/#primaryimage\"},\"datePublished\":\"2023-08-19T08:36:25+00:00\",\"dateModified\":\"2023-08-19T08:36:25+00:00\",\"inLanguage\":\"it-IT\",\"potentialAction\":[{\"@type\":\"ReadAction\",\"target\":[\"https:\/\/www.pescafish.it\/new\/prodotto\/safety-lead-clip-muddy-brown-starbaits\/\"]}]}]}<\/script>\n<!-- \/ Yoast SEO plugin. -->","_links":{"self":[{"href":"https:\/\/www.pescafish.it\/new\/wp-json\/wp\/v2\/product\/90098"}],"collection":[{"href":"https:\/\/www.pescafish.it\/new\/wp-json\/wp\/v2\/product"}],"about":[{"href":"https:\/\/www.pescafish.it\/new\/wp-json\/wp\/v2\/types\/product"}],"replies":[{"embeddable":true,"href":"https:\/\/www.pescafish.it\/new\/wp-json\/wp\/v2\/comments?post=90098"}],"wp:featuredmedia":[{"embeddable":true,"href":"https:\/\/www.pescafish.it\/new\/wp-json\/wp\/v2\/media\/90099"}],"wp:attachment":[{"href":"https:\/\/www.pescafish.it\/new\/wp-json\/wp\/v2\/media?parent=90098"}],"wp:term":[{"taxonomy":"product_cat","embeddable":true,"href":"https:\/\/www.pescafish.it\/new\/wp-json\/wp\/v2\/product_cat?post=90098"},{"taxonomy":"product_tag","embeddable":true,"href":"https:\/\/www.pescafish.it\/new\/wp-json\/wp\/v2\/product_tag?post=90098"}],"curies":[{"name":"wp","href":"https:\/\/api.w.org\/{rel}","templated":true}]}}