{"id":90070,"date":"2023-08-19T09:23:20","date_gmt":"2023-08-19T07:23:20","guid":{"rendered":"https:\/\/www.pescafish.it\/new\/?post_type=product&#038;p=90070"},"modified":"2023-08-19T09:23:20","modified_gmt":"2023-08-19T07:23:20","slug":"john-weight-illex","status":"publish","type":"product","link":"https:\/\/www.pescafish.it\/new\/prodotto\/john-weight-illex\/","title":{"rendered":"John Weight &#8211; Illex"},"content":{"rendered":"<h2>John Weight<\/h2>\n<p>Il piombo &#8216;John Weight&#8217; \u00e8 un piccolo trucco veloce per cambiare rapidamente la profondit\u00e0 di nuoto di un tipo di esca (minnow, jerkbait, big bait, swimbait, jig). Con la sua forma a &#8216;granata a frammentazione&#8217;, il design del suo scafo squadrato mantiene in posizione l&#8217;asta in acciaio inossidabile e quindi riduce al minimo il rischio di perdere la zavorra durante le fasi di lancio, durante le attivit\u00e0 o durante la lotta con il pesce. Metti semplicemente il &#8216;John Weight&#8217; sull&#8217;occhiello che determina il baricentro della tua esca e puoi pescare pi\u00f9 in profondit\u00e0. Un altro consiglio, il &#8216;John Weight&#8217; sar\u00e0 adatto anche come zavorra drop-shot.<\/p>\n<p><strong>Disponibile nelle seguenti grammature:<\/strong><br \/>\n<strong>SB48095\u00a0<\/strong> 7gr<br \/>\n<strong>SB48096\u00a0<\/strong> 10gr<\/p>\n","protected":false},"excerpt":{"rendered":"<p>John Weight Il piombo &#8216;John Weight&#8217; \u00e8 un piccolo trucco veloce per cambiare rapidamente la profondit\u00e0 di nuoto di un tipo di esca (minnow, jerkbait, big bait, swimbait, jig). Con la sua forma a &#8216;granata a frammentazione&#8217;, il design del suo scafo squadrato mantiene in posizione l&#8217;asta in acciaio inossidabile e quindi riduce al minimo [&hellip;]<\/p>\n","protected":false},"featured_media":90073,"comment_status":"closed","ping_status":"closed","template":"","meta":[],"product_cat":[685],"product_tag":[1392],"yoast_head":"<!-- This site is optimized with the Yoast SEO plugin v15.3 - https:\/\/yoast.com\/wordpress\/plugins\/seo\/ -->\n<title>John Weight - Illex - Pesca Fish<\/title>\n<meta name=\"robots\" content=\"index, follow, max-snippet:-1, max-image-preview:large, max-video-preview:-1\" \/>\n<link rel=\"canonical\" href=\"https:\/\/www.pescafish.it\/new\/prodotto\/john-weight-illex\/\" \/>\n<meta property=\"og:locale\" content=\"it_IT\" \/>\n<meta property=\"og:type\" content=\"article\" \/>\n<meta property=\"og:title\" content=\"John Weight - Illex - Pesca Fish\" \/>\n<meta property=\"og:description\" content=\"John Weight Il piombo &#8216;John Weight&#8217; \u00e8 un piccolo trucco veloce per cambiare rapidamente la profondit\u00e0 di nuoto di un tipo di esca (minnow, jerkbait, big bait, swimbait, jig). Con la sua forma a &#8216;granata a frammentazione&#8217;, il design del suo scafo squadrato mantiene in posizione l&#8217;asta in acciaio inossidabile e quindi riduce al minimo [&hellip;]\" \/>\n<meta property=\"og:url\" content=\"https:\/\/www.pescafish.it\/new\/prodotto\/john-weight-illex\/\" \/>\n<meta property=\"og:site_name\" content=\"Pesca Fish\" \/>\n<meta property=\"article:publisher\" content=\"https:\/\/www.facebook.com\/pescafishvr\/\" \/>\n<meta property=\"og:image\" content=\"https:\/\/www.pescafish.it\/new\/wp-content\/uploads\/2023\/08\/illex-john.jpg\" \/>\n\t<meta property=\"og:image:width\" content=\"789\" \/>\n\t<meta property=\"og:image:height\" content=\"794\" \/>\n<meta name=\"twitter:card\" content=\"summary_large_image\" \/>\n<meta name=\"twitter:label1\" content=\"Scritto da\">\n\t<meta name=\"twitter:data1\" content=\"francesca\">\n\t<meta name=\"twitter:label2\" content=\"Tempo di lettura stimato\">\n\t<meta name=\"twitter:data2\" content=\"0 minuti\">\n<script type=\"application\/ld+json\" class=\"yoast-schema-graph\">{\"@context\":\"https:\/\/schema.org\",\"@graph\":[{\"@type\":\"WebSite\",\"@id\":\"https:\/\/www.pescafish.it\/new\/#website\",\"url\":\"https:\/\/www.pescafish.it\/new\/\",\"name\":\"Pesca Fish\",\"description\":\"Benvenuti sul nostro sito!\",\"potentialAction\":[{\"@type\":\"SearchAction\",\"target\":\"https:\/\/www.pescafish.it\/new\/?s={search_term_string}\",\"query-input\":\"required name=search_term_string\"}],\"inLanguage\":\"it-IT\"},{\"@type\":\"ImageObject\",\"@id\":\"https:\/\/www.pescafish.it\/new\/prodotto\/john-weight-illex\/#primaryimage\",\"inLanguage\":\"it-IT\",\"url\":\"https:\/\/www.pescafish.it\/new\/wp-content\/uploads\/2023\/08\/illex-john.jpg\",\"width\":789,\"height\":794},{\"@type\":\"WebPage\",\"@id\":\"https:\/\/www.pescafish.it\/new\/prodotto\/john-weight-illex\/#webpage\",\"url\":\"https:\/\/www.pescafish.it\/new\/prodotto\/john-weight-illex\/\",\"name\":\"John Weight - Illex - Pesca Fish\",\"isPartOf\":{\"@id\":\"https:\/\/www.pescafish.it\/new\/#website\"},\"primaryImageOfPage\":{\"@id\":\"https:\/\/www.pescafish.it\/new\/prodotto\/john-weight-illex\/#primaryimage\"},\"datePublished\":\"2023-08-19T07:23:20+00:00\",\"dateModified\":\"2023-08-19T07:23:20+00:00\",\"inLanguage\":\"it-IT\",\"potentialAction\":[{\"@type\":\"ReadAction\",\"target\":[\"https:\/\/www.pescafish.it\/new\/prodotto\/john-weight-illex\/\"]}]}]}<\/script>\n<!-- \/ Yoast SEO plugin. -->","_links":{"self":[{"href":"https:\/\/www.pescafish.it\/new\/wp-json\/wp\/v2\/product\/90070"}],"collection":[{"href":"https:\/\/www.pescafish.it\/new\/wp-json\/wp\/v2\/product"}],"about":[{"href":"https:\/\/www.pescafish.it\/new\/wp-json\/wp\/v2\/types\/product"}],"replies":[{"embeddable":true,"href":"https:\/\/www.pescafish.it\/new\/wp-json\/wp\/v2\/comments?post=90070"}],"wp:featuredmedia":[{"embeddable":true,"href":"https:\/\/www.pescafish.it\/new\/wp-json\/wp\/v2\/media\/90073"}],"wp:attachment":[{"href":"https:\/\/www.pescafish.it\/new\/wp-json\/wp\/v2\/media?parent=90070"}],"wp:term":[{"taxonomy":"product_cat","embeddable":true,"href":"https:\/\/www.pescafish.it\/new\/wp-json\/wp\/v2\/product_cat?post=90070"},{"taxonomy":"product_tag","embeddable":true,"href":"https:\/\/www.pescafish.it\/new\/wp-json\/wp\/v2\/product_tag?post=90070"}],"curies":[{"name":"wp","href":"https:\/\/api.w.org\/{rel}","templated":true}]}}