{"id":90059,"date":"2023-08-19T08:49:02","date_gmt":"2023-08-19T06:49:02","guid":{"rendered":"https:\/\/www.pescafish.it\/new\/?post_type=product&#038;p=90059"},"modified":"2025-11-06T10:01:04","modified_gmt":"2025-11-06T09:01:04","slug":"power-feedz-vanilla-nut-starbaits","status":"publish","type":"product","link":"https:\/\/www.pescafish.it\/new\/prodotto\/power-feedz-vanilla-nut-starbaits\/","title":{"rendered":"Power Feedz Vanilla Nut &#8211; Starbaits"},"content":{"rendered":"<h2>Power Feedz Vanilla Nut<\/h2>\n<p>Prodotte sulla base di Feedz, queste esche contengono una grande quantit\u00e0 di aromi e attrattori che attireranno il pesce in modo molto efficace. il diametro dell\u00ecesca \u00e8 di 14mm.<\/p>\n<p><strong>Confezione da 1,8kg<\/strong><\/p>\n","protected":false},"excerpt":{"rendered":"<p>Power Feedz Vanilla Nut Prodotte sulla base di Feedz, queste esche contengono una grande quantit\u00e0 di aromi e attrattori che attireranno il pesce in modo molto efficace. il diametro dell\u00ecesca \u00e8 di 14mm. Confezione da 1,8kg<\/p>\n","protected":false},"featured_media":90060,"comment_status":"closed","ping_status":"closed","template":"","meta":[],"product_cat":[826],"product_tag":[1034],"yoast_head":"<!-- This site is optimized with the Yoast SEO plugin v15.3 - https:\/\/yoast.com\/wordpress\/plugins\/seo\/ -->\n<title>Power Feedz Vanilla Nut - Starbaits - Pesca Fish<\/title>\n<meta name=\"robots\" content=\"index, follow, max-snippet:-1, max-image-preview:large, max-video-preview:-1\" \/>\n<link rel=\"canonical\" href=\"https:\/\/www.pescafish.it\/new\/prodotto\/power-feedz-vanilla-nut-starbaits\/\" \/>\n<meta property=\"og:locale\" content=\"it_IT\" \/>\n<meta property=\"og:type\" content=\"article\" \/>\n<meta property=\"og:title\" content=\"Power Feedz Vanilla Nut - Starbaits - Pesca Fish\" \/>\n<meta property=\"og:description\" content=\"Power Feedz Vanilla Nut Prodotte sulla base di Feedz, queste esche contengono una grande quantit\u00e0 di aromi e attrattori che attireranno il pesce in modo molto efficace. il diametro dell\u00ecesca \u00e8 di 14mm. Confezione da 1,8kg\" \/>\n<meta property=\"og:url\" content=\"https:\/\/www.pescafish.it\/new\/prodotto\/power-feedz-vanilla-nut-starbaits\/\" \/>\n<meta property=\"og:site_name\" content=\"Pesca Fish\" \/>\n<meta property=\"article:publisher\" content=\"https:\/\/www.facebook.com\/pescafishvr\/\" \/>\n<meta property=\"article:modified_time\" content=\"2025-11-06T09:01:04+00:00\" \/>\n<meta property=\"og:image\" content=\"https:\/\/www.pescafish.it\/new\/wp-content\/uploads\/2023\/08\/POWER-FEEDZ-VANILLA-NUT.jpg\" \/>\n\t<meta property=\"og:image:width\" content=\"789\" \/>\n\t<meta property=\"og:image:height\" content=\"794\" \/>\n<meta name=\"twitter:card\" content=\"summary_large_image\" \/>\n<meta name=\"twitter:label1\" content=\"Scritto da\">\n\t<meta name=\"twitter:data1\" content=\"francesca\">\n\t<meta name=\"twitter:label2\" content=\"Tempo di lettura stimato\">\n\t<meta name=\"twitter:data2\" content=\"0 minuti\">\n<script type=\"application\/ld+json\" class=\"yoast-schema-graph\">{\"@context\":\"https:\/\/schema.org\",\"@graph\":[{\"@type\":\"WebSite\",\"@id\":\"https:\/\/www.pescafish.it\/new\/#website\",\"url\":\"https:\/\/www.pescafish.it\/new\/\",\"name\":\"Pesca Fish\",\"description\":\"Benvenuti sul nostro sito!\",\"potentialAction\":[{\"@type\":\"SearchAction\",\"target\":\"https:\/\/www.pescafish.it\/new\/?s={search_term_string}\",\"query-input\":\"required name=search_term_string\"}],\"inLanguage\":\"it-IT\"},{\"@type\":\"ImageObject\",\"@id\":\"https:\/\/www.pescafish.it\/new\/prodotto\/power-feedz-vanilla-nut-starbaits\/#primaryimage\",\"inLanguage\":\"it-IT\",\"url\":\"https:\/\/www.pescafish.it\/new\/wp-content\/uploads\/2023\/08\/POWER-FEEDZ-VANILLA-NUT.jpg\",\"width\":789,\"height\":794},{\"@type\":\"WebPage\",\"@id\":\"https:\/\/www.pescafish.it\/new\/prodotto\/power-feedz-vanilla-nut-starbaits\/#webpage\",\"url\":\"https:\/\/www.pescafish.it\/new\/prodotto\/power-feedz-vanilla-nut-starbaits\/\",\"name\":\"Power Feedz Vanilla Nut - Starbaits - Pesca Fish\",\"isPartOf\":{\"@id\":\"https:\/\/www.pescafish.it\/new\/#website\"},\"primaryImageOfPage\":{\"@id\":\"https:\/\/www.pescafish.it\/new\/prodotto\/power-feedz-vanilla-nut-starbaits\/#primaryimage\"},\"datePublished\":\"2023-08-19T06:49:02+00:00\",\"dateModified\":\"2025-11-06T09:01:04+00:00\",\"inLanguage\":\"it-IT\",\"potentialAction\":[{\"@type\":\"ReadAction\",\"target\":[\"https:\/\/www.pescafish.it\/new\/prodotto\/power-feedz-vanilla-nut-starbaits\/\"]}]}]}<\/script>\n<!-- \/ Yoast SEO plugin. -->","_links":{"self":[{"href":"https:\/\/www.pescafish.it\/new\/wp-json\/wp\/v2\/product\/90059"}],"collection":[{"href":"https:\/\/www.pescafish.it\/new\/wp-json\/wp\/v2\/product"}],"about":[{"href":"https:\/\/www.pescafish.it\/new\/wp-json\/wp\/v2\/types\/product"}],"replies":[{"embeddable":true,"href":"https:\/\/www.pescafish.it\/new\/wp-json\/wp\/v2\/comments?post=90059"}],"wp:featuredmedia":[{"embeddable":true,"href":"https:\/\/www.pescafish.it\/new\/wp-json\/wp\/v2\/media\/90060"}],"wp:attachment":[{"href":"https:\/\/www.pescafish.it\/new\/wp-json\/wp\/v2\/media?parent=90059"}],"wp:term":[{"taxonomy":"product_cat","embeddable":true,"href":"https:\/\/www.pescafish.it\/new\/wp-json\/wp\/v2\/product_cat?post=90059"},{"taxonomy":"product_tag","embeddable":true,"href":"https:\/\/www.pescafish.it\/new\/wp-json\/wp\/v2\/product_tag?post=90059"}],"curies":[{"name":"wp","href":"https:\/\/api.w.org\/{rel}","templated":true}]}}