{"id":89911,"date":"2023-08-17T09:07:51","date_gmt":"2023-08-17T07:07:51","guid":{"rendered":"https:\/\/www.pescafish.it\/new\/?post_type=product&#038;p=89911"},"modified":"2023-08-17T09:07:51","modified_gmt":"2023-08-17T07:07:51","slug":"spin-shad-110-molix","status":"publish","type":"product","link":"https:\/\/www.pescafish.it\/new\/prodotto\/spin-shad-110-molix\/","title":{"rendered":"Spin Shad 110 &#8211; Molix"},"content":{"rendered":"<h2>Spin Shad 110<\/h2>\n<p>Grazie alle sue dimensioni, quest\u2019esca pu\u00f2 essere utilizzata per la pesca della totalit\u00e0 dei predatori. La paletta dalla particolare forma e curvatura si \u00e8 dimostrata estremamente efficace a stimolare gli attacchi e la girella a sfera ne migliora ulteriormente la rotazione. Ha due occhielli diversi a seconda dell\u2019uso previsto: quello anteriore \u00e8 ideale per la pesca a traina, il lancio in acque poco profonde e i recuperi stop-and-go, quello nella parte posteriore fa s\u00ec che l\u2019esca si inclini a testa in gi\u00f9, nuotando vicino al fondo durante i recuperi lenti. Questa \u00e8 anche l\u2019impostazione pi\u00f9 indicata per il vertical jigging perch\u00e9 in questo modo l\u2019esca risulta perfettamente bilanciata durante il movimento di salita e discesa dell\u2019esca. Il peso interno in zinc alloy \u00e8 solidale con l\u2019armatura interna passante, particolarmente robusta, che la rende adatta alla ricerca di pesci da record.<\/p>\n<p><strong>Caratteristiche tecniche:<\/strong><br \/>\n\u2022 Peso: 55 g (2 oz)<br \/>\n\u2022 Lunghezza: 11 cm (4.1\/2 in)<\/p>\n<p><strong>Disponibile nelle seguenti colorazioni:<\/strong><br \/>\n<strong>SPSH110-PS03<\/strong>\u00a0 Jamaika<br \/>\n<strong>SPSH110-PS07<\/strong>\u00a0 Silver Minnow<\/p>\n","protected":false},"excerpt":{"rendered":"<p>Spin Shad 110 Grazie alle sue dimensioni, quest\u2019esca pu\u00f2 essere utilizzata per la pesca della totalit\u00e0 dei predatori. La paletta dalla particolare forma e curvatura si \u00e8 dimostrata estremamente efficace a stimolare gli attacchi e la girella a sfera ne migliora ulteriormente la rotazione. Ha due occhielli diversi a seconda dell\u2019uso previsto: quello anteriore \u00e8 [&hellip;]<\/p>\n","protected":false},"featured_media":89914,"comment_status":"closed","ping_status":"closed","template":"","meta":[],"product_cat":[620],"product_tag":[1025],"yoast_head":"<!-- This site is optimized with the Yoast SEO plugin v15.3 - https:\/\/yoast.com\/wordpress\/plugins\/seo\/ -->\n<title>Spin Shad 110 - Molix - Pesca Fish<\/title>\n<meta name=\"robots\" content=\"index, follow, max-snippet:-1, max-image-preview:large, max-video-preview:-1\" \/>\n<link rel=\"canonical\" href=\"https:\/\/www.pescafish.it\/new\/prodotto\/spin-shad-110-molix\/\" \/>\n<meta property=\"og:locale\" content=\"it_IT\" \/>\n<meta property=\"og:type\" content=\"article\" \/>\n<meta property=\"og:title\" content=\"Spin Shad 110 - Molix - Pesca Fish\" \/>\n<meta property=\"og:description\" content=\"Spin Shad 110 Grazie alle sue dimensioni, quest\u2019esca pu\u00f2 essere utilizzata per la pesca della totalit\u00e0 dei predatori. La paletta dalla particolare forma e curvatura si \u00e8 dimostrata estremamente efficace a stimolare gli attacchi e la girella a sfera ne migliora ulteriormente la rotazione. Ha due occhielli diversi a seconda dell\u2019uso previsto: quello anteriore \u00e8 [&hellip;]\" \/>\n<meta property=\"og:url\" content=\"https:\/\/www.pescafish.it\/new\/prodotto\/spin-shad-110-molix\/\" \/>\n<meta property=\"og:site_name\" content=\"Pesca Fish\" \/>\n<meta property=\"article:publisher\" content=\"https:\/\/www.facebook.com\/pescafishvr\/\" \/>\n<meta property=\"og:image\" content=\"https:\/\/www.pescafish.it\/new\/wp-content\/uploads\/2023\/08\/silver-minnow-1.jpg\" \/>\n\t<meta property=\"og:image:width\" content=\"789\" \/>\n\t<meta property=\"og:image:height\" content=\"794\" \/>\n<meta name=\"twitter:card\" content=\"summary_large_image\" \/>\n<meta name=\"twitter:label1\" content=\"Scritto da\">\n\t<meta name=\"twitter:data1\" content=\"francesca\">\n\t<meta name=\"twitter:label2\" content=\"Tempo di lettura stimato\">\n\t<meta name=\"twitter:data2\" content=\"1 minuto\">\n<script type=\"application\/ld+json\" class=\"yoast-schema-graph\">{\"@context\":\"https:\/\/schema.org\",\"@graph\":[{\"@type\":\"WebSite\",\"@id\":\"https:\/\/www.pescafish.it\/new\/#website\",\"url\":\"https:\/\/www.pescafish.it\/new\/\",\"name\":\"Pesca Fish\",\"description\":\"Benvenuti sul nostro sito!\",\"potentialAction\":[{\"@type\":\"SearchAction\",\"target\":\"https:\/\/www.pescafish.it\/new\/?s={search_term_string}\",\"query-input\":\"required name=search_term_string\"}],\"inLanguage\":\"it-IT\"},{\"@type\":\"ImageObject\",\"@id\":\"https:\/\/www.pescafish.it\/new\/prodotto\/spin-shad-110-molix\/#primaryimage\",\"inLanguage\":\"it-IT\",\"url\":\"https:\/\/www.pescafish.it\/new\/wp-content\/uploads\/2023\/08\/silver-minnow-1.jpg\",\"width\":789,\"height\":794},{\"@type\":\"WebPage\",\"@id\":\"https:\/\/www.pescafish.it\/new\/prodotto\/spin-shad-110-molix\/#webpage\",\"url\":\"https:\/\/www.pescafish.it\/new\/prodotto\/spin-shad-110-molix\/\",\"name\":\"Spin Shad 110 - Molix - Pesca Fish\",\"isPartOf\":{\"@id\":\"https:\/\/www.pescafish.it\/new\/#website\"},\"primaryImageOfPage\":{\"@id\":\"https:\/\/www.pescafish.it\/new\/prodotto\/spin-shad-110-molix\/#primaryimage\"},\"datePublished\":\"2023-08-17T07:07:51+00:00\",\"dateModified\":\"2023-08-17T07:07:51+00:00\",\"inLanguage\":\"it-IT\",\"potentialAction\":[{\"@type\":\"ReadAction\",\"target\":[\"https:\/\/www.pescafish.it\/new\/prodotto\/spin-shad-110-molix\/\"]}]}]}<\/script>\n<!-- \/ Yoast SEO plugin. -->","_links":{"self":[{"href":"https:\/\/www.pescafish.it\/new\/wp-json\/wp\/v2\/product\/89911"}],"collection":[{"href":"https:\/\/www.pescafish.it\/new\/wp-json\/wp\/v2\/product"}],"about":[{"href":"https:\/\/www.pescafish.it\/new\/wp-json\/wp\/v2\/types\/product"}],"replies":[{"embeddable":true,"href":"https:\/\/www.pescafish.it\/new\/wp-json\/wp\/v2\/comments?post=89911"}],"wp:featuredmedia":[{"embeddable":true,"href":"https:\/\/www.pescafish.it\/new\/wp-json\/wp\/v2\/media\/89914"}],"wp:attachment":[{"href":"https:\/\/www.pescafish.it\/new\/wp-json\/wp\/v2\/media?parent=89911"}],"wp:term":[{"taxonomy":"product_cat","embeddable":true,"href":"https:\/\/www.pescafish.it\/new\/wp-json\/wp\/v2\/product_cat?post=89911"},{"taxonomy":"product_tag","embeddable":true,"href":"https:\/\/www.pescafish.it\/new\/wp-json\/wp\/v2\/product_tag?post=89911"}],"curies":[{"name":"wp","href":"https:\/\/api.w.org\/{rel}","templated":true}]}}