{"id":89830,"date":"2023-08-12T11:52:31","date_gmt":"2023-08-12T09:52:31","guid":{"rendered":"https:\/\/www.pescafish.it\/new\/?post_type=product&#038;p=89830"},"modified":"2023-09-08T17:39:35","modified_gmt":"2023-09-08T15:39:35","slug":"treccia-s8s-blue-150m-seaspin","status":"publish","type":"product","link":"https:\/\/www.pescafish.it\/new\/prodotto\/treccia-s8s-blue-150m-seaspin\/","title":{"rendered":"Treccia S8S Blue 150m &#8211; Seaspin"},"content":{"rendered":"<h2>Treccia S8S Blue 150m<\/h2>\n<p>Lenza, filo. trecciato, chiamiamolo come vogliamo: \u00e8 quella \u201ccosa\u201d sottile attraverso la quale passano tutti i nostri sogni di pescatori e ci mettono in contatto con la forza del pesce, con il suo disperato coraggio, con la vera natura selvaggia.<br \/>\nUno scambio reciproco di emozioni che durante il combattimento si intersecano e esistono solo grazie al componente all\u2019apparenza pi\u00f9 delicato e sottile, se ci pensate, di tutta la nostra attrezzatura da pesca. Tutto passa di li. Anche solo questo pu\u00f2 farci capire quanto della nostra avventura di pesca dipenda dal trecciato che noi pescatori a spinning siamo ormai soliti usare.<br \/>\nLa filosofia dell\u2019azienda \u00e8 sempre stata quella di dare prodotti mirati e ottimizzati e per questo motivo abbiamo realizzato un prodotto che fosse soprattutto funzionale ed equilibrato per le reali necessit\u00e0 del pescatore in pesca, focalizzando l\u2019attenzione sui tre fattori pi\u00f9 importanti che deve garantire un trecciato: lanciabilit\u00e0, per andare il pi\u00f9 lontano possibile e coprire un\u2019area pi\u00f9 vasta; resistenza all\u2019abrasione, per contrastare qualsiasi contatto che possa insorgere durante il combattimento e vanificare tutta l\u2019azione di pesca; grande tenuta al nodo, per evitare di annullare in un dettaglio tutti gli sforzi e le nostre emozioni con una banale rottura.<br \/>\nNello spinning \u00e8 inutile proporre trecciati estremamente morbidi che ti permettono lanci lunghissimi ma che si distruggono appena sfiorano uno scoglio e che si spellano nell\u2019arco di una giornata o al contrario con caratteristiche ottimizzate ad altre tecniche che per\u00f2 penalizzano ad esempio il lancio.<br \/>\nCome sempre ci vuole un prodotto pensato e realizzato per il tipo di pesca che deve svolgere per ottenere, come in questo caso, le grandi prestazioni, la grande affidabilit\u00e0 e la durata superiore alla media dei trecciati presenti sul mercato.<br \/>\nS8S, indica un trecciato con 8 capi, 100% in polietilene, made in Taiwan. Commercializzato nella colorazione Blue Navy per lo spinning e Pink per l\u2019eging. E\u2019 commercializzato con bobine da 150 m esclusivamente nel PE 0.8 e PE 1.0 mentre con bobine da 300 dal PE 1.0 fino al PE 4.0 con le caratteristiche evidenziate in tabella.<\/p>\n","protected":false},"excerpt":{"rendered":"<p>Treccia S8S Blue 150m Lenza, filo. trecciato, chiamiamolo come vogliamo: \u00e8 quella \u201ccosa\u201d sottile attraverso la quale passano tutti i nostri sogni di pescatori e ci mettono in contatto con la forza del pesce, con il suo disperato coraggio, con la vera natura selvaggia. Uno scambio reciproco di emozioni che durante il combattimento si intersecano [&hellip;]<\/p>\n","protected":false},"featured_media":89831,"comment_status":"closed","ping_status":"closed","template":"","meta":[],"product_cat":[1389],"product_tag":[1166],"yoast_head":"<!-- This site is optimized with the Yoast SEO plugin v15.3 - https:\/\/yoast.com\/wordpress\/plugins\/seo\/ -->\n<title>Treccia S8S Blue 150m - Seaspin - Pesca Fish<\/title>\n<meta name=\"robots\" content=\"index, follow, max-snippet:-1, max-image-preview:large, max-video-preview:-1\" \/>\n<link rel=\"canonical\" href=\"https:\/\/www.pescafish.it\/new\/prodotto\/treccia-s8s-blue-150m-seaspin\/\" \/>\n<meta property=\"og:locale\" content=\"it_IT\" \/>\n<meta property=\"og:type\" content=\"article\" \/>\n<meta property=\"og:title\" content=\"Treccia S8S Blue 150m - Seaspin - Pesca Fish\" \/>\n<meta property=\"og:description\" content=\"Treccia S8S Blue 150m Lenza, filo. trecciato, chiamiamolo come vogliamo: \u00e8 quella \u201ccosa\u201d sottile attraverso la quale passano tutti i nostri sogni di pescatori e ci mettono in contatto con la forza del pesce, con il suo disperato coraggio, con la vera natura selvaggia. Uno scambio reciproco di emozioni che durante il combattimento si intersecano [&hellip;]\" \/>\n<meta property=\"og:url\" content=\"https:\/\/www.pescafish.it\/new\/prodotto\/treccia-s8s-blue-150m-seaspin\/\" \/>\n<meta property=\"og:site_name\" content=\"Pesca Fish\" \/>\n<meta property=\"article:publisher\" content=\"https:\/\/www.facebook.com\/pescafishvr\/\" \/>\n<meta property=\"article:modified_time\" content=\"2023-09-08T15:39:35+00:00\" \/>\n<meta property=\"og:image\" content=\"https:\/\/www.pescafish.it\/new\/wp-content\/uploads\/2023\/08\/S8S_1000_.jpg\" \/>\n\t<meta property=\"og:image:width\" content=\"1000\" \/>\n\t<meta property=\"og:image:height\" content=\"1000\" \/>\n<meta name=\"twitter:card\" content=\"summary_large_image\" \/>\n<meta name=\"twitter:label1\" content=\"Scritto da\">\n\t<meta name=\"twitter:data1\" content=\"francesca\">\n\t<meta name=\"twitter:label2\" content=\"Tempo di lettura stimato\">\n\t<meta name=\"twitter:data2\" content=\"1 minuto\">\n<script type=\"application\/ld+json\" class=\"yoast-schema-graph\">{\"@context\":\"https:\/\/schema.org\",\"@graph\":[{\"@type\":\"WebSite\",\"@id\":\"https:\/\/www.pescafish.it\/new\/#website\",\"url\":\"https:\/\/www.pescafish.it\/new\/\",\"name\":\"Pesca Fish\",\"description\":\"Benvenuti sul nostro sito!\",\"potentialAction\":[{\"@type\":\"SearchAction\",\"target\":\"https:\/\/www.pescafish.it\/new\/?s={search_term_string}\",\"query-input\":\"required name=search_term_string\"}],\"inLanguage\":\"it-IT\"},{\"@type\":\"ImageObject\",\"@id\":\"https:\/\/www.pescafish.it\/new\/prodotto\/treccia-s8s-blue-150m-seaspin\/#primaryimage\",\"inLanguage\":\"it-IT\",\"url\":\"https:\/\/www.pescafish.it\/new\/wp-content\/uploads\/2023\/08\/S8S_1000_.jpg\",\"width\":1000,\"height\":1000},{\"@type\":\"WebPage\",\"@id\":\"https:\/\/www.pescafish.it\/new\/prodotto\/treccia-s8s-blue-150m-seaspin\/#webpage\",\"url\":\"https:\/\/www.pescafish.it\/new\/prodotto\/treccia-s8s-blue-150m-seaspin\/\",\"name\":\"Treccia S8S Blue 150m - Seaspin - Pesca Fish\",\"isPartOf\":{\"@id\":\"https:\/\/www.pescafish.it\/new\/#website\"},\"primaryImageOfPage\":{\"@id\":\"https:\/\/www.pescafish.it\/new\/prodotto\/treccia-s8s-blue-150m-seaspin\/#primaryimage\"},\"datePublished\":\"2023-08-12T09:52:31+00:00\",\"dateModified\":\"2023-09-08T15:39:35+00:00\",\"inLanguage\":\"it-IT\",\"potentialAction\":[{\"@type\":\"ReadAction\",\"target\":[\"https:\/\/www.pescafish.it\/new\/prodotto\/treccia-s8s-blue-150m-seaspin\/\"]}]}]}<\/script>\n<!-- \/ Yoast SEO plugin. -->","_links":{"self":[{"href":"https:\/\/www.pescafish.it\/new\/wp-json\/wp\/v2\/product\/89830"}],"collection":[{"href":"https:\/\/www.pescafish.it\/new\/wp-json\/wp\/v2\/product"}],"about":[{"href":"https:\/\/www.pescafish.it\/new\/wp-json\/wp\/v2\/types\/product"}],"replies":[{"embeddable":true,"href":"https:\/\/www.pescafish.it\/new\/wp-json\/wp\/v2\/comments?post=89830"}],"wp:featuredmedia":[{"embeddable":true,"href":"https:\/\/www.pescafish.it\/new\/wp-json\/wp\/v2\/media\/89831"}],"wp:attachment":[{"href":"https:\/\/www.pescafish.it\/new\/wp-json\/wp\/v2\/media?parent=89830"}],"wp:term":[{"taxonomy":"product_cat","embeddable":true,"href":"https:\/\/www.pescafish.it\/new\/wp-json\/wp\/v2\/product_cat?post=89830"},{"taxonomy":"product_tag","embeddable":true,"href":"https:\/\/www.pescafish.it\/new\/wp-json\/wp\/v2\/product_tag?post=89830"}],"curies":[{"name":"wp","href":"https:\/\/api.w.org\/{rel}","templated":true}]}}