{"id":89684,"date":"2023-08-11T10:00:09","date_gmt":"2023-08-11T08:00:09","guid":{"rendered":"https:\/\/www.pescafish.it\/new\/?post_type=product&#038;p=89684"},"modified":"2025-09-05T09:20:15","modified_gmt":"2025-09-05T07:20:15","slug":"gummy-slow-sinking-xl-10mm-feenyx-bait","status":"publish","type":"product","link":"https:\/\/www.pescafish.it\/new\/prodotto\/gummy-slow-sinking-xl-10mm-feenyx-bait\/","title":{"rendered":"Gummy Slow Sinking XL 10mm \u2013 Feenyx Bait"},"content":{"rendered":"<h2>Gummy Slow Sinking 10mm<\/h2>\n<p>I Gummy Slow Sinking di Feenyx rappresentano una nuova generazione di dumbell. Questa esca \u00e8 molto morbida e questa particolarit\u00e0 la rende irresistibile per i pesci pi\u00f9 sospettosi. Pu\u00f2 essere innescata con tutti i tipi di Hair Rig ma la sua consistenza permette anche un innesco diretto sull\u2019amo.<\/p>\n<p><strong>Misura:<\/strong> 10mm<\/p>\n<p><strong>Disponibile nelle seguenti aromatizzazioni:<\/strong><br \/>\n<strong>B0700060<\/strong>\u00a0 Tonic Pine<br \/>\n<strong>B0700063 <\/strong>\u00a0Garlic &amp; Spices<\/p>\n","protected":false},"excerpt":{"rendered":"<p>Gummy Slow Sinking 10mm I Gummy Slow Sinking di Feenyx rappresentano una nuova generazione di dumbell. Questa esca \u00e8 molto morbida e questa particolarit\u00e0 la rende irresistibile per i pesci pi\u00f9 sospettosi. Pu\u00f2 essere innescata con tutti i tipi di Hair Rig ma la sua consistenza permette anche un innesco diretto sull\u2019amo. Misura: 10mm Disponibile [&hellip;]<\/p>\n","protected":false},"featured_media":89687,"comment_status":"closed","ping_status":"closed","template":"","meta":[],"product_cat":[707],"product_tag":[1252],"yoast_head":"<!-- This site is optimized with the Yoast SEO plugin v15.3 - https:\/\/yoast.com\/wordpress\/plugins\/seo\/ -->\n<title>Gummy Slow Sinking XL 10mm \u2013 Feenyx Bait - Pesca Fish<\/title>\n<meta name=\"robots\" content=\"index, follow, max-snippet:-1, max-image-preview:large, max-video-preview:-1\" \/>\n<link rel=\"canonical\" href=\"https:\/\/www.pescafish.it\/new\/prodotto\/gummy-slow-sinking-xl-10mm-feenyx-bait\/\" \/>\n<meta property=\"og:locale\" content=\"it_IT\" \/>\n<meta property=\"og:type\" content=\"article\" \/>\n<meta property=\"og:title\" content=\"Gummy Slow Sinking XL 10mm \u2013 Feenyx Bait - Pesca Fish\" \/>\n<meta property=\"og:description\" content=\"Gummy Slow Sinking 10mm I Gummy Slow Sinking di Feenyx rappresentano una nuova generazione di dumbell. Questa esca \u00e8 molto morbida e questa particolarit\u00e0 la rende irresistibile per i pesci pi\u00f9 sospettosi. Pu\u00f2 essere innescata con tutti i tipi di Hair Rig ma la sua consistenza permette anche un innesco diretto sull\u2019amo. Misura: 10mm Disponibile [&hellip;]\" \/>\n<meta property=\"og:url\" content=\"https:\/\/www.pescafish.it\/new\/prodotto\/gummy-slow-sinking-xl-10mm-feenyx-bait\/\" \/>\n<meta property=\"og:site_name\" content=\"Pesca Fish\" \/>\n<meta property=\"article:publisher\" content=\"https:\/\/www.facebook.com\/pescafishvr\/\" \/>\n<meta property=\"article:modified_time\" content=\"2025-09-05T07:20:15+00:00\" \/>\n<meta property=\"og:image\" content=\"https:\/\/www.pescafish.it\/new\/wp-content\/uploads\/2023\/08\/xl-gummy-garlic-spices-.jpg\" \/>\n\t<meta property=\"og:image:width\" content=\"784\" \/>\n\t<meta property=\"og:image:height\" content=\"785\" \/>\n<meta name=\"twitter:card\" content=\"summary_large_image\" \/>\n<meta name=\"twitter:label1\" content=\"Scritto da\">\n\t<meta name=\"twitter:data1\" content=\"francesca\">\n\t<meta name=\"twitter:label2\" content=\"Tempo di lettura stimato\">\n\t<meta name=\"twitter:data2\" content=\"0 minuti\">\n<script type=\"application\/ld+json\" class=\"yoast-schema-graph\">{\"@context\":\"https:\/\/schema.org\",\"@graph\":[{\"@type\":\"WebSite\",\"@id\":\"https:\/\/www.pescafish.it\/new\/#website\",\"url\":\"https:\/\/www.pescafish.it\/new\/\",\"name\":\"Pesca Fish\",\"description\":\"Benvenuti sul nostro sito!\",\"potentialAction\":[{\"@type\":\"SearchAction\",\"target\":\"https:\/\/www.pescafish.it\/new\/?s={search_term_string}\",\"query-input\":\"required name=search_term_string\"}],\"inLanguage\":\"it-IT\"},{\"@type\":\"ImageObject\",\"@id\":\"https:\/\/www.pescafish.it\/new\/prodotto\/gummy-slow-sinking-xl-10mm-feenyx-bait\/#primaryimage\",\"inLanguage\":\"it-IT\",\"url\":\"https:\/\/www.pescafish.it\/new\/wp-content\/uploads\/2023\/08\/xl-gummy-garlic-spices-.jpg\",\"width\":784,\"height\":785},{\"@type\":\"WebPage\",\"@id\":\"https:\/\/www.pescafish.it\/new\/prodotto\/gummy-slow-sinking-xl-10mm-feenyx-bait\/#webpage\",\"url\":\"https:\/\/www.pescafish.it\/new\/prodotto\/gummy-slow-sinking-xl-10mm-feenyx-bait\/\",\"name\":\"Gummy Slow Sinking XL 10mm \\u2013 Feenyx Bait - Pesca Fish\",\"isPartOf\":{\"@id\":\"https:\/\/www.pescafish.it\/new\/#website\"},\"primaryImageOfPage\":{\"@id\":\"https:\/\/www.pescafish.it\/new\/prodotto\/gummy-slow-sinking-xl-10mm-feenyx-bait\/#primaryimage\"},\"datePublished\":\"2023-08-11T08:00:09+00:00\",\"dateModified\":\"2025-09-05T07:20:15+00:00\",\"inLanguage\":\"it-IT\",\"potentialAction\":[{\"@type\":\"ReadAction\",\"target\":[\"https:\/\/www.pescafish.it\/new\/prodotto\/gummy-slow-sinking-xl-10mm-feenyx-bait\/\"]}]}]}<\/script>\n<!-- \/ Yoast SEO plugin. -->","_links":{"self":[{"href":"https:\/\/www.pescafish.it\/new\/wp-json\/wp\/v2\/product\/89684"}],"collection":[{"href":"https:\/\/www.pescafish.it\/new\/wp-json\/wp\/v2\/product"}],"about":[{"href":"https:\/\/www.pescafish.it\/new\/wp-json\/wp\/v2\/types\/product"}],"replies":[{"embeddable":true,"href":"https:\/\/www.pescafish.it\/new\/wp-json\/wp\/v2\/comments?post=89684"}],"wp:featuredmedia":[{"embeddable":true,"href":"https:\/\/www.pescafish.it\/new\/wp-json\/wp\/v2\/media\/89687"}],"wp:attachment":[{"href":"https:\/\/www.pescafish.it\/new\/wp-json\/wp\/v2\/media?parent=89684"}],"wp:term":[{"taxonomy":"product_cat","embeddable":true,"href":"https:\/\/www.pescafish.it\/new\/wp-json\/wp\/v2\/product_cat?post=89684"},{"taxonomy":"product_tag","embeddable":true,"href":"https:\/\/www.pescafish.it\/new\/wp-json\/wp\/v2\/product_tag?post=89684"}],"curies":[{"name":"wp","href":"https:\/\/api.w.org\/{rel}","templated":true}]}}