{"id":89622,"date":"2023-08-09T11:28:12","date_gmt":"2023-08-09T09:28:12","guid":{"rendered":"https:\/\/www.pescafish.it\/new\/?post_type=product&#038;p=89622"},"modified":"2025-08-19T19:04:00","modified_gmt":"2025-08-19T17:04:00","slug":"mulinello-modus-tx2-13-fishing","status":"publish","type":"product","link":"https:\/\/www.pescafish.it\/new\/prodotto\/mulinello-modus-tx2-13-fishing\/","title":{"rendered":"Mulinello Modus TX2 &#8211; 13 Fishing"},"content":{"rendered":"<div class=\"product__description mobile-description\" data-v-6ebc1e96=\"\">Progettato e costruito per la pesca in acqua salata, il Modus TX2 si \u00e8 guadagnato la designazione &#8220;TX&#8221; grazie alla struttura del telaio resistente alla corrosione al 100%, cuscinetti resistenti all&#8217;acqua salata e una frizione da 8 kg. Con una capacit\u00e0 di filo maggiore rispetto alla sua controparte d&#8217;acqua dolce, il Modus TX2 \u00e8 dotato di ingranaggi Hamai Cut giapponesi, il nostro sistema anti-ritorno dead stop e le nostre classiche manopole in sughero. Questo elegante mulinello ricco di funzionalit\u00e0, continua l&#8217;eredit\u00e0 della serie TX di alzare il livello della qualit\u00e0 dei mulinelli low profile, destinati alla pesca in acqua salata.<\/div>\n<div data-v-6ebc1e96=\"\"><\/div>\n<div data-v-6ebc1e96=\"\"><strong>Caratteristiche tecniche:<\/strong><br \/>\n\u2022 Cuscinetti anti-corrosione\u00a0\u00a0(6 BB anti-corrosione + 1 cuscinetto anti-reverse)<br \/>\n\u2022 Telaio a corrosione zero<br \/>\n\u2022 Ingranaggio di trasmissione in alluminio con taglio Hamai giapponese<br \/>\n\u2022 Guida filo Arrowhead<br \/>\n\u2022 Freno centrifugo a 6 vie<br \/>\n\u2022 Sistema frizione multimateriale da 8 kg<br \/>\n\u2022 KeepR integrato<br \/>\n\u2022 Dead Stop Anti-Reverse<br \/>\n\u2022 Manopole in sughero<br \/>\n\u2022 Bobina in alluminio<br \/>\n\u2022 Rapporto di recupero 7.3:1<\/div>\n","protected":false},"excerpt":{"rendered":"<p>Progettato e costruito per la pesca in acqua salata, il Modus TX2 si \u00e8 guadagnato la designazione &#8220;TX&#8221; grazie alla struttura del telaio resistente alla corrosione al 100%, cuscinetti resistenti all&#8217;acqua salata e una frizione da 8 kg. Con una capacit\u00e0 di filo maggiore rispetto alla sua controparte d&#8217;acqua dolce, il Modus TX2 \u00e8 dotato [&hellip;]<\/p>\n","protected":false},"featured_media":89623,"comment_status":"closed","ping_status":"closed","template":"","meta":[],"product_cat":[1197],"product_tag":[1198],"yoast_head":"<!-- This site is optimized with the Yoast SEO plugin v15.3 - https:\/\/yoast.com\/wordpress\/plugins\/seo\/ -->\n<title>Mulinello Modus TX2 - 13 Fishing - Pesca Fish<\/title>\n<meta name=\"robots\" content=\"index, follow, max-snippet:-1, max-image-preview:large, max-video-preview:-1\" \/>\n<link rel=\"canonical\" href=\"https:\/\/www.pescafish.it\/new\/prodotto\/mulinello-modus-tx2-13-fishing\/\" \/>\n<meta property=\"og:locale\" content=\"it_IT\" \/>\n<meta property=\"og:type\" content=\"article\" \/>\n<meta property=\"og:title\" content=\"Mulinello Modus TX2 - 13 Fishing - Pesca Fish\" \/>\n<meta property=\"og:description\" content=\"Progettato e costruito per la pesca in acqua salata, il Modus TX2 si \u00e8 guadagnato la designazione &#8220;TX&#8221; grazie alla struttura del telaio resistente alla corrosione al 100%, cuscinetti resistenti all&#8217;acqua salata e una frizione da 8 kg. Con una capacit\u00e0 di filo maggiore rispetto alla sua controparte d&#8217;acqua dolce, il Modus TX2 \u00e8 dotato [&hellip;]\" \/>\n<meta property=\"og:url\" content=\"https:\/\/www.pescafish.it\/new\/prodotto\/mulinello-modus-tx2-13-fishing\/\" \/>\n<meta property=\"og:site_name\" content=\"Pesca Fish\" \/>\n<meta property=\"article:publisher\" content=\"https:\/\/www.facebook.com\/pescafishvr\/\" \/>\n<meta property=\"article:modified_time\" content=\"2025-08-19T17:04:00+00:00\" \/>\n<meta property=\"og:image\" content=\"https:\/\/www.pescafish.it\/new\/wp-content\/uploads\/2023\/08\/TX2.png\" \/>\n\t<meta property=\"og:image:width\" content=\"1042\" \/>\n\t<meta property=\"og:image:height\" content=\"906\" \/>\n<meta name=\"twitter:card\" content=\"summary_large_image\" \/>\n<meta name=\"twitter:label1\" content=\"Scritto da\">\n\t<meta name=\"twitter:data1\" content=\"francesca\">\n\t<meta name=\"twitter:label2\" content=\"Tempo di lettura stimato\">\n\t<meta name=\"twitter:data2\" content=\"1 minuto\">\n<script type=\"application\/ld+json\" class=\"yoast-schema-graph\">{\"@context\":\"https:\/\/schema.org\",\"@graph\":[{\"@type\":\"WebSite\",\"@id\":\"https:\/\/www.pescafish.it\/new\/#website\",\"url\":\"https:\/\/www.pescafish.it\/new\/\",\"name\":\"Pesca Fish\",\"description\":\"Benvenuti sul nostro sito!\",\"potentialAction\":[{\"@type\":\"SearchAction\",\"target\":\"https:\/\/www.pescafish.it\/new\/?s={search_term_string}\",\"query-input\":\"required name=search_term_string\"}],\"inLanguage\":\"it-IT\"},{\"@type\":\"ImageObject\",\"@id\":\"https:\/\/www.pescafish.it\/new\/prodotto\/mulinello-modus-tx2-13-fishing\/#primaryimage\",\"inLanguage\":\"it-IT\",\"url\":\"https:\/\/www.pescafish.it\/new\/wp-content\/uploads\/2023\/08\/TX2.png\",\"width\":1042,\"height\":906},{\"@type\":\"WebPage\",\"@id\":\"https:\/\/www.pescafish.it\/new\/prodotto\/mulinello-modus-tx2-13-fishing\/#webpage\",\"url\":\"https:\/\/www.pescafish.it\/new\/prodotto\/mulinello-modus-tx2-13-fishing\/\",\"name\":\"Mulinello Modus TX2 - 13 Fishing - Pesca Fish\",\"isPartOf\":{\"@id\":\"https:\/\/www.pescafish.it\/new\/#website\"},\"primaryImageOfPage\":{\"@id\":\"https:\/\/www.pescafish.it\/new\/prodotto\/mulinello-modus-tx2-13-fishing\/#primaryimage\"},\"datePublished\":\"2023-08-09T09:28:12+00:00\",\"dateModified\":\"2025-08-19T17:04:00+00:00\",\"inLanguage\":\"it-IT\",\"potentialAction\":[{\"@type\":\"ReadAction\",\"target\":[\"https:\/\/www.pescafish.it\/new\/prodotto\/mulinello-modus-tx2-13-fishing\/\"]}]}]}<\/script>\n<!-- \/ Yoast SEO plugin. -->","_links":{"self":[{"href":"https:\/\/www.pescafish.it\/new\/wp-json\/wp\/v2\/product\/89622"}],"collection":[{"href":"https:\/\/www.pescafish.it\/new\/wp-json\/wp\/v2\/product"}],"about":[{"href":"https:\/\/www.pescafish.it\/new\/wp-json\/wp\/v2\/types\/product"}],"replies":[{"embeddable":true,"href":"https:\/\/www.pescafish.it\/new\/wp-json\/wp\/v2\/comments?post=89622"}],"wp:featuredmedia":[{"embeddable":true,"href":"https:\/\/www.pescafish.it\/new\/wp-json\/wp\/v2\/media\/89623"}],"wp:attachment":[{"href":"https:\/\/www.pescafish.it\/new\/wp-json\/wp\/v2\/media?parent=89622"}],"wp:term":[{"taxonomy":"product_cat","embeddable":true,"href":"https:\/\/www.pescafish.it\/new\/wp-json\/wp\/v2\/product_cat?post=89622"},{"taxonomy":"product_tag","embeddable":true,"href":"https:\/\/www.pescafish.it\/new\/wp-json\/wp\/v2\/product_tag?post=89622"}],"curies":[{"name":"wp","href":"https:\/\/api.w.org\/{rel}","templated":true}]}}