{"id":89557,"date":"2023-08-08T17:14:26","date_gmt":"2023-08-08T15:14:26","guid":{"rendered":"https:\/\/www.pescafish.it\/new\/?post_type=product&#038;p=89557"},"modified":"2023-08-08T17:21:33","modified_gmt":"2023-08-08T15:21:33","slug":"flatline-th-35cm-8gr-uv-savage-gear","status":"publish","type":"product","link":"https:\/\/www.pescafish.it\/new\/prodotto\/flatline-th-35cm-8gr-uv-savage-gear\/","title":{"rendered":"Flatline TH 3,5cm 8gr UV &#8211; Savage Gear"},"content":{"rendered":"<h2>Flatline TH 3,5cm 8gr UV<\/h2>\n<p>Lancia pi\u00f9 lontano e tuffati pi\u00f9 in profondit\u00e0 di qualsiasi altro micro jig sul mercato. Sar\u00e0 un gioco da ragazzi con il nostro fantastico piccolo Flatline TG con corpo in tungsteno. Flatline \u00e8 progettato con precisione con un perfetto rapporto corpo\/peso per un lancio eccellente in tutte le condizioni atmosferiche. Ha un&#8217;azione allettante con lampi durante la caduta e il jigging. L&#8217;ottima combinazione di ami tripli e piccoli ami ausiliari offre una grande catturabilit\u00e0 in modo da non perdere un colpo. La scelta migliore per sgombri, aghi e molte altre specie di pesci che si incontrano durante la pesca leggera o lo spinning verticale.<\/p>\n<p><strong>Caratteristiche tecniche:<br \/>\n<\/strong>\u2022 Grandi propriet\u00e0 di colata<br \/>\n\u2022 Azione super attraente con flash<br \/>\n\u2022 Ami super forti resistenti all&#8217;acqua salata<br \/>\n\u2022 Colori UV<br \/>\n\u2022 Perfetto per la caccia con vento e corrente<\/p>\n<p><strong>Disponibile nelle seguenti colorazioni:<\/strong><br \/>\n\u2022 Sardine<\/p>\n","protected":false},"excerpt":{"rendered":"<p>Flatline TH 3,5cm 8gr UV Lancia pi\u00f9 lontano e tuffati pi\u00f9 in profondit\u00e0 di qualsiasi altro micro jig sul mercato. Sar\u00e0 un gioco da ragazzi con il nostro fantastico piccolo Flatline TG con corpo in tungsteno. Flatline \u00e8 progettato con precisione con un perfetto rapporto corpo\/peso per un lancio eccellente in tutte le condizioni atmosferiche. [&hellip;]<\/p>\n","protected":false},"featured_media":89559,"comment_status":"closed","ping_status":"closed","template":"","meta":[],"product_cat":[692],"product_tag":[1037],"yoast_head":"<!-- This site is optimized with the Yoast SEO plugin v15.3 - https:\/\/yoast.com\/wordpress\/plugins\/seo\/ -->\n<title>Flatline TH 3,5cm 8gr UV - Savage Gear - Pesca Fish<\/title>\n<meta name=\"robots\" content=\"index, follow, max-snippet:-1, max-image-preview:large, max-video-preview:-1\" \/>\n<link rel=\"canonical\" href=\"https:\/\/www.pescafish.it\/new\/prodotto\/flatline-th-35cm-8gr-uv-savage-gear\/\" \/>\n<meta property=\"og:locale\" content=\"it_IT\" \/>\n<meta property=\"og:type\" content=\"article\" \/>\n<meta property=\"og:title\" content=\"Flatline TH 3,5cm 8gr UV - Savage Gear - Pesca Fish\" \/>\n<meta property=\"og:description\" content=\"Flatline TH 3,5cm 8gr UV Lancia pi\u00f9 lontano e tuffati pi\u00f9 in profondit\u00e0 di qualsiasi altro micro jig sul mercato. Sar\u00e0 un gioco da ragazzi con il nostro fantastico piccolo Flatline TG con corpo in tungsteno. Flatline \u00e8 progettato con precisione con un perfetto rapporto corpo\/peso per un lancio eccellente in tutte le condizioni atmosferiche. [&hellip;]\" \/>\n<meta property=\"og:url\" content=\"https:\/\/www.pescafish.it\/new\/prodotto\/flatline-th-35cm-8gr-uv-savage-gear\/\" \/>\n<meta property=\"og:site_name\" content=\"Pesca Fish\" \/>\n<meta property=\"article:publisher\" content=\"https:\/\/www.facebook.com\/pescafishvr\/\" \/>\n<meta property=\"article:modified_time\" content=\"2023-08-08T15:21:33+00:00\" \/>\n<meta property=\"og:image\" content=\"https:\/\/www.pescafish.it\/new\/wp-content\/uploads\/2023\/08\/SARDINE.jpg\" \/>\n\t<meta property=\"og:image:width\" content=\"789\" \/>\n\t<meta property=\"og:image:height\" content=\"794\" \/>\n<meta name=\"twitter:card\" content=\"summary_large_image\" \/>\n<meta name=\"twitter:label1\" content=\"Scritto da\">\n\t<meta name=\"twitter:data1\" content=\"francesca\">\n\t<meta name=\"twitter:label2\" content=\"Tempo di lettura stimato\">\n\t<meta name=\"twitter:data2\" content=\"1 minuto\">\n<script type=\"application\/ld+json\" class=\"yoast-schema-graph\">{\"@context\":\"https:\/\/schema.org\",\"@graph\":[{\"@type\":\"WebSite\",\"@id\":\"https:\/\/www.pescafish.it\/new\/#website\",\"url\":\"https:\/\/www.pescafish.it\/new\/\",\"name\":\"Pesca Fish\",\"description\":\"Benvenuti sul nostro sito!\",\"potentialAction\":[{\"@type\":\"SearchAction\",\"target\":\"https:\/\/www.pescafish.it\/new\/?s={search_term_string}\",\"query-input\":\"required name=search_term_string\"}],\"inLanguage\":\"it-IT\"},{\"@type\":\"ImageObject\",\"@id\":\"https:\/\/www.pescafish.it\/new\/prodotto\/flatline-th-35cm-8gr-uv-savage-gear\/#primaryimage\",\"inLanguage\":\"it-IT\",\"url\":\"https:\/\/www.pescafish.it\/new\/wp-content\/uploads\/2023\/08\/SARDINE.jpg\",\"width\":789,\"height\":794},{\"@type\":\"WebPage\",\"@id\":\"https:\/\/www.pescafish.it\/new\/prodotto\/flatline-th-35cm-8gr-uv-savage-gear\/#webpage\",\"url\":\"https:\/\/www.pescafish.it\/new\/prodotto\/flatline-th-35cm-8gr-uv-savage-gear\/\",\"name\":\"Flatline TH 3,5cm 8gr UV - Savage Gear - Pesca Fish\",\"isPartOf\":{\"@id\":\"https:\/\/www.pescafish.it\/new\/#website\"},\"primaryImageOfPage\":{\"@id\":\"https:\/\/www.pescafish.it\/new\/prodotto\/flatline-th-35cm-8gr-uv-savage-gear\/#primaryimage\"},\"datePublished\":\"2023-08-08T15:14:26+00:00\",\"dateModified\":\"2023-08-08T15:21:33+00:00\",\"inLanguage\":\"it-IT\",\"potentialAction\":[{\"@type\":\"ReadAction\",\"target\":[\"https:\/\/www.pescafish.it\/new\/prodotto\/flatline-th-35cm-8gr-uv-savage-gear\/\"]}]}]}<\/script>\n<!-- \/ Yoast SEO plugin. -->","_links":{"self":[{"href":"https:\/\/www.pescafish.it\/new\/wp-json\/wp\/v2\/product\/89557"}],"collection":[{"href":"https:\/\/www.pescafish.it\/new\/wp-json\/wp\/v2\/product"}],"about":[{"href":"https:\/\/www.pescafish.it\/new\/wp-json\/wp\/v2\/types\/product"}],"replies":[{"embeddable":true,"href":"https:\/\/www.pescafish.it\/new\/wp-json\/wp\/v2\/comments?post=89557"}],"wp:featuredmedia":[{"embeddable":true,"href":"https:\/\/www.pescafish.it\/new\/wp-json\/wp\/v2\/media\/89559"}],"wp:attachment":[{"href":"https:\/\/www.pescafish.it\/new\/wp-json\/wp\/v2\/media?parent=89557"}],"wp:term":[{"taxonomy":"product_cat","embeddable":true,"href":"https:\/\/www.pescafish.it\/new\/wp-json\/wp\/v2\/product_cat?post=89557"},{"taxonomy":"product_tag","embeddable":true,"href":"https:\/\/www.pescafish.it\/new\/wp-json\/wp\/v2\/product_tag?post=89557"}],"curies":[{"name":"wp","href":"https:\/\/api.w.org\/{rel}","templated":true}]}}