{"id":89501,"date":"2023-08-07T19:02:42","date_gmt":"2023-08-07T17:02:42","guid":{"rendered":"https:\/\/www.pescafish.it\/new\/?post_type=product&#038;p=89501"},"modified":"2024-09-24T12:19:49","modified_gmt":"2024-09-24T10:19:49","slug":"tenda-avenger-65-brolly-mozzy-front-prologic","status":"publish","type":"product","link":"https:\/\/www.pescafish.it\/new\/prodotto\/tenda-avenger-65-brolly-mozzy-front-prologic\/","title":{"rendered":"Tenda Avenger 65 Brolly &#038; Mozzy Front &#8211; Prologic"},"content":{"rendered":"<h2>Tenda Avenger 65 Brolly &amp; Mozzy Front<\/h2>\n<p>La tenda avenger \u00e8 adatta alle sessioni di pesca in cui si vuole velocit\u00e0 ma senza rinunciare al comfort. L&#8217; avenger 65 brolly &amp; mozzy \u00e8 potenziata, al fine di garantirne la longevit\u00e0, da un solido telaio flessibile, leggero e compatto in fibra di vetro. Inoltre, \u00e8 fornita di una zanzariera asportabile tramite una comoda zip. Il telo, grazie al suo doppio rivestimento, \u00e8 in grado di tenere sino a 10000mm di colonna idrostatica. Infine la finestra posta sulla parte posteriore dell&#8217;avenger permette un ottimo ricircolo d&#8217;aria.<\/p>\n<p><strong>Caratteristiche tecniche:<\/strong><br \/>\n\u2022 Dimensioni: 255 cm (larg) x 190 cm (prof) x 135 cm (h)<br \/>\n\u2022 Dimensioni da chiusa: 150 cm x 20 cm<br \/>\n\u2022 Peso: 5,7 kg<\/p>\n","protected":false},"excerpt":{"rendered":"<p>Tenda Avenger 65 Brolly &amp; Mozzy Front La tenda avenger \u00e8 adatta alle sessioni di pesca in cui si vuole velocit\u00e0 ma senza rinunciare al comfort. L&#8217; avenger 65 brolly &amp; mozzy \u00e8 potenziata, al fine di garantirne la longevit\u00e0, da un solido telaio flessibile, leggero e compatto in fibra di vetro. Inoltre, \u00e8 fornita [&hellip;]<\/p>\n","protected":false},"featured_media":89503,"comment_status":"closed","ping_status":"closed","template":"","meta":[],"product_cat":[430],"product_tag":[1040],"yoast_head":"<!-- This site is optimized with the Yoast SEO plugin v15.3 - https:\/\/yoast.com\/wordpress\/plugins\/seo\/ -->\n<title>Tenda Avenger 65 Brolly &amp; Mozzy Front - Prologic - Pesca Fish<\/title>\n<meta name=\"robots\" content=\"index, follow, max-snippet:-1, max-image-preview:large, max-video-preview:-1\" \/>\n<link rel=\"canonical\" href=\"https:\/\/www.pescafish.it\/new\/prodotto\/tenda-avenger-65-brolly-mozzy-front-prologic\/\" \/>\n<meta property=\"og:locale\" content=\"it_IT\" \/>\n<meta property=\"og:type\" content=\"article\" \/>\n<meta property=\"og:title\" content=\"Tenda Avenger 65 Brolly &amp; Mozzy Front - Prologic - Pesca Fish\" \/>\n<meta property=\"og:description\" content=\"Tenda Avenger 65 Brolly &amp; Mozzy Front La tenda avenger \u00e8 adatta alle sessioni di pesca in cui si vuole velocit\u00e0 ma senza rinunciare al comfort. L&#8217; avenger 65 brolly &amp; mozzy \u00e8 potenziata, al fine di garantirne la longevit\u00e0, da un solido telaio flessibile, leggero e compatto in fibra di vetro. Inoltre, \u00e8 fornita [&hellip;]\" \/>\n<meta property=\"og:url\" content=\"https:\/\/www.pescafish.it\/new\/prodotto\/tenda-avenger-65-brolly-mozzy-front-prologic\/\" \/>\n<meta property=\"og:site_name\" content=\"Pesca Fish\" \/>\n<meta property=\"article:publisher\" content=\"https:\/\/www.facebook.com\/pescafishvr\/\" \/>\n<meta property=\"article:modified_time\" content=\"2024-09-24T10:19:49+00:00\" \/>\n<meta property=\"og:image\" content=\"https:\/\/www.pescafish.it\/new\/wp-content\/uploads\/2023\/08\/brollye-molly.png\" \/>\n\t<meta property=\"og:image:width\" content=\"979\" \/>\n\t<meta property=\"og:image:height\" content=\"800\" \/>\n<meta name=\"twitter:card\" content=\"summary_large_image\" \/>\n<meta name=\"twitter:label1\" content=\"Scritto da\">\n\t<meta name=\"twitter:data1\" content=\"francesca\">\n\t<meta name=\"twitter:label2\" content=\"Tempo di lettura stimato\">\n\t<meta name=\"twitter:data2\" content=\"0 minuti\">\n<script type=\"application\/ld+json\" class=\"yoast-schema-graph\">{\"@context\":\"https:\/\/schema.org\",\"@graph\":[{\"@type\":\"WebSite\",\"@id\":\"https:\/\/www.pescafish.it\/new\/#website\",\"url\":\"https:\/\/www.pescafish.it\/new\/\",\"name\":\"Pesca Fish\",\"description\":\"Benvenuti sul nostro sito!\",\"potentialAction\":[{\"@type\":\"SearchAction\",\"target\":\"https:\/\/www.pescafish.it\/new\/?s={search_term_string}\",\"query-input\":\"required name=search_term_string\"}],\"inLanguage\":\"it-IT\"},{\"@type\":\"ImageObject\",\"@id\":\"https:\/\/www.pescafish.it\/new\/prodotto\/tenda-avenger-65-brolly-mozzy-front-prologic\/#primaryimage\",\"inLanguage\":\"it-IT\",\"url\":\"https:\/\/www.pescafish.it\/new\/wp-content\/uploads\/2023\/08\/brollye-molly.png\",\"width\":979,\"height\":800},{\"@type\":\"WebPage\",\"@id\":\"https:\/\/www.pescafish.it\/new\/prodotto\/tenda-avenger-65-brolly-mozzy-front-prologic\/#webpage\",\"url\":\"https:\/\/www.pescafish.it\/new\/prodotto\/tenda-avenger-65-brolly-mozzy-front-prologic\/\",\"name\":\"Tenda Avenger 65 Brolly & Mozzy Front - Prologic - Pesca Fish\",\"isPartOf\":{\"@id\":\"https:\/\/www.pescafish.it\/new\/#website\"},\"primaryImageOfPage\":{\"@id\":\"https:\/\/www.pescafish.it\/new\/prodotto\/tenda-avenger-65-brolly-mozzy-front-prologic\/#primaryimage\"},\"datePublished\":\"2023-08-07T17:02:42+00:00\",\"dateModified\":\"2024-09-24T10:19:49+00:00\",\"inLanguage\":\"it-IT\",\"potentialAction\":[{\"@type\":\"ReadAction\",\"target\":[\"https:\/\/www.pescafish.it\/new\/prodotto\/tenda-avenger-65-brolly-mozzy-front-prologic\/\"]}]}]}<\/script>\n<!-- \/ Yoast SEO plugin. -->","_links":{"self":[{"href":"https:\/\/www.pescafish.it\/new\/wp-json\/wp\/v2\/product\/89501"}],"collection":[{"href":"https:\/\/www.pescafish.it\/new\/wp-json\/wp\/v2\/product"}],"about":[{"href":"https:\/\/www.pescafish.it\/new\/wp-json\/wp\/v2\/types\/product"}],"replies":[{"embeddable":true,"href":"https:\/\/www.pescafish.it\/new\/wp-json\/wp\/v2\/comments?post=89501"}],"wp:featuredmedia":[{"embeddable":true,"href":"https:\/\/www.pescafish.it\/new\/wp-json\/wp\/v2\/media\/89503"}],"wp:attachment":[{"href":"https:\/\/www.pescafish.it\/new\/wp-json\/wp\/v2\/media?parent=89501"}],"wp:term":[{"taxonomy":"product_cat","embeddable":true,"href":"https:\/\/www.pescafish.it\/new\/wp-json\/wp\/v2\/product_cat?post=89501"},{"taxonomy":"product_tag","embeddable":true,"href":"https:\/\/www.pescafish.it\/new\/wp-json\/wp\/v2\/product_tag?post=89501"}],"curies":[{"name":"wp","href":"https:\/\/api.w.org\/{rel}","templated":true}]}}