{"id":89394,"date":"2023-08-04T18:28:56","date_gmt":"2023-08-04T16:28:56","guid":{"rendered":"https:\/\/www.pescafish.it\/new\/?post_type=product&#038;p=89394"},"modified":"2023-10-12T20:45:10","modified_gmt":"2023-10-12T18:45:10","slug":"line-control-arm-ridgemonkey","status":"publish","type":"product","link":"https:\/\/www.pescafish.it\/new\/prodotto\/line-control-arm-ridgemonkey\/","title":{"rendered":"Line Control Arm\u00a0&#8211; RidgeMonkey"},"content":{"rendered":"<h2>Line Control Arm<\/h2>\n<p>Perdi la necessit\u00e0 di un paio di mani in pi\u00f9 quando metti le esche con un braccio di cauzione aperto: il braccio di controllo della linea RidgeMonkey \u00e8 progettato per adattarsi perfettamente alla maggior parte dei mulinelli in stile Big Pit e il braccio di estensione eviter\u00e0 che la lenza fuoriesca dalla bobina.\u00a0Progettato principalmente per l&#8217;uso quando si posizionano terminali con una baitboat, il braccio di controllo della linea pu\u00f2 essere utilizzato anche in qualsiasi situazione in cui \u00e8 necessario mantenere una piccola quantit\u00e0 di tensione mantenendo un flusso libero della lenza: pesca da una barca a scafo, lenze a piedi lungo il banca, pesca predatore su cauzione aperta ecc.<\/p>\n<p>&nbsp;<\/p>\n","protected":false},"excerpt":{"rendered":"<p>Line Control Arm Perdi la necessit\u00e0 di un paio di mani in pi\u00f9 quando metti le esche con un braccio di cauzione aperto: il braccio di controllo della linea RidgeMonkey \u00e8 progettato per adattarsi perfettamente alla maggior parte dei mulinelli in stile Big Pit e il braccio di estensione eviter\u00e0 che la lenza fuoriesca dalla [&hellip;]<\/p>\n","protected":false},"featured_media":89395,"comment_status":"closed","ping_status":"closed","template":"","meta":[],"product_cat":[1103],"product_tag":[1101],"yoast_head":"<!-- This site is optimized with the Yoast SEO plugin v15.3 - https:\/\/yoast.com\/wordpress\/plugins\/seo\/ -->\n<title>Line Control Arm\u00a0- RidgeMonkey - Pesca Fish<\/title>\n<meta name=\"robots\" content=\"index, follow, max-snippet:-1, max-image-preview:large, max-video-preview:-1\" \/>\n<link rel=\"canonical\" href=\"https:\/\/www.pescafish.it\/new\/prodotto\/line-control-arm-ridgemonkey\/\" \/>\n<meta property=\"og:locale\" content=\"it_IT\" \/>\n<meta property=\"og:type\" content=\"article\" \/>\n<meta property=\"og:title\" content=\"Line Control Arm\u00a0- RidgeMonkey - Pesca Fish\" \/>\n<meta property=\"og:description\" content=\"Line Control Arm Perdi la necessit\u00e0 di un paio di mani in pi\u00f9 quando metti le esche con un braccio di cauzione aperto: il braccio di controllo della linea RidgeMonkey \u00e8 progettato per adattarsi perfettamente alla maggior parte dei mulinelli in stile Big Pit e il braccio di estensione eviter\u00e0 che la lenza fuoriesca dalla [&hellip;]\" \/>\n<meta property=\"og:url\" content=\"https:\/\/www.pescafish.it\/new\/prodotto\/line-control-arm-ridgemonkey\/\" \/>\n<meta property=\"og:site_name\" content=\"Pesca Fish\" \/>\n<meta property=\"article:publisher\" content=\"https:\/\/www.facebook.com\/pescafishvr\/\" \/>\n<meta property=\"article:modified_time\" content=\"2023-10-12T18:45:10+00:00\" \/>\n<meta property=\"og:image\" content=\"https:\/\/www.pescafish.it\/new\/wp-content\/uploads\/2023\/08\/r-scaled.jpg\" \/>\n\t<meta property=\"og:image:width\" content=\"2542\" \/>\n\t<meta property=\"og:image:height\" content=\"2560\" \/>\n<meta name=\"twitter:card\" content=\"summary_large_image\" \/>\n<meta name=\"twitter:label1\" content=\"Scritto da\">\n\t<meta name=\"twitter:data1\" content=\"francesca\">\n\t<meta name=\"twitter:label2\" content=\"Tempo di lettura stimato\">\n\t<meta name=\"twitter:data2\" content=\"0 minuti\">\n<script type=\"application\/ld+json\" class=\"yoast-schema-graph\">{\"@context\":\"https:\/\/schema.org\",\"@graph\":[{\"@type\":\"WebSite\",\"@id\":\"https:\/\/www.pescafish.it\/new\/#website\",\"url\":\"https:\/\/www.pescafish.it\/new\/\",\"name\":\"Pesca Fish\",\"description\":\"Benvenuti sul nostro sito!\",\"potentialAction\":[{\"@type\":\"SearchAction\",\"target\":\"https:\/\/www.pescafish.it\/new\/?s={search_term_string}\",\"query-input\":\"required name=search_term_string\"}],\"inLanguage\":\"it-IT\"},{\"@type\":\"ImageObject\",\"@id\":\"https:\/\/www.pescafish.it\/new\/prodotto\/line-control-arm-ridgemonkey\/#primaryimage\",\"inLanguage\":\"it-IT\",\"url\":\"https:\/\/www.pescafish.it\/new\/wp-content\/uploads\/2023\/08\/r-scaled.jpg\",\"width\":2542,\"height\":2560,\"caption\":\"RidgeMonkey\"},{\"@type\":\"WebPage\",\"@id\":\"https:\/\/www.pescafish.it\/new\/prodotto\/line-control-arm-ridgemonkey\/#webpage\",\"url\":\"https:\/\/www.pescafish.it\/new\/prodotto\/line-control-arm-ridgemonkey\/\",\"name\":\"Line Control Arm\\u00a0- RidgeMonkey - Pesca Fish\",\"isPartOf\":{\"@id\":\"https:\/\/www.pescafish.it\/new\/#website\"},\"primaryImageOfPage\":{\"@id\":\"https:\/\/www.pescafish.it\/new\/prodotto\/line-control-arm-ridgemonkey\/#primaryimage\"},\"datePublished\":\"2023-08-04T16:28:56+00:00\",\"dateModified\":\"2023-10-12T18:45:10+00:00\",\"inLanguage\":\"it-IT\",\"potentialAction\":[{\"@type\":\"ReadAction\",\"target\":[\"https:\/\/www.pescafish.it\/new\/prodotto\/line-control-arm-ridgemonkey\/\"]}]}]}<\/script>\n<!-- \/ Yoast SEO plugin. -->","_links":{"self":[{"href":"https:\/\/www.pescafish.it\/new\/wp-json\/wp\/v2\/product\/89394"}],"collection":[{"href":"https:\/\/www.pescafish.it\/new\/wp-json\/wp\/v2\/product"}],"about":[{"href":"https:\/\/www.pescafish.it\/new\/wp-json\/wp\/v2\/types\/product"}],"replies":[{"embeddable":true,"href":"https:\/\/www.pescafish.it\/new\/wp-json\/wp\/v2\/comments?post=89394"}],"wp:featuredmedia":[{"embeddable":true,"href":"https:\/\/www.pescafish.it\/new\/wp-json\/wp\/v2\/media\/89395"}],"wp:attachment":[{"href":"https:\/\/www.pescafish.it\/new\/wp-json\/wp\/v2\/media?parent=89394"}],"wp:term":[{"taxonomy":"product_cat","embeddable":true,"href":"https:\/\/www.pescafish.it\/new\/wp-json\/wp\/v2\/product_cat?post=89394"},{"taxonomy":"product_tag","embeddable":true,"href":"https:\/\/www.pescafish.it\/new\/wp-json\/wp\/v2\/product_tag?post=89394"}],"curies":[{"name":"wp","href":"https:\/\/api.w.org\/{rel}","templated":true}]}}