{"id":89357,"date":"2023-08-04T10:10:46","date_gmt":"2023-08-04T08:10:46","guid":{"rendered":"https:\/\/www.pescafish.it\/new\/?post_type=product&#038;p=89357"},"modified":"2024-08-21T18:40:50","modified_gmt":"2024-08-21T16:40:50","slug":"fireline-fused-original-crystal-150m-berkley","status":"publish","type":"product","link":"https:\/\/www.pescafish.it\/new\/prodotto\/fireline-fused-original-crystal-150m-berkley\/","title":{"rendered":"Fireline Fused Original Crystal 150m &#8211; Berkley"},"content":{"rendered":"<h2>Fireline Fused Original Crystal 150m<\/h2>\n<p>Berkley\u00ae FireLine\u00ae = Il nuovo e migliorato FireLine\u00ae \u00e8 pi\u00f9 liscio, pi\u00f9 resistente e pi\u00f9 sensibile! La tecnologia fusa a 8 fili offre una resistenza all\u2018abrasione senza pari, rendendola 5 volte pi\u00f9 resistente delle treccie convenzionali. Pi\u00f9 liscia ed elastica per un lancio pi\u00f9 lungo Fireline\u00ae!<\/p>\n<p><strong>Caratteristiche tecniche:<\/strong><br \/>\n\u2022 5x volte pi\u00f9 resistente all\u2018abrasione rispetto ai trecciati concorrenti<br \/>\n\u2022 Fusion 8 Strand Superline regala una resistenza all\u2018abrasione e una forza senza eguali<br \/>\n\u2022 Lanci fluidi e incredibile sensibilit\u00e0<\/p>\n<p><strong>Disponibile nelle seguenti misure:<br \/>\n1553672\u00a0<\/strong> \u22050,10mm &#8211; 6.2kg<br \/>\n<strong>1553673 \u00a0<\/strong>\u22050,12mm &#8211; 7,2kg<br \/>\n<strong>1553674\u00a0<\/strong> \u22050,15mm\u00a0 &#8211; 8,3kg<br \/>\n<strong>1553675\u00a0<\/strong> \u22050,17mm &#8211; 10,7kg<\/p>\n","protected":false},"excerpt":{"rendered":"<p>Fireline Fused Original Crystal 150m Berkley\u00ae FireLine\u00ae = Il nuovo e migliorato FireLine\u00ae \u00e8 pi\u00f9 liscio, pi\u00f9 resistente e pi\u00f9 sensibile! La tecnologia fusa a 8 fili offre una resistenza all\u2018abrasione senza pari, rendendola 5 volte pi\u00f9 resistente delle treccie convenzionali. Pi\u00f9 liscia ed elastica per un lancio pi\u00f9 lungo Fireline\u00ae! Caratteristiche tecniche: \u2022 5x [&hellip;]<\/p>\n","protected":false},"featured_media":89363,"comment_status":"closed","ping_status":"closed","template":"","meta":[],"product_cat":[731],"product_tag":[1089],"yoast_head":"<!-- This site is optimized with the Yoast SEO plugin v15.3 - https:\/\/yoast.com\/wordpress\/plugins\/seo\/ -->\n<title>Fireline Fused Original Crystal 150m - Berkley - Pesca Fish<\/title>\n<meta name=\"robots\" content=\"index, follow, max-snippet:-1, max-image-preview:large, max-video-preview:-1\" \/>\n<link rel=\"canonical\" href=\"https:\/\/www.pescafish.it\/new\/prodotto\/fireline-fused-original-crystal-150m-berkley\/\" \/>\n<meta property=\"og:locale\" content=\"it_IT\" \/>\n<meta property=\"og:type\" content=\"article\" \/>\n<meta property=\"og:title\" content=\"Fireline Fused Original Crystal 150m - Berkley - Pesca Fish\" \/>\n<meta property=\"og:description\" content=\"Fireline Fused Original Crystal 150m Berkley\u00ae FireLine\u00ae = Il nuovo e migliorato FireLine\u00ae \u00e8 pi\u00f9 liscio, pi\u00f9 resistente e pi\u00f9 sensibile! La tecnologia fusa a 8 fili offre una resistenza all\u2018abrasione senza pari, rendendola 5 volte pi\u00f9 resistente delle treccie convenzionali. Pi\u00f9 liscia ed elastica per un lancio pi\u00f9 lungo Fireline\u00ae! Caratteristiche tecniche: \u2022 5x [&hellip;]\" \/>\n<meta property=\"og:url\" content=\"https:\/\/www.pescafish.it\/new\/prodotto\/fireline-fused-original-crystal-150m-berkley\/\" \/>\n<meta property=\"og:site_name\" content=\"Pesca Fish\" \/>\n<meta property=\"article:publisher\" content=\"https:\/\/www.facebook.com\/pescafishvr\/\" \/>\n<meta property=\"article:modified_time\" content=\"2024-08-21T16:40:50+00:00\" \/>\n<meta property=\"og:image\" content=\"https:\/\/www.pescafish.it\/new\/wp-content\/uploads\/2023\/08\/fireline.png\" \/>\n\t<meta property=\"og:image:width\" content=\"454\" \/>\n\t<meta property=\"og:image:height\" content=\"427\" \/>\n<meta name=\"twitter:card\" content=\"summary_large_image\" \/>\n<meta name=\"twitter:label1\" content=\"Scritto da\">\n\t<meta name=\"twitter:data1\" content=\"francesca\">\n\t<meta name=\"twitter:label2\" content=\"Tempo di lettura stimato\">\n\t<meta name=\"twitter:data2\" content=\"0 minuti\">\n<script type=\"application\/ld+json\" class=\"yoast-schema-graph\">{\"@context\":\"https:\/\/schema.org\",\"@graph\":[{\"@type\":\"WebSite\",\"@id\":\"https:\/\/www.pescafish.it\/new\/#website\",\"url\":\"https:\/\/www.pescafish.it\/new\/\",\"name\":\"Pesca Fish\",\"description\":\"Benvenuti sul nostro sito!\",\"potentialAction\":[{\"@type\":\"SearchAction\",\"target\":\"https:\/\/www.pescafish.it\/new\/?s={search_term_string}\",\"query-input\":\"required name=search_term_string\"}],\"inLanguage\":\"it-IT\"},{\"@type\":\"ImageObject\",\"@id\":\"https:\/\/www.pescafish.it\/new\/prodotto\/fireline-fused-original-crystal-150m-berkley\/#primaryimage\",\"inLanguage\":\"it-IT\",\"url\":\"https:\/\/www.pescafish.it\/new\/wp-content\/uploads\/2023\/08\/fireline.png\",\"width\":454,\"height\":427},{\"@type\":\"WebPage\",\"@id\":\"https:\/\/www.pescafish.it\/new\/prodotto\/fireline-fused-original-crystal-150m-berkley\/#webpage\",\"url\":\"https:\/\/www.pescafish.it\/new\/prodotto\/fireline-fused-original-crystal-150m-berkley\/\",\"name\":\"Fireline Fused Original Crystal 150m - Berkley - Pesca Fish\",\"isPartOf\":{\"@id\":\"https:\/\/www.pescafish.it\/new\/#website\"},\"primaryImageOfPage\":{\"@id\":\"https:\/\/www.pescafish.it\/new\/prodotto\/fireline-fused-original-crystal-150m-berkley\/#primaryimage\"},\"datePublished\":\"2023-08-04T08:10:46+00:00\",\"dateModified\":\"2024-08-21T16:40:50+00:00\",\"inLanguage\":\"it-IT\",\"potentialAction\":[{\"@type\":\"ReadAction\",\"target\":[\"https:\/\/www.pescafish.it\/new\/prodotto\/fireline-fused-original-crystal-150m-berkley\/\"]}]}]}<\/script>\n<!-- \/ Yoast SEO plugin. -->","_links":{"self":[{"href":"https:\/\/www.pescafish.it\/new\/wp-json\/wp\/v2\/product\/89357"}],"collection":[{"href":"https:\/\/www.pescafish.it\/new\/wp-json\/wp\/v2\/product"}],"about":[{"href":"https:\/\/www.pescafish.it\/new\/wp-json\/wp\/v2\/types\/product"}],"replies":[{"embeddable":true,"href":"https:\/\/www.pescafish.it\/new\/wp-json\/wp\/v2\/comments?post=89357"}],"wp:featuredmedia":[{"embeddable":true,"href":"https:\/\/www.pescafish.it\/new\/wp-json\/wp\/v2\/media\/89363"}],"wp:attachment":[{"href":"https:\/\/www.pescafish.it\/new\/wp-json\/wp\/v2\/media?parent=89357"}],"wp:term":[{"taxonomy":"product_cat","embeddable":true,"href":"https:\/\/www.pescafish.it\/new\/wp-json\/wp\/v2\/product_cat?post=89357"},{"taxonomy":"product_tag","embeddable":true,"href":"https:\/\/www.pescafish.it\/new\/wp-json\/wp\/v2\/product_tag?post=89357"}],"curies":[{"name":"wp","href":"https:\/\/api.w.org\/{rel}","templated":true}]}}