{"id":89292,"date":"2023-08-02T10:23:31","date_gmt":"2023-08-02T08:23:31","guid":{"rendered":"https:\/\/www.pescafish.it\/new\/?post_type=product&#038;p=89292"},"modified":"2023-08-03T11:22:23","modified_gmt":"2023-08-03T09:22:23","slug":"max-x-black-ops-casting-reel-abu-garcia","status":"publish","type":"product","link":"https:\/\/www.pescafish.it\/new\/prodotto\/max-x-black-ops-casting-reel-abu-garcia\/","title":{"rendered":"Max X Black Ops Casting Reel &#8211; Abu Garcia"},"content":{"rendered":"<h2>Max X Black Ops Casting Reel<\/h2>\n<p>I mulinelli da casting MAX sono progettati per ottenere grandi prestazioni. La serie MAX \u00e8 famosa in tutto il mondo per la sua qualit\u00e0 e le alte prestazioni. Questa \u00e8 la 44 generazione, la migliore di sempre. Questa serie X si posizione come entry level della gamma, offrendo 4 + 1 cuscinetti e il sistema frenante MagTrax preciso e facile da usare. Edizione speciale Black Ops con finitura nera opaca e impugnature in EVA mimetiche grigie.<\/p>\n<p><b>Caratteristiche tecniche:<\/b><br \/>\n\u2022 Capienza monofilo: 0,29mm\/135m<br \/>\n\u2022 Rapporto di recupero: 6.4:1<br \/>\n\u2022 Filo recuperato: 64cm<br \/>\n\u2022 Numero cuscinetti: 5<br \/>\n\u2022 Potenza massima frizione: 8kg<br \/>\n\u2022 Peso: 192g<\/p>\n","protected":false},"excerpt":{"rendered":"<p>Max X Black Ops Casting Reel I mulinelli da casting MAX sono progettati per ottenere grandi prestazioni. La serie MAX \u00e8 famosa in tutto il mondo per la sua qualit\u00e0 e le alte prestazioni. Questa \u00e8 la 44 generazione, la migliore di sempre. Questa serie X si posizione come entry level della gamma, offrendo 4 [&hellip;]<\/p>\n","protected":false},"featured_media":89294,"comment_status":"closed","ping_status":"closed","template":"","meta":[],"product_cat":[378],"product_tag":[1065],"yoast_head":"<!-- This site is optimized with the Yoast SEO plugin v15.3 - https:\/\/yoast.com\/wordpress\/plugins\/seo\/ -->\n<title>Max X Black Ops Casting Reel - Abu Garcia - Pesca Fish<\/title>\n<meta name=\"robots\" content=\"index, follow, max-snippet:-1, max-image-preview:large, max-video-preview:-1\" \/>\n<link rel=\"canonical\" href=\"https:\/\/www.pescafish.it\/new\/prodotto\/max-x-black-ops-casting-reel-abu-garcia\/\" \/>\n<meta property=\"og:locale\" content=\"it_IT\" \/>\n<meta property=\"og:type\" content=\"article\" \/>\n<meta property=\"og:title\" content=\"Max X Black Ops Casting Reel - Abu Garcia - Pesca Fish\" \/>\n<meta property=\"og:description\" content=\"Max X Black Ops Casting Reel I mulinelli da casting MAX sono progettati per ottenere grandi prestazioni. La serie MAX \u00e8 famosa in tutto il mondo per la sua qualit\u00e0 e le alte prestazioni. Questa \u00e8 la 44 generazione, la migliore di sempre. Questa serie X si posizione come entry level della gamma, offrendo 4 [&hellip;]\" \/>\n<meta property=\"og:url\" content=\"https:\/\/www.pescafish.it\/new\/prodotto\/max-x-black-ops-casting-reel-abu-garcia\/\" \/>\n<meta property=\"og:site_name\" content=\"Pesca Fish\" \/>\n<meta property=\"article:publisher\" content=\"https:\/\/www.facebook.com\/pescafishvr\/\" \/>\n<meta property=\"article:modified_time\" content=\"2023-08-03T09:22:23+00:00\" \/>\n<meta property=\"og:image\" content=\"https:\/\/www.pescafish.it\/new\/wp-content\/uploads\/2023\/08\/mulinello-black-ops-garcia.jpg\" \/>\n\t<meta property=\"og:image:width\" content=\"894\" \/>\n\t<meta property=\"og:image:height\" content=\"651\" \/>\n<meta name=\"twitter:card\" content=\"summary_large_image\" \/>\n<meta name=\"twitter:label1\" content=\"Scritto da\">\n\t<meta name=\"twitter:data1\" content=\"francesca\">\n\t<meta name=\"twitter:label2\" content=\"Tempo di lettura stimato\">\n\t<meta name=\"twitter:data2\" content=\"0 minuti\">\n<script type=\"application\/ld+json\" class=\"yoast-schema-graph\">{\"@context\":\"https:\/\/schema.org\",\"@graph\":[{\"@type\":\"WebSite\",\"@id\":\"https:\/\/www.pescafish.it\/new\/#website\",\"url\":\"https:\/\/www.pescafish.it\/new\/\",\"name\":\"Pesca Fish\",\"description\":\"Benvenuti sul nostro sito!\",\"potentialAction\":[{\"@type\":\"SearchAction\",\"target\":\"https:\/\/www.pescafish.it\/new\/?s={search_term_string}\",\"query-input\":\"required name=search_term_string\"}],\"inLanguage\":\"it-IT\"},{\"@type\":\"ImageObject\",\"@id\":\"https:\/\/www.pescafish.it\/new\/prodotto\/max-x-black-ops-casting-reel-abu-garcia\/#primaryimage\",\"inLanguage\":\"it-IT\",\"url\":\"https:\/\/www.pescafish.it\/new\/wp-content\/uploads\/2023\/08\/mulinello-black-ops-garcia.jpg\",\"width\":894,\"height\":651},{\"@type\":\"WebPage\",\"@id\":\"https:\/\/www.pescafish.it\/new\/prodotto\/max-x-black-ops-casting-reel-abu-garcia\/#webpage\",\"url\":\"https:\/\/www.pescafish.it\/new\/prodotto\/max-x-black-ops-casting-reel-abu-garcia\/\",\"name\":\"Max X Black Ops Casting Reel - Abu Garcia - Pesca Fish\",\"isPartOf\":{\"@id\":\"https:\/\/www.pescafish.it\/new\/#website\"},\"primaryImageOfPage\":{\"@id\":\"https:\/\/www.pescafish.it\/new\/prodotto\/max-x-black-ops-casting-reel-abu-garcia\/#primaryimage\"},\"datePublished\":\"2023-08-02T08:23:31+00:00\",\"dateModified\":\"2023-08-03T09:22:23+00:00\",\"inLanguage\":\"it-IT\",\"potentialAction\":[{\"@type\":\"ReadAction\",\"target\":[\"https:\/\/www.pescafish.it\/new\/prodotto\/max-x-black-ops-casting-reel-abu-garcia\/\"]}]}]}<\/script>\n<!-- \/ Yoast SEO plugin. -->","_links":{"self":[{"href":"https:\/\/www.pescafish.it\/new\/wp-json\/wp\/v2\/product\/89292"}],"collection":[{"href":"https:\/\/www.pescafish.it\/new\/wp-json\/wp\/v2\/product"}],"about":[{"href":"https:\/\/www.pescafish.it\/new\/wp-json\/wp\/v2\/types\/product"}],"replies":[{"embeddable":true,"href":"https:\/\/www.pescafish.it\/new\/wp-json\/wp\/v2\/comments?post=89292"}],"wp:featuredmedia":[{"embeddable":true,"href":"https:\/\/www.pescafish.it\/new\/wp-json\/wp\/v2\/media\/89294"}],"wp:attachment":[{"href":"https:\/\/www.pescafish.it\/new\/wp-json\/wp\/v2\/media?parent=89292"}],"wp:term":[{"taxonomy":"product_cat","embeddable":true,"href":"https:\/\/www.pescafish.it\/new\/wp-json\/wp\/v2\/product_cat?post=89292"},{"taxonomy":"product_tag","embeddable":true,"href":"https:\/\/www.pescafish.it\/new\/wp-json\/wp\/v2\/product_tag?post=89292"}],"curies":[{"name":"wp","href":"https:\/\/api.w.org\/{rel}","templated":true}]}}