{"id":88955,"date":"2023-07-15T10:42:56","date_gmt":"2023-07-15T08:42:56","guid":{"rendered":"https:\/\/www.pescafish.it\/new\/?post_type=product&#038;p=88955"},"modified":"2025-05-23T10:59:31","modified_gmt":"2025-05-23T08:59:31","slug":"conflict-inshore-penn","status":"publish","type":"product","link":"https:\/\/www.pescafish.it\/new\/prodotto\/conflict-inshore-penn\/","title":{"rendered":"Conflict Inshore &#8211; Penn"},"content":{"rendered":"<h2>Conflict Inshore<\/h2>\n<p>La serie PENN Conflict Inshore \u00e8 stata appositamente progettata per colpire specie costiere come spigole e pesci serra, seguendo le ultime tendenze giapponesi. Grazie all&#8217;utilizzo dei migliori materiali in carbonio combinati con la tecnologia X-Wrap in carbonio, queste tesi sono semplicemente impareggiabili nella sua fascia di prezzo. I blank con azione X-Fast di diametro ridotto sono perfettamente adatti per lavorare qualsiasi tipo di esca come topwater, softbait o longjerk e inoltre conferiscono grandi propriet\u00e0 di lancio. Sono rifiniti con anelli di tipo K a prova di SW di alta qualit\u00e0 e porta mulinello di tipo VSS per rendere la pesca il pi\u00f9 confortevole possibile. La gamma \u00e8 composta da molti modelli differenti, assicurandosi che ci sia un modello disponibile per ogni tipo di pesca costiera; se hai bisogno di un pantaloncino per catturare spigole o pesci serra dalla barca, o un lancio a lunga distanza per la pesca dalla riva,<\/p>\n<p><strong>Caratteristiche:<\/strong><\/p>\n<p>\u2022 Design del fusto in carbonio giapponese X-Fast<br \/>\n\u2022 Guide di tipo K resistenti all&#8217;acqua salata<br \/>\n\u2022 Porta mulinello stile VSS<br \/>\n\u2022 Tecnologia Carbon X-Wrap<br \/>\n\u2022 Manico in EVA<br \/>\n\u2022 Blank molto sensibile e reattivo<\/p>\n<p><strong>Disponibile nelle seguenti varianti:<br \/>\n<\/strong><\/p>\n<table style=\"width: 89.5205%; height: 96px;\" border=\"1\">\n<tbody>\n<tr style=\"height: 24px;\">\n<td style=\"width: 11.4961%; height: 24px;\"><strong>Codice<\/strong><\/td>\n<td style=\"width: 14.6457%; height: 24px;\"><strong>Lunghezza<\/strong><\/td>\n<td style=\"width: 10.3937%; height: 24px;\"><strong>Casting<\/strong><\/td>\n<td style=\"width: 13.7008%; height: 24px;\"><strong>Ingombro<\/strong><\/td>\n<td style=\"width: 12.126%; height: 24px;\"><strong>Azione<\/strong><\/td>\n<td style=\"width: 17.7953%; height: 24px;\"><strong>Potenza<\/strong><\/td>\n<td style=\"width: 10.2362%; height: 24px;\"><strong>Sezioni<\/strong><\/td>\n<td style=\"width: 91.9466%; height: 24px;\"><strong>Peso<\/strong><\/td>\n<\/tr>\n<tr style=\"height: 24px;\">\n<td style=\"width: 11.4961%; height: 24px;\"><strong>1543702<\/strong><\/td>\n<td style=\"width: 14.6457%; height: 24px;\">2.44<\/td>\n<td style=\"width: 10.3937%; height: 24px;\">30<\/td>\n<td style=\"width: 13.7008%; height: 24px;\">1.26<\/td>\n<td style=\"width: 12.126%; height: 24px;\">Extra Fast<\/td>\n<td style=\"width: 17.7953%; height: 24px;\">Medium<\/td>\n<td style=\"width: 10.2362%; height: 24px;\">2<\/td>\n<td style=\"width: 91.9466%; height: 24px;\">169<\/td>\n<\/tr>\n<tr style=\"height: 24px;\">\n<td style=\"width: 11.4961%; height: 24px;\"><strong>1543703<\/strong><\/td>\n<td style=\"width: 14.6457%; height: 24px;\">2.49<\/td>\n<td style=\"width: 10.3937%; height: 24px;\">45<\/td>\n<td style=\"width: 13.7008%; height: 24px;\">1.28<\/td>\n<td style=\"width: 12.126%; height: 24px;\">Extra Fast<\/td>\n<td style=\"width: 17.7953%; height: 24px;\">Medium Heavy<\/td>\n<td style=\"width: 10.2362%; height: 24px;\">2<\/td>\n<td style=\"width: 91.9466%; height: 24px;\">181<\/td>\n<\/tr>\n<tr style=\"height: 24px;\">\n<td style=\"width: 11.4961%; height: 24px;\"><strong>1543704<\/strong><\/td>\n<td style=\"width: 14.6457%; height: 24px;\">2.74<\/td>\n<td style=\"width: 10.3937%; height: 24px;\">30<\/td>\n<td style=\"width: 13.7008%; height: 24px;\">1.41<\/td>\n<td style=\"width: 12.126%; height: 24px;\">Extra Fast<\/td>\n<td style=\"width: 17.7953%; height: 24px;\">Medium<\/td>\n<td style=\"width: 10.2362%; height: 24px;\">2<\/td>\n<td style=\"width: 91.9466%; height: 24px;\">174<\/td>\n<\/tr>\n<\/tbody>\n<\/table>\n<p><strong>\u00a0<\/strong><\/p>\n","protected":false},"excerpt":{"rendered":"<p>Conflict Inshore La serie PENN Conflict Inshore \u00e8 stata appositamente progettata per colpire specie costiere come spigole e pesci serra, seguendo le ultime tendenze giapponesi. Grazie all&#8217;utilizzo dei migliori materiali in carbonio combinati con la tecnologia X-Wrap in carbonio, queste tesi sono semplicemente impareggiabili nella sua fascia di prezzo. I blank con azione X-Fast di [&hellip;]<\/p>\n","protected":false},"featured_media":88956,"comment_status":"closed","ping_status":"closed","template":"","meta":[],"product_cat":[940],"product_tag":[1064],"yoast_head":"<!-- This site is optimized with the Yoast SEO plugin v15.3 - https:\/\/yoast.com\/wordpress\/plugins\/seo\/ -->\n<title>Conflict Inshore - Penn - Pesca Fish<\/title>\n<meta name=\"robots\" content=\"index, follow, max-snippet:-1, max-image-preview:large, max-video-preview:-1\" \/>\n<link rel=\"canonical\" href=\"https:\/\/www.pescafish.it\/new\/prodotto\/conflict-inshore-penn\/\" \/>\n<meta property=\"og:locale\" content=\"it_IT\" \/>\n<meta property=\"og:type\" content=\"article\" \/>\n<meta property=\"og:title\" content=\"Conflict Inshore - Penn - Pesca Fish\" \/>\n<meta property=\"og:description\" content=\"Conflict Inshore La serie PENN Conflict Inshore \u00e8 stata appositamente progettata per colpire specie costiere come spigole e pesci serra, seguendo le ultime tendenze giapponesi. Grazie all&#8217;utilizzo dei migliori materiali in carbonio combinati con la tecnologia X-Wrap in carbonio, queste tesi sono semplicemente impareggiabili nella sua fascia di prezzo. I blank con azione X-Fast di [&hellip;]\" \/>\n<meta property=\"og:url\" content=\"https:\/\/www.pescafish.it\/new\/prodotto\/conflict-inshore-penn\/\" \/>\n<meta property=\"og:site_name\" content=\"Pesca Fish\" \/>\n<meta property=\"article:publisher\" content=\"https:\/\/www.facebook.com\/pescafishvr\/\" \/>\n<meta property=\"article:modified_time\" content=\"2025-05-23T08:59:31+00:00\" \/>\n<meta property=\"og:image\" content=\"https:\/\/www.pescafish.it\/new\/wp-content\/uploads\/2023\/07\/111.jpg\" \/>\n\t<meta property=\"og:image:width\" content=\"789\" \/>\n\t<meta property=\"og:image:height\" content=\"794\" \/>\n<meta name=\"twitter:card\" content=\"summary_large_image\" \/>\n<meta name=\"twitter:label1\" content=\"Scritto da\">\n\t<meta name=\"twitter:data1\" content=\"francesca\">\n\t<meta name=\"twitter:label2\" content=\"Tempo di lettura stimato\">\n\t<meta name=\"twitter:data2\" content=\"1 minuto\">\n<script type=\"application\/ld+json\" class=\"yoast-schema-graph\">{\"@context\":\"https:\/\/schema.org\",\"@graph\":[{\"@type\":\"WebSite\",\"@id\":\"https:\/\/www.pescafish.it\/new\/#website\",\"url\":\"https:\/\/www.pescafish.it\/new\/\",\"name\":\"Pesca Fish\",\"description\":\"Benvenuti sul nostro sito!\",\"potentialAction\":[{\"@type\":\"SearchAction\",\"target\":\"https:\/\/www.pescafish.it\/new\/?s={search_term_string}\",\"query-input\":\"required name=search_term_string\"}],\"inLanguage\":\"it-IT\"},{\"@type\":\"ImageObject\",\"@id\":\"https:\/\/www.pescafish.it\/new\/prodotto\/conflict-inshore-penn\/#primaryimage\",\"inLanguage\":\"it-IT\",\"url\":\"https:\/\/www.pescafish.it\/new\/wp-content\/uploads\/2023\/07\/111.jpg\",\"width\":789,\"height\":794,\"caption\":\"Penn\"},{\"@type\":\"WebPage\",\"@id\":\"https:\/\/www.pescafish.it\/new\/prodotto\/conflict-inshore-penn\/#webpage\",\"url\":\"https:\/\/www.pescafish.it\/new\/prodotto\/conflict-inshore-penn\/\",\"name\":\"Conflict Inshore - Penn - Pesca Fish\",\"isPartOf\":{\"@id\":\"https:\/\/www.pescafish.it\/new\/#website\"},\"primaryImageOfPage\":{\"@id\":\"https:\/\/www.pescafish.it\/new\/prodotto\/conflict-inshore-penn\/#primaryimage\"},\"datePublished\":\"2023-07-15T08:42:56+00:00\",\"dateModified\":\"2025-05-23T08:59:31+00:00\",\"inLanguage\":\"it-IT\",\"potentialAction\":[{\"@type\":\"ReadAction\",\"target\":[\"https:\/\/www.pescafish.it\/new\/prodotto\/conflict-inshore-penn\/\"]}]}]}<\/script>\n<!-- \/ Yoast SEO plugin. -->","_links":{"self":[{"href":"https:\/\/www.pescafish.it\/new\/wp-json\/wp\/v2\/product\/88955"}],"collection":[{"href":"https:\/\/www.pescafish.it\/new\/wp-json\/wp\/v2\/product"}],"about":[{"href":"https:\/\/www.pescafish.it\/new\/wp-json\/wp\/v2\/types\/product"}],"replies":[{"embeddable":true,"href":"https:\/\/www.pescafish.it\/new\/wp-json\/wp\/v2\/comments?post=88955"}],"wp:featuredmedia":[{"embeddable":true,"href":"https:\/\/www.pescafish.it\/new\/wp-json\/wp\/v2\/media\/88956"}],"wp:attachment":[{"href":"https:\/\/www.pescafish.it\/new\/wp-json\/wp\/v2\/media?parent=88955"}],"wp:term":[{"taxonomy":"product_cat","embeddable":true,"href":"https:\/\/www.pescafish.it\/new\/wp-json\/wp\/v2\/product_cat?post=88955"},{"taxonomy":"product_tag","embeddable":true,"href":"https:\/\/www.pescafish.it\/new\/wp-json\/wp\/v2\/product_tag?post=88955"}],"curies":[{"name":"wp","href":"https:\/\/api.w.org\/{rel}","templated":true}]}}