{"id":88842,"date":"2023-07-08T09:54:16","date_gmt":"2023-07-08T07:54:16","guid":{"rendered":"https:\/\/www.pescafish.it\/new\/?post_type=product&#038;p=88842"},"modified":"2023-10-13T10:52:11","modified_gmt":"2023-10-13T08:52:11","slug":"black-lite-centre-loc-adjustable-black-rest-solar","status":"publish","type":"product","link":"https:\/\/www.pescafish.it\/new\/prodotto\/black-lite-centre-loc-adjustable-black-rest-solar\/","title":{"rendered":"Black-Lite Centre-Loc Adjustable Black Rest &#8211; Solar"},"content":{"rendered":"<h2 data-sanitized-data-mce-fragment=\"1\">Black-Lite Centre-Loc Adjustable Black Rest<\/h2>\n<p data-sanitized-data-mce-fragment=\"1\"><span><span class=\"\">I nostri rinomati schienali Centre-Loc nella gamma BlackLite Aluminium.\u00a0<\/span><\/span><\/p>\n<p data-sanitized-data-mce-fragment=\"1\"><span>L&#8217;esclusivo schienale regolabile P1 Center-Loc \u00e8 lo schienale definitivo.\u00a0Una novit\u00e0 mondiale nel design, la larghezza dei bracci di questo schienale pu\u00f2 essere regolata per adattarsi perfettamente a qualsiasi estremit\u00e0 della canna (dai fusti sottili in carbonio ai manici in sughero pieno e Duplon) tramite un sistema di regolazione abilmente alloggiato all&#8217;interno della filettatura centrale della vite.\u00a0Basta allentare il bullone all&#8217;interno della filettatura della vite utilizzando la chiave Allan in dotazione, impostare lo schienale sulla misura desiderata e quindi bloccare i braccioli in posizione serrando il bullone.<\/span><\/p>\n<p><span>Il risultato \u00e8 uno schienale versatile e aerodinamico che fornir\u00e0 un servizio per tutta la vita.\u00a0I bracci Flexi-Grip sono progettati con una piccola quantit\u00e0 di flessibilit\u00e0 intrinseca e sono dotati di impugnature gommate per una presa sicura su qualsiasi estremit\u00e0 della canna.\u00a0Il corpo Diamond-Grip a 5 raggi lavorato con precisione si abbina al resto della gamma P1 e il raccordo a vite da 3\/8\u2033 BSF significa che questi sono universalmente compatibili;\u00a0si adattano a quasi tutti i picchetti e i buzz bar.\u00a0Disponibile in due misure, standard e Mini, e realizzato nel Regno Unito interamente in acciaio inossidabile di alta qualit\u00e0.<\/span><\/p>\n<p data-sanitized-data-mce-fragment=\"1\"><strong>Caratteristiche:<\/strong><\/p>\n<p><span>\u2022 Progettato, progettato e prodotto con precisione nel Regno Unito<\/span><br \/>\n<span>\u2022 Realizzato in alluminio di alta qualit\u00e0 con una finitura nera anodizzata dura sul corpo<\/span><br \/>\n<span>\u2022 Bracci in acciaio inossidabile con impugnature gommate<\/span><br \/>\n<span>\u2022 Larghezza regolabile per adattarsi perfettamente al 99% delle canne da carpa. <span class=\"VIpgJd-yAWNEb-VIpgJd-fmcmS-sn54Q\">Basta regolare tramite la vite di bloccaggio centrale utilizzando la chiave a brugola in dotazione.<\/span><\/span><br \/>\n<span>\u2022 2 misure disponibili (standard e mini)<\/span><\/p>\n<p><strong>Disponibile nelle seguenti varianti:<\/strong><br \/>\n<strong>BLCUAS<\/strong>\u00a0 Standard<br \/>\n<strong>BLCUASM<\/strong>\u00a0 Mini<\/p>\n","protected":false},"excerpt":{"rendered":"<p>Black-Lite Centre-Loc Adjustable Black Rest I nostri rinomati schienali Centre-Loc nella gamma BlackLite Aluminium.\u00a0 L&#8217;esclusivo schienale regolabile P1 Center-Loc \u00e8 lo schienale definitivo.\u00a0Una novit\u00e0 mondiale nel design, la larghezza dei bracci di questo schienale pu\u00f2 essere regolata per adattarsi perfettamente a qualsiasi estremit\u00e0 della canna (dai fusti sottili in carbonio ai manici in sughero pieno [&hellip;]<\/p>\n","protected":false},"featured_media":88843,"comment_status":"closed","ping_status":"closed","template":"","meta":[],"product_cat":[464],"product_tag":[1078],"yoast_head":"<!-- This site is optimized with the Yoast SEO plugin v15.3 - https:\/\/yoast.com\/wordpress\/plugins\/seo\/ -->\n<title>Black-Lite Centre-Loc Adjustable Black Rest - Solar - Pesca Fish<\/title>\n<meta name=\"robots\" content=\"index, follow, max-snippet:-1, max-image-preview:large, max-video-preview:-1\" \/>\n<link rel=\"canonical\" href=\"https:\/\/www.pescafish.it\/new\/prodotto\/black-lite-centre-loc-adjustable-black-rest-solar\/\" \/>\n<meta property=\"og:locale\" content=\"it_IT\" \/>\n<meta property=\"og:type\" content=\"article\" \/>\n<meta property=\"og:title\" content=\"Black-Lite Centre-Loc Adjustable Black Rest - Solar - Pesca Fish\" \/>\n<meta property=\"og:description\" content=\"Black-Lite Centre-Loc Adjustable Black Rest I nostri rinomati schienali Centre-Loc nella gamma BlackLite Aluminium.\u00a0 L&#8217;esclusivo schienale regolabile P1 Center-Loc \u00e8 lo schienale definitivo.\u00a0Una novit\u00e0 mondiale nel design, la larghezza dei bracci di questo schienale pu\u00f2 essere regolata per adattarsi perfettamente a qualsiasi estremit\u00e0 della canna (dai fusti sottili in carbonio ai manici in sughero pieno [&hellip;]\" \/>\n<meta property=\"og:url\" content=\"https:\/\/www.pescafish.it\/new\/prodotto\/black-lite-centre-loc-adjustable-black-rest-solar\/\" \/>\n<meta property=\"og:site_name\" content=\"Pesca Fish\" \/>\n<meta property=\"article:publisher\" content=\"https:\/\/www.facebook.com\/pescafishvr\/\" \/>\n<meta property=\"article:modified_time\" content=\"2023-10-13T08:52:11+00:00\" \/>\n<meta property=\"og:image\" content=\"https:\/\/www.pescafish.it\/new\/wp-content\/uploads\/2023\/07\/Solar-BlackLite-Centre-Loc-Adjustable-Back-Rest.jpg\" \/>\n\t<meta property=\"og:image:width\" content=\"800\" \/>\n\t<meta property=\"og:image:height\" content=\"600\" \/>\n<meta name=\"twitter:card\" content=\"summary_large_image\" \/>\n<meta name=\"twitter:label1\" content=\"Scritto da\">\n\t<meta name=\"twitter:data1\" content=\"francesca\">\n\t<meta name=\"twitter:label2\" content=\"Tempo di lettura stimato\">\n\t<meta name=\"twitter:data2\" content=\"1 minuto\">\n<script type=\"application\/ld+json\" class=\"yoast-schema-graph\">{\"@context\":\"https:\/\/schema.org\",\"@graph\":[{\"@type\":\"WebSite\",\"@id\":\"https:\/\/www.pescafish.it\/new\/#website\",\"url\":\"https:\/\/www.pescafish.it\/new\/\",\"name\":\"Pesca Fish\",\"description\":\"Benvenuti sul nostro sito!\",\"potentialAction\":[{\"@type\":\"SearchAction\",\"target\":\"https:\/\/www.pescafish.it\/new\/?s={search_term_string}\",\"query-input\":\"required name=search_term_string\"}],\"inLanguage\":\"it-IT\"},{\"@type\":\"ImageObject\",\"@id\":\"https:\/\/www.pescafish.it\/new\/prodotto\/black-lite-centre-loc-adjustable-black-rest-solar\/#primaryimage\",\"inLanguage\":\"it-IT\",\"url\":\"https:\/\/www.pescafish.it\/new\/wp-content\/uploads\/2023\/07\/Solar-BlackLite-Centre-Loc-Adjustable-Back-Rest.jpg\",\"width\":800,\"height\":600,\"caption\":\"Korda\"},{\"@type\":\"WebPage\",\"@id\":\"https:\/\/www.pescafish.it\/new\/prodotto\/black-lite-centre-loc-adjustable-black-rest-solar\/#webpage\",\"url\":\"https:\/\/www.pescafish.it\/new\/prodotto\/black-lite-centre-loc-adjustable-black-rest-solar\/\",\"name\":\"Black-Lite Centre-Loc Adjustable Black Rest - Solar - Pesca Fish\",\"isPartOf\":{\"@id\":\"https:\/\/www.pescafish.it\/new\/#website\"},\"primaryImageOfPage\":{\"@id\":\"https:\/\/www.pescafish.it\/new\/prodotto\/black-lite-centre-loc-adjustable-black-rest-solar\/#primaryimage\"},\"datePublished\":\"2023-07-08T07:54:16+00:00\",\"dateModified\":\"2023-10-13T08:52:11+00:00\",\"inLanguage\":\"it-IT\",\"potentialAction\":[{\"@type\":\"ReadAction\",\"target\":[\"https:\/\/www.pescafish.it\/new\/prodotto\/black-lite-centre-loc-adjustable-black-rest-solar\/\"]}]}]}<\/script>\n<!-- \/ Yoast SEO plugin. -->","_links":{"self":[{"href":"https:\/\/www.pescafish.it\/new\/wp-json\/wp\/v2\/product\/88842"}],"collection":[{"href":"https:\/\/www.pescafish.it\/new\/wp-json\/wp\/v2\/product"}],"about":[{"href":"https:\/\/www.pescafish.it\/new\/wp-json\/wp\/v2\/types\/product"}],"replies":[{"embeddable":true,"href":"https:\/\/www.pescafish.it\/new\/wp-json\/wp\/v2\/comments?post=88842"}],"wp:featuredmedia":[{"embeddable":true,"href":"https:\/\/www.pescafish.it\/new\/wp-json\/wp\/v2\/media\/88843"}],"wp:attachment":[{"href":"https:\/\/www.pescafish.it\/new\/wp-json\/wp\/v2\/media?parent=88842"}],"wp:term":[{"taxonomy":"product_cat","embeddable":true,"href":"https:\/\/www.pescafish.it\/new\/wp-json\/wp\/v2\/product_cat?post=88842"},{"taxonomy":"product_tag","embeddable":true,"href":"https:\/\/www.pescafish.it\/new\/wp-json\/wp\/v2\/product_tag?post=88842"}],"curies":[{"name":"wp","href":"https:\/\/api.w.org\/{rel}","templated":true}]}}